{"id":538307,"date":"2026-04-13T10:41:40","date_gmt":"2026-04-13T08:41:40","guid":{"rendered":"https:\/\/up.lublin.pl\/?page_id=538307"},"modified":"2026-04-13T10:48:41","modified_gmt":"2026-04-13T08:48:41","slug":"2025-edition","status":"publish","type":"page","link":"https:\/\/up.lublin.pl\/en\/doctoral-school\/ster\/school-of-excellence\/2025-edition\/","title":{"rendered":"Year 2025"},"content":{"rendered":"\t\t<div data-elementor-type=\"wp-page\" data-elementor-id=\"538307\" class=\"elementor elementor-538307\" data-elementor-settings=\"[]\">\n\t\t\t\t\t\t<div class=\"elementor-inner\">\n\t\t\t\t\t\t\t<div class=\"elementor-section-wrap\">\n\t\t\t\t\t\t\t<section class=\"elementor-section elementor-top-section elementor-element elementor-element-c41efbf elementor-section-boxed elementor-section-height-default elementor-section-height-default\" data-id=\"c41efbf\" data-element_type=\"section\">\n\t\t\t\t\t\t<div class=\"elementor-container elementor-column-gap-default\">\n\t\t\t\t\t\t\t<div class=\"elementor-row\">\n\t\t\t\t\t<div class=\"elementor-column elementor-col-100 elementor-top-column elementor-element elementor-element-7fe425f\" data-id=\"7fe425f\" data-element_type=\"column\">\n\t\t\t<div class=\"elementor-column-wrap elementor-element-populated\">\n\t\t\t\t\t\t\t<div class=\"elementor-widget-wrap\">\n\t\t\t\t\t\t<div class=\"elementor-element elementor-element-3b66b93 elementor-widget elementor-widget-m2e\" data-id=\"3b66b93\" data-element_type=\"widget\" data-widget_type=\"m2e.default\">\n\t\t\t\t<div class=\"elementor-widget-container\">\n\t\t\t<section class=\"mn-m2-e mn-bg-grey\">\n\t<div class=\"mn-grid\">\n\t\t<div class=\"mn-grid-3 mn-introtext\">\n\t\t\t\t\t\t\t<p class=\"mn-header\">NAWA STER<\/p>\n\t\t\t\t\t\t\t\t\t\t\t<h3>\n\t\t\t\t\tSchool of Excellence - 2025\t\t\t\t<\/h3>\n\t\t\t\t\t\t\t\t\t\t\t\t<\/div>\n\t\t<div class=\"mn-grid-9 mn-image-container\">\n\t\t\t\t\t\t\t<img src=\"https:\/\/up.lublin.pl\/wp-content\/uploads\/2025\/03\/school-of-excellence-nawa.jpg\" alt=\"\">\n\t\t\t\t\t\t<\/div>\n\t<\/div>\n\t<\/section>\n\t\t<\/div>\n\t\t\t\t<\/div>\n\t\t\t\t\t\t<\/div>\n\t\t\t\t\t<\/div>\n\t\t<\/div>\n\t\t\t\t\t\t\t\t<\/div>\n\t\t\t\t\t<\/div>\n\t\t<\/section>\n\t\t\t\t<section class=\"elementor-section elementor-top-section elementor-element elementor-element-6d12305 elementor-section-boxed elementor-section-height-default elementor-section-height-default\" data-id=\"6d12305\" data-element_type=\"section\">\n\t\t\t\t\t\t<div class=\"elementor-container elementor-column-gap-default\">\n\t\t\t\t\t\t\t<div class=\"elementor-row\">\n\t\t\t\t\t<div class=\"elementor-column elementor-col-100 elementor-top-column elementor-element elementor-element-b940974\" data-id=\"b940974\" data-element_type=\"column\">\n\t\t\t<div class=\"elementor-column-wrap elementor-element-populated\">\n\t\t\t\t\t\t\t<div class=\"elementor-widget-wrap\">\n\t\t\t\t\t\t<div class=\"elementor-element elementor-element-67bf53d elementor-widget elementor-widget-m5c\" data-id=\"67bf53d\" data-element_type=\"widget\" data-widget_type=\"m5c.default\">\n\t\t\t\t<div class=\"elementor-widget-container\">\n\t\t\t<section class=\"mn-m5-c mn-bg-white\">\n\t<div class=\"mn-grid\">\n\t\t            <div class=\"mn-menu-container mn-grid-3\">\n                <ul class=\"mn-bg-yellow\">\n\t                                        <li>\n                            <a href=\"#\" class=\"active\" data-hash=\"#bio\">\n                                Candidates\u2019 Bio\/Biogramy kandydat\u00f3w                            <\/a>\n                        <\/li>\n                                                <li>\n                            <a href=\"#\" class=\"\" data-hash=\"#voting\">\n                                Voting results\/Wyniki g\u0142osowania                            <\/a>\n                        <\/li>\n                                                <li>\n                            <a href=\"#\" class=\"\" data-hash=\"#program\">\n                                Visits program\/Program wizyt                            <\/a>\n                        <\/li>\n                                                <li>\n                            <a href=\"#\" class=\"\" data-hash=\"#reports\">\n                                Reports\/Sprawozdania                            <\/a>\n                        <\/li>\n                                        <\/ul>\n            <\/div>\n\t        \t\t<div class=\"mn-content mn-grid-8\">\n\t\t\t                <div class=\"mn-content-block active\">\n\t                                                        <div class=\"block-text\">\n\t                                        <table style=\"border-collapse: collapse; width: 100%; margin-bottom: 20px;\">\n<tbody>\n<tr>\n<td style=\"width: 50%; border-style: hidden;\"><img loading=\"lazy\" class=\"aligncenter wp-image-513015\" src=\"https:\/\/up.lublin.pl\/wp-content\/uploads\/2025\/12\/Vasiu-Iosif.jpg\" alt=\"\" width=\"188\" height=\"210\" \/><\/td>\n<td style=\"width: 50%; border-style: hidden;\">\n<h3><strong>Iosif Vasiu, DVM, PhD<\/strong><\/h3>\n<p>Department of Surgery, Anesthesiology and Intensive Care<br \/>University of Agricultural Sciences and Veterinary Medicine of Cluj-Napoca, Romania<\/p>\n<\/td>\n<\/tr>\n<\/tbody>\n<\/table>\n<p><strong>Basic and Scientific DATA<\/strong><\/p>\n<ul>\n<li><strong>Full name:<\/strong> Vasiu Iosif<\/li>\n<li><strong>Citizenship<\/strong>: Romanian<\/li>\n<li><strong>Position: <\/strong>DVM, PhD &#8211; Anesthesiology<\/li>\n<li><strong>Email:<\/strong> vasiu@usamvcluj.ro<\/li>\n<li><strong>Department:<\/strong> Department of Surgery, Anesthesiology and Intensive Care<\/li>\n<li><strong>Institute: <\/strong>University of Agricultural Sciences and Veterinary Medicine of Cluj-Napoca<\/li>\n<li><strong>Address: <\/strong>Calea M\u0103n\u0103\u015ftur 3-5, 400372, Cluj-Napoca, Cluj, Romania<\/li>\n<li><strong>Scientific major Field: <\/strong>Veterinary Medicine<\/li>\n<li><strong>Scientific minor Field:<\/strong> Anesthesiology and ICU<\/li>\n<\/ul>\n<p><strong>Education<\/strong><\/p>\n<ul>\n<li><strong>2006-2012 <\/strong>DVM \u2013 Faculty of Veterinary Medicine, University of Agricultural Sciences and Veterinary Medicine of Cluj-Napoca<\/li>\n<li><strong>2010 <\/strong>Erasmus student \u2013 Faculty of Veterinary Medicine, University of Veterinary Sciences Brno, Czech Republic<\/li>\n<li><strong>2012-2016 <\/strong>PhD<strong> \u2013 <\/strong>Faculty of Veterinary Medicine, University of Agricultural Sciences and Veterinary Medicine of Cluj-Napoca<\/li>\n<\/ul>\n<p><strong>Employment History<\/strong><\/p>\n<ul>\n<li><strong>2015 \u2013 2018 <\/strong>DVM PhD, Small Animal Emergency Hospital, University of Agricultural Sciences and Veterinary Medicine of Cluj-Napoca, Romania<\/li>\n<li><strong>2018 \u2013 2019 <\/strong>DVM PhD High School Teacher, Veterinary Technicians, Liceul Agricol \u201cDP Barcianu\u201d, Sibiu, Romania<\/li>\n<li><strong>2019 \u2013 2021 <\/strong>DVM PhD, Private practice, Sibiu, Cluj-Napoca, Romania<\/li>\n<li><strong>2021 \u2013 currently<\/strong> DVM PhD, Department of Surgery, Anesthesiology and Intensive Care, University of Agricultural Sciences and Veterinary Medicine of Cluj-Napoca, Cluj-Napoca, Romania<\/li>\n<\/ul>\n<p><strong>Scientific Interests and Future Ambitions<\/strong><\/p>\n<p>The major emphasis of my research has concerned diagnosing mammary gland inflammations (acute phase proteins, milk pH, milk cytology, milk microbiology, etc.) in dogs, cats and other exotic animals. Currently I`m involved in small animal anesthesia and pain management.<\/p>\n<p>In summary, major research interests including:<\/p>\n<ul>\n<li>I have experience in anesthesia for small animals (cats and dogs), pain management, ICU care, and publishing case reports on innovative small- or hard-tissue techniques. Currently, I&nbsp;am engaged in two major projects: one researching the pathogenic E. coli in bitches with pyometra, and another focused on diagnosing inflammations in jennies.<\/li>\n<\/ul>\n<p><strong>Scientific achievements<\/strong><\/p>\n<p>Projects:<\/p>\n<ul>\n<li><strong>Principal<\/strong> <strong>Investigator <\/strong>of the project entitled \u201cDiagnostic de laborator \u00een inflama\u0163iile mamare la c\u0103\u0163ele aflate \u00een lacta\u0163ie [Laboratory diagnostic of mammary gland inflammations in lactating bitches]\u201d.<\/li>\n<\/ul>\n<p>Publications:<\/p>\n<ul>\n<li><a href=\"https:\/\/www.researchgate.net\/profile\/Iosif-Vasiu\">https:\/\/www.researchgate.net\/profile\/Iosif-Vasiu<\/a><\/li>\n<\/ul>\n<p>Scientific awareness activity:<\/p>\n<ul>\n<li><a href=\"https:\/\/www.researchgate.net\/profile\/Iosif-Vasiu\">https:\/\/www.researchgate.net\/profile\/Iosif-Vasiu<\/a><\/li>\n<li><a href=\"https:\/\/orcid.org\/0000-0001-6788-411X\">https:\/\/orcid.org\/0000-0001-6788-411X<\/a><\/li>\n<li><a href=\"https:\/\/www.webofscience.com\/wos\/author\/record\/AAA-7594-2022\">https:\/\/www.webofscience.com\/wos\/author\/record\/AAA-7594-2022<\/a><\/li>\n<li><a href=\"http:\/\/loop.frontiersin.org\/people\/1891023\/overview?referrer=orcid_profile\">Loop profile: 1891023<\/a><\/li>\n<li><a href=\"https:\/\/sciprofiles.com\/profile\/1357399\">SciProfiles: 1357399<\/a><\/li>\n<\/ul>\n<p><strong>Scientific Editing and reviewing activity<\/strong><\/p>\n<p><strong>Reviewer:<\/strong><\/p>\n<ul>\n<li>Research in Veterinary Science<\/li>\n<li>Journal of Food Composition and Analysis<\/li>\n<li>Cluj Veterinary Journal<\/li>\n<li>Veterinary Research Communications<\/li>\n<li>Veterinary Medicine and Science<\/li>\n<li>Frontiers in Veterinary Medicine<\/li>\n<\/ul>\n<p><strong>Editor:<\/strong><\/p>\n<ul>\n<li>Case Reports in Veterinary Medicine<\/li>\n<\/ul>\n<p><strong>Scientific Memberships<\/strong><\/p>\n<ul>\n<li><strong>Colegiul Medicilor Veterinari din Rom\u00e2nia<\/strong><\/li>\n<\/ul>\n<p><strong>Honors and Awards<\/strong><\/p>\n<ul>\n<li>Placed 2<sup>nd<\/sup> place in the East Europe Zone Undergraduate Competition for 2011 Alltech`s Young Scientist Award<\/li>\n<li>Placed 2<sup>nd<\/sup> place in the East\/West Europe Zone Undergraduate Competition for 2012 Alltech`s Young Scientist Award<\/li>\n<li>Participated in the 2013 Graduate competition for Alltech`s Young Scientist Award<\/li>\n<li>Placed 1<sup>st<\/sup> place in Romania in the Graduate Alltech Young Scientist Competition 2014<\/li>\n<\/ul>\n<p><strong>Teaching Experience<\/strong><\/p>\n<ul>\n<li><strong>2015 \u2013 2018<\/strong> \u2013 Clinical teaching with students in the small animal emergency hospital, University of Agricultural Sciences and Veterinary Medicine of Cluj-Napoca<\/li>\n<li><strong>2018 \u2013 2019 <\/strong>DVM PhD High School Teacher, Veterinary Technicians, Liceul Agricol \u201cDP Barcianu\u201d, Sibiu, Romania<\/li>\n<li><strong>2021- currently \u2013 <\/strong>Clinical teaching with students in the Department of Surgery, Anesthesiology and Intensive Care, University of Agricultural Sciences and Veterinary Medicine of Cluj-Napoca<\/li>\n<\/ul>\n<p><strong>Teaching Areas<\/strong><\/p>\n<ul>\n<li>Small animal\u2019s emergency medicine, nursing, anesthesia, ICU and pain management<\/li>\n<\/ul>\n<p><strong>Bibliometric index Food<\/strong><\/p>\n<ul>\n<li>H-index 8<\/li>\n<li>Number of citations 269<\/li>\n<li>Number of publications 43<\/li>\n<\/ul>\n                                        <\/div>\n\t\t\t\t\t\t                                <\/div>\n\t\t\t\t                <div class=\"mn-content-block\">\n\t                                                        <div class=\"block-text\">\n\t                                        <p>Based on the voting conducted on December 3, 2025, the winner of the second round (2025) of the &#8220;School of Excellence&#8221; is:<\/p>\n<p><strong>Iosif Vasiu, DVM, PhD<\/strong><br \/>Department of Surgery, Anesthesiology and Intensive Care<br \/>University of Agricultural Sciences and Veterinary Medicine of Cluj-Napoca, Romania<\/p>\n<p>Discipline: Veterinary Medicine<\/p>\n<p>Congratulations!<\/p>\n                                        <\/div>\n\t\t\t\t\t\t                                <\/div>\n\t\t\t\t                <div class=\"mn-content-block\">\n\t                                                        <div class=\"block-text\">\n\t                                        <p><img loading=\"lazy\" class=\"alignnone size-full wp-image-512394\" src=\"https:\/\/up.lublin.pl\/wp-content\/uploads\/2025\/12\/wyklad_iv.png\" alt=\"\" width=\"1240\" height=\"1748\" \/><\/p>\n                                        <\/div>\n\t\t\t\t\t\t                                                        <div class=\"mn-cards-list\">\n                                            <div class=\"mn-card-container\">\n                                                <div>\n                                                    <img src=\"https:\/\/up.lublin.pl\/wp-content\/themes\/up-lublin\/assets\/images\/doc-ico.svg\" alt=\"\" \/>\n                                                    <h5>Zaproszenie skierowane do spo\u0142eczno\u015bci akademiciej \/ Invitaton (.pdf)<\/h5>\n                                                <\/div>\n                                                <a href=\"https:\/\/up.lublin.pl\/wp-content\/uploads\/2025\/12\/Zaproszenie_iv.pdf\" class=\"mn-more\" target=\"_blank\">Read more<\/a>\n                                            <\/div>\n                                        <\/div>\n\t\t\t\t\t\t                                <\/div>\n\t\t\t\t                <div class=\"mn-content-block\">\n\t                                                        <ul class=\"mn-accordion\">\n                                            <li>\n                                                <h4 class=\"mn-accordion-title\">Wizyta dr Iosif Vasiu<\/h4>\n                                                <div>\n\t\t\t\t\t\t\t\t\t                <p><a href=\"https:\/\/up.lublin.pl\/wp-content\/uploads\/2025\/03\/logo-ster-PL.png\"><img loading=\"lazy\" class=\"aligncenter size-full wp-image-466773\" src=\"https:\/\/up.lublin.pl\/wp-content\/uploads\/2025\/03\/logo-ster-PL.png\" alt=\"logotyp Narodowej Agencji Wymiany Akademickiej, logotyp programu STEr oraz logotyp Szko\u0142y Doktorskiej Uniwersytetu Przyrodniczego w\u00a0Lublinie\" width=\"720\" height=\"92\" \/><\/a><\/p>\n<p><strong>W dniach 7-11 grudnia 2025 roku na Uniwersytecie Przyrodniczym w\u00a0Lublinie w\u00a0ramach zaproszenia Szko\u0142y Doktorskiej naszej Uczelni go\u015bci\u0142 Pan dr Iosif Vasiu, reprezentuj\u0105cy Department of Surgery, Anesthesiology and Intensive Care, University of Agricultural Sciences and Veterinary Medicine w\u00a0Cluj-Napoca (Rumunia).<\/strong><\/p>\n<p><a href=\"https:\/\/up.lublin.pl\/wp-content\/uploads\/2025\/12\/IV_SD003.png\"><img loading=\"lazy\" class=\"aligncenter size-full wp-image-516451\" src=\"https:\/\/up.lublin.pl\/wp-content\/uploads\/2025\/12\/IV_SD003.png\" alt=\"\" width=\"502\" height=\"376\" \/><\/a> <a href=\"https:\/\/up.lublin.pl\/wp-content\/uploads\/2025\/12\/IV_SD005.png\"><img loading=\"lazy\" class=\"aligncenter size-full wp-image-516455\" src=\"https:\/\/up.lublin.pl\/wp-content\/uploads\/2025\/12\/IV_SD005.png\" alt=\"\" width=\"493\" height=\"367\" \/><\/a> <a href=\"https:\/\/up.lublin.pl\/wp-content\/uploads\/2025\/12\/IV_SD007.png\"><img loading=\"lazy\" class=\"aligncenter size-full wp-image-516459\" src=\"https:\/\/up.lublin.pl\/wp-content\/uploads\/2025\/12\/IV_SD007.png\" alt=\"\" width=\"496\" height=\"372\" \/><\/a><\/p>\n<p>Wizyta finansowana by\u0142a w\u00a0ramach projektu NAWA STER \u201cActions towards the internationalization of the Doctoral School of the University of Life Sciences in Lublin (I-\u00a0SDUPL)\u201d, w\u00a0ramach zadania \u201eSzko\u0142a mistrz\u00f3w\u201d, kt\u00f3re ma na calu zapraszanie wybitnych przedstawicieli \u015bwiata nauki reprezentuj\u0105cych r\u00f3\u017cne dyscypliny w\u00a0celu prowadzenia zaj\u0119\u0107 z\u00a0doktorantami.<\/p>\n<p><a href=\"https:\/\/up.lublin.pl\/wp-content\/uploads\/2025\/12\/IV_SD009.png\"><img loading=\"lazy\" class=\"aligncenter size-full wp-image-516463\" src=\"https:\/\/up.lublin.pl\/wp-content\/uploads\/2025\/12\/IV_SD009.png\" alt=\"\" width=\"528\" height=\"393\" \/><\/a> <a href=\"https:\/\/up.lublin.pl\/wp-content\/uploads\/2025\/12\/IV_SD011.png\"><img loading=\"lazy\" class=\"aligncenter size-full wp-image-516467\" src=\"https:\/\/up.lublin.pl\/wp-content\/uploads\/2025\/12\/IV_SD011.png\" alt=\"\" width=\"532\" height=\"397\" \/><\/a> <a href=\"https:\/\/up.lublin.pl\/wp-content\/uploads\/2025\/12\/IV_SD013.png\"><img loading=\"lazy\" class=\"aligncenter size-full wp-image-516471\" src=\"https:\/\/up.lublin.pl\/wp-content\/uploads\/2025\/12\/IV_SD013.png\" alt=\"\" width=\"527\" height=\"398\" \/><\/a><\/p>\n<p>Opiekunami go\u015bcia zagranicznego by\u0142y dr hab. Mariola Bochniarz oraz mgr Joanna Kowalik z\u00a0Zak\u0142adu Mikrobiologii, Katedry Przedklinicznych Nauk Weterynaryjnych, Wydzia\u0142u Medycyny Weterynaryjnej Uniwersytetu Przyrodniczego w\u00a0Lublinie.<\/p>\n<p>W ramach wizyty profesora odby\u0142y si\u0119 nast\u0119puj\u0105ce wydarzenia:<\/p>\n<ul>\n<li>Seminarium naukowe dla Doktorant\u00f3w Szko\u0142y Doktorskiej Uniwersytetu Przyrodniczego w\u00a0Lublinie;<\/li>\n<li>Tematyczne seminarium naukowe dla Doktorant\u00f3w Szko\u0142y Doktorskiej Uniwersytetu Przyrodniczego w\u00a0Lublinie;<\/li>\n<li>Wyk\u0142ad otwarty dla ca\u0142ej Spo\u0142eczno\u015bci Akademickiej Uniwersytetu Przyrodniczego w\u00a0 Lublinie.<\/li>\n<li>Spotkanie z\u00a0Prorektorem ds. Nauki i\u00a0Wsp\u00f3\u0142pracy z\u00a0Zagranic\u0105, Dziekan Wydzia\u0142u Medycyny Weterynaryjnej, Dyrektorem oraz pracownikami Szko\u0142y Doktorskiej Uniwersytetu Przyrodniczego w\u00a0Lublinie.<\/li>\n<\/ul>\n<p><a href=\"https:\/\/up.lublin.pl\/wp-content\/uploads\/2025\/12\/IV_SD015.png\"><img loading=\"lazy\" class=\"aligncenter size-full wp-image-516475\" src=\"https:\/\/up.lublin.pl\/wp-content\/uploads\/2025\/12\/IV_SD015.png\" alt=\"\" width=\"328\" height=\"383\" \/><\/a> <a href=\"https:\/\/up.lublin.pl\/wp-content\/uploads\/2025\/12\/IV_SD017.png\"><img loading=\"lazy\" class=\"aligncenter size-full wp-image-516479\" src=\"https:\/\/up.lublin.pl\/wp-content\/uploads\/2025\/12\/IV_SD017.png\" alt=\"\" width=\"533\" height=\"405\" \/><\/a><\/p>\n<p>Tematyka zaj\u0119\u0107 prowadzonych przez Doktora wizytuj\u0105cego dotyczy\u0142a dobrych praktyk badawczych, w\u00a0tym \u015bwiadomego wyboru problematyki badawczej, roli wsp\u00f3\u0142pracy mi\u0119dzynarodowej oraz przygotowywania i\u00a0upowszechniania wynik\u00f3w bada\u0144 naukowych, w\u00a0szczeg\u00f3lno\u015bci wyboru odpowiednich miejsc publikowania i\u00a0narz\u0119dzi wspieraj\u0105cych organizacj\u0119 pracy badawczej. Ponadto zaj\u0119cia obejmowa\u0142y pog\u0142\u0119bienie wiedzy z\u00a0zakresu nauk weterynaryjnych, m.in. anestezjologii ma\u0142ych zwierz\u0105t i\u00a0zarz\u0105dzania b\u00f3lem.<\/p>\n<p>\u0141\u0105cznie w\u00a0spotkaniach uczestniczy\u0142o oko\u0142o 100 os\u00f3b.<\/p>\n                                                <\/div>\n                                            <\/li>\n                                        <\/ul>\n\t\t\t\t\t\t                                                        <ul class=\"mn-accordion\">\n                                            <li>\n                                                <h4 class=\"mn-accordion-title\">Visit of Iosif Vasiu, PhD<\/h4>\n                                                <div>\n\t\t\t\t\t\t\t\t\t                <p><a href=\"https:\/\/up.lublin.pl\/wp-content\/uploads\/2025\/03\/logo-ster-ENG.png\"><img loading=\"lazy\" class=\"aligncenter size-full wp-image-466827\" src=\"https:\/\/up.lublin.pl\/wp-content\/uploads\/2025\/03\/logo-ster-ENG.png\" alt=\"logotypes of Polish National Agency for Academic Exchange, ster programme and Doctoral School of the University of Life Sciences in Lublin\" width=\"720\" height=\"92\" \/><\/a><\/p>\n<p><strong>From 17 to 21 November 2025, the University of Life Sciences in Lublin, within the invitation of the Doctoral School of our University, hosted Dr. Iosif Vasiu, representing the Department of Surgery, Anesthesiology and Intensive Care at the University of Agricultural Sciences and Veterinary Medicine in Cluj-Napoca (Romania).<\/strong><\/p>\n<p><a href=\"https:\/\/up.lublin.pl\/wp-content\/uploads\/2025\/12\/IV_SD003.png\"><img loading=\"lazy\" class=\"aligncenter size-full wp-image-516451\" src=\"https:\/\/up.lublin.pl\/wp-content\/uploads\/2025\/12\/IV_SD003.png\" alt=\"\" width=\"502\" height=\"376\" \/><\/a> <a href=\"https:\/\/up.lublin.pl\/wp-content\/uploads\/2025\/12\/IV_SD005.png\"><img loading=\"lazy\" class=\"aligncenter size-full wp-image-516455\" src=\"https:\/\/up.lublin.pl\/wp-content\/uploads\/2025\/12\/IV_SD005.png\" alt=\"\" width=\"493\" height=\"367\" \/><\/a> <a href=\"https:\/\/up.lublin.pl\/wp-content\/uploads\/2025\/12\/IV_SD007.png\"><img loading=\"lazy\" class=\"aligncenter size-full wp-image-516459\" src=\"https:\/\/up.lublin.pl\/wp-content\/uploads\/2025\/12\/IV_SD007.png\" alt=\"\" width=\"496\" height=\"372\" \/><\/a><\/p>\n<p>The visit was financed as part of the NAWA STER project \u201cActions towards the internationalization of the Doctoral School of the University of Life Sciences in Lublin (I-SDUPL)\u201d, as part of the \u2018School of champions\u2019 task, which aims to invite outstanding representatives of the world of science representing various disciplines in order to conduct classes with PhD students.<\/p>\n<p><a href=\"https:\/\/up.lublin.pl\/wp-content\/uploads\/2025\/12\/IV_SD009.png\"><img loading=\"lazy\" class=\"aligncenter size-full wp-image-516463\" src=\"https:\/\/up.lublin.pl\/wp-content\/uploads\/2025\/12\/IV_SD009.png\" alt=\"\" width=\"528\" height=\"393\" \/><\/a> <a href=\"https:\/\/up.lublin.pl\/wp-content\/uploads\/2025\/12\/IV_SD011.png\"><img loading=\"lazy\" class=\"aligncenter size-full wp-image-516467\" src=\"https:\/\/up.lublin.pl\/wp-content\/uploads\/2025\/12\/IV_SD011.png\" alt=\"\" width=\"532\" height=\"397\" \/><\/a> <a href=\"https:\/\/up.lublin.pl\/wp-content\/uploads\/2025\/12\/IV_SD013.png\"><img loading=\"lazy\" class=\"aligncenter size-full wp-image-516471\" src=\"https:\/\/up.lublin.pl\/wp-content\/uploads\/2025\/12\/IV_SD013.png\" alt=\"\" width=\"527\" height=\"398\" \/><\/a><\/p>\n<p>The visiting Doctor\u2019s hosts were Mariola Bochniarz, PhD, DSc, Associate Professor and Joanna Kowalik, MSc, from the Sub-Department of Microbiology, Department of Preclinical Veterinary Sciences, Faculty of Veterinary Medicine, University of Life Sciences in Lublin<\/p>\n<p>The following events took place as part of the Doctor\u2019s visit:<\/p>\n<ul>\n<li>Scientific seminar for PhD students of the Doctoral School of the University of Life Sciences in Lublin<\/li>\n<li>Thematic scientific seminar for PhD students of the Doctoral School of the University of Life Sciences in Lublin<\/li>\n<li>Public lecture addressed to the academic community of the University of Life Sciences in Lublin<\/li>\n<li>Meeting with the Vice-Rector for Science and International Cooperation, the Dean of the Faculty of Veterinary Medicine, as well as the Director and the staff of the Doctoral School of the University of Life Sciences in Lublin.<\/li>\n<\/ul>\n<p><a href=\"https:\/\/up.lublin.pl\/wp-content\/uploads\/2025\/12\/IV_SD015.png\"><img loading=\"lazy\" class=\"aligncenter size-full wp-image-516475\" src=\"https:\/\/up.lublin.pl\/wp-content\/uploads\/2025\/12\/IV_SD015.png\" alt=\"\" width=\"328\" height=\"383\" \/><\/a> <a href=\"https:\/\/up.lublin.pl\/wp-content\/uploads\/2025\/12\/IV_SD017.png\"><img loading=\"lazy\" class=\"aligncenter size-full wp-image-516479\" src=\"https:\/\/up.lublin.pl\/wp-content\/uploads\/2025\/12\/IV_SD017.png\" alt=\"\" width=\"533\" height=\"405\" \/><\/a><\/p>\n<p>The subject matter of the classes conducted by the visiting Doctor focused on good research practices, including the conscious selection of research topics, the role of international cooperation, and the preparation and dissemination of research results, with particular emphasis on the selection of appropriate publication venues and tools supporting the organization of research work. In addition, the classes included advanced topics in veterinary sciences, such as small animal anesthesiology and pain management.<\/p>\n<p>In total, approximately 100 participants attended the meetings.<\/p>\n                                                <\/div>\n                                            <\/li>\n                                        <\/ul>\n\t\t\t\t\t\t                                <\/div>\n\t\t\t\t\t\t<\/div>\n\t<\/div>\n<\/section>\n\t\t<\/div>\n\t\t\t\t<\/div>\n\t\t\t\t\t\t<\/div>\n\t\t\t\t\t<\/div>\n\t\t<\/div>\n\t\t\t\t\t\t\t\t<\/div>\n\t\t\t\t\t<\/div>\n\t\t<\/section>\n\t\t\t\t\t\t<\/div>\n\t\t\t\t\t\t<\/div>\n\t\t\t\t\t<\/div>\n\t\t","protected":false},"excerpt":{"rendered":"<p>NAWA STER School of Excellence &#8211; 2025 UP Candidates\u2019 Bio\/Biogramy kandydat\u00f3w Voting results\/Wyniki g\u0142osowania Visits program\/Program wizyt Reports\/Sprawozdania Iosif Vasiu, DVM, PhD Department of Surgery, Anesthesiology and Intensive CareUniversity of Agricultural Sciences and Veterinary Medicine of Cluj-Napoca, Romania Basic and Scientific DATA Full name: Vasiu Iosif Citizenship: Romanian Position: DVM, PhD &#8211; Anesthesiology Email: vasiu@usamvcluj.ro [&hellip;]<\/p>\n","protected":false},"author":2,"featured_media":0,"parent":389288,"menu_order":0,"comment_status":"closed","ping_status":"closed","template":"elementor_header_footer","meta":{"_monsterinsights_skip_tracking":false,"_monsterinsights_sitenote_active":false,"_monsterinsights_sitenote_note":"","_monsterinsights_sitenote_category":0},"_links":{"self":[{"href":"https:\/\/up.lublin.pl\/en\/wp-json\/wp\/v2\/pages\/538307"}],"collection":[{"href":"https:\/\/up.lublin.pl\/en\/wp-json\/wp\/v2\/pages"}],"about":[{"href":"https:\/\/up.lublin.pl\/en\/wp-json\/wp\/v2\/types\/page"}],"author":[{"embeddable":true,"href":"https:\/\/up.lublin.pl\/en\/wp-json\/wp\/v2\/users\/2"}],"replies":[{"embeddable":true,"href":"https:\/\/up.lublin.pl\/en\/wp-json\/wp\/v2\/comments?post=538307"}],"version-history":[{"count":4,"href":"https:\/\/up.lublin.pl\/en\/wp-json\/wp\/v2\/pages\/538307\/revisions"}],"predecessor-version":[{"id":538325,"href":"https:\/\/up.lublin.pl\/en\/wp-json\/wp\/v2\/pages\/538307\/revisions\/538325"}],"up":[{"embeddable":true,"href":"https:\/\/up.lublin.pl\/en\/wp-json\/wp\/v2\/pages\/389288"}],"wp:attachment":[{"href":"https:\/\/up.lublin.pl\/en\/wp-json\/wp\/v2\/media?parent=538307"}],"curies":[{"name":"wp","href":"https:\/\/api.w.org\/{rel}","templated":true}]}}