{"id":530550,"date":"2026-03-04T11:47:26","date_gmt":"2026-03-04T10:47:26","guid":{"rendered":"https:\/\/up.lublin.pl\/developing-relationships-in-the-design-prototyping-and-application-of-plant-biostimulants-as-a-response-to-the-abiotic-stresses-in-crop-plants\/project-team\/"},"modified":"2026-03-04T11:53:04","modified_gmt":"2026-03-04T10:53:04","slug":"project-team","status":"publish","type":"page","link":"https:\/\/up.lublin.pl\/en\/plant-biostimulants\/project-team\/","title":{"rendered":"Project team"},"content":{"rendered":"\t\t<div data-elementor-type=\"wp-page\" data-elementor-id=\"530550\" class=\"elementor elementor-530550 elementor-530427\" data-elementor-settings=\"[]\">\n\t\t\t\t\t\t<div class=\"elementor-inner\">\n\t\t\t\t\t\t\t<div class=\"elementor-section-wrap\">\n\t\t\t\t\t\t\t<section class=\"elementor-section elementor-top-section elementor-element elementor-element-dfafe7c elementor-section-boxed elementor-section-height-default elementor-section-height-default\" data-id=\"dfafe7c\" data-element_type=\"section\">\n\t\t\t\t\t\t<div class=\"elementor-container elementor-column-gap-default\">\n\t\t\t\t\t\t\t<div class=\"elementor-row\">\n\t\t\t\t\t<div class=\"elementor-column elementor-col-100 elementor-top-column elementor-element elementor-element-9882296\" data-id=\"9882296\" data-element_type=\"column\">\n\t\t\t<div class=\"elementor-column-wrap elementor-element-populated\">\n\t\t\t\t\t\t\t<div class=\"elementor-widget-wrap\">\n\t\t\t\t\t\t<div class=\"elementor-element elementor-element-d0158ac elementor-widget elementor-widget-m5c\" data-id=\"d0158ac\" data-element_type=\"widget\" data-widget_type=\"m5c.default\">\n\t\t\t\t<div class=\"elementor-widget-container\">\n\t\t\t<section class=\"mn-m5-c mn-m5-d2 mn-bg-white\">\n\t<div class=\"mn-grid\">\n\t\t\t\t<div class=\"mn-content mn-grid-9\">\n\t\t\t                <div class=\"mn-content-block active\">\n\t                                                        <div class=\"block-text\">\n\t                                        <h5 style=\"margin-bottom: 20px;\"><a href=\"https:\/\/up.lublin.pl\/plant-biostimulants\/\">\u2190 go back<\/a><\/h5>\n                                        <\/div>\n\t\t\t\t\t\t                                                        <div class=\"block-text\">\n\t                                        <h3><strong>Project Group:<\/strong><\/h3>\n<ul>\n<li>S\u0142awomir Kocira (UP Lublin) \u2013 Project Manager<\/li>\n<li>Micha\u0142 \u015awieca (UP Lublin)<\/li>\n<li>Pavol Findura (SUA Nitra) \u2013 Coordinator<\/li>\n<li>Marcelo Carmora (UBA Buenos Aires) \u2013 Coordinator<\/li>\n<li>Mar\u00eda Cecilia P\u00e9rez-Piz\u00e1 (UBA Buenos Aires)<\/li>\n<li>Gustavo Striker (UBA Buenos Aires)<\/li>\n<li>Petr Bartos, PhD (USB \u010cesk\u00e9 Bud\u011bjovice) \u2013 Coordinator<\/li>\n<li>Jan Barta, PhD (USB \u010cesk\u00e9 Bud\u011bjovice)<\/li>\n<li>DSc Stanis\u0142aw Parafiniuk (UP Lublin)<\/li>\n<li>DSc Milan Koszel (UP Lublin)<\/li>\n<li>Magdalena Sozoniuk, PhD (UP Lublin)<\/li>\n<li>Anna Krawczuk, PhD (UP Lublin)<\/li>\n<li>Jacek Ogrodniczek, PhD (UP Lublin)<\/li>\n<li>Andrea Bohata, PhD (USB \u010cesk\u00e9 Bud\u011bjovice) \u2013 Coordinator<\/li>\n<li>Jan Bedrnicek, PhD (USB \u010cesk\u00e9 Bud\u011bjovice)<\/li>\n<li>Frantisek Lorenc, PhD (USB \u010cesk\u00e9 Bud\u011bjovice)<\/li>\n<li>Kristyna Perna, PhD (USB \u010cesk\u00e9 Bud\u011bjovice)<\/li>\n<li>Francisco Sautua, PhD (UBA Buenos Aires)<\/li>\n<li>Miroslav Pristavka, PhD (SUA Nitra)<\/li>\n<li>Jakub Mankovecky, PhD (SUA Nitra)<\/li>\n<\/ul>\n                                        <\/div>\n\t\t\t\t\t\t                                <\/div>\n\t\t\t\t                <div class=\"mn-content-block\">\n\t                                <\/div>\n\t\t\t\t                <div class=\"mn-content-block\">\n\t                                <\/div>\n\t\t\t\t                <div class=\"mn-content-block\">\n\t                                <\/div>\n\t\t\t\t                <div class=\"mn-content-block\">\n\t                                <\/div>\n\t\t\t\t                <div class=\"mn-content-block\">\n\t                                <\/div>\n\t\t\t\t                <div class=\"mn-content-block\">\n\t                                <\/div>\n\t\t\t\t                <div class=\"mn-content-block\">\n\t                                <\/div>\n\t\t\t\t                <div class=\"mn-content-block\">\n\t                                <\/div>\n\t\t\t\t                <div class=\"mn-content-block\">\n\t                                <\/div>\n\t\t\t\t                <div class=\"mn-content-block\">\n\t                                <\/div>\n\t\t\t\t                <div class=\"mn-content-block\">\n\t                                <\/div>\n\t\t\t\t                <div class=\"mn-content-block\">\n\t                                <\/div>\n\t\t\t\t                <div class=\"mn-content-block\">\n\t                                <\/div>\n\t\t\t\t                <div class=\"mn-content-block\">\n\t                                <\/div>\n\t\t\t\t                <div class=\"mn-content-block\">\n\t                                <\/div>\n\t\t\t\t                <div class=\"mn-content-block\">\n\t                                <\/div>\n\t\t\t\t                <div class=\"mn-content-block\">\n\t                                <\/div>\n\t\t\t\t                <div class=\"mn-content-block\">\n\t                                <\/div>\n\t\t\t\t                <div class=\"mn-content-block\">\n\t                                <\/div>\n\t\t\t\t\t\t<\/div>\n\t<\/div>\n<\/section>\n\t\t<\/div>\n\t\t\t\t<\/div>\n\t\t\t\t<div class=\"elementor-element elementor-element-e39c5c1 elementor-widget elementor-widget-m5h\" data-id=\"e39c5c1\" data-element_type=\"widget\" data-widget_type=\"m5h.default\">\n\t\t\t\t<div class=\"elementor-widget-container\">\n\t\t\t<section class=\"mn-m5-h mn-bg-white no-spacing\">\r\n\t<div class=\"mn-grid\">\r\n\t\t<div class=\"mn-content mn-grid-12\">\r\n\t\t\t<div class=\"mn-lead\">\r\n\t\t\t\t<h6 style=\"line-height: 17px; font-weight: 300; margin-bottom: 20px;\">Projekt \u201eDeveloping relationships in the design, prototyping and application of plant biostimulants as a&nbsp;response to the abiotic stresses in crop plants\u201d (BPI\/PST\/2024\/1\/00077) dofinansowany przez NAWA w&nbsp;ramach programu Partnerstwa Strategiczne &#8211; 2024 jest realizowany przez 4 uniwersytety. Liederem projektu jest Uniwersytet Przyrodniczy w&nbsp;Lublinie (Polska) a&nbsp;partnerami: University of South Bohemia in \u010cesk\u00e9 Bud\u011bjovice (Czechy), Slovak University of Agriculture in Nitra (S\u0142owacja), Wydzia\u0142 Rolniczy Uniwersytetu w&nbsp;Buenos Aires, (Argentyna).Kierownikiem projektu jest prof. dr hab. in\u017c. S\u0142awomir Kocira z&nbsp;Katedry Eksploatacji Maszyn i\u00a0Zarz\u0105dzania Procesami Produkcyjnymi.<\/h6>\n<h6 style=\"line-height: 17px; font-weight: 300;\">Realizacja projektu rozpocz\u0119\u0142a si\u0119 1 wrze\u015bnia 2025 roku, a&nbsp;planowany termin zako\u0144czenia to 31 sierpnia 2027 roku.<br \/>Na realizacj\u0119 poszczeg\u00f3lnych zada\u0144 NAWA przyzna\u0142a kwot\u0119 1 813 462,74 PLN.<\/h6>\n\t\t\t<\/div>\r\n\t\t<\/div>\r\n\t<\/div>\r\n<\/section>\r\n\t\t<\/div>\n\t\t\t\t<\/div>\n\t\t\t\t\t\t<\/div>\n\t\t\t\t\t<\/div>\n\t\t<\/div>\n\t\t\t\t\t\t\t\t<\/div>\n\t\t\t\t\t<\/div>\n\t\t<\/section>\n\t\t\t\t\t\t<\/div>\n\t\t\t\t\t\t<\/div>\n\t\t\t\t\t<\/div>\n\t\t","protected":false},"excerpt":{"rendered":"<p>\u2190 go back Project Group: S\u0142awomir Kocira (UP Lublin) \u2013 Project Manager Micha\u0142 \u015awieca (UP Lublin) Pavol Findura (SUA Nitra) \u2013 Coordinator Marcelo Carmora (UBA Buenos Aires) \u2013 Coordinator Mar\u00eda Cecilia P\u00e9rez-Piz\u00e1 (UBA Buenos Aires) Gustavo Striker (UBA Buenos Aires) Petr Bartos, PhD (USB \u010cesk\u00e9 Bud\u011bjovice) \u2013 Coordinator Jan Barta, PhD (USB \u010cesk\u00e9 Bud\u011bjovice) DSc [&hellip;]<\/p>\n","protected":false},"author":2,"featured_media":0,"parent":530542,"menu_order":0,"comment_status":"closed","ping_status":"closed","template":"elementor_header_footer","meta":{"_monsterinsights_skip_tracking":false,"_monsterinsights_sitenote_active":false,"_monsterinsights_sitenote_note":"","_monsterinsights_sitenote_category":0},"_links":{"self":[{"href":"https:\/\/up.lublin.pl\/en\/wp-json\/wp\/v2\/pages\/530550"}],"collection":[{"href":"https:\/\/up.lublin.pl\/en\/wp-json\/wp\/v2\/pages"}],"about":[{"href":"https:\/\/up.lublin.pl\/en\/wp-json\/wp\/v2\/types\/page"}],"author":[{"embeddable":true,"href":"https:\/\/up.lublin.pl\/en\/wp-json\/wp\/v2\/users\/2"}],"replies":[{"embeddable":true,"href":"https:\/\/up.lublin.pl\/en\/wp-json\/wp\/v2\/comments?post=530550"}],"version-history":[{"count":4,"href":"https:\/\/up.lublin.pl\/en\/wp-json\/wp\/v2\/pages\/530550\/revisions"}],"predecessor-version":[{"id":530579,"href":"https:\/\/up.lublin.pl\/en\/wp-json\/wp\/v2\/pages\/530550\/revisions\/530579"}],"up":[{"embeddable":true,"href":"https:\/\/up.lublin.pl\/en\/wp-json\/wp\/v2\/pages\/530542"}],"wp:attachment":[{"href":"https:\/\/up.lublin.pl\/en\/wp-json\/wp\/v2\/media?parent=530550"}],"curies":[{"name":"wp","href":"https:\/\/api.w.org\/{rel}","templated":true}]}}