{"id":530548,"date":"2026-03-04T11:47:09","date_gmt":"2026-03-04T10:47:09","guid":{"rendered":"https:\/\/up.lublin.pl\/developing-relationships-in-the-design-prototyping-and-application-of-plant-biostimulants-as-a-response-to-the-abiotic-stresses-in-crop-plants\/events\/"},"modified":"2026-03-04T11:55:01","modified_gmt":"2026-03-04T10:55:01","slug":"events","status":"publish","type":"page","link":"https:\/\/up.lublin.pl\/en\/plant-biostimulants\/events\/","title":{"rendered":"Events"},"content":{"rendered":"\t\t<div data-elementor-type=\"wp-page\" data-elementor-id=\"530548\" class=\"elementor elementor-530548 elementor-530424\" data-elementor-settings=\"[]\">\n\t\t\t\t\t\t<div class=\"elementor-inner\">\n\t\t\t\t\t\t\t<div class=\"elementor-section-wrap\">\n\t\t\t\t\t\t\t<section class=\"elementor-section elementor-top-section elementor-element elementor-element-11c7f21 elementor-section-boxed elementor-section-height-default elementor-section-height-default\" data-id=\"11c7f21\" data-element_type=\"section\">\n\t\t\t\t\t\t<div class=\"elementor-container elementor-column-gap-default\">\n\t\t\t\t\t\t\t<div class=\"elementor-row\">\n\t\t\t\t\t<div class=\"elementor-column elementor-col-100 elementor-top-column elementor-element elementor-element-41b7122\" data-id=\"41b7122\" data-element_type=\"column\">\n\t\t\t<div class=\"elementor-column-wrap elementor-element-populated\">\n\t\t\t\t\t\t\t<div class=\"elementor-widget-wrap\">\n\t\t\t\t\t\t<div class=\"elementor-element elementor-element-16e5ab8 elementor-widget elementor-widget-m5c\" data-id=\"16e5ab8\" data-element_type=\"widget\" data-widget_type=\"m5c.default\">\n\t\t\t\t<div class=\"elementor-widget-container\">\n\t\t\t<section class=\"mn-m5-c mn-m5-d2 mn-bg-white\">\n\t<div class=\"mn-grid\">\n\t\t\t\t<div class=\"mn-content mn-grid-9\">\n\t\t\t                <div class=\"mn-content-block active\">\n\t                                                        <div class=\"block-text\">\n\t                                        <h5 style=\"margin-bottom: 20px;\"><a href=\"https:\/\/up.lublin.pl\/plant-biostimulants\/\">\u2190 go back<\/a><\/h5>\n                                        <\/div>\n\t\t\t\t\t\t                                                        <div class=\"block-text\">\n\t                                        <h4><strong>Meetings<\/strong><\/h4>\n<p>October 10-12, 2025 \u2013 Project team meeting to launch the project. Hotel Pod Jedlami, Wis\u0142a, Poland. Meeting report<\/p>\n<p>June 15-18, 2026 \u2013 Working meeting of scientists (Beneficiary and Partners) representing various scientific disciplines. Zwierzyniec, Poland.<\/p>\n<p>August 2027 \u2013 Project team meeting to summarize the project. Wis\u0142a, Poland.<\/p>\n<h4><strong>Summer School<\/strong><\/h4>\n<p>September 7-11, 2026 \u2013 Summer School &#8220;Design and use of biostimulants and bioprotectants in crop production as an element of sustainable agriculture&#8221; \u2013 University of South Bohemia in \u010cesk\u00e9 Bud\u011bjovice, with the participation of other partners.<\/p>\n<h4><strong>Study Visit and Seminar<\/strong><\/h4>\n<p>October 19-23, 2026 \u2013 Study visit and seminar on &#8220;Adapting crop systems to climate change.&#8221; Organizer: University of Buenos Aires, with the participation of other partners.<\/p>\n<h4><strong>Winter School<\/strong><\/h4>\n<p>January\/February 2027 \u2013 Winter School &#8220;Biostimulants in Regenerative Agriculture.&#8221; Organizer: Slovak University of Agriculture in Nitra, University of South Bohemia in \u010cesk\u00e9 Bud\u011bjovice, with the participation of other partners.<\/p>\n<h4><strong>Conference<\/strong><\/h4>\n<p>June 2027 \u2013 International Scientific Conference &#8220;Challenges for agricultural science and engineering in the aspect of climate change.&#8221; Organizer: University of Life Sciences in Lublin, with the participation of other partners.<\/p>\n                                        <\/div>\n\t\t\t\t\t\t                                <\/div>\n\t\t\t\t                <div class=\"mn-content-block\">\n\t                                <\/div>\n\t\t\t\t                <div class=\"mn-content-block\">\n\t                                <\/div>\n\t\t\t\t                <div class=\"mn-content-block\">\n\t                                <\/div>\n\t\t\t\t                <div class=\"mn-content-block\">\n\t                                <\/div>\n\t\t\t\t                <div class=\"mn-content-block\">\n\t                                <\/div>\n\t\t\t\t                <div class=\"mn-content-block\">\n\t                                <\/div>\n\t\t\t\t                <div class=\"mn-content-block\">\n\t                                <\/div>\n\t\t\t\t                <div class=\"mn-content-block\">\n\t                                <\/div>\n\t\t\t\t                <div class=\"mn-content-block\">\n\t                                <\/div>\n\t\t\t\t                <div class=\"mn-content-block\">\n\t                                <\/div>\n\t\t\t\t                <div class=\"mn-content-block\">\n\t                                <\/div>\n\t\t\t\t                <div class=\"mn-content-block\">\n\t                                <\/div>\n\t\t\t\t                <div class=\"mn-content-block\">\n\t                                <\/div>\n\t\t\t\t                <div class=\"mn-content-block\">\n\t                                <\/div>\n\t\t\t\t                <div class=\"mn-content-block\">\n\t                                <\/div>\n\t\t\t\t                <div class=\"mn-content-block\">\n\t                                <\/div>\n\t\t\t\t                <div class=\"mn-content-block\">\n\t                                <\/div>\n\t\t\t\t                <div class=\"mn-content-block\">\n\t                                <\/div>\n\t\t\t\t                <div class=\"mn-content-block\">\n\t                                <\/div>\n\t\t\t\t\t\t<\/div>\n\t<\/div>\n<\/section>\n\t\t<\/div>\n\t\t\t\t<\/div>\n\t\t\t\t<div class=\"elementor-element elementor-element-f2b7fa2 elementor-widget elementor-widget-m5h\" data-id=\"f2b7fa2\" data-element_type=\"widget\" data-widget_type=\"m5h.default\">\n\t\t\t\t<div class=\"elementor-widget-container\">\n\t\t\t<section class=\"mn-m5-h mn-bg-white no-spacing\">\r\n\t<div class=\"mn-grid\">\r\n\t\t<div class=\"mn-content mn-grid-12\">\r\n\t\t\t<div class=\"mn-lead\">\r\n\t\t\t\t<h6 style=\"line-height: 17px; font-weight: 300; margin-bottom: 20px;\">Projekt \u201eDeveloping relationships in the design, prototyping and application of plant biostimulants as a&nbsp;response to the abiotic stresses in crop plants\u201d (BPI\/PST\/2024\/1\/00077) dofinansowany przez NAWA w&nbsp;ramach programu Partnerstwa Strategiczne &#8211; 2024 jest realizowany przez 4 uniwersytety. Liederem projektu jest Uniwersytet Przyrodniczy w&nbsp;Lublinie (Polska) a&nbsp;partnerami: University of South Bohemia in \u010cesk\u00e9 Bud\u011bjovice (Czechy), Slovak University of Agriculture in Nitra (S\u0142owacja), Wydzia\u0142 Rolniczy Uniwersytetu w&nbsp;Buenos Aires, (Argentyna).Kierownikiem projektu jest prof. dr hab. in\u017c. S\u0142awomir Kocira z&nbsp;Katedry Eksploatacji Maszyn i\u00a0Zarz\u0105dzania Procesami Produkcyjnymi.<\/h6>\n<h6 style=\"line-height: 17px; font-weight: 300;\">Realizacja projektu rozpocz\u0119\u0142a si\u0119 1 wrze\u015bnia 2025 roku, a&nbsp;planowany termin zako\u0144czenia to 31 sierpnia 2027 roku.<br \/>Na realizacj\u0119 poszczeg\u00f3lnych zada\u0144 NAWA przyzna\u0142a kwot\u0119 1 813 462,74 PLN.<\/h6>\n\t\t\t<\/div>\r\n\t\t<\/div>\r\n\t<\/div>\r\n<\/section>\r\n\t\t<\/div>\n\t\t\t\t<\/div>\n\t\t\t\t\t\t<\/div>\n\t\t\t\t\t<\/div>\n\t\t<\/div>\n\t\t\t\t\t\t\t\t<\/div>\n\t\t\t\t\t<\/div>\n\t\t<\/section>\n\t\t\t\t\t\t<\/div>\n\t\t\t\t\t\t<\/div>\n\t\t\t\t\t<\/div>\n\t\t","protected":false},"excerpt":{"rendered":"<p>\u2190 go back Meetings October 10-12, 2025 \u2013 Project team meeting to launch the project. Hotel Pod Jedlami, Wis\u0142a, Poland. Meeting report June 15-18, 2026 \u2013 Working meeting of scientists (Beneficiary and Partners) representing various scientific disciplines. Zwierzyniec, Poland. August 2027 \u2013 Project team meeting to summarize the project. Wis\u0142a, Poland. Summer School September 7-11, [&hellip;]<\/p>\n","protected":false},"author":2,"featured_media":0,"parent":530542,"menu_order":0,"comment_status":"closed","ping_status":"closed","template":"elementor_header_footer","meta":{"_monsterinsights_skip_tracking":false,"_monsterinsights_sitenote_active":false,"_monsterinsights_sitenote_note":"","_monsterinsights_sitenote_category":0},"_links":{"self":[{"href":"https:\/\/up.lublin.pl\/en\/wp-json\/wp\/v2\/pages\/530548"}],"collection":[{"href":"https:\/\/up.lublin.pl\/en\/wp-json\/wp\/v2\/pages"}],"about":[{"href":"https:\/\/up.lublin.pl\/en\/wp-json\/wp\/v2\/types\/page"}],"author":[{"embeddable":true,"href":"https:\/\/up.lublin.pl\/en\/wp-json\/wp\/v2\/users\/2"}],"replies":[{"embeddable":true,"href":"https:\/\/up.lublin.pl\/en\/wp-json\/wp\/v2\/comments?post=530548"}],"version-history":[{"count":7,"href":"https:\/\/up.lublin.pl\/en\/wp-json\/wp\/v2\/pages\/530548\/revisions"}],"predecessor-version":[{"id":530595,"href":"https:\/\/up.lublin.pl\/en\/wp-json\/wp\/v2\/pages\/530548\/revisions\/530595"}],"up":[{"embeddable":true,"href":"https:\/\/up.lublin.pl\/en\/wp-json\/wp\/v2\/pages\/530542"}],"wp:attachment":[{"href":"https:\/\/up.lublin.pl\/en\/wp-json\/wp\/v2\/media?parent=530548"}],"curies":[{"name":"wp","href":"https:\/\/api.w.org\/{rel}","templated":true}]}}