{"id":530546,"date":"2026-03-04T11:46:50","date_gmt":"2026-03-04T10:46:50","guid":{"rendered":"https:\/\/up.lublin.pl\/developing-relationships-in-the-design-prototyping-and-application-of-plant-biostimulants-as-a-response-to-the-abiotic-stresses-in-crop-plants\/about-the-project\/"},"modified":"2026-03-04T11:52:16","modified_gmt":"2026-03-04T10:52:16","slug":"about-the-project","status":"publish","type":"page","link":"https:\/\/up.lublin.pl\/en\/plant-biostimulants\/about-the-project\/","title":{"rendered":"About the project"},"content":{"rendered":"\t\t<div data-elementor-type=\"wp-page\" data-elementor-id=\"530546\" class=\"elementor elementor-530546 elementor-530425\" data-elementor-settings=\"[]\">\n\t\t\t\t\t\t<div class=\"elementor-inner\">\n\t\t\t\t\t\t\t<div class=\"elementor-section-wrap\">\n\t\t\t\t\t\t\t<section class=\"elementor-section elementor-top-section elementor-element elementor-element-d2b5e96 elementor-section-boxed elementor-section-height-default elementor-section-height-default\" data-id=\"d2b5e96\" data-element_type=\"section\">\n\t\t\t\t\t\t<div class=\"elementor-container elementor-column-gap-default\">\n\t\t\t\t\t\t\t<div class=\"elementor-row\">\n\t\t\t\t\t<div class=\"elementor-column elementor-col-100 elementor-top-column elementor-element elementor-element-7efe8e2\" data-id=\"7efe8e2\" data-element_type=\"column\">\n\t\t\t<div class=\"elementor-column-wrap elementor-element-populated\">\n\t\t\t\t\t\t\t<div class=\"elementor-widget-wrap\">\n\t\t\t\t\t\t<div class=\"elementor-element elementor-element-f8ba7f1 elementor-widget elementor-widget-m5c\" data-id=\"f8ba7f1\" data-element_type=\"widget\" data-widget_type=\"m5c.default\">\n\t\t\t\t<div class=\"elementor-widget-container\">\n\t\t\t<section class=\"mn-m5-c mn-m5-d2 mn-bg-white\">\n\t<div class=\"mn-grid\">\n\t\t\t\t<div class=\"mn-content mn-grid-9\">\n\t\t\t                <div class=\"mn-content-block active\">\n\t                                                        <div class=\"block-text\">\n\t                                        <h5 style=\"margin-bottom: 20px;\"><a href=\"https:\/\/up.lublin.pl\/plant-biostimulants\/\">\u2190 go back<\/a><\/h5>\n                                        <\/div>\n\t\t\t\t\t\t                                                        <div class=\"block-text\">\n\t                                        <p>The project &#8220;Developing relationships in the design, prototyping and application of plant biostimulants as a&nbsp;response to the abiotic stresses in crop plants&#8221; aims to strengthen and develop strategic partnerships established during joint participation in the summer school &#8220;Design and use of biostimulants and bioprotectants in crop production as an element of sustainable agriculture&#8221; and the winter school &#8220;Biostimulants in Regenerative Agriculture&#8221; and the study visit and seminar &#8220;Adapting crop systems to climate change&#8221;. The aim is also to integrate the scientific community for the effective use of synergies resulting from cooperation between scientists, especially by combining research efforts for interdisciplinary research in line with the strategy from farm to fork. The project also aims to build the Beneficiary&#8217;s potential in the international arena through innovative research on the design, validation and testing of the produced biostimulants in soybean cultivation, the results of which will be published in journals indexed in databases such as SCOPUS and\/or JCR and papers presented at the organized international conference &#8220;Challenges for agricultural science and engineering in the aspect of climate change&#8221;. The project objective will be implemented in 10 tasks, implemented by the Beneficiary and Partners.<\/p>\n<p><strong>Universities participating in the project:<\/strong><\/p>\n<ul>\n<li>University of Life Sciences in Lublin (Poland) \u2013 Beneficiary.<\/li>\n<li>University of South Bohemia in \u010cesk\u00e9 Bud\u011bjovice (Czech Republic) \u2013 Partner.<\/li>\n<li>University of Buenos Aires (Argentina) \u2013 Partner.<\/li>\n<li>Slovak University of Agriculture in Nitra (Slovakia) \u2013 Partner.<\/li>\n<\/ul>\n<p data-wp-editing=\"1\"><a href=\"https:\/\/up.lublin.pl\/wp-content\/uploads\/2025\/11\/divider-UP-zielony.png\"><img loading=\"lazy\" class=\"aligncenter size-full wp-image-506779\" src=\"https:\/\/up.lublin.pl\/wp-content\/uploads\/2025\/11\/divider-UP-zielony.png\" alt=\"\" width=\"303\" height=\"29\" \/><\/a><\/p>\n<p><strong>Tasks implemented by the Beneficiary: <\/strong><\/p>\n<p>Task 1. Development and strengthening of relations between partners and searching for new areas of cooperation. Responsible entity.<\/p>\n<p>Task 5. Organization of an international scientific conference \u201cChallenges for agricultural science and engineering in the aspect of climate change\u201d. Responsible entity.<\/p>\n<p>Task 7. Analysis and assessment of the physical properties of produced biostimulants and development of technology for their application. Responsible entity.<\/p>\n<p>Task 8. Testing of new generation biostimulants in controlled conditions (optimal and stressful) in the plant phenotyping laboratory and assessment of biometric features and molecular changes in plants after the use of biostimulants.<\/p>\n<p>Part of task 10. Study of the effect of using biostimulants on the chemical and biochemical composition of soybean plants.<\/p>\n<p><strong>Tasks implemented by the Czech Partner: <\/strong><\/p>\n<p>Task 4. Summer school \u201cDesign and use of biostimulants and bioprotectants in crop production as an element of sustainable agriculture\u201d. Responsible entity.<\/p>\n<p>Task 6. Design and production of new generation biostimulants and analysis of their chemical composition.<\/p>\n<p>Task 9. Testing the effect of the produced new generation biostimulants on plant phytopathogens and soil edaphon.<\/p>\n<p>Part of task 10. Study of the effect of using biostimulants on the chemical and biochemical composition of soybean plants.<\/p>\n<p><strong>Tasks carried out by the Partner from Argentina: <\/strong><\/p>\n<p>Task 2. Study visit and seminar on &#8220;Adapting crop systems to climate change&#8221;. Responsible entity &#8211; Partner (UBA in Buenos Aires).<\/p>\n<p><strong>Tasks carried out by the Partner from Slovakia: <\/strong><\/p>\n<p>Task 3. Winter school &#8220;Biostimulants in Regenerative Agriculture&#8221;.<\/p>\n<p><a href=\"https:\/\/up.lublin.pl\/wp-content\/uploads\/2025\/11\/divider-UP-zielony.png\"><img loading=\"lazy\" class=\"aligncenter size-full wp-image-506779\" src=\"https:\/\/up.lublin.pl\/wp-content\/uploads\/2025\/11\/divider-UP-zielony.png\" alt=\"\" width=\"303\" height=\"29\" \/><\/a>The result of the project that affects the implementation of long-term goals will be the integration of the international scientific community, through the awareness that research and dissemination cooperation will allow for the effective use of solutions created by science, which could be adapted in the global economy. The project will also result in papers presented during the conference, a&nbsp;developed strategy containing directions of cooperation and communication channels, and activities supporting the development of mutual relations in the scientific, training, and teaching spheres that go beyond the scope of the project. The project will also result in scientific publications based on the results of joint research.<\/p>\n                                        <\/div>\n\t\t\t\t\t\t                                <\/div>\n\t\t\t\t                <div class=\"mn-content-block\">\n\t                                <\/div>\n\t\t\t\t                <div class=\"mn-content-block\">\n\t                                <\/div>\n\t\t\t\t                <div class=\"mn-content-block\">\n\t                                <\/div>\n\t\t\t\t                <div class=\"mn-content-block\">\n\t                                <\/div>\n\t\t\t\t                <div class=\"mn-content-block\">\n\t                                <\/div>\n\t\t\t\t                <div class=\"mn-content-block\">\n\t                                <\/div>\n\t\t\t\t                <div class=\"mn-content-block\">\n\t                                <\/div>\n\t\t\t\t                <div class=\"mn-content-block\">\n\t                                <\/div>\n\t\t\t\t                <div class=\"mn-content-block\">\n\t                                <\/div>\n\t\t\t\t                <div class=\"mn-content-block\">\n\t                                <\/div>\n\t\t\t\t                <div class=\"mn-content-block\">\n\t                                <\/div>\n\t\t\t\t                <div class=\"mn-content-block\">\n\t                                <\/div>\n\t\t\t\t                <div class=\"mn-content-block\">\n\t                                <\/div>\n\t\t\t\t                <div class=\"mn-content-block\">\n\t                                <\/div>\n\t\t\t\t                <div class=\"mn-content-block\">\n\t                                <\/div>\n\t\t\t\t                <div class=\"mn-content-block\">\n\t                                <\/div>\n\t\t\t\t                <div class=\"mn-content-block\">\n\t                                <\/div>\n\t\t\t\t                <div class=\"mn-content-block\">\n\t                                <\/div>\n\t\t\t\t                <div class=\"mn-content-block\">\n\t                                <\/div>\n\t\t\t\t\t\t<\/div>\n\t<\/div>\n<\/section>\n\t\t<\/div>\n\t\t\t\t<\/div>\n\t\t\t\t\t\t<\/div>\n\t\t\t\t\t<\/div>\n\t\t<\/div>\n\t\t\t\t\t\t\t\t<\/div>\n\t\t\t\t\t<\/div>\n\t\t<\/section>\n\t\t\t\t<section class=\"elementor-section elementor-top-section elementor-element elementor-element-83b2292 elementor-section-boxed elementor-section-height-default elementor-section-height-default\" data-id=\"83b2292\" data-element_type=\"section\">\n\t\t\t\t\t\t<div class=\"elementor-container elementor-column-gap-default\">\n\t\t\t\t\t\t\t<div class=\"elementor-row\">\n\t\t\t\t\t<div class=\"elementor-column elementor-col-100 elementor-top-column elementor-element elementor-element-a4d5850\" data-id=\"a4d5850\" data-element_type=\"column\">\n\t\t\t<div class=\"elementor-column-wrap elementor-element-populated\">\n\t\t\t\t\t\t\t<div class=\"elementor-widget-wrap\">\n\t\t\t\t\t\t<div class=\"elementor-element elementor-element-96ac298 elementor-widget elementor-widget-m5h\" data-id=\"96ac298\" data-element_type=\"widget\" data-widget_type=\"m5h.default\">\n\t\t\t\t<div class=\"elementor-widget-container\">\n\t\t\t<section class=\"mn-m5-h mn-bg-white no-spacing\">\r\n\t<div class=\"mn-grid\">\r\n\t\t<div class=\"mn-content mn-grid-12\">\r\n\t\t\t<div class=\"mn-lead\">\r\n\t\t\t\t<h6 style=\"line-height: 17px; font-weight: 300; margin-bottom: 20px;\">Projekt \u201eDeveloping relationships in the design, prototyping and application of plant biostimulants as a&nbsp;response to the abiotic stresses in crop plants\u201d (BPI\/PST\/2024\/1\/00077) dofinansowany przez NAWA w&nbsp;ramach programu Partnerstwa Strategiczne &#8211; 2024 jest realizowany przez 4 uniwersytety. Liederem projektu jest Uniwersytet Przyrodniczy w&nbsp;Lublinie (Polska) a&nbsp;partnerami: University of South Bohemia in \u010cesk\u00e9 Bud\u011bjovice (Czechy), Slovak University of Agriculture in Nitra (S\u0142owacja), Wydzia\u0142 Rolniczy Uniwersytetu w&nbsp;Buenos Aires, (Argentyna).Kierownikiem projektu jest prof. dr hab. in\u017c. S\u0142awomir Kocira z&nbsp;Katedry Eksploatacji Maszyn i\u00a0Zarz\u0105dzania Procesami Produkcyjnymi.<\/h6>\n<h6 style=\"line-height: 17px; font-weight: 300;\">Realizacja projektu rozpocz\u0119\u0142a si\u0119 1 wrze\u015bnia 2025 roku, a&nbsp;planowany termin zako\u0144czenia to 31 sierpnia 2027 roku.<br \/>Na realizacj\u0119 poszczeg\u00f3lnych zada\u0144 NAWA przyzna\u0142a kwot\u0119 1 813 462,74 PLN.<\/h6>\n\t\t\t<\/div>\r\n\t\t<\/div>\r\n\t<\/div>\r\n<\/section>\r\n\t\t<\/div>\n\t\t\t\t<\/div>\n\t\t\t\t\t\t<\/div>\n\t\t\t\t\t<\/div>\n\t\t<\/div>\n\t\t\t\t\t\t\t\t<\/div>\n\t\t\t\t\t<\/div>\n\t\t<\/section>\n\t\t\t\t\t\t<\/div>\n\t\t\t\t\t\t<\/div>\n\t\t\t\t\t<\/div>\n\t\t","protected":false},"excerpt":{"rendered":"<p>\u2190 go back The project &#8220;Developing relationships in the design, prototyping and application of plant biostimulants as a&nbsp;response to the abiotic stresses in crop plants&#8221; aims to strengthen and develop strategic partnerships established during joint participation in the summer school &#8220;Design and use of biostimulants and bioprotectants in crop production as an element of sustainable [&hellip;]<\/p>\n","protected":false},"author":2,"featured_media":0,"parent":530542,"menu_order":0,"comment_status":"closed","ping_status":"closed","template":"elementor_header_footer","meta":{"_monsterinsights_skip_tracking":false,"_monsterinsights_sitenote_active":false,"_monsterinsights_sitenote_note":"","_monsterinsights_sitenote_category":0},"_links":{"self":[{"href":"https:\/\/up.lublin.pl\/en\/wp-json\/wp\/v2\/pages\/530546"}],"collection":[{"href":"https:\/\/up.lublin.pl\/en\/wp-json\/wp\/v2\/pages"}],"about":[{"href":"https:\/\/up.lublin.pl\/en\/wp-json\/wp\/v2\/types\/page"}],"author":[{"embeddable":true,"href":"https:\/\/up.lublin.pl\/en\/wp-json\/wp\/v2\/users\/2"}],"replies":[{"embeddable":true,"href":"https:\/\/up.lublin.pl\/en\/wp-json\/wp\/v2\/comments?post=530546"}],"version-history":[{"count":4,"href":"https:\/\/up.lublin.pl\/en\/wp-json\/wp\/v2\/pages\/530546\/revisions"}],"predecessor-version":[{"id":530573,"href":"https:\/\/up.lublin.pl\/en\/wp-json\/wp\/v2\/pages\/530546\/revisions\/530573"}],"up":[{"embeddable":true,"href":"https:\/\/up.lublin.pl\/en\/wp-json\/wp\/v2\/pages\/530542"}],"wp:attachment":[{"href":"https:\/\/up.lublin.pl\/en\/wp-json\/wp\/v2\/media?parent=530546"}],"curies":[{"name":"wp","href":"https:\/\/api.w.org\/{rel}","templated":true}]}}