{"id":530542,"date":"2026-03-04T11:46:05","date_gmt":"2026-03-04T10:46:05","guid":{"rendered":"https:\/\/up.lublin.pl\/developing-relationships-in-the-design-prototyping-and-application-of-plant-biostimulants-as-a-response-to-the-abiotic-stresses-in-crop-plants\/"},"modified":"2026-03-04T13:13:59","modified_gmt":"2026-03-04T12:13:59","slug":"plant-biostimulants","status":"publish","type":"page","link":"https:\/\/up.lublin.pl\/en\/plant-biostimulants\/","title":{"rendered":"Developing Relationships in the Design, Prototyping and Application of Plant Biostimulants as a Response to the Abiotic Stresses in Crop Plants"},"content":{"rendered":"\t\t<div data-elementor-type=\"wp-page\" data-elementor-id=\"530542\" class=\"elementor elementor-530542 elementor-507105\" data-elementor-settings=\"[]\">\n\t\t\t\t\t\t<div class=\"elementor-inner\">\n\t\t\t\t\t\t\t<div class=\"elementor-section-wrap\">\n\t\t\t\t\t\t\t<section class=\"elementor-section elementor-top-section elementor-element elementor-element-047624e elementor-section-boxed elementor-section-height-default elementor-section-height-default\" data-id=\"047624e\" data-element_type=\"section\">\n\t\t\t\t\t\t<div class=\"elementor-container elementor-column-gap-default\">\n\t\t\t\t\t\t\t<div class=\"elementor-row\">\n\t\t\t\t\t<div class=\"elementor-column elementor-col-100 elementor-top-column elementor-element elementor-element-645ad16\" data-id=\"645ad16\" data-element_type=\"column\">\n\t\t\t<div class=\"elementor-column-wrap elementor-element-populated\">\n\t\t\t\t\t\t\t<div class=\"elementor-widget-wrap\">\n\t\t\t\t\t\t<div class=\"elementor-element elementor-element-3190e0a elementor-widget elementor-widget-m2j\" data-id=\"3190e0a\" data-element_type=\"widget\" data-widget_type=\"m2j.default\">\n\t\t\t\t<div class=\"elementor-widget-container\">\n\t\t\t<section class=\"mn-m2-h\">\n    <div class=\"mn-image-container mn-container\">\n                    <img src=\"https:\/\/up.lublin.pl\/wp-content\/uploads\/2025\/11\/biostimulants-banner.jpg\" alt=\"\">\n                        <\/div>\n    <div class=\"mn-grid mn-content\">\n            <\/div>\n<\/section>\n\t\t<\/div>\n\t\t\t\t<\/div>\n\t\t\t\t<div class=\"elementor-element elementor-element-68a3847 elementor-widget elementor-widget-m3j\" data-id=\"68a3847\" data-element_type=\"widget\" data-widget_type=\"m3j.default\">\n\t\t\t\t<div class=\"elementor-widget-container\">\n\t\t\t<section class=\"mn-m3-e2 mn-m3-j mn-dynamic mn-bg-grey\" data-id=\"68a3847\" data-url=\"https:\/\/up.lublin.pl\/en\/plant-biostimulants\/\">\n    <div class=\"mn-grid\">\n        <h2 class=\"mn-grid-6 mn-title\">News:<\/h2>\n        <div class=\"mn-grid-6\">\n\t                <\/div>\n\t        <\/div>\n    <div class=\"mn-content-block\">\n        <div class=\"mn-content-block-in\">\n            <div class=\"mn-grid\">\n\t\t                                <div class=\"mn-item mn-grid-3\">\n                            <div class=\"mn-images-container\">\n\t                                                                 <img src=\"https:\/\/up.lublin.pl\/wp-content\/uploads\/2026\/03\/spotkanie_wisla-ow.jpg\" alt=\"Project Team Meeting to Open the Project\" \/>\n\t                                                            <\/div>\n                            <div class=\"mn-content\">\n                                <p>Project Team Meeting to Open the Project<\/p>\n                            <\/div>\n                            <a href=\"https:\/\/up.lublin.pl\/en\/blog\/project-team-meeting-to-open-the-project\/\" class=\"mn-more\">Read more<\/a>\n                        <\/div>\n\t\t\t\t        \t\t                            <div class=\"mn-pagination mn-grid-12\">\n\t\t\t\t                                    <span class=\"mn-page active\" data-page=\"1\">1<\/span>\n\t\t\t\t\t                            <\/div>\n\t\t\t                    <\/div>\n            <div class=\"mn-loading\"><\/div>\n        <\/div>\n    <\/div>\n<\/section>\n\t\t<\/div>\n\t\t\t\t<\/div>\n\t\t\t\t<div class=\"elementor-element elementor-element-bef9575 elementor-widget elementor-widget-m4a\" data-id=\"bef9575\" data-element_type=\"widget\" data-widget_type=\"m4a.default\">\n\t\t\t\t<div class=\"elementor-widget-container\">\n\t\t\t\t<section class=\"mn-bg-white\">\n\t\t\t\t<div class=\"mn-grid\">\n\t\t\t\t\t\t\t<div class=\"mn-grid-4 mn-kat-m4-container\">\n\t\t\t\t\t\t\t\t\t\t\t\t\t\t\t\t<h3>About the project<\/h3>\n\t\t\t\t\t\t\t\t\t\t\t\t\t\t\t\t\t\t\t\t\t\t<a href=\"https:\/\/up.lublin.pl\/plant-biostimulants\/o-projekcie\/\" class=\"mn-more\">Read more<\/a>\n\t\t\t\t\t\t\t\t\t\t<\/div>\n\t\t\t\t\t\t\t\t<div class=\"mn-grid-4 mn-kat-m4-container\">\n\t\t\t\t\t\t\t\t\t\t\t\t\t\t\t\t<h3>Project team<\/h3>\n\t\t\t\t\t\t\t\t\t\t\t\t\t\t\t\t\t\t\t\t\t\t<a href=\"https:\/\/up.lublin.pl\/plant-biostimulants\/zespol-projektowy\/\" class=\"mn-more\">Read more<\/a>\n\t\t\t\t\t\t\t\t\t\t<\/div>\n\t\t\t\t\t\t\t\t<div class=\"mn-grid-4 mn-kat-m4-container\">\n\t\t\t\t\t\t\t\t\t\t\t\t\t\t\t\t<h3>Events<\/h3>\n\t\t\t\t\t\t\t\t\t\t\t\t\t\t\t\t\t\t\t\t\t\t<a href=\"https:\/\/up.lublin.pl\/plant-biostimulants\/wydarzenia\/\" class=\"mn-more\">Read more<\/a>\n\t\t\t\t\t\t\t\t\t\t<\/div>\n\t\t\t\t\t\t\t\t<div class=\"mn-grid-4 mn-kat-m4-container\">\n\t\t\t\t\t\t\t\t\t\t\t\t\t\t\t\t<h3>Publications<\/h3>\n\t\t\t\t\t\t\t\t\t\t\t\t\t\t\t\t\t\t\t\t\t\t<a href=\"https:\/\/up.lublin.pl\/plant-biostimulants\/publikacje\/\" class=\"mn-more\">Read more<\/a>\n\t\t\t\t\t\t\t\t\t\t<\/div>\n\t\t\t\t\t\t\t\t<div class=\"mn-grid-4 mn-kat-m4-container\">\n\t\t\t\t\t\t\t\t\t\t\t\t\t\t\t\t<h3>The National Agency for Academic Exchange<\/h3>\n\t\t\t\t\t\t\t\t\t\t\t\t\t\t\t\t\t\t\t\t\t\t<a href=\"https:\/\/nawa.gov.pl\/\" class=\"mn-more\">Read more<\/a>\n\t\t\t\t\t\t\t\t\t\t<\/div>\n\t\t\t\t\t\t\t\t<div class=\"mn-grid-4 mn-kat-m4-container\">\n\t\t\t\t\t\t\t\t\t\t\t\t\t\t\t\t<h3>Gallery<\/h3>\n\t\t\t\t\t\t\t\t\t\t\t\t\t\t\t\t\t\t\t\t\t\t<a href=\"https:\/\/up.lublin.pl\/plant-biostimulants\/galeria\/\" class=\"mn-more\">Read more<\/a>\n\t\t\t\t\t\t\t\t\t\t<\/div>\n\t\t\t\t\t\t\t\t<div class=\"mn-grid-12 mn-kat-m4-container\">\n\t\t\t\t\t\t\t\t\t\t\t\t\t\t\t\t<h3>Contact<\/h3>\n\t\t\t\t\t\t\t\t\t\t\t\t\t\t\t\t\t\t\t\t\t\t<a href=\"https:\/\/up.lublin.pl\/plant-biostimulants\/kontakt\/\" class=\"mn-more\">Read more<\/a>\n\t\t\t\t\t\t\t\t\t\t<\/div>\n\t\t\t\t\t\t<\/div>\n\t<\/section>\n\t\t\t<\/div>\n\t\t\t\t<\/div>\n\t\t\t\t\t\t<\/div>\n\t\t\t\t\t<\/div>\n\t\t<\/div>\n\t\t\t\t\t\t\t\t<\/div>\n\t\t\t\t\t<\/div>\n\t\t<\/section>\n\t\t\t\t<section class=\"elementor-section elementor-top-section elementor-element elementor-element-8a38d8b elementor-section-boxed elementor-section-height-default elementor-section-height-default\" data-id=\"8a38d8b\" data-element_type=\"section\">\n\t\t\t\t\t\t<div class=\"elementor-container elementor-column-gap-default\">\n\t\t\t\t\t\t\t<div class=\"elementor-row\">\n\t\t\t\t\t<div class=\"elementor-column elementor-col-100 elementor-top-column elementor-element elementor-element-ec17aab\" data-id=\"ec17aab\" data-element_type=\"column\">\n\t\t\t<div class=\"elementor-column-wrap elementor-element-populated\">\n\t\t\t\t\t\t\t<div class=\"elementor-widget-wrap\">\n\t\t\t\t\t\t<div class=\"elementor-element elementor-element-bd51a69 elementor-widget elementor-widget-m5h\" data-id=\"bd51a69\" data-element_type=\"widget\" data-widget_type=\"m5h.default\">\n\t\t\t\t<div class=\"elementor-widget-container\">\n\t\t\t<section class=\"mn-m5-h mn-bg-white\">\r\n\t<div class=\"mn-grid\">\r\n\t\t<div class=\"mn-content mn-grid-12\">\r\n\t\t\t<div class=\"mn-lead\">\r\n\t\t\t\t<p style=\"text-align: center;\"><a href=\"https:\/\/nawa.gov.pl\/\"><img loading=\"lazy\" class=\"alignleft wp-image-285663\" src=\"https:\/\/up.lublin.pl\/wp-content\/uploads\/2022\/08\/nawa-abng.jpg\" alt=\"\" width=\"155\" height=\"94\" \/><\/a><a href=\"https:\/\/nawa.gov.pl\/instytucje\/partnerstwa-strategiczne\"><img loading=\"lazy\" class=\"alignleft wp-image-285659\" src=\"https:\/\/up.lublin.pl\/wp-content\/uploads\/2022\/08\/nawa2-abng.jpg\" alt=\"\" width=\"155\" height=\"94\" \/><\/a><a href=\"https:\/\/up.lublin.pl\/\"><img loading=\"lazy\" class=\"alignleft wp-image-285675\" src=\"https:\/\/up.lublin.pl\/wp-content\/uploads\/2022\/08\/upl-abng.jpg\" alt=\"\" width=\"155\" height=\"94\" \/><\/a><a href=\"https:\/\/www.jcu.cz\/cz\/\"><img loading=\"lazy\" class=\"alignleft wp-image-285679\" src=\"https:\/\/up.lublin.pl\/wp-content\/uploads\/2022\/08\/usb-abng.jpg\" alt=\"\" width=\"155\" height=\"94\" \/><\/a><a href=\"https:\/\/www.uniag.sk\/en\/main-page\"><img loading=\"lazy\" class=\"wp-image-507116 alignleft\" src=\"https:\/\/up.lublin.pl\/wp-content\/uploads\/2025\/11\/sua-logo.jpg\" alt=\"\" width=\"155\" height=\"94\" \/><\/a><a href=\"https:\/\/www.agro.uba.ar\/\"><img loading=\"lazy\" class=\"alignleft wp-image-507120\" src=\"https:\/\/up.lublin.pl\/wp-content\/uploads\/2025\/11\/ubaagronomia-logo.jpg\" alt=\"\" width=\"155\" height=\"94\" \/><\/a><\/p>\n<h5 style=\"font-size: small;\">Projekt \u201eDeveloping relationships in the design, prototyping and application of plant biostimulants as a&nbsp;response to the abiotic stresses in crop plants\u201d (BPI\/PST\/2024\/1\/00077) dofinansowany przez NAWA w&nbsp;ramach programu Partnerstwa Strategiczne &#8211; 2024 jest realizowany przez 4 uniwersytety. Liederem projektu jest Uniwersytet Przyrodniczy w&nbsp;Lublinie (Polska) a&nbsp;partnerami: University of South Bohemia in \u010cesk\u00e9 Bud\u011bjovice (Czechy), Slovak University of Agriculture in Nitra (S\u0142owacja), Wydzia\u0142 Rolniczy Uniwersytetu w&nbsp;Buenos Aires, (Argentyna).<\/p>\n<p>Kierownikiem projektu jest prof. dr hab. in\u017c. S\u0142awomir Kocira z&nbsp;Katedry Eksploatacji Maszyn i&nbsp;Zarz\u0105dzania Procesami Produkcyjnymi.<\/p>\n<p>Realizacja projektu rozpocz\u0119\u0142a si\u0119 1 wrze\u015bnia 2025 roku, a&nbsp;planowany termin zako\u0144czenia to 31 sierpnia 2027 roku.<br \/>Na realizacj\u0119 poszczeg\u00f3lnych zada\u0144 NAWA przyzna\u0142a kwot\u0119 1 813 462,74 PLN.<\/h5>\n\t\t\t<\/div>\r\n\t\t<\/div>\r\n\t<\/div>\r\n<\/section>\r\n\t\t<\/div>\n\t\t\t\t<\/div>\n\t\t\t\t\t\t<\/div>\n\t\t\t\t\t<\/div>\n\t\t<\/div>\n\t\t\t\t\t\t\t\t<\/div>\n\t\t\t\t\t<\/div>\n\t\t<\/section>\n\t\t\t\t\t\t<\/div>\n\t\t\t\t\t\t<\/div>\n\t\t\t\t\t<\/div>\n\t\t","protected":false},"excerpt":{"rendered":"<p>News: Project Team Meeting to Open the Project Zobacz wi\u0119cej 1 About the project Zobacz wi\u0119cej Project team Zobacz wi\u0119cej Events Zobacz wi\u0119cej Publications Zobacz wi\u0119cej The National Agency for Academic Exchange Zobacz wi\u0119cej Gallery Zobacz wi\u0119cej Contact Zobacz wi\u0119cej Projekt \u201eDeveloping relationships in the design, prototyping and application of plant biostimulants as a&nbsp;response to [&hellip;]<\/p>\n","protected":false},"author":2,"featured_media":0,"parent":0,"menu_order":0,"comment_status":"closed","ping_status":"closed","template":"elementor_header_footer","meta":{"_monsterinsights_skip_tracking":false,"_monsterinsights_sitenote_active":false,"_monsterinsights_sitenote_note":"","_monsterinsights_sitenote_category":0},"_links":{"self":[{"href":"https:\/\/up.lublin.pl\/en\/wp-json\/wp\/v2\/pages\/530542"}],"collection":[{"href":"https:\/\/up.lublin.pl\/en\/wp-json\/wp\/v2\/pages"}],"about":[{"href":"https:\/\/up.lublin.pl\/en\/wp-json\/wp\/v2\/types\/page"}],"author":[{"embeddable":true,"href":"https:\/\/up.lublin.pl\/en\/wp-json\/wp\/v2\/users\/2"}],"replies":[{"embeddable":true,"href":"https:\/\/up.lublin.pl\/en\/wp-json\/wp\/v2\/comments?post=530542"}],"version-history":[{"count":8,"href":"https:\/\/up.lublin.pl\/en\/wp-json\/wp\/v2\/pages\/530542\/revisions"}],"predecessor-version":[{"id":530726,"href":"https:\/\/up.lublin.pl\/en\/wp-json\/wp\/v2\/pages\/530542\/revisions\/530726"}],"wp:attachment":[{"href":"https:\/\/up.lublin.pl\/en\/wp-json\/wp\/v2\/media?parent=530542"}],"curies":[{"name":"wp","href":"https:\/\/api.w.org\/{rel}","templated":true}]}}