{"id":487992,"date":"2025-07-07T13:46:34","date_gmt":"2025-07-07T11:46:34","guid":{"rendered":"https:\/\/up.lublin.pl\/zero-heracleum\/project-objectives\/"},"modified":"2025-07-08T11:37:21","modified_gmt":"2025-07-08T09:37:21","slug":"project-objectives","status":"publish","type":"page","link":"https:\/\/up.lublin.pl\/en\/zero-heracleum\/project-objectives\/","title":{"rendered":"Project objectives"},"content":{"rendered":"\t\t<div data-elementor-type=\"wp-page\" data-elementor-id=\"487992\" class=\"elementor elementor-487992 elementor-486251\" data-elementor-settings=\"[]\">\n\t\t\t\t\t\t<div class=\"elementor-inner\">\n\t\t\t\t\t\t\t<div class=\"elementor-section-wrap\">\n\t\t\t\t\t\t\t<section class=\"elementor-section elementor-top-section elementor-element elementor-element-2984060 elementor-section-boxed elementor-section-height-default elementor-section-height-default\" data-id=\"2984060\" data-element_type=\"section\">\n\t\t\t\t\t\t<div class=\"elementor-container elementor-column-gap-default\">\n\t\t\t\t\t\t\t<div class=\"elementor-row\">\n\t\t\t\t\t<div class=\"elementor-column elementor-col-100 elementor-top-column elementor-element elementor-element-dd89eaa\" data-id=\"dd89eaa\" data-element_type=\"column\">\n\t\t\t<div class=\"elementor-column-wrap elementor-element-populated\">\n\t\t\t\t\t\t\t<div class=\"elementor-widget-wrap\">\n\t\t\t\t\t\t<div class=\"elementor-element elementor-element-b05e627 elementor-widget elementor-widget-m5c\" data-id=\"b05e627\" data-element_type=\"widget\" data-widget_type=\"m5c.default\">\n\t\t\t\t<div class=\"elementor-widget-container\">\n\t\t\t<section class=\"mn-m5-c mn-m5-d2 mn-bg-white\">\n\t<div class=\"mn-grid\">\n\t\t\t\t<div class=\"mn-content mn-grid-9\">\n\t\t\t                <div class=\"mn-content-block active\">\n\t                                                        <div class=\"block-text\">\n\t                                        <p style=\"font-size: 13px;\"><strong><a href=\"https:\/\/up.lublin.pl\/en\/zero-heracleum\/\">\u2190 go back<\/a><\/strong><\/p>\n                                        <\/div>\n\t\t\t\t\t\t                                                        <div class=\"block-text\">\n\t                                        <h1 style=\"margin-bottom: 20px;\">Project objectives<\/h1>\n<p>The specific objectives of the project are to assess the prevalence, genetic and biochemical diversity, as well as to control and monitor invasive populations of Sosnowski&#8217;s hogweed on the border of Poland and Ukraine. The project covers the Lviv Oblast in Ukraine and Lubelskie, Podlaskie and Podkarpackie voivodeships in Poland. The practical aims of the project are to test and implement effective measures to combat invasive hogweed, prevent its spread and restore habitats in the context of biodiversity in the cross-border territories of Ukraine and Poland. So far, no detailed information on the spatial occurrence of hogweed and its impact on biodiversity exists. The project by implementing various remote sensing research methods (satellite and airborne imagining) allows to fill up this research gap. Furthermore, by using the WebMap technology to share the project results, the project provides open access to biodiversity and invasive alien species knowledge, thus strengthening educational purposes and cross-border cooperation.<\/p>\n<p><strong>Expected changes<\/strong><\/p>\n<ul>\n<li>Reducing the hogweed population and its harmful impact;<\/li>\n<li>Restoration of grasslands and agro-ecosystems;<\/li>\n<li>Improving the safety of residents\u2019 life;<\/li>\n<li>Increasing the tourist attractiveness of rural areas;<\/li>\n<li>Development of agricultural production;<\/li>\n<li>Shaping environmental awareness through the public education system, based on the protection of local biodiversity against threats from invasive species.<\/li>\n<\/ul>\n<p><strong>Project products list<\/strong><\/p>\n<ul>\n<li>A joint action plan to overcome the problem of invasive hogweed;<\/li>\n<li>UA-PL cross-border map of hogweed population distribution in different habitats;<\/li>\n<li>Electronic database collected during the project implementation;<\/li>\n<li>Reduction of hogweed population (1,000 ha) and renaturalization of grasslands, mainly pastures (12 ha);<\/li>\n<li>Action plan for project sustainability and recommendations for ecological restoration of areas after hogweed control treatments;<\/li>\n<li>Project information materials;<\/li>\n<li>Training programs and information materials for local communities, utilities and the public, including students and pupils.<\/li>\n<\/ul>\n<p><strong>The target groups:<\/strong><\/p>\n<ul>\n<li>External partners: territorial communities of Lviv Oblast, Ukraine, and Lubelskie Voivodeship, the Republic of Poland: the project is aimed at improving the ecological state of the territory, eradicating invasive hogweed species and restoring natural biodiversity, which will contribute to sustainable development and improve the quality of life of the local population. Agricultural entities: the project aimed to reduce the damage caused to agriculture by invasive plant species, in particular Sosnovsky&#8217;s hogweed.<\/li>\n<li>Local governments and local authorities: the project will help to improve the environmental situation and preserve natural resources in the areas of its activities.<\/li>\n<li>Tourists: Improving the environmental condition of the area will make it more attractive for tourist trips and excursions.<\/li>\n<\/ul>\n<p><strong>The project partners will be supportive by:<\/strong><\/p>\n<ul>\n<li>External partners: Local authorities and governments of both countries, which will facilitate the initiation and implementation of the project (Department of Agricultural Development of the Lviv Regional Military<\/li>\n<li>Administration, Department of Ecology of the Lviv Regional Military Administration, Lviv Regional Council, Lubelskie Province Governor\u2019s Office in Lublin, Department of Environment and Agriculture, Voivodeship Plant Health and Seed Inspection Service in Lublin, Lublin Agricultural Advisory Center in Ko\u0144skowola).<\/li>\n<li>Higher education institutions and research institutions engaged in the development of effective methods of hogweed population control and ecosystem restoration (Lviv National University of Environmental Management, National Forestry University of Ukraine, Institute of Agriculture of the Carpathian Region, Maria Curie-Sklodowska University, University of Life Sciences in Lublin).<\/li>\n<li>NGOs involved in nature conservation can provide financial, technical, and expert support to the project.<\/li>\n<li>Forest management and state forestry, including their organizational units.<\/li>\n<\/ul>\n<p>In Ukraine, the project will cover 9 communes (hromadas) located in three raions of Lviv oblast: Stryi raion: Koziova, Skole, Slavske communes; Sambir raion: Borynia, Staryi Sambir, Strilky, Turka and Khyriv communes; Drohobych raion: Skhidnytsia commune. In Poland, the project will cover 30 communes (gminas) located in three voivodeships: Lublin Voivodeship: Tyszowce, Be\u0142\u017cec, Jarcz\u00f3w, Krynice, Lubycza Kr\u00f3lewska, \u0141aszcz\u00f3w, Rachanie, Susiec, Tarnawatka, Telatyn, Tomasz\u00f3w Lubelski, Ulh\u00f3wek, Do\u0142hobycz\u00f3w, Horod\u0142o, Hrubiesz\u00f3w, Mircze, Trzeszczany, Uchanie, Werbkowice, Zamo\u015b\u0107, \u0141abunie, Mi\u0105czyn, Ko\u0144skowola, Lublin and Fajs\u0142awice communes; Podkarpackie Voivodeship: Ustrzyki Dolne, Bircza and Bukowsko communes; Podlaskie Voivodeship: Pi\u0105tnica and Rutki communes. Throughout the project, we will refer to these communes collectively as the 9 target communes in Ukraine and 30 target communes in Poland.<\/p>\n<p>Project recipients: pupils, students, farmers, private landowners, residents of the study areas: development of environmental awareness, respect for the environment and protection of biodiversity. To raise awareness of the dangers of the spread of invasive species, with particular emphasis on Sosnovsky&#8217;s hogweed and other Caucasian hogweeds, to urban, agricultural and natural habitats and to human health. Educating young people is part of developing the right attitudes for the future.<\/p>\n                                        <\/div>\n\t\t\t\t\t\t                                <\/div>\n\t\t\t\t                <div class=\"mn-content-block\">\n\t                                <\/div>\n\t\t\t\t                <div class=\"mn-content-block\">\n\t                                <\/div>\n\t\t\t\t                <div class=\"mn-content-block\">\n\t                                <\/div>\n\t\t\t\t                <div class=\"mn-content-block\">\n\t                                <\/div>\n\t\t\t\t                <div class=\"mn-content-block\">\n\t                                <\/div>\n\t\t\t\t                <div class=\"mn-content-block\">\n\t                                <\/div>\n\t\t\t\t                <div class=\"mn-content-block\">\n\t                                <\/div>\n\t\t\t\t                <div class=\"mn-content-block\">\n\t                                <\/div>\n\t\t\t\t                <div class=\"mn-content-block\">\n\t                                <\/div>\n\t\t\t\t                <div class=\"mn-content-block\">\n\t                                <\/div>\n\t\t\t\t                <div class=\"mn-content-block\">\n\t                                <\/div>\n\t\t\t\t                <div class=\"mn-content-block\">\n\t                                <\/div>\n\t\t\t\t                <div class=\"mn-content-block\">\n\t                                <\/div>\n\t\t\t\t                <div class=\"mn-content-block\">\n\t                                <\/div>\n\t\t\t\t                <div class=\"mn-content-block\">\n\t                                <\/div>\n\t\t\t\t                <div class=\"mn-content-block\">\n\t                                <\/div>\n\t\t\t\t                <div class=\"mn-content-block\">\n\t                                <\/div>\n\t\t\t\t                <div class=\"mn-content-block\">\n\t                                <\/div>\n\t\t\t\t                <div class=\"mn-content-block\">\n\t                                <\/div>\n\t\t\t\t\t\t<\/div>\n\t<\/div>\n<\/section>\n\t\t<\/div>\n\t\t\t\t<\/div>\n\t\t\t\t\t\t<\/div>\n\t\t\t\t\t<\/div>\n\t\t<\/div>\n\t\t\t\t\t\t\t\t<\/div>\n\t\t\t\t\t<\/div>\n\t\t<\/section>\n\t\t\t\t\t\t<\/div>\n\t\t\t\t\t\t<\/div>\n\t\t\t\t\t<\/div>\n\t\t","protected":false},"excerpt":{"rendered":"<p>\u2190 go back Project objectives The specific objectives of the project are to assess the prevalence, genetic and biochemical diversity, as well as to control and monitor invasive populations of Sosnowski&#8217;s hogweed on the border of Poland and Ukraine. The project covers the Lviv Oblast in Ukraine and Lubelskie, Podlaskie and Podkarpackie voivodeships in Poland. [&hellip;]<\/p>\n","protected":false},"author":2,"featured_media":0,"parent":487986,"menu_order":0,"comment_status":"closed","ping_status":"closed","template":"elementor_header_footer","meta":{"_monsterinsights_skip_tracking":false,"_monsterinsights_sitenote_active":false,"_monsterinsights_sitenote_note":"","_monsterinsights_sitenote_category":0},"_links":{"self":[{"href":"https:\/\/up.lublin.pl\/en\/wp-json\/wp\/v2\/pages\/487992"}],"collection":[{"href":"https:\/\/up.lublin.pl\/en\/wp-json\/wp\/v2\/pages"}],"about":[{"href":"https:\/\/up.lublin.pl\/en\/wp-json\/wp\/v2\/types\/page"}],"author":[{"embeddable":true,"href":"https:\/\/up.lublin.pl\/en\/wp-json\/wp\/v2\/users\/2"}],"replies":[{"embeddable":true,"href":"https:\/\/up.lublin.pl\/en\/wp-json\/wp\/v2\/comments?post=487992"}],"version-history":[{"count":10,"href":"https:\/\/up.lublin.pl\/en\/wp-json\/wp\/v2\/pages\/487992\/revisions"}],"predecessor-version":[{"id":488147,"href":"https:\/\/up.lublin.pl\/en\/wp-json\/wp\/v2\/pages\/487992\/revisions\/488147"}],"up":[{"embeddable":true,"href":"https:\/\/up.lublin.pl\/en\/wp-json\/wp\/v2\/pages\/487986"}],"wp:attachment":[{"href":"https:\/\/up.lublin.pl\/en\/wp-json\/wp\/v2\/media?parent=487992"}],"curies":[{"name":"wp","href":"https:\/\/api.w.org\/{rel}","templated":true}]}}