{"id":487986,"date":"2025-07-07T13:44:57","date_gmt":"2025-07-07T11:44:57","guid":{"rendered":"https:\/\/up.lublin.pl\/zero-heracleum\/"},"modified":"2025-08-25T14:24:06","modified_gmt":"2025-08-25T12:24:06","slug":"zero-heracleum","status":"publish","type":"page","link":"https:\/\/up.lublin.pl\/en\/zero-heracleum\/","title":{"rendered":"Zero heracleum"},"content":{"rendered":"\t\t<div data-elementor-type=\"wp-page\" data-elementor-id=\"487986\" class=\"elementor elementor-487986 elementor-486245\" data-elementor-settings=\"[]\">\n\t\t\t\t\t\t<div class=\"elementor-inner\">\n\t\t\t\t\t\t\t<div class=\"elementor-section-wrap\">\n\t\t\t\t\t\t\t<section class=\"elementor-section elementor-top-section elementor-element elementor-element-4c09849 elementor-section-boxed elementor-section-height-default elementor-section-height-default\" data-id=\"4c09849\" data-element_type=\"section\">\n\t\t\t\t\t\t<div class=\"elementor-container elementor-column-gap-default\">\n\t\t\t\t\t\t\t<div class=\"elementor-row\">\n\t\t\t\t\t<div class=\"elementor-column elementor-col-100 elementor-top-column elementor-element elementor-element-38cc524\" data-id=\"38cc524\" data-element_type=\"column\">\n\t\t\t<div class=\"elementor-column-wrap elementor-element-populated\">\n\t\t\t\t\t\t\t<div class=\"elementor-widget-wrap\">\n\t\t\t\t\t\t<div class=\"elementor-element elementor-element-a244502 elementor-widget elementor-widget-m2j\" data-id=\"a244502\" data-element_type=\"widget\" data-widget_type=\"m2j.default\">\n\t\t\t\t<div class=\"elementor-widget-container\">\n\t\t\t<section class=\"mn-m2-h\">\n    <div class=\"mn-image-container mn-container\">\n                    <img src=\"https:\/\/up.lublin.pl\/wp-content\/uploads\/2025\/07\/ZH-ENG.jpg\" alt=\"\">\n                        <\/div>\n    <div class=\"mn-grid mn-content\">\n            <\/div>\n<\/section>\n\t\t<\/div>\n\t\t\t\t<\/div>\n\t\t\t\t\t\t<\/div>\n\t\t\t\t\t<\/div>\n\t\t<\/div>\n\t\t\t\t\t\t\t\t<\/div>\n\t\t\t\t\t<\/div>\n\t\t<\/section>\n\t\t\t\t<section class=\"elementor-section elementor-top-section elementor-element elementor-element-1a79ec9 elementor-section-boxed elementor-section-height-default elementor-section-height-default\" data-id=\"1a79ec9\" data-element_type=\"section\">\n\t\t\t\t\t\t<div class=\"elementor-container elementor-column-gap-default\">\n\t\t\t\t\t\t\t<div class=\"elementor-row\">\n\t\t\t\t\t<div class=\"elementor-column elementor-col-100 elementor-top-column elementor-element elementor-element-cb1e510\" data-id=\"cb1e510\" data-element_type=\"column\">\n\t\t\t<div class=\"elementor-column-wrap elementor-element-populated\">\n\t\t\t\t\t\t\t<div class=\"elementor-widget-wrap\">\n\t\t\t\t\t\t<div class=\"elementor-element elementor-element-0fb4940 elementor-widget elementor-widget-m3j\" data-id=\"0fb4940\" data-element_type=\"widget\" data-widget_type=\"m3j.default\">\n\t\t\t\t<div class=\"elementor-widget-container\">\n\t\t\t<section class=\"mn-m3-e2 mn-m3-j mn-dynamic mn-bg-grey\" data-id=\"0fb4940\" data-url=\"https:\/\/up.lublin.pl\/en\/zero-heracleum\/\">\n    <div class=\"mn-grid\">\n        <h2 class=\"mn-grid-6 mn-title\">News:<\/h2>\n        <div class=\"mn-grid-6\">\n\t                <\/div>\n\t        <\/div>\n    <div class=\"mn-content-block\">\n        <div class=\"mn-content-block-in\">\n            <div class=\"mn-grid\">\n\t\t                                <div class=\"mn-item mn-grid-3\">\n                            <div class=\"mn-images-container\">\n\t                                                                 <img src=\"https:\/\/up.lublin.pl\/wp-content\/uploads\/2026\/03\/aplikacja-zh.jpg\" alt=\"A mobile application for determining the location of Sosnowsky's hogweed\" \/>\n\t                                                            <\/div>\n                            <div class=\"mn-content\">\n                                <p>A mobile application for determining the location of Sosnowsky's hogweed<\/p>\n                            <\/div>\n                            <a href=\"https:\/\/up.lublin.pl\/en\/blog\/a-mobile-application-for-determining-the-location-of-sosnowskys-hogweed\/\" class=\"mn-more\">Read more<\/a>\n                        <\/div>\n\t\t\t\t                                <div class=\"mn-item mn-grid-3\">\n                            <div class=\"mn-images-container\">\n\t                                                                 <img src=\"https:\/\/up.lublin.pl\/wp-content\/uploads\/2026\/03\/strona-zh-ow.jpg\" alt=\"International conference in Lviv related to the implementation of the Interreg NEXT Poland-Ukraine ZeroHeracleum project\" \/>\n\t                                                            <\/div>\n                            <div class=\"mn-content\">\n                                <p>International conference in Lviv related to the implementation of the Interreg NEXT Poland-Ukraine ZeroHeracleum project<\/p>\n                            <\/div>\n                            <a href=\"https:\/\/up.lublin.pl\/en\/blog\/international-conference-in-lviv-related-to-the-implementation-of-the-interreg-next-poland-ukraine-zeroheracleum-project-2\/\" class=\"mn-more\">Read more<\/a>\n                        <\/div>\n\t\t\t\t                                <div class=\"mn-item mn-grid-3\">\n                            <div class=\"mn-images-container\">\n\t                                                                 <img src=\"https:\/\/up.lublin.pl\/wp-content\/uploads\/2026\/03\/zalecenia-zh-ow.jpg\" alt=\"Methodological recommendations for practical control of hogweed\" \/>\n\t                                                            <\/div>\n                            <div class=\"mn-content\">\n                                <p>Methodological recommendations for practical control of hogweed<\/p>\n                            <\/div>\n                            <a href=\"https:\/\/up.lublin.pl\/en\/blog\/methodological-recommendations-for-practical-control-of-hogweed\/\" class=\"mn-more\">Read more<\/a>\n                        <\/div>\n\t\t\t\t                                <div class=\"mn-item mn-grid-3\">\n                            <div class=\"mn-images-container\">\n\t                                                                 <img src=\"https:\/\/up.lublin.pl\/wp-content\/uploads\/2025\/10\/zh-lwow-ow.jpg\" alt=\"International conference in Lviv related to the implementation of the Interreg NEXT Poland-Ukraine ZeroHeracleum project\" \/>\n\t                                                            <\/div>\n                            <div class=\"mn-content\">\n                                <p>International conference in Lviv related to the implementation of the Interreg NEXT Poland-Ukraine ZeroHeracleum project<\/p>\n                            <\/div>\n                            <a href=\"https:\/\/up.lublin.pl\/en\/blog\/international-conference-in-lviv-related-to-the-implementation-of-the-interreg-next-poland-ukraine-zeroheracleum-project\/\" class=\"mn-more\">Read more<\/a>\n                        <\/div>\n\t\t\t\t                                <div class=\"mn-item mn-grid-3\">\n                            <div class=\"mn-images-container\">\n\t                                                                 <img src=\"https:\/\/up.lublin.pl\/wp-content\/uploads\/2025\/10\/zh-4-ow.jpg\" alt=\"Training on the implementation of Interreg NEXT Poland-Ukraine 2021-2027 projects\" \/>\n\t                                                            <\/div>\n                            <div class=\"mn-content\">\n                                <p>Training on the implementation of Interreg NEXT Poland-Ukraine 2021-2027 projects<\/p>\n                            <\/div>\n                            <a href=\"https:\/\/up.lublin.pl\/en\/blog\/training-on-the-implementation-of-interreg-next-poland-ukraine-2021-2027-projects\/\" class=\"mn-more\">Read more<\/a>\n                        <\/div>\n\t\t\t\t                                <div class=\"mn-item mn-grid-3\">\n                            <div class=\"mn-images-container\">\n\t                                                                 <img src=\"https:\/\/up.lublin.pl\/wp-content\/uploads\/2025\/07\/zh-umowa-ow.jpg\" alt=\"Partnership agreement signed\" \/>\n\t                                                            <\/div>\n                            <div class=\"mn-content\">\n                                <p>Partnership agreement signed<\/p>\n                            <\/div>\n                            <a href=\"https:\/\/up.lublin.pl\/en\/blog\/partnership-agreement-signed\/\" class=\"mn-more\">Read more<\/a>\n                        <\/div>\n\t\t\t\t                                <div class=\"mn-item mn-grid-3\">\n                            <div class=\"mn-images-container\">\n\t                                                                 <img src=\"https:\/\/up.lublin.pl\/wp-content\/uploads\/2025\/07\/zh-konferencja-ow.jpg\" alt=\"Conference of the Priority Programme: ENVIRONMENT and TOURISM\" \/>\n\t                                                            <\/div>\n                            <div class=\"mn-content\">\n                                <p>Conference of the Priority Programme: ENVIRONMENT and TOURISM<\/p>\n                            <\/div>\n                            <a href=\"https:\/\/up.lublin.pl\/en\/blog\/conference-of-the-priority-programme-environment-and-tourism\/\" class=\"mn-more\">Read more<\/a>\n                        <\/div>\n\t\t\t\t        \t\t                            <div class=\"mn-pagination mn-grid-12\">\n\t\t\t\t                                    <span class=\"mn-page active\" data-page=\"1\">1<\/span>\n\t\t\t\t\t                            <\/div>\n\t\t\t                    <\/div>\n            <div class=\"mn-loading\"><\/div>\n        <\/div>\n    <\/div>\n<\/section>\n\t\t<\/div>\n\t\t\t\t<\/div>\n\t\t\t\t<div class=\"elementor-element elementor-element-807d40e elementor-widget elementor-widget-m4a\" data-id=\"807d40e\" data-element_type=\"widget\" data-widget_type=\"m4a.default\">\n\t\t\t\t<div class=\"elementor-widget-container\">\n\t\t\t\t<section class=\"mn-m4_b mn-bg-white\">\n\t\t        <div class=\"mn-grid\">\n            <h2 class=\"mn-grid-12\"><p style=\"color: #212121\">Info:<\/p><\/h2>\n        <\/div>\n\t\t\t\t\t<div class=\"mn-grid\">\n\t\t\t\t\t\t\t<div class=\"mn-grid-3 mn-kat-m4-container\">\n\t\t\t\t\t\t\t\t\t\t\t\t\t\t\t\t<h3>About the project<\/h3>\n\t\t\t\t\t\t\t\t\t\t\t\t\t\t\t\t\t\t\t\t\t\t<a href=\"https:\/\/up.lublin.pl\/zero-heracleum\/o-projekcie\/\" class=\"mn-more\">Read more<\/a>\n\t\t\t\t\t\t\t\t\t\t<\/div>\n\t\t\t\t\t\t\t\t<div class=\"mn-grid-3 mn-kat-m4-container\">\n\t\t\t\t\t\t\t\t\t\t\t\t\t\t\t\t<h3>Project objectives<\/h3>\n\t\t\t\t\t\t\t\t\t\t\t\t\t\t\t\t\t\t\t\t\t\t<a href=\"https:\/\/up.lublin.pl\/zero-heracleum\/cele-projektu\/\" class=\"mn-more\">Read more<\/a>\n\t\t\t\t\t\t\t\t\t\t<\/div>\n\t\t\t\t\t\t\t\t<div class=\"mn-grid-3 mn-kat-m4-container\">\n\t\t\t\t\t\t\t\t\t\t\t\t\t\t\t\t<h3>Partners<\/h3>\n\t\t\t\t\t\t\t\t\t\t\t\t\t\t\t\t\t\t\t\t\t\t<a href=\"https:\/\/up.lublin.pl\/zero-heracleum\/partnerzy\/\" class=\"mn-more\">Read more<\/a>\n\t\t\t\t\t\t\t\t\t\t<\/div>\n\t\t\t\t\t\t\t\t<div class=\"mn-grid-3 mn-kat-m4-container\">\n\t\t\t\t\t\t\t\t\t\t\t\t\t\t\t\t<h3>Contact<\/h3>\n\t\t\t\t\t\t\t\t\t\t\t\t\t\t\t\t\t\t\t\t\t\t<a href=\"https:\/\/up.lublin.pl\/zero-heracleum\/kontakt\/\" class=\"mn-more\">Read more<\/a>\n\t\t\t\t\t\t\t\t\t\t<\/div>\n\t\t\t\t\t\t<\/div>\n\t<\/section>\n\t\t\t<\/div>\n\t\t\t\t<\/div>\n\t\t\t\t\t\t<\/div>\n\t\t\t\t\t<\/div>\n\t\t<\/div>\n\t\t\t\t\t\t\t\t<\/div>\n\t\t\t\t\t<\/div>\n\t\t<\/section>\n\t\t\t\t\t\t<\/div>\n\t\t\t\t\t\t<\/div>\n\t\t\t\t\t<\/div>\n\t\t","protected":false},"excerpt":{"rendered":"<p>News: Stop barszczowi Sosnowskiego: Polska i Ukraina razem w projekcie \u201eZero Heracleum\u201d Zobacz wi\u0119cej Podpisanie umowy partnerskiej Zobacz wi\u0119cej Konferencja Programu Priorytet: \u015aRODOWISKO i TURYSTYKA Zobacz wi\u0119cej 1 Info: About the project Zobacz wi\u0119cej Project objectives Zobacz wi\u0119cej Partners Zobacz wi\u0119cej Contact Zobacz wi\u0119cej<\/p>\n","protected":false},"author":2,"featured_media":0,"parent":0,"menu_order":0,"comment_status":"closed","ping_status":"closed","template":"elementor_header_footer","meta":{"_monsterinsights_skip_tracking":false,"_monsterinsights_sitenote_active":false,"_monsterinsights_sitenote_note":"","_monsterinsights_sitenote_category":0},"_links":{"self":[{"href":"https:\/\/up.lublin.pl\/en\/wp-json\/wp\/v2\/pages\/487986"}],"collection":[{"href":"https:\/\/up.lublin.pl\/en\/wp-json\/wp\/v2\/pages"}],"about":[{"href":"https:\/\/up.lublin.pl\/en\/wp-json\/wp\/v2\/types\/page"}],"author":[{"embeddable":true,"href":"https:\/\/up.lublin.pl\/en\/wp-json\/wp\/v2\/users\/2"}],"replies":[{"embeddable":true,"href":"https:\/\/up.lublin.pl\/en\/wp-json\/wp\/v2\/comments?post=487986"}],"version-history":[{"count":16,"href":"https:\/\/up.lublin.pl\/en\/wp-json\/wp\/v2\/pages\/487986\/revisions"}],"predecessor-version":[{"id":492653,"href":"https:\/\/up.lublin.pl\/en\/wp-json\/wp\/v2\/pages\/487986\/revisions\/492653"}],"wp:attachment":[{"href":"https:\/\/up.lublin.pl\/en\/wp-json\/wp\/v2\/media?parent=487986"}],"curies":[{"name":"wp","href":"https:\/\/api.w.org\/{rel}","templated":true}]}}