{"id":449474,"date":"2024-12-23T10:51:41","date_gmt":"2024-12-23T09:51:41","guid":{"rendered":"https:\/\/up.lublin.pl\/?page_id=449474"},"modified":"2025-05-23T10:27:00","modified_gmt":"2025-05-23T08:27:00","slug":"reports","status":"publish","type":"page","link":"https:\/\/up.lublin.pl\/en\/doctoral-school\/ster\/foreign-mobility\/reports\/","title":{"rendered":"Foreign mobility reports | NAWA STER"},"content":{"rendered":"\t\t<div data-elementor-type=\"wp-page\" data-elementor-id=\"449474\" class=\"elementor elementor-449474\" data-elementor-settings=\"[]\">\n\t\t\t\t\t\t<div class=\"elementor-inner\">\n\t\t\t\t\t\t\t<div class=\"elementor-section-wrap\">\n\t\t\t\t\t\t\t<section class=\"elementor-section elementor-top-section elementor-element elementor-element-3171c1e elementor-section-boxed elementor-section-height-default elementor-section-height-default\" data-id=\"3171c1e\" data-element_type=\"section\">\n\t\t\t\t\t\t<div class=\"elementor-container elementor-column-gap-default\">\n\t\t\t\t\t\t\t<div class=\"elementor-row\">\n\t\t\t\t\t<div class=\"elementor-column elementor-col-100 elementor-top-column elementor-element elementor-element-3c81233\" data-id=\"3c81233\" data-element_type=\"column\">\n\t\t\t<div class=\"elementor-column-wrap elementor-element-populated\">\n\t\t\t\t\t\t\t<div class=\"elementor-widget-wrap\">\n\t\t\t\t\t\t<div class=\"elementor-element elementor-element-7616ceb elementor-widget elementor-widget-m2e\" data-id=\"7616ceb\" data-element_type=\"widget\" data-widget_type=\"m2e.default\">\n\t\t\t\t<div class=\"elementor-widget-container\">\n\t\t\t<section class=\"mn-m2-e mn-bg-grey\">\n\t<div class=\"mn-grid\">\n\t\t<div class=\"mn-grid-3 mn-introtext\">\n\t\t\t\t\t\t\t<p class=\"mn-header\">NAWA STER<\/p>\n\t\t\t\t\t\t\t\t\t\t\t<h3>\n\t\t\t\t\tForeign mobility\t\t\t\t<\/h3>\n\t\t\t\t\t\t\t\t\t\t\t\t<\/div>\n\t\t<div class=\"mn-grid-9 mn-image-container\">\n\t\t\t\t\t\t\t<img src=\"https:\/\/up.lublin.pl\/wp-content\/uploads\/2025\/03\/mobility-nawa.jpg\" alt=\"\">\n\t\t\t\t\t\t<\/div>\n\t<\/div>\n\t<\/section>\n\t\t<\/div>\n\t\t\t\t<\/div>\n\t\t\t\t\t\t<\/div>\n\t\t\t\t\t<\/div>\n\t\t<\/div>\n\t\t\t\t\t\t\t\t<\/div>\n\t\t\t\t\t<\/div>\n\t\t<\/section>\n\t\t\t\t<section class=\"elementor-section elementor-top-section elementor-element elementor-element-fc2b012 elementor-section-boxed elementor-section-height-default elementor-section-height-default\" data-id=\"fc2b012\" data-element_type=\"section\">\n\t\t\t\t\t\t<div class=\"elementor-container elementor-column-gap-default\">\n\t\t\t\t\t\t\t<div class=\"elementor-row\">\n\t\t\t\t\t<div class=\"elementor-column elementor-col-100 elementor-top-column elementor-element elementor-element-e1bc4e2\" data-id=\"e1bc4e2\" data-element_type=\"column\">\n\t\t\t<div class=\"elementor-column-wrap elementor-element-populated\">\n\t\t\t\t\t\t\t<div class=\"elementor-widget-wrap\">\n\t\t\t\t\t\t<div class=\"elementor-element elementor-element-beab4f2 elementor-widget elementor-widget-m3d\" data-id=\"beab4f2\" data-element_type=\"widget\" data-widget_type=\"m3d.default\">\n\t\t\t\t<div class=\"elementor-widget-container\">\n\t\t\t<section class=\"mn-m3-d\">\n    <div class=\"mn-grid\">\n        <h2 class=\"mn-grid-9 mn-title\">2025:<\/h2>\n        <a href=\"https:\/\/up.lublin.pl\/en\/blog\/category\/foreign-mobility-nawa-ds-2025\/\" class=\"mn-more mn-grid-3\">See all<\/a>\n\t\t            <div class=\"mn-events-list mn-grid-12\">\n\t\t\t\t                    <div class=\"mn-event\">\n                                                <div class=\"mn-image-container\">\n                            <img src=\"https:\/\/up.lublin.pl\/wp-content\/uploads\/2026\/02\/ksu-nawa-ow.jpg\" alt=\"\" \/>\n                                                    <\/div>\n                                                <div class=\"mn-content\">\n                            <h5 class=\"mn-date\">04.02.2026<\/h5>\n                            <h3>Magdalena Borecka, MSc, Kansas State University, USA<\/h3>\n                            <p>Internship Report - Kansas State University (Manhattan...<\/p>\n                        <\/div>\n                        <a href=\"https:\/\/up.lublin.pl\/en\/blog\/magdalena-borecka-msc-kansas-state-university-usa\/\"\n                           class=\"mn-more\">Read more<\/a>\n                    <\/div>\n\t\t\t\t\t                    <div class=\"mn-event\">\n                                                <div class=\"mn-image-container\">\n                            <img src=\"https:\/\/up.lublin.pl\/wp-content\/uploads\/2026\/01\/aborkowska_staz-ow.jpg\" alt=\"\" \/>\n                                                    <\/div>\n                                                <div class=\"mn-content\">\n                            <h5 class=\"mn-date\">28.01.2026<\/h5>\n                            <h3>Anna Borkowska, MSc, Mu\u011fla S\u0131tk\u0131 Ko\u00e7man University in Fethiye, Turkey<\/h3>\n                            <p>Internship Report \u2013 Anna BorkowskaDuration: 31.03.2025 -...<\/p>\n                        <\/div>\n                        <a href=\"https:\/\/up.lublin.pl\/en\/blog\/anna-borkowska-msc-mugla-sitki-kocman-university-in-fethiye-turkey\/\"\n                           class=\"mn-more\">Read more<\/a>\n                    <\/div>\n\t\t\t\t\t                    <div class=\"mn-event\">\n                                                <div class=\"mn-image-container\">\n                            <img src=\"https:\/\/up.lublin.pl\/wp-content\/uploads\/2026\/02\/staz-af-ow.jpg\" alt=\"\" \/>\n                                                    <\/div>\n                                                <div class=\"mn-content\">\n                            <h5 class=\"mn-date\">17.12.2025<\/h5>\n                            <h3>Aleksandra Figura, MSc, University of Malta<\/h3>\n                            <p>Internship Report \u2013 University of Malta, MsidaDuration: 23...<\/p>\n                        <\/div>\n                        <a href=\"https:\/\/up.lublin.pl\/en\/blog\/aleksandra-figura-msc-university-of-malta\/\"\n                           class=\"mn-more\">Read more<\/a>\n                    <\/div>\n\t\t\t\t\t                    <div class=\"mn-event\">\n                                                <div class=\"mn-image-container\">\n                            <img src=\"https:\/\/up.lublin.pl\/wp-content\/uploads\/2025\/10\/staz-kk-ow.jpg\" alt=\"\" \/>\n                                                    <\/div>\n                                                <div class=\"mn-content\">\n                            <h5 class=\"mn-date\">08.10.2025<\/h5>\n                            <h3>Kamila Kaszycka, MSc, Lithuanian University of Health Sciences<\/h3>\n                            <p>Between June 1, 2025, and September 1, 2025...<\/p>\n                        <\/div>\n                        <a href=\"https:\/\/up.lublin.pl\/en\/blog\/kamila-kaszycka-msc-lithuanian-university-of-health-sciences\/\"\n                           class=\"mn-more\">Read more<\/a>\n                    <\/div>\n\t\t\t\t\t                    <div class=\"mn-event\">\n                                                <div class=\"mn-image-container\">\n                            <img src=\"https:\/\/up.lublin.pl\/wp-content\/uploads\/2025\/08\/staz-MB-ow.jpg\" alt=\"\" \/>\n                                                    <\/div>\n                                                <div class=\"mn-content\">\n                            <h5 class=\"mn-date\">25.08.2025<\/h5>\n                            <h3>Magdalena Borecka, MSc, University of Ottawa, Canada<\/h3>\n                            <p>Internship Report \u2013 Magdalena BoreckaDuration: 2 months...<\/p>\n                        <\/div>\n                        <a href=\"https:\/\/up.lublin.pl\/en\/blog\/magdalena-borecka-msc-university-of-ottawa-canada\/\"\n                           class=\"mn-more\">Read more<\/a>\n                    <\/div>\n\t\t\t\t\t            <\/div>\n\t\t\t    <\/div>\n<\/section>\n\t\t<\/div>\n\t\t\t\t<\/div>\n\t\t\t\t<div class=\"elementor-element elementor-element-5d8186b elementor-widget elementor-widget-m3d\" data-id=\"5d8186b\" data-element_type=\"widget\" data-widget_type=\"m3d.default\">\n\t\t\t\t<div class=\"elementor-widget-container\">\n\t\t\t<section class=\"mn-m3-d\">\n    <div class=\"mn-grid\">\n        <h2 class=\"mn-grid-9 mn-title\">2024:<\/h2>\n        <a href=\"https:\/\/up.lublin.pl\/en\/blog\/category\/foreign-mobility-nawa-ds-2024\/\" class=\"mn-more mn-grid-3\">See all<\/a>\n\t\t            <div class=\"mn-events-list mn-grid-12\">\n\t\t\t\t                    <div class=\"mn-event\">\n                                                <div class=\"mn-image-container\">\n                            <img src=\"https:\/\/up.lublin.pl\/wp-content\/uploads\/2025\/01\/staz_ahs_ow.jpg\" alt=\"\" \/>\n                                                    <\/div>\n                                                <div class=\"mn-content\">\n                            <h5 class=\"mn-date\">17.01.2025<\/h5>\n                            <h3>Agata Hahaj-Siembida, MSc, Charles University in Prague, Czech Republic<\/h3>\n                            <p>Agata Hahaj-Siembida 4th Year of Doctoral SchoolDiscipline:...<\/p>\n                        <\/div>\n                        <a href=\"https:\/\/up.lublin.pl\/en\/blog\/agata-hahaj-siembida-msc-charles-university-in-prague-czech-republic\/\"\n                           class=\"mn-more\">Read more<\/a>\n                    <\/div>\n\t\t\t\t\t                    <div class=\"mn-event\">\n                                                <div class=\"mn-image-container\">\n                            <img src=\"https:\/\/up.lublin.pl\/wp-content\/uploads\/2025\/01\/staz_KNM_JW_ow.jpg\" alt=\"\" \/>\n                                                    <\/div>\n                                                <div class=\"mn-content\">\n                            <h5 class=\"mn-date\">10.01.2025<\/h5>\n                            <h3>Klaudia Nowak-Marchewka M.Sc., Jordan Wilk M.Sc., Lithuanian University of Health Sciences<\/h3>\n                            <p>Klaudia Nowak-Marchewka M.Sc., Jordan Wilk M.Sc. Second...<\/p>\n                        <\/div>\n                        <a href=\"https:\/\/up.lublin.pl\/en\/blog\/klaudia-nowak-marchewka-m-sc-jordan-wilk-m-sc-lithuanian-university-of-health-sciences\/\"\n                           class=\"mn-more\">Read more<\/a>\n                    <\/div>\n\t\t\t\t\t                    <div class=\"mn-event\">\n                                                <div class=\"mn-image-container\">\n                            <img src=\"https:\/\/up.lublin.pl\/wp-content\/uploads\/2025\/01\/stazJS_ow.jpg\" alt=\"\" \/>\n                                                    <\/div>\n                                                <div class=\"mn-content\">\n                            <h5 class=\"mn-date\">10.01.2025<\/h5>\n                            <h3>Joanna Stasiak, MSc, Mendel University in Brno, Czech Republic<\/h3>\n                            <p>Between November 30th and December 31st, 2024...<\/p>\n                        <\/div>\n                        <a href=\"https:\/\/up.lublin.pl\/en\/blog\/joanna-stasiak-msc-mendel-university-in-brno-czech-republic\/\"\n                           class=\"mn-more\">Read more<\/a>\n                    <\/div>\n\t\t\t\t\t                    <div class=\"mn-event\">\n                                                <div class=\"mn-image-container\">\n                            <img src=\"https:\/\/up.lublin.pl\/wp-content\/uploads\/2025\/01\/staz_ALG_ow.jpg\" alt=\"\" \/>\n                                                    <\/div>\n                                                <div class=\"mn-content\">\n                            <h5 class=\"mn-date\">10.01.2025<\/h5>\n                            <h3>Anna Lipian-G\u0142os MSc, Lithuanian University of Health Sciences<\/h3>\n                            <p>Anna Lipian-G\u0142os2nd year of education at the Doctoral...<\/p>\n                        <\/div>\n                        <a href=\"https:\/\/up.lublin.pl\/en\/blog\/anna-lipian-glos-msc-lithuanian-university-of-health-sciences\/\"\n                           class=\"mn-more\">Read more<\/a>\n                    <\/div>\n\t\t\t\t\t                    <div class=\"mn-event\">\n                                                <div class=\"mn-image-container\">\n                            <img src=\"https:\/\/up.lublin.pl\/wp-content\/uploads\/2025\/01\/staz_km_ow.jpg\" alt=\"\" \/>\n                                                    <\/div>\n                                                <div class=\"mn-content\">\n                            <h5 class=\"mn-date\">09.01.2025<\/h5>\n                            <h3>Katarzyna Magdalena Matyszczuk, M.Sc, University of Algarve, Portugal<\/h3>\n                            <p>Katarzyna Magdalena Matyszczuk, M.Sc4th year of education...<\/p>\n                        <\/div>\n                        <a href=\"https:\/\/up.lublin.pl\/en\/blog\/katarzyna-magdalena-matyszczuk-m-sc-university-of-algarve-portugal\/\"\n                           class=\"mn-more\">Read more<\/a>\n                    <\/div>\n\t\t\t\t\t            <\/div>\n\t\t\t    <\/div>\n<\/section>\n\t\t<\/div>\n\t\t\t\t<\/div>\n\t\t\t\t\t\t<\/div>\n\t\t\t\t\t<\/div>\n\t\t<\/div>\n\t\t\t\t\t\t\t\t<\/div>\n\t\t\t\t\t<\/div>\n\t\t<\/section>\n\t\t\t\t\t\t<\/div>\n\t\t\t\t\t\t<\/div>\n\t\t\t\t\t<\/div>\n\t\t","protected":false},"excerpt":{"rendered":"<p>NAWA STER Foreign mobility UP 2025: Zobacz wszystkie Brak wpis\u00f3w 2024: Zobacz wszystkie 17.01.2025 Agata Hahaj-Siembida, MSc, Charles University in Prague, Czech Republic Agata Hahaj-Siembida 4th Year of Doctoral SchoolDiscipline:&#8230; Zobacz wi\u0119cej 10.01.2025 Klaudia Nowak-Marchewka M.Sc., Jordan Wilk M.Sc., Lithuanian University of Health Sciences Klaudia Nowak-Marchewka M.Sc., Jordan Wilk M.Sc. Second&#8230; Zobacz wi\u0119cej 10.01.2025 Joanna [&hellip;]<\/p>\n","protected":false},"author":2,"featured_media":0,"parent":389073,"menu_order":0,"comment_status":"closed","ping_status":"closed","template":"elementor_header_footer","meta":{"_monsterinsights_skip_tracking":false,"_monsterinsights_sitenote_active":false,"_monsterinsights_sitenote_note":"","_monsterinsights_sitenote_category":0},"_links":{"self":[{"href":"https:\/\/up.lublin.pl\/en\/wp-json\/wp\/v2\/pages\/449474"}],"collection":[{"href":"https:\/\/up.lublin.pl\/en\/wp-json\/wp\/v2\/pages"}],"about":[{"href":"https:\/\/up.lublin.pl\/en\/wp-json\/wp\/v2\/types\/page"}],"author":[{"embeddable":true,"href":"https:\/\/up.lublin.pl\/en\/wp-json\/wp\/v2\/users\/2"}],"replies":[{"embeddable":true,"href":"https:\/\/up.lublin.pl\/en\/wp-json\/wp\/v2\/comments?post=449474"}],"version-history":[{"count":11,"href":"https:\/\/up.lublin.pl\/en\/wp-json\/wp\/v2\/pages\/449474\/revisions"}],"predecessor-version":[{"id":479746,"href":"https:\/\/up.lublin.pl\/en\/wp-json\/wp\/v2\/pages\/449474\/revisions\/479746"}],"up":[{"embeddable":true,"href":"https:\/\/up.lublin.pl\/en\/wp-json\/wp\/v2\/pages\/389073"}],"wp:attachment":[{"href":"https:\/\/up.lublin.pl\/en\/wp-json\/wp\/v2\/media?parent=449474"}],"curies":[{"name":"wp","href":"https:\/\/api.w.org\/{rel}","templated":true}]}}