{"id":431934,"date":"2024-09-13T10:56:59","date_gmt":"2024-09-13T08:56:59","guid":{"rendered":"https:\/\/up.lublin.pl\/?page_id=431934"},"modified":"2024-09-13T12:07:12","modified_gmt":"2024-09-13T10:07:12","slug":"department-of-pathomorphology-and-veterinary-forensics-medicine","status":"publish","type":"page","link":"https:\/\/up.lublin.pl\/en\/services\/veterinary-clinic\/department-of-pathomorphology-and-veterinary-forensics-medicine\/","title":{"rendered":"Department of Pathomorphology and Veterinary Forensics Medicine"},"content":{"rendered":"\t\t<div data-elementor-type=\"wp-page\" data-elementor-id=\"431934\" class=\"elementor elementor-431934\" data-elementor-settings=\"[]\">\n\t\t\t\t\t\t<div class=\"elementor-inner\">\n\t\t\t\t\t\t\t<div class=\"elementor-section-wrap\">\n\t\t\t\t\t\t\t<section class=\"elementor-section elementor-top-section elementor-element elementor-element-319f0f3 elementor-section-boxed elementor-section-height-default elementor-section-height-default\" data-id=\"319f0f3\" data-element_type=\"section\">\n\t\t\t\t\t\t<div class=\"elementor-container elementor-column-gap-default\">\n\t\t\t\t\t\t\t<div class=\"elementor-row\">\n\t\t\t\t\t<div class=\"elementor-column elementor-col-100 elementor-top-column elementor-element elementor-element-06ee12c\" data-id=\"06ee12c\" data-element_type=\"column\">\n\t\t\t<div class=\"elementor-column-wrap elementor-element-populated\">\n\t\t\t\t\t\t\t<div class=\"elementor-widget-wrap\">\n\t\t\t\t\t\t<div class=\"elementor-element elementor-element-8387f18 elementor-widget elementor-widget-m2e\" data-id=\"8387f18\" data-element_type=\"widget\" data-widget_type=\"m2e.default\">\n\t\t\t\t<div class=\"elementor-widget-container\">\n\t\t\t<section class=\"mn-m2-e mn-bg-green\">\n\t<div class=\"mn-grid\">\n\t\t<div class=\"mn-grid-3 mn-introtext\">\n\t\t\t\t\t\t\t<p class=\"mn-header\">Veterinary Clinic<\/p>\n\t\t\t\t\t\t\t\t\t\t\t<h3>\n\t\t\t\t\tDepartment of Veterinary Prevention and Avian Diseases\t\t\t\t<\/h3>\n\t\t\t\t\t\t\t\t\t\t\t\t<\/div>\n\t\t<div class=\"mn-grid-9 mn-image-container\">\n\t\t\t\t\t\t\t<img src=\"https:\/\/up.lublin.pl\/wp-content\/uploads\/2020\/08\/Image-6.png\" alt=\"\">\n\t\t\t\t\t\t<\/div>\n\t<\/div>\n\t<\/section>\n\t\t<\/div>\n\t\t\t\t<\/div>\n\t\t\t\t\t\t<\/div>\n\t\t\t\t\t<\/div>\n\t\t<\/div>\n\t\t\t\t\t\t\t\t<\/div>\n\t\t\t\t\t<\/div>\n\t\t<\/section>\n\t\t\t\t<section class=\"elementor-section elementor-top-section elementor-element elementor-element-7a4ee17 elementor-section-boxed elementor-section-height-default elementor-section-height-default\" data-id=\"7a4ee17\" data-element_type=\"section\">\n\t\t\t\t\t\t<div class=\"elementor-container elementor-column-gap-default\">\n\t\t\t\t\t\t\t<div class=\"elementor-row\">\n\t\t\t\t\t<div class=\"elementor-column elementor-col-100 elementor-top-column elementor-element elementor-element-1b3581c\" data-id=\"1b3581c\" data-element_type=\"column\">\n\t\t\t<div class=\"elementor-column-wrap elementor-element-populated\">\n\t\t\t\t\t\t\t<div class=\"elementor-widget-wrap\">\n\t\t\t\t\t\t<div class=\"elementor-element elementor-element-a38f82f elementor-widget elementor-widget-m5c\" data-id=\"a38f82f\" data-element_type=\"widget\" data-widget_type=\"m5c.default\">\n\t\t\t\t<div class=\"elementor-widget-container\">\n\t\t\t<section class=\"mn-m5-c mn-bg-white\">\n\t<div class=\"mn-grid\">\n\t\t            <div class=\"mn-menu-container mn-grid-3\">\n                <ul class=\"mn-bg-yellow\">\n\t                                        <li>\n                            <a href=\"#\" class=\"active\" data-hash=\"#Clinic_Hours\">\n                                Clinic Hours                            <\/a>\n                        <\/li>\n                                                <li>\n                            <a href=\"#\" class=\"\" data-hash=\"#On-Call_Veterinarians\">\n                                On-Call Veterinarians                            <\/a>\n                        <\/li>\n                                                <li>\n                            <a href=\"#\" class=\"\" data-hash=\"#Scope_of_Services\">\n                                Scope of Services                            <\/a>\n                        <\/li>\n                                                <li>\n                            <a href=\"#\" class=\"\" data-hash=\"#Laboratory_Sample_Submission\">\n                                Laboratory Sample Submission                            <\/a>\n                        <\/li>\n                                        <\/ul>\n            <\/div>\n\t        \t\t<div class=\"mn-content mn-grid-8\">\n\t\t\t                <div class=\"mn-content-block active\">\n\t                                                        <div class=\"block-text\">\n\t                                        <ul>\n<li><strong>Monday \u2013 Friday:<\/strong> 8:00 AM \u2013 3:00 PM<\/li>\n<li><strong>Saturday, Sunday, and Public Holidays:<\/strong> Closed<\/li>\n<\/ul>\n<p><strong>Address:<\/strong><br \/>The clinic is located at G\u0142\u0119boka 30, within the Veterinary Clinics of the University of Life Sciences in Lublin, in the Wiwarium building.<\/p>\n                                        <\/div>\n\t\t\t\t\t\t                                <\/div>\n\t\t\t\t                <div class=\"mn-content-block\">\n\t                                                        <div class=\"block-text\">\n\t                                        <ul>\n<li>\n<p><strong>Agnieszka Marek, DVM, PhD, Assoc. Prof.<\/strong><br \/>Specialist in Avian Diseases<\/p>\n<\/li>\n<li>\n<p><strong>Dagmara St\u0119pie\u0144-Py\u015bniak DVM, PhD, Assoc. Prof.<\/strong><br \/>Specialist in Avian Diseases<\/p>\n<\/li>\n<li>\n<p><strong>\u00a0Anna Nowaczek DVM, PhD<\/strong><\/p>\n<\/li>\n<li>\n<p><strong>\u00a0Ewelina Pyzik DVM, PhD<\/strong><\/p>\n<\/li>\n<\/ul>\n                                        <\/div>\n\t\t\t\t\t\t                                <\/div>\n\t\t\t\t                <div class=\"mn-content-block\">\n\t                                                        <div class=\"block-text\">\n\t                                        <ul>\n<li>\n<p>Our clinic provides comprehensive diagnostic, pathological, and preventive care for infectious and non-infectious diseases in birds. Our services include:<\/p>\n<ul>\n<li><strong>Clinical Examination:<\/strong> Detailed clinical assessments of poultry and ornamental birds.<\/li>\n<li><strong>Post-Mortem Examination:<\/strong> In-depth anatomical pathology services.<\/li>\n<li><strong>Microbiological Diagnostics:<\/strong> Comprehensive microbiological diagnostics, including drug sensitivity testing.<\/li>\n<li><strong>Parasitological Testing:<\/strong> Detection of ectoparasites and endoparasites.<\/li>\n<li><strong>Serological Testing:<\/strong> Blood tests using commercial ELISA kits for:\n<ul>\n<li>Adenovirus infections<\/li>\n<li>Gumboro Disease<\/li>\n<li>Infectious Bronchitis<\/li>\n<li>Infectious Anemia in Chickens<\/li>\n<li>Avian Leukosis<\/li>\n<li>Fowl Pox<\/li>\n<li>Reovirus Infections<\/li>\n<li>Ornithobacterium rhinotracheale<\/li>\n<li>Mycoplasma gallisepticum and M. synoviae<\/li>\n<\/ul>\n<\/li>\n<li><strong>Molecular Testing:<\/strong> PCR techniques for detecting genetic material of various infectious agents, including gender determination in parrots.<\/li>\n<li><strong>Treatment and Prevention:<\/strong> Management of diseases in poultry, including game birds, ornamental birds, waterfowl, and ostriches.<\/li>\n<\/ul>\n<\/li>\n<\/ul>\n                                        <\/div>\n\t\t\t\t\t\t                                <\/div>\n\t\t\t\t                <div class=\"mn-content-block\">\n\t                                                        <div class=\"block-text\">\n\t                                        <p><strong>Sample Reception Hours:<\/strong><br \/>Monday \u2013 Friday: 8:00 AM \u2013 12:00 PM<br \/>Location: Registration and Sample Reception, Wiwarium Building, G\u0142\u0119boka 30, Room 20<\/p>\n<p>To accommodate your needs, samples can also be submitted outside of these hours by prior telephone arrangement.<\/p>\n<p><strong>Contact Numbers:<\/strong><\/p>\n<ul>\n<li>(81) 445 60 80<\/li>\n<li>(81) 445 69 10<\/li>\n<\/ul>\n<p>For any additional inquiries or to schedule a&nbsp;sample drop-off outside regular hours, please contact us using the above numbers.<\/p>\n                                        <\/div>\n\t\t\t\t\t\t                                <\/div>\n\t\t\t\t\t\t<\/div>\n\t<\/div>\n<\/section>\n\t\t<\/div>\n\t\t\t\t<\/div>\n\t\t\t\t\t\t<\/div>\n\t\t\t\t\t<\/div>\n\t\t<\/div>\n\t\t\t\t\t\t\t\t<\/div>\n\t\t\t\t\t<\/div>\n\t\t<\/section>\n\t\t\t\t\t\t<\/div>\n\t\t\t\t\t\t<\/div>\n\t\t\t\t\t<\/div>\n\t\t","protected":false},"excerpt":{"rendered":"<p>Veterinary Clinic Department of Veterinary Prevention and Avian Diseases UP Clinic Hours On-Call Veterinarians Scope of Services Laboratory Sample Submission Monday \u2013 Friday: 8:00 AM \u2013 3:00 PM Saturday, Sunday, and Public Holidays: Closed Address:The clinic is located at G\u0142\u0119boka 30, within the Veterinary Clinics of the University of Life Sciences in Lublin, in the [&hellip;]<\/p>\n","protected":false},"author":13,"featured_media":0,"parent":171237,"menu_order":0,"comment_status":"closed","ping_status":"closed","template":"","meta":{"_monsterinsights_skip_tracking":false,"_monsterinsights_sitenote_active":false,"_monsterinsights_sitenote_note":"","_monsterinsights_sitenote_category":0},"_links":{"self":[{"href":"https:\/\/up.lublin.pl\/en\/wp-json\/wp\/v2\/pages\/431934"}],"collection":[{"href":"https:\/\/up.lublin.pl\/en\/wp-json\/wp\/v2\/pages"}],"about":[{"href":"https:\/\/up.lublin.pl\/en\/wp-json\/wp\/v2\/types\/page"}],"author":[{"embeddable":true,"href":"https:\/\/up.lublin.pl\/en\/wp-json\/wp\/v2\/users\/13"}],"replies":[{"embeddable":true,"href":"https:\/\/up.lublin.pl\/en\/wp-json\/wp\/v2\/comments?post=431934"}],"version-history":[{"count":7,"href":"https:\/\/up.lublin.pl\/en\/wp-json\/wp\/v2\/pages\/431934\/revisions"}],"predecessor-version":[{"id":432006,"href":"https:\/\/up.lublin.pl\/en\/wp-json\/wp\/v2\/pages\/431934\/revisions\/432006"}],"up":[{"embeddable":true,"href":"https:\/\/up.lublin.pl\/en\/wp-json\/wp\/v2\/pages\/171237"}],"wp:attachment":[{"href":"https:\/\/up.lublin.pl\/en\/wp-json\/wp\/v2\/media?parent=431934"}],"curies":[{"name":"wp","href":"https:\/\/api.w.org\/{rel}","templated":true}]}}