{"id":394735,"date":"2024-02-22T14:17:29","date_gmt":"2024-02-22T13:17:29","guid":{"rendered":"https:\/\/up.lublin.pl\/?page_id=394735"},"modified":"2025-03-28T12:01:34","modified_gmt":"2025-03-28T11:01:34","slug":"promotional-content","status":"publish","type":"page","link":"https:\/\/up.lublin.pl\/en\/doctoral-school\/ster\/promotional-content\/","title":{"rendered":"Promotional content \/ Materia\u0142y promocyjne | NAWA STER"},"content":{"rendered":"\t\t<div data-elementor-type=\"wp-page\" data-elementor-id=\"394735\" class=\"elementor elementor-394735\" data-elementor-settings=\"[]\">\n\t\t\t\t\t\t<div class=\"elementor-inner\">\n\t\t\t\t\t\t\t<div class=\"elementor-section-wrap\">\n\t\t\t\t\t\t\t<section class=\"elementor-section elementor-top-section elementor-element elementor-element-1fddee6 elementor-section-boxed elementor-section-height-default elementor-section-height-default\" data-id=\"1fddee6\" data-element_type=\"section\">\n\t\t\t\t\t\t<div class=\"elementor-container elementor-column-gap-default\">\n\t\t\t\t\t\t\t<div class=\"elementor-row\">\n\t\t\t\t\t<div class=\"elementor-column elementor-col-100 elementor-top-column elementor-element elementor-element-31680d0\" data-id=\"31680d0\" data-element_type=\"column\">\n\t\t\t<div class=\"elementor-column-wrap elementor-element-populated\">\n\t\t\t\t\t\t\t<div class=\"elementor-widget-wrap\">\n\t\t\t\t\t\t<div class=\"elementor-element elementor-element-1b46f9c elementor-widget elementor-widget-m2e\" data-id=\"1b46f9c\" data-element_type=\"widget\" data-widget_type=\"m2e.default\">\n\t\t\t\t<div class=\"elementor-widget-container\">\n\t\t\t<section class=\"mn-m2-e mn-bg-grey\">\n\t<div class=\"mn-grid\">\n\t\t<div class=\"mn-grid-3 mn-introtext\">\n\t\t\t\t\t\t\t<p class=\"mn-header\">NAWA STER<\/p>\n\t\t\t\t\t\t\t\t\t\t\t<h3>\n\t\t\t\t\tPromotional content \t\t\t\t<\/h3>\n\t\t\t\t\t\t\t\t\t\t\t\t<\/div>\n\t\t<div class=\"mn-grid-9 mn-image-container\">\n\t\t\t\t\t\t\t<img src=\"https:\/\/up.lublin.pl\/wp-content\/uploads\/2025\/03\/promo-content-nawa.jpg\" alt=\"\">\n\t\t\t\t\t\t<\/div>\n\t<\/div>\n\t<\/section>\n\t\t<\/div>\n\t\t\t\t<\/div>\n\t\t\t\t\t\t<\/div>\n\t\t\t\t\t<\/div>\n\t\t<\/div>\n\t\t\t\t\t\t\t\t<\/div>\n\t\t\t\t\t<\/div>\n\t\t<\/section>\n\t\t\t\t<section class=\"elementor-section elementor-top-section elementor-element elementor-element-8d70f89 elementor-section-boxed elementor-section-height-default elementor-section-height-default\" data-id=\"8d70f89\" data-element_type=\"section\">\n\t\t\t\t\t\t<div class=\"elementor-container elementor-column-gap-default\">\n\t\t\t\t\t\t\t<div class=\"elementor-row\">\n\t\t\t\t\t<div class=\"elementor-column elementor-col-100 elementor-top-column elementor-element elementor-element-9ff86ec\" data-id=\"9ff86ec\" data-element_type=\"column\">\n\t\t\t<div class=\"elementor-column-wrap elementor-element-populated\">\n\t\t\t\t\t\t\t<div class=\"elementor-widget-wrap\">\n\t\t\t\t\t\t<div class=\"elementor-element elementor-element-46ea2e1 elementor-widget elementor-widget-m5c\" data-id=\"46ea2e1\" data-element_type=\"widget\" data-widget_type=\"m5c.default\">\n\t\t\t\t<div class=\"elementor-widget-container\">\n\t\t\t<section class=\"mn-m5-c mn-bg-white\">\n\t<div class=\"mn-grid\">\n\t\t            <div class=\"mn-menu-container mn-grid-3\">\n                <ul class=\"mn-bg-yellow\">\n\t                                        <li>\n                            <a href=\"#\" class=\"active\" data-hash=\"#video\">\n                                Wideo\/Videos                            <\/a>\n                        <\/li>\n                                                <li>\n                            <a href=\"#\" class=\"\" data-hash=\"#print\">\n                                Materia\u0142y drukowane\/Printed content                            <\/a>\n                        <\/li>\n                                                <li>\n                            <a href=\"#\" class=\"\" data-hash=\"#promo\">\n                                Materia\u0142y promocyjne\/Promotional material                            <\/a>\n                        <\/li>\n                                        <\/ul>\n            <\/div>\n\t        \t\t<div class=\"mn-content mn-grid-8\">\n\t\t\t                <div class=\"mn-content-block active\">\n\t                                                        <div class=\"block-text\">\n\t                                        <p style=\"text-align: center\"><strong>PROJECT<\/strong><br \/><strong>ACTIONS TOWARDS THE INTERNATIONALIZATION OF THE DOCTORAL SCHOOL OF THE UNIVERSITY OF LIFE SCIENCES IN LUBLIN<\/strong><br \/><strong>(I-SDUPL)<\/strong><\/p>\n<h2>\u201eProdukcja film\u00f3w zosta\u0142a sfinansowana przez Narodow\u0105 Agencj\u0119 Wymiany Akademickiej w&nbsp;ramach Programu STER\u201d \/ \u201eThe production of the films was financed by the National Agency for Academic Exchange under the STER program&#8221;<\/h2>\n<div class=\"video-over-container\">\n<div class=\"video-container\"><iframe title=\"Doctoral School of the University of Life Sciences in Lublin\" width=\"500\" height=\"281\" src=\"https:\/\/www.youtube.com\/embed\/b-74WP3RGww?feature=oembed\" frameborder=\"0\" allow=\"accelerometer; autoplay; clipboard-write; encrypted-media; gyroscope; picture-in-picture; web-share\" referrerpolicy=\"strict-origin-when-cross-origin\" allowfullscreen><\/iframe><\/div>\n<\/div>\n<div class=\"video-over-container\">\n<div class=\"video-container\"><iframe title=\"Doctoral School of the University of Life Sciences in Lublin\" width=\"500\" height=\"281\" src=\"https:\/\/www.youtube.com\/embed\/OM3wJm588Xw?feature=oembed\" frameborder=\"0\" allow=\"accelerometer; autoplay; clipboard-write; encrypted-media; gyroscope; picture-in-picture; web-share\" referrerpolicy=\"strict-origin-when-cross-origin\" allowfullscreen><\/iframe><\/div>\n<\/div>\n<div class=\"video-over-container\">\n<div class=\"video-container\"><iframe title=\"Doctoral School of the University of Life Sciences in Lublin (supervisors)\" width=\"500\" height=\"281\" src=\"https:\/\/www.youtube.com\/embed\/E0VbuRVrubw?feature=oembed\" frameborder=\"0\" allow=\"accelerometer; autoplay; clipboard-write; encrypted-media; gyroscope; picture-in-picture; web-share\" referrerpolicy=\"strict-origin-when-cross-origin\" allowfullscreen><\/iframe><\/div>\n<\/div>\n                                        <\/div>\n\t\t\t\t\t\t                                <\/div>\n\t\t\t\t                <div class=\"mn-content-block\">\n\t                                                        <div class=\"mn-cards-list\">\n                                            <div class=\"mn-card-container\">\n                                                <div>\n                                                    <img src=\"https:\/\/up.lublin.pl\/wp-content\/themes\/up-lublin\/assets\/images\/doc-ico.svg\" alt=\"\" \/>\n                                                    <h5>Leaflet\/ Ulotka (.pdf)<\/h5>\n                                                <\/div>\n                                                <a href=\"https:\/\/up.lublin.pl\/wp-content\/uploads\/2024\/11\/ULOTKA-projekt-NAWA-ANG-www.pdf\" class=\"mn-more\" target=\"_blank\">Read more<\/a>\n                                            <\/div>\n                                        <\/div>\n\t\t\t\t\t\t                                                        <div class=\"mn-cards-list\">\n                                            <div class=\"mn-card-container\">\n                                                <div>\n                                                    <img src=\"https:\/\/up.lublin.pl\/wp-content\/themes\/up-lublin\/assets\/images\/doc-ico.svg\" alt=\"\" \/>\n                                                    <h5>Poster\/ Plakat (.PDF)<\/h5>\n                                                <\/div>\n                                                <a href=\"https:\/\/up.lublin.pl\/wp-content\/uploads\/2025\/01\/POSTER-PLAKAT.pdf\" class=\"mn-more\" target=\"_blank\">Read more<\/a>\n                                            <\/div>\n                                        <\/div>\n\t\t\t\t\t\t                                                        <div class=\"mn-cards-list\">\n                                            <div class=\"mn-card-container\">\n                                                <div>\n                                                    <img src=\"https:\/\/up.lublin.pl\/wp-content\/themes\/up-lublin\/assets\/images\/doc-ico.svg\" alt=\"\" \/>\n                                                    <h5>Roll-up (.jpg)<\/h5>\n                                                <\/div>\n                                                <a href=\"https:\/\/up.lublin.pl\/wp-content\/uploads\/2025\/01\/ROLL-UP-projekt-NAWA-roll-up.jpg\" class=\"mn-more\" target=\"_blank\">Read more<\/a>\n                                            <\/div>\n                                        <\/div>\n\t\t\t\t\t\t                                                        <div class=\"mn-cards-list\">\n                                            <div class=\"mn-card-container\">\n                                                <div>\n                                                    <img src=\"https:\/\/up.lublin.pl\/wp-content\/themes\/up-lublin\/assets\/images\/doc-ico.svg\" alt=\"\" \/>\n                                                    <h5>Logo projektu (.png)<\/h5>\n                                                <\/div>\n                                                <a href=\"https:\/\/up.lublin.pl\/wp-content\/uploads\/2025\/03\/logo-ster-PL.png\" class=\"mn-more\" target=\"_blank\">Read more<\/a>\n                                            <\/div>\n                                        <\/div>\n\t\t\t\t\t\t                                                        <div class=\"mn-cards-list\">\n                                            <div class=\"mn-card-container\">\n                                                <div>\n                                                    <img src=\"https:\/\/up.lublin.pl\/wp-content\/themes\/up-lublin\/assets\/images\/doc-ico.svg\" alt=\"\" \/>\n                                                    <h5>Project logotypes (.png)<\/h5>\n                                                <\/div>\n                                                <a href=\"https:\/\/up.lublin.pl\/wp-content\/uploads\/2025\/03\/logo-ster-ENG.png\" class=\"mn-more\" target=\"_blank\">Read more<\/a>\n                                            <\/div>\n                                        <\/div>\n\t\t\t\t\t\t                                <\/div>\n\t\t\t\t                <div class=\"mn-content-block\">\n\t                                                        <div class=\"block-text\">\n\t                                        <p style=\"text-align: center;\"><strong>\u201eMateria\u0142y promocyjne sfinansowano ze \u015brodk\u00f3w Narodowej Agencji Wymiany Akademickiej w&nbsp;ramach programu STER\u201d\/ &#8220;Promotional materials were financed by the National Agency for Academic Exchange under the STER program&#8221;<\/strong><\/p>\n<p><a href=\"https:\/\/up.lublin.pl\/wp-content\/uploads\/2025\/03\/str3.jpg\"><img loading=\"lazy\" class=\"aligncenter size-full wp-image-465382\" src=\"https:\/\/up.lublin.pl\/wp-content\/uploads\/2025\/03\/str3.jpg\" alt=\"czarny d\u0142ugopis z&nbsp;logotypem NAWA i&nbsp;napisem \" width=\"1500\" height=\"1125\" \/><\/a> <a href=\"https:\/\/up.lublin.pl\/wp-content\/uploads\/2025\/03\/Notesster.jpg\"><img loading=\"lazy\" class=\"aligncenter size-full wp-image-466450\" src=\"https:\/\/up.lublin.pl\/wp-content\/uploads\/2025\/03\/Notesster.jpg\" alt=\"notes z&nbsp;logo NAWy oraz Uniwersytetu Przyrodniczego w&nbsp;Lublinie i&nbsp;Szko\u0142y Doktorskiej\" width=\"901\" height=\"1200\" \/><\/a><a href=\"https:\/\/up.lublin.pl\/wp-content\/uploads\/2025\/03\/K3.jpg\"><img loading=\"lazy\" class=\"aligncenter size-full wp-image-466493\" src=\"https:\/\/up.lublin.pl\/wp-content\/uploads\/2025\/03\/K3.jpg\" alt=\"koszulka z&nbsp;logo NAWy i&nbsp;logo Szko\u0142y Doktorskiej Uniwersytetu Przyrodniczego w&nbsp;Lublinie\" width=\"1200\" height=\"608\" \/><\/a> <a href=\"https:\/\/up.lublin.pl\/wp-content\/uploads\/2025\/03\/K1.jpg\"><img loading=\"lazy\" class=\"aligncenter size-medium wp-image-466497\" src=\"https:\/\/up.lublin.pl\/wp-content\/uploads\/2025\/03\/K1.jpg\" alt=\"\" width=\"1200\" height=\"1100\" \/><\/a> <a href=\"https:\/\/up.lublin.pl\/wp-content\/uploads\/2025\/03\/K2.jpg\"><img loading=\"lazy\" class=\"aligncenter size-medium wp-image-466501\" src=\"https:\/\/up.lublin.pl\/wp-content\/uploads\/2025\/03\/K2.jpg\" alt=\"\" width=\"1200\" height=\"944\" \/><\/a><\/p>\n                                        <\/div>\n\t\t\t\t\t\t                                <\/div>\n\t\t\t\t\t\t<\/div>\n\t<\/div>\n<\/section>\n\t\t<\/div>\n\t\t\t\t<\/div>\n\t\t\t\t\t\t<\/div>\n\t\t\t\t\t<\/div>\n\t\t<\/div>\n\t\t\t\t\t\t\t\t<\/div>\n\t\t\t\t\t<\/div>\n\t\t<\/section>\n\t\t\t\t\t\t<\/div>\n\t\t\t\t\t\t<\/div>\n\t\t\t\t\t<\/div>\n\t\t","protected":false},"excerpt":{"rendered":"<p>NAWA STER Promotional content UP Wideo\/Videos Materia\u0142y drukowane\/Printed content Materia\u0142y promocyjne\/Promotional material PROJECTACTIONS TOWARDS THE INTERNATIONALIZATION OF THE DOCTORAL SCHOOL OF THE UNIVERSITY OF LIFE SCIENCES IN LUBLIN(I-SDUPL) \u201eProdukcja film\u00f3w zosta\u0142a sfinansowana przez Narodow\u0105 Agencj\u0119 Wymiany Akademickiej w&nbsp;ramach Programu STER\u201d \/ \u201eThe production of the films was financed by the National Agency for Academic Exchange [&hellip;]<\/p>\n","protected":false},"author":2,"featured_media":0,"parent":385124,"menu_order":0,"comment_status":"closed","ping_status":"closed","template":"elementor_header_footer","meta":{"_monsterinsights_skip_tracking":false,"_monsterinsights_sitenote_active":false,"_monsterinsights_sitenote_note":"","_monsterinsights_sitenote_category":0},"_links":{"self":[{"href":"https:\/\/up.lublin.pl\/en\/wp-json\/wp\/v2\/pages\/394735"}],"collection":[{"href":"https:\/\/up.lublin.pl\/en\/wp-json\/wp\/v2\/pages"}],"about":[{"href":"https:\/\/up.lublin.pl\/en\/wp-json\/wp\/v2\/types\/page"}],"author":[{"embeddable":true,"href":"https:\/\/up.lublin.pl\/en\/wp-json\/wp\/v2\/users\/2"}],"replies":[{"embeddable":true,"href":"https:\/\/up.lublin.pl\/en\/wp-json\/wp\/v2\/comments?post=394735"}],"version-history":[{"count":79,"href":"https:\/\/up.lublin.pl\/en\/wp-json\/wp\/v2\/pages\/394735\/revisions"}],"predecessor-version":[{"id":467973,"href":"https:\/\/up.lublin.pl\/en\/wp-json\/wp\/v2\/pages\/394735\/revisions\/467973"}],"up":[{"embeddable":true,"href":"https:\/\/up.lublin.pl\/en\/wp-json\/wp\/v2\/pages\/385124"}],"wp:attachment":[{"href":"https:\/\/up.lublin.pl\/en\/wp-json\/wp\/v2\/media?parent=394735"}],"curies":[{"name":"wp","href":"https:\/\/api.w.org\/{rel}","templated":true}]}}