{"id":394249,"date":"2024-02-21T11:50:44","date_gmt":"2024-02-21T10:50:44","guid":{"rendered":"https:\/\/up.lublin.pl\/skn-konferencja\/isssc-honorary-guests\/"},"modified":"2025-04-18T09:57:28","modified_gmt":"2025-04-18T07:57:28","slug":"isssc-honorary-guests","status":"publish","type":"page","link":"https:\/\/up.lublin.pl\/en\/skn-konferencja\/isssc-honorary-guests\/","title":{"rendered":"ISSSC &#8211; Honorary guests"},"content":{"rendered":"\t\t<div data-elementor-type=\"wp-page\" data-elementor-id=\"394249\" class=\"elementor elementor-394249 elementor-394152\" data-elementor-settings=\"[]\">\n\t\t\t\t\t\t<div class=\"elementor-inner\">\n\t\t\t\t\t\t\t<div class=\"elementor-section-wrap\">\n\t\t\t\t\t\t\t<section class=\"elementor-section elementor-top-section elementor-element elementor-element-fa091b8 elementor-section-boxed elementor-section-height-default elementor-section-height-default\" data-id=\"fa091b8\" data-element_type=\"section\">\n\t\t\t\t\t\t<div class=\"elementor-container elementor-column-gap-default\">\n\t\t\t\t\t\t\t<div class=\"elementor-row\">\n\t\t\t\t\t<div class=\"elementor-column elementor-col-100 elementor-top-column elementor-element elementor-element-e269d47\" data-id=\"e269d47\" data-element_type=\"column\">\n\t\t\t<div class=\"elementor-column-wrap elementor-element-populated\">\n\t\t\t\t\t\t\t<div class=\"elementor-widget-wrap\">\n\t\t\t\t\t\t<div class=\"elementor-element elementor-element-2beb7da elementor-widget elementor-widget-m2k\" data-id=\"2beb7da\" data-element_type=\"widget\" data-widget_type=\"m2k.default\">\n\t\t\t\t<div class=\"elementor-widget-container\">\n\t\t\t<section class=\"mn-m2-d mn-bg-green\">\n    <div class=\"mn-grid\">\n        <div class=\"mn-grid-12 mn-introtext\">\n                            <h3>\n                    Honorary guests - lectures                <\/h3>\n                        <\/div>\n    <\/div>\n    <\/section>\n\t\t<\/div>\n\t\t\t\t<\/div>\n\t\t\t\t\t\t<\/div>\n\t\t\t\t\t<\/div>\n\t\t<\/div>\n\t\t\t\t\t\t\t\t<\/div>\n\t\t\t\t\t<\/div>\n\t\t<\/section>\n\t\t\t\t<section class=\"elementor-section elementor-top-section elementor-element elementor-element-6fbe2a2 elementor-section-boxed elementor-section-height-default elementor-section-height-default\" data-id=\"6fbe2a2\" data-element_type=\"section\">\n\t\t\t\t\t\t<div class=\"elementor-container elementor-column-gap-default\">\n\t\t\t\t\t\t\t<div class=\"elementor-row\">\n\t\t\t\t\t<div class=\"elementor-column elementor-col-100 elementor-top-column elementor-element elementor-element-4d8dbd8\" data-id=\"4d8dbd8\" data-element_type=\"column\">\n\t\t\t<div class=\"elementor-column-wrap elementor-element-populated\">\n\t\t\t\t\t\t\t<div class=\"elementor-widget-wrap\">\n\t\t\t\t\t\t<div class=\"elementor-element elementor-element-e9948f6 elementor-widget elementor-widget-m5c\" data-id=\"e9948f6\" data-element_type=\"widget\" data-widget_type=\"m5c.default\">\n\t\t\t\t<div class=\"elementor-widget-container\">\n\t\t\t<section class=\"mn-m5-c mn-bg-white\">\n\t<div class=\"mn-grid\">\n\t\t            <div class=\"mn-menu-container mn-grid-3\">\n                <ul class=\"mn-bg-yellow\">\n\t                                        <li>\n                            <a href=\"#\" class=\"active\" data-hash=\"#agrobio\">\n                                Section of Agrobioengineering                            <\/a>\n                        <\/li>\n                                                <li>\n                            <a href=\"#\" class=\"\" data-hash=\"#medvet\">\n                                Section of Veterinary Medicine                            <\/a>\n                        <\/li>\n                                                <li>\n                            <a href=\"#\" class=\"\" data-hash=\"#animal_sciences\">\n                                Section of Animal Sciences and Bioeconomy                            <\/a>\n                        <\/li>\n                                                <li>\n                            <a href=\"#\" class=\"\" data-hash=\"#horticulture\">\n                                Section of Horticulture and Landscape Architecture                            <\/a>\n                        <\/li>\n                                                <li>\n                            <a href=\"#\" class=\"\" data-hash=\"#engineering\">\n                                Section of Production Engineering                            <\/a>\n                        <\/li>\n                                                <li>\n                            <a href=\"#\" class=\"\" data-hash=\"#foodscience\">\n                                Section of Food Sciences and Biotechnology                            <\/a>\n                        <\/li>\n                                                <li>\n                            <a href=\"#\" class=\"\" data-hash=\"#biology\">\n                                Section of Environmental Biology                            <\/a>\n                        <\/li>\n                                        <\/ul>\n            <\/div>\n\t        \t\t<div class=\"mn-content mn-grid-8\">\n\t\t\t                <div class=\"mn-content-block active\">\n\t                                                        <div class=\"block-text\">\n\t                                        <h3 style=\"text-align: center;\">UNDER CONSTRUCTION<\/h3>\n                                        <\/div>\n\t\t\t\t\t\t                                <\/div>\n\t\t\t\t                <div class=\"mn-content-block\">\n\t                                                        <div class=\"block-text\">\n\t                                        <h2 style=\"text-align: center;\"><strong>Section of Veterinary Medicine<\/strong><\/h2>\n<h3 style=\"text-align: center;\">UNDER CONSTRUCTION<\/h3>\n                                        <\/div>\n\t\t\t\t\t\t                                <\/div>\n\t\t\t\t                <div class=\"mn-content-block\">\n\t                                                        <div class=\"block-text\">\n\t                                        <h2 style=\"text-align: center;\"><strong>Section of Animal Sciences and Bioeconomy<\/strong><\/h2>\n<h2 style=\"text-align: center;\"><strong>Sekcja Nauk o&nbsp;Zwierz\u0119tach i&nbsp;Biogospodarki<\/strong><\/h2>\n<p style=\"text-align: center;\">Wyk\u0142ad pt: <strong>&#8220;Ewolucyjna zmienno\u015b\u0107 budowy jaj ptak\u00f3w w&nbsp;odpowiedzi na r\u00f3\u017cne warunki mikroklimatyczne teren\u00f3w l\u0119gowych&#8221;<\/strong>&#8211; dr hab. Krzysztof Damaziak prof. SGGW, Szko\u0142a G\u0142\u00f3wna Gospodarstwa Wiejskiego w\u00a0Warszawie<\/p>\n<p style=\"text-align: center;\"><img loading=\"lazy\" class=\"aligncenter wp-image-472442\" src=\"https:\/\/up.lublin.pl\/wp-content\/uploads\/2025\/04\/KD-prof.png\" alt=\"\" width=\"266\" height=\"302\" \/><strong>Dr hab. Krzysztof Damaziak, prof. SGGW<\/strong><\/p>\n<p>Dr hab. Krzysztof Damaziak, prof. SGGW, pracuje w&nbsp;Instytucie Nauk o&nbsp;Zwierz\u0119tach, Katedrze Hodowli i&nbsp;\u017bywienia Zwierz\u0105t Szko\u0142y G\u0142\u00f3wnej Gospodarstwa Wiejskiego w&nbsp;Warszawie. W&nbsp;2011 roku uzyska\u0142 stopie\u0144 in\u017cyniera zootechniki na podstawie obronionej pracy \u201ePochodzenie i&nbsp;biologia rozrodu indyk\u00f3w\u201d, a&nbsp;w 2011 roku stopie\u0144 magistra in\u017cyniera broni\u0105c pracy pod tytu\u0142em \u201eWyniki odchowu indyk\u00f3w pochodz\u0105cych z&nbsp;dw\u00f3ch r\u00f3\u017cnych grup genetycznych utrzymywanych w&nbsp;warunkach chowu p\u00f3\u0142intensywnego\u201d. Stopie\u0144 doktora uzyska\u0142 w&nbsp;2016 roku broni\u0105c rozprawy zatytu\u0142owanej \u201eWp\u0142yw pochodzenia indyk\u00f3w na wzrost, wyniki produkcyjne i&nbsp;jako\u015b\u0107 mi\u0119sa\u201d. Stopie\u0144 doktora habilitowanego uzyska\u0142 w&nbsp;2021 roku na podstawie wyr\u00f3\u017cnionej rozprawy pt. \u201e Zmienno\u015b\u0107 gatunkowa struktury i&nbsp;sk\u0142adu bia\u0142kowego b\u0142ony witelinowej oraz wp\u0142yw czynnik\u00f3w \u015brodowiskowych na jej wytrzyma\u0142o\u015b\u0107 u&nbsp;kury domowej\u201d.<\/p>\n<p>Przez ca\u0142y okres pracy zawodowej zainteresowania doktora skupiaj\u0105 si\u0119 wok\u00f3\u0142 produkcji drobiarskiej ze szczeg\u00f3lnym uwzgl\u0119dnieniem czynnik\u00f3w wp\u0142ywaj\u0105cych na efektywno\u015b\u0107 rozrodu ptak\u00f3w i&nbsp;jako\u015b\u0107 jaj wyl\u0119gowych oraz spo\u017cywczych. Jego zainteresowania wykraczaj\u0105 poza tematy zwi\u0105zane z&nbsp;ptakami u\u017cytkowymi i&nbsp;obejmuj\u0105 r\u00f3wnie\u017c zagadnienia ornitologiczne zwi\u0105zane z&nbsp;badaniami nad zmienno\u015bci\u0105 budowy jaj r\u00f3\u017cnych grup systematycznych ptak\u00f3w dzikich. Aktywny cz\u0142onek PB WPSA oraz PTZ. Obecnie kierownik zadania \u201eWdro\u017cenie i&nbsp;walidacja nowych fermentowanych produkt\u00f3w paszowych dla drobiu\u201d w&nbsp;ramach projektu Horyzont Europa \u201eMikrobiomy w&nbsp;systemach produkcji \u017cywno\u015bci, 101084344 &#8211; (WHEATBIOME)\u201d.<\/p>\n<p style=\"text-align: center;\"><a href=\"https:\/\/up.lublin.pl\/wp-content\/uploads\/2023\/03\/dotted-line-darkblue.png\"><img loading=\"lazy\" class=\"aligncenter  wp-image-325711\" src=\"https:\/\/up.lublin.pl\/wp-content\/uploads\/2023\/03\/dotted-line-darkblue.png\" alt=\"\" width=\"221\" height=\"8\" \/><\/a><\/p>\n<p style=\"text-align: center;\">Lecture: <strong>&#8220;Breast myopathies in broiler chickens: causes, reduction strategies, and the way forward&#8221;<\/strong>&#8211; Umair Ahsan, PhD, Burdur Mehmet Akif Ersoy University<\/p>\n<p style=\"text-align: center;\"><img loading=\"lazy\" class=\"aligncenter wp-image-472446\" src=\"https:\/\/up.lublin.pl\/wp-content\/uploads\/2025\/04\/Umair-Ahsan.jpg\" alt=\"\" width=\"422\" height=\"316\" \/><strong>Dr. Umair Ahsan<\/strong><\/p>\n<p>Dr. Umair Ahsan is working as Associate Professor at the Department of Plant and Animal Production, School of Food, Agriculture and Livestock, Burdur Mehmet Akif Ersoy University, T\u00fcrkiye. He is a&nbsp;veterinarian, born to a&nbsp;family with background of poultry farming in Pakistan, graduated with gold medal distinction in 2013 from Faculty of Veterinary and Animal Sciences, The Islamia University of Bahawalpur, Pakistan. In 2014, he received the fellowship from the prestigious Scientific and Technological Research Council of T\u00fcrkiye (T\u00dcB\u0130TAK) and moved to Ayd\u0131n Adnan Menderes University, T\u00fcrkiye to pursue his graduate studies in Animal Nutrition and Nutritional Diseases. He completed his masters in July 2016 and doctorate in August 2020. He has mostly worked on poultry nutrition with special emphasis on alternatives to antibiotic growth promoters, footpad dermatitis, and white striping (breast myopathy) in broiler chickens.<\/p>\n<p>In January 2021, he was employed by Burdur Mehmet Akif Ersoy University as an Assistant Professor of Animal Nutrition and promoted to Associate Professor by the Higher Education Council of T\u00fcrkiye in January 2024. He has contributed to several scientific publications, and completed national and international projects. Most of his work after his doctorate has focused on the discovery of new pathways in the pathogenesis of breast myopathies and ochratoxicosis as well as nutritional interventions to prevent these pathologies. He is married and is father of a&nbsp;beautiful dauther!<\/p>\n                                        <\/div>\n\t\t\t\t\t\t                                <\/div>\n\t\t\t\t                <div class=\"mn-content-block\">\n\t                                                        <div class=\"block-text\">\n\t                                        <h2 style=\"text-align: center;\"><strong>Section of Horticulture and Landscape Architecture<\/strong><\/h2>\n<h3 style=\"text-align: center;\">UNDER CONSTRUCTION<\/h3>\n                                        <\/div>\n\t\t\t\t\t\t                                <\/div>\n\t\t\t\t                <div class=\"mn-content-block\">\n\t                                                        <div class=\"block-text\">\n\t                                        <h2 style=\"text-align: center;\"><strong>Section of Production Engineering<\/strong><\/h2>\n<p style=\"text-align: center;\"><strong>LECTURE<br \/><\/strong>\u201cAI as a&nbsp;&#8216;Scientific Collaborator&#8217;: How Machine Learning is Transforming Research?\u201d<\/p>\n<p>Spaker:<\/p>\n<p style=\"text-align: center;\"><strong><a href=\"https:\/\/up.lublin.pl\/wp-content\/uploads\/2025\/02\/231338-mrzadeczka.jpg\"><img loading=\"lazy\" class=\"aligncenter wp-image-460901\" src=\"https:\/\/up.lublin.pl\/wp-content\/uploads\/2025\/02\/231338-mrzadeczka.jpg\" alt=\"\" width=\"309\" height=\"375\" \/><\/a>Marcin Rzadeczka, Ph.D<\/strong><\/p>\n<p>Marcin Rzadeczka, Ph.D., is a&nbsp;researcher specializing in AI in mental health and computational psychiatry, with a&nbsp;strong interdisciplinary background spanning cognitive science, evolutionary psychopathology, and AI ethics. His work explores the compensation perspective on neurodiversity, particularly in autism and schizophrenia spectrum disorders, integrating evolutionary-computational models of cognitive biases.\u00a0He has presented his research at several international conferences, including the Computational Psychiatry Conference at Trinity College Dublin and AI for Mental Health at the University of Oxford. He conducted a&nbsp;research stay at Centrum Wiskunde &amp; Informatica (CWI) in Amsterdam, where he collaborated with the Human-Centered Data Analytics (HCDA) group. His postdoctoral research at IDEAS NCBR (Psychiatry and Computational Phenomenology\u00a0research group)\u00a0focused on human-LLM interactions in mental health applications, cognitive biases, and epistemic humility for neurodiverse-friendly AI.\u00a0He has published his work in several international journals, such as JMIR Mental Health, Psychopathology, Frontiers in Public Health, Frontiers in Psychiatry, and Community Mental Health.<\/p>\n<p style=\"text-align: center;\"><strong>\u00a0<\/strong><\/p>\n                                        <\/div>\n\t\t\t\t\t\t                                <\/div>\n\t\t\t\t                <div class=\"mn-content-block\">\n\t                                                        <div class=\"block-text\">\n\t                                        <h2 style=\"text-align: center;\"><strong>Section of Food Sciences and Biotechnology<\/strong><\/h2>\n<p style=\"text-align: center;\"><strong>LECTURE<br \/><\/strong>&#8220;Bio-deacetification and Bio-dealcoholization of Wines: The Magic of Yeasts in Improving Wine Quality.&#8221;<\/p>\n<p style=\"text-align: center;\"><strong><a href=\"https:\/\/up.lublin.pl\/wp-content\/uploads\/2025\/02\/AM-CV.jpg\"><img loading=\"lazy\" class=\"aligncenter size-full wp-image-460905\" src=\"https:\/\/up.lublin.pl\/wp-content\/uploads\/2025\/02\/AM-CV.jpg\" alt=\"\" width=\"258\" height=\"344\" \/><\/a>Alice Maria CorreiaVilela<\/strong><br \/>Chemistry Research Centre (CQ-VR), Department of Agronomy (DAgro), School of Agrarian and Veterinary Sciences (ECAV), University of Tr\u00e1s-os-Montes e&nbsp;Alto Douro, Quinta dos Prados, 5000-801 Vila Real, Portugal; <a href=\"mailto:avimoura@utad.pt\">avimoura@utad.pt<\/a>\u00a0<\/p>\n<p>Alice Vilela holds a&nbsp;BSc in Enology, a&nbsp;Master&#8217;s in Genetics, and a&nbsp;Ph.D. in Microbiology from the University of Tr\u00e1s-os-Montes and Alto Douro (UTAD). She is an Assistant Professor at UTAD and has published 85 articles in international scientific journals, 14 technical papers, 24 book chapters, and over 100 publications in conference proceedings. Vilela has supervised Ph.D. and master&#8217;s theses and oversaw undergraduate capstone projects in Enological Sciences and Biological Sciences. Her research focuses on the bio-reduction of volatile acidity in wines, wine bio-dealcoholization, wine microbiology, the sensory evaluation of food and wine, and the development of sensory tests.<\/p>\n<p>She actively reviews for several journals, including Food Research International, the Journal of the Science of Food and Agriculture, Food Chemistry, the Journal of Gastronomy and Food Science, and various MDPI Journals (Foods, Fermentation, Beverages, Molecules, and the International Journal of Molecular Sciences and Materials). Additionally, she serves as an Academic Editor and is a&nbsp;member of the Editorial Board for several SCI journals.<\/p>\n<p>In 2021-2024, Stanford University, USA, recognized her as being among the top 2% of scientists worldwide.<\/p>\n                                        <\/div>\n\t\t\t\t\t\t                                <\/div>\n\t\t\t\t                <div class=\"mn-content-block\">\n\t                                                        <div class=\"block-text\">\n\t                                        <h2 style=\"text-align: center;\"><strong>Section of Environmental Biology<\/strong><\/h2>\n<h3 style=\"text-align: center;\">UNDER CONSTRUCTION<\/h3>\n                                        <\/div>\n\t\t\t\t\t\t                                <\/div>\n\t\t\t\t\t\t<\/div>\n\t<\/div>\n<\/section>\n\t\t<\/div>\n\t\t\t\t<\/div>\n\t\t\t\t\t\t<\/div>\n\t\t\t\t\t<\/div>\n\t\t<\/div>\n\t\t\t\t\t\t\t\t<\/div>\n\t\t\t\t\t<\/div>\n\t\t<\/section>\n\t\t\t\t\t\t<\/div>\n\t\t\t\t\t\t<\/div>\n\t\t\t\t\t<\/div>\n\t\t","protected":false},"excerpt":{"rendered":"<p>Honorary guests &#8211; lectures UP Section of Agrobioengineering Section of Veterinary Medicine Section of Animal Sciences and Bioeconomy Section of Horticulture and Landscape Architecture Section of Production Engineering Section of Food Sciences and Biotechnology Section of Environmental Biology UNDER CONSTRUCTION Section of Veterinary Medicine UNDER CONSTRUCTION Section of Animal Sciences and Bioeconomy Sekcja Nauk o&nbsp;Zwierz\u0119tach [&hellip;]<\/p>\n","protected":false},"author":2,"featured_media":0,"parent":218288,"menu_order":0,"comment_status":"closed","ping_status":"closed","template":"elementor_header_footer","meta":{"_monsterinsights_skip_tracking":false,"_monsterinsights_sitenote_active":false,"_monsterinsights_sitenote_note":"","_monsterinsights_sitenote_category":0},"_links":{"self":[{"href":"https:\/\/up.lublin.pl\/en\/wp-json\/wp\/v2\/pages\/394249"}],"collection":[{"href":"https:\/\/up.lublin.pl\/en\/wp-json\/wp\/v2\/pages"}],"about":[{"href":"https:\/\/up.lublin.pl\/en\/wp-json\/wp\/v2\/types\/page"}],"author":[{"embeddable":true,"href":"https:\/\/up.lublin.pl\/en\/wp-json\/wp\/v2\/users\/2"}],"replies":[{"embeddable":true,"href":"https:\/\/up.lublin.pl\/en\/wp-json\/wp\/v2\/comments?post=394249"}],"version-history":[{"count":25,"href":"https:\/\/up.lublin.pl\/en\/wp-json\/wp\/v2\/pages\/394249\/revisions"}],"predecessor-version":[{"id":472455,"href":"https:\/\/up.lublin.pl\/en\/wp-json\/wp\/v2\/pages\/394249\/revisions\/472455"}],"up":[{"embeddable":true,"href":"https:\/\/up.lublin.pl\/en\/wp-json\/wp\/v2\/pages\/218288"}],"wp:attachment":[{"href":"https:\/\/up.lublin.pl\/en\/wp-json\/wp\/v2\/media?parent=394249"}],"curies":[{"name":"wp","href":"https:\/\/api.w.org\/{rel}","templated":true}]}}