{"id":389051,"date":"2024-01-24T14:11:55","date_gmt":"2024-01-24T13:11:55","guid":{"rendered":"https:\/\/up.lublin.pl\/?page_id=389051"},"modified":"2025-05-13T18:08:45","modified_gmt":"2025-05-13T16:08:45","slug":"scholarships","status":"publish","type":"page","link":"https:\/\/up.lublin.pl\/en\/doctoral-school\/ster\/scholarships\/","title":{"rendered":"Scholarships | NAWA STER"},"content":{"rendered":"\t\t<div data-elementor-type=\"wp-page\" data-elementor-id=\"389051\" class=\"elementor elementor-389051\" data-elementor-settings=\"[]\">\n\t\t\t\t\t\t<div class=\"elementor-inner\">\n\t\t\t\t\t\t\t<div class=\"elementor-section-wrap\">\n\t\t\t\t\t\t\t<section class=\"elementor-section elementor-top-section elementor-element elementor-element-670614b elementor-section-boxed elementor-section-height-default elementor-section-height-default\" data-id=\"670614b\" data-element_type=\"section\">\n\t\t\t\t\t\t<div class=\"elementor-container elementor-column-gap-default\">\n\t\t\t\t\t\t\t<div class=\"elementor-row\">\n\t\t\t\t\t<div class=\"elementor-column elementor-col-100 elementor-top-column elementor-element elementor-element-f8c7e30\" data-id=\"f8c7e30\" data-element_type=\"column\">\n\t\t\t<div class=\"elementor-column-wrap elementor-element-populated\">\n\t\t\t\t\t\t\t<div class=\"elementor-widget-wrap\">\n\t\t\t\t\t\t<div class=\"elementor-element elementor-element-10b6661 elementor-widget elementor-widget-m2e\" data-id=\"10b6661\" data-element_type=\"widget\" data-widget_type=\"m2e.default\">\n\t\t\t\t<div class=\"elementor-widget-container\">\n\t\t\t<section class=\"mn-m2-e mn-bg-grey\">\n\t<div class=\"mn-grid\">\n\t\t<div class=\"mn-grid-3 mn-introtext\">\n\t\t\t\t\t\t\t<p class=\"mn-header\">NAWA STER<\/p>\n\t\t\t\t\t\t\t\t\t\t\t<h3>\n\t\t\t\t\tScholarships\t\t\t\t<\/h3>\n\t\t\t\t\t\t\t\t\t\t\t\t<\/div>\n\t\t<div class=\"mn-grid-9 mn-image-container\">\n\t\t\t\t\t\t\t<img src=\"https:\/\/up.lublin.pl\/wp-content\/uploads\/2025\/03\/scholarships-nawa.jpg\" alt=\"\">\n\t\t\t\t\t\t<\/div>\n\t<\/div>\n\t<\/section>\n\t\t<\/div>\n\t\t\t\t<\/div>\n\t\t\t\t<div class=\"elementor-element elementor-element-24ebcfe elementor-widget elementor-widget-m5c\" data-id=\"24ebcfe\" data-element_type=\"widget\" data-widget_type=\"m5c.default\">\n\t\t\t\t<div class=\"elementor-widget-container\">\n\t\t\t<section class=\"mn-m5-c mn-bg-white\">\n\t<div class=\"mn-grid\">\n\t\t            <div class=\"mn-menu-container mn-grid-3\">\n                <ul class=\"mn-bg-yellow\">\n\t                                        <li>\n                            <a href=\"#\" class=\"active\" data-hash=\"#info\">\n                                General information                            <\/a>\n                        <\/li>\n                                                <li>\n                            <a href=\"#\" class=\"\" data-hash=\"#rules\">\n                                Recruitment rules                            <\/a>\n                        <\/li>\n                                                <li>\n                            <a href=\"#\" class=\"\" data-hash=\"#program\">\n                                Education program                            <\/a>\n                        <\/li>\n                                                <li>\n                            <a href=\"#\" class=\"\" data-hash=\"#howto\">\n                                How to apply                            <\/a>\n                        <\/li>\n                                                <li>\n                            <a href=\"#\" class=\"\" data-hash=\"#schedule\">\n                                Schedule                            <\/a>\n                        <\/li>\n                                                <li>\n                            <a href=\"#\" class=\"\" data-hash=\"#results\">\n                                Results                            <\/a>\n                        <\/li>\n                                                <li>\n                            <a href=\"#\" class=\"\" data-hash=\"#procedure\">\n                                Procedure for candidates with a&nbsp;diploma obtained abroad                            <\/a>\n                        <\/li>\n                                        <\/ul>\n            <\/div>\n\t        \t\t<div class=\"mn-content mn-grid-8\">\n\t\t\t                <div class=\"mn-content-block active\">\n\t                                                        <div class=\"block-text\">\n\t                                        <h2>\u201eStypendia s\u0105 finansowane przez Narodow\u0105 Agencj\u0119 Wymiany Akademickiej w&nbsp;ramach Programu STER\u201d \/ \u201eThe scholarships are funded by the Polish National Agency for Academic Exchange under the STER programme\u201d<\/h2>\n<p>The action provides NAWA scholarships for the best foreign PhD students recruited to Doctoral School of ULS in 2024. The scholarship is expected to be paid to three PhD students for two years of education (72 person-months in total). The scholarship will be awarded on a&nbsp;competitive basis in accordance with the recruitment regulations of Doctoral School of ULS. The criteria for awarding the scholarship will include the assessment of the interview in English, scientific achievements with the description of planned research scope.<\/p>\n<p>Dzia\u0142anie przewiduje wyp\u0142at\u0119 stypendi\u00f3w Agencji dla najlepszych doktorant\u00f3w z&nbsp;zagranicy rekrutuj\u0105cych si\u0119 do Szko\u0142y Doktorskiej UPL w&nbsp;roku 2024. Wyp\u0142at\u0119 stypendium przewiduje si\u0119 dla 3 doktorant\u00f3w na dwa lata kszta\u0142cenia (w sumie 72 osobomiesi\u0105ce). Stypendium b\u0119dzie przyznawane na zasadzie konkursu zgodnie z&nbsp;regulaminem rekrutacji obowi\u0105zuj\u0105cym w&nbsp;Szkole Doktorskiej UPL. Kryteria przyznania stypendium obejmowa\u0107 b\u0119d\u0105 ocen\u0119: rozmowy kwalifikacyjnej w&nbsp;j\u0119zyku angielskim, osi\u0105gni\u0119\u0107 naukowych wraz z&nbsp;opisem planowanych bada\u0144.<\/p>\n                                        <\/div>\n\t\t\t\t\t\t                                <\/div>\n\t\t\t\t                <div class=\"mn-content-block\">\n\t                                                        <div class=\"block-text\">\n\t                                        <p><strong>Candidates who can apply to the Doctoral School of ULS under the project NAWA STER are:<\/strong><\/p>\n<ol style=\"list-style-type: lower-alpha;margin-bottom: 20px\">\n<li>a foreigner who is a&nbsp;graduate of first- or second-cycle studies or uniform master&#8217;s studies completed at a&nbsp;foreign institution,<\/li>\n<li>a foreigner who is a&nbsp;graduate of second-cycle studies completed at a&nbsp;Polish institution<\/li>\n<li>a Pole who is a&nbsp;graduate of second-cycle studies completed at a&nbsp;foreign institution and who has successfully passed the recruitment organized by the Applicant.<\/li>\n<\/ol>\n<p><strong>Do Szko\u0142y Doktorskiej UPL w&nbsp;ramach projektu STER NAWA\u00a0 mog\u0105 aplikowa\u0107: <\/strong><\/p>\n<ol style=\"list-style-type: lower-alpha\">\n<li>cudzoziemiec, kt\u00f3ry jest absolwentem studi\u00f3w I, II stopnia lub jednolitych studi\u00f3w magisterskich, uko\u0144czonych w&nbsp;zagranicznej instytucji,<\/li>\n<li>cudzoziemiec, kt\u00f3ry jest absolwentem studi\u00f3w II stopnia, uko\u0144czonych w&nbsp;polskiej instytucji lub<\/li>\n<li>Polak, kt\u00f3ry jest absolwentem studi\u00f3w II stopnia, uko\u0144czonych w&nbsp;zagranicznej instytucji, kt\u00f3ry pozytywnie przeszed\u0142 rekrutacj\u0119 zorganizowan\u0105 przez Wnioskodawc\u0119.<\/li>\n<\/ol>\n                                        <\/div>\n\t\t\t\t\t\t                                                        <div class=\"mn-cards-list\">\n                                            <div class=\"mn-card-container\">\n                                                <div>\n                                                    <img src=\"https:\/\/up.lublin.pl\/wp-content\/themes\/up-lublin\/assets\/images\/doc-ico.svg\" alt=\"\" \/>\n                                                    <h5>RECRUITMENT RULES FOR THE DOCTORAL SCHOOL<\/h5>\n                                                <\/div>\n                                                <a href=\"https:\/\/up.lublin.pl\/en\/doctoral-school\/admission\/\" class=\"mn-more\" target=\"_blank\">Read more<\/a>\n                                            <\/div>\n                                        <\/div>\n\t\t\t\t\t\t                                <\/div>\n\t\t\t\t                <div class=\"mn-content-block\">\n\t                                                        <div class=\"block-text\">\n\t                                        <p><strong>The Doctoral School of the ULS offers education in <\/strong><strong>seven academic disciplines:<\/strong><\/p>\n<ul>\n<li>Agriculture and horticulture<\/li>\n<li>Food technology and human nutrition<\/li>\n<li>Veterinary medicine<\/li>\n<li>Animal sciences and fisheries<\/li>\n<li>Mechanical engineering<\/li>\n<li>Environmental engineering, mining and power engineering<\/li>\n<li>Biological sciences<\/li>\n<\/ul>\n<p><strong>Interdisciplinary and specialised education \u2013\u00a0 a&nbsp;doctoral degree with a&nbsp;future<\/strong><\/p>\n<p>PhD studies are conducted at the general academic, multidisciplinary Doctoral School. We offer a&nbsp;unique combination of interdisciplinarity and an advanced specialised curriculum. The Doctoral School of the University of Life Sciences in Lublin provides a&nbsp;joint course of study to all PhD students and a&nbsp;specialised programme for individual fields and disciplines. The uniform degree programme promotes the integration of the academic community, exchange of scientific experience and interdisciplinary perception of research problems. The added value of joint education is the open formula that allows PhD students constant scientific development and it enables the evolution of the Doctoral School according to the changing educational needs of the students of consecutive years.<\/p>\n<p>The path of specialised education for doctoral students is undertaken in collaboration with PhD thesis supervisors and the purpose of it is to implement individual research plans in Institutes and Departments, as well as to enable doctoral students to participate in seminars and professional traineeship. The specialised educational programme allows students to take part in various types of domestic and international courses, research internships and vocational training.<\/p>\n<p><strong>PhD student of ULS:<\/strong><\/p>\n<ul>\n<li>Prepare and implement the Individual Research Plan together with the supervisor(s);\u00a0<\/li>\n<li>Participate stationary or in hybrid format in education process (in English or Polish language);<\/li>\n<li>Conduct or co-conduct classes with students (in English or Polish);<\/li>\n<li>Participate in conferences, workshops, lectures and other additional stationary and on-line meetings organized by the Doctoral School of ULS;<\/li>\n<li>Realize foreign internship\u00a0(minimum 3 months);<\/li>\n<li>Apply for research project funded by external sources.<\/li>\n<\/ul>\n<p><strong>In the aim to improve the quality of education and research conducted by PhD students, Doctoral School of ULS:\u00a0<\/strong><\/p>\n<ul>\n<li>Realize \u201cVisiting professor\u201d program aiming at conducting classes by recognizable scientists from abroad;<\/li>\n<li>Support the participation of PhD students in foreign, long-term internships;<\/li>\n<li>Co-finances scientific research conducted by PhD students;\u00a0<\/li>\n<li>Organize periodic \u201cInternational PhD Student\u2019s Conference at the University of Life Sciences in Lublin, Poland: ENVIRONMENT- PLANT-ANIMAL-PRODUCT (ICDSUPL)\u201d;<\/li>\n<li>Organize international seminars, workshops and field visits.<\/li>\n<\/ul>\n                                        <\/div>\n\t\t\t\t\t\t                                                        <div class=\"mn-cards-list\">\n                                            <div class=\"mn-card-container\">\n                                                <div>\n                                                    <img src=\"https:\/\/up.lublin.pl\/wp-content\/themes\/up-lublin\/assets\/images\/doc-ico.svg\" alt=\"\" \/>\n                                                    <h5>Education programme for the Doctoral School<\/h5>\n                                                <\/div>\n                                                <a href=\"https:\/\/up.lublin.pl\/en\/doctoral-school\/education\/\" class=\"mn-more\" target=\"_blank\">Read more<\/a>\n                                            <\/div>\n                                        <\/div>\n\t\t\t\t\t\t                                <\/div>\n\t\t\t\t                <div class=\"mn-content-block\">\n\t                                                        <div class=\"block-text\">\n\t                                        <p><strong>If you want to become the <\/strong><strong>scholarship holder under the project STER NAWA:<\/strong><\/p>\n<ul>\n<li>Read the regulation of the Doctoral School of ULS: <a href=\"https:\/\/up.lublin.pl\/en\/doctoral-school\/legal-acts\/\">https:\/\/up.lublin.pl\/en\/doctoral-school\/legal-acts\/<\/a><\/li>\n<li>Select the scientific discipline(s) which is in accordance to your research interest &#8211; interdisciplinary PhD dissertation joining two disciplines may be realized as well\u00a0<\/li>\n<li>Contact with a&nbsp;prospective supervisor \u2013 profiles of supervisors: <a href=\"https:\/\/up.lublin.pl\/en\/doctoral-school\/admission\/#supervisors\">https:\/\/up.lublin.pl\/en\/doctoral-school\/admission\/#supervisors<\/a> od send us by e-mail your Curriculum Vitae an research interests and we will help you find a&nbsp;prospective supervisor<\/li>\n<li>Learn more about schedule of admission and recruitment process at: <a href=\"https:\/\/up.lublin.pl\/en\/doctoral-school\/admission\/#schedule\">https:\/\/up.lublin.pl\/en\/doctoral-school\/admission\/#schedule<\/a><\/li>\n<li>Prepare a&nbsp;draft of planned research activities together with a&nbsp;prospective supervisor<\/li>\n<li>Prepare the recruitment documents <a href=\"https:\/\/up.lublin.pl\/en\/doctoral-school\/admission\/\">https:\/\/up.lublin.pl\/en\/doctoral-school\/admission\/<\/a><\/li>\n<\/ul>\n<ul>\n<li>Upload\u00a0 the recruitment documents via on-line system: <a href=\"https:\/\/up.lublin.pl\/en\/doctoral-school\/\">https:\/\/up.lublin.pl\/en\/doctoral-school\/<\/a> &#8211; Internet Admission System\n<ul>\n<li>Remember to apply to STER NAWA project<\/li>\n<li>Admission documents must be submitted in English<\/li>\n<li>You are obliged to have Polish or English-language versions of documents certifying your education and scientific achievements.<\/li>\n<\/ul>\n<\/li>\n<li>Participate in recruitment meetings in stationary on on-line format dependently on your place of residence \u00a0<\/li>\n<li>Check your name on admission list<\/li>\n<\/ul>\n<p>Good luck!<\/p>\n<p><strong>For Step by step admission guidance see: <\/strong><a href=\"https:\/\/up.lublin.pl\/en\/doctoral-school\/step-by-step-guidance\/\"><strong>https:\/\/up.lublin.pl\/en\/doctoral-school\/step-by-step-guidance\/<\/strong><\/a><\/p>\n                                        <\/div>\n\t\t\t\t\t\t                                <\/div>\n\t\t\t\t                <div class=\"mn-content-block\">\n\t                                                        <div class=\"block-text\">\n\t                                        <p>Regulation No. nr 13\/2024 of 12 February 2024 has determined the limit of admissions to the Doctoral School of the University of Life Sciences in Lublin in the academic year 2024\/2025 and the schedule of the admission procedure to the Doctoral School of the University of Life Sciences in Lublin in the academic year 2024\/2025<\/p>\n<p>In the academic year 2024\/2025, the limit of admissions to program NAWA STER, project \u201eActions towards the internationalization of the Doctoral School of the University of Life Sciences in Lublin (I-SDUPL)\u201d is <strong>3 students.<\/strong><\/p>\n<ul>\n<li style=\"list-style-type: none\">\n<ul>\n<li><strong>3 June 2024<\/strong> \u2013 start of recruitment to the Doctoral School of the University of Life Sciences in Lublin<\/li>\n<li><strong>3 June \u2013 13 September 2024<\/strong> \u2013 submission of documents by on-line system by candidates to the Doctoral School<\/li>\n<li><strong>19 September 2024<\/strong> \u2013 notification of candidates about the form and time of the interview by announcing on the website of the University of Life Sciences in Lublin (subpage \u2013 Doctoral School \u2013 NAWA STER \u2013 Scholarships \u2013 Schedule; <a href=\"https:\/\/up.lublin.pl\/en\/doctoral-school\/ster\/scholarships\/#schedule\">https:\/\/up.lublin.pl\/en\/doctoral-school\/ster\/scholarships\/#schedule<\/a>)<\/li>\n<li><strong>23 September 2024<\/strong> \u2013 meeting of the Recruitment Committee, analysis and evaluation of the candidates\u2019 achievements based on the submitted documents<\/li>\n<li><strong>24 September 2024<\/strong> \u2013 interviews in English conducted by the Recruitment Committee (in on-line format for abroad candidates)<\/li>\n<li><strong>25 September 2024<\/strong> \u2013 announcement of the ranking list of candidates on the website of the University of Life Sciences in Lublin (subpage \u2013 Doctoral School \u2013 NAWA STER \u2013 Scholarships \u2013 Results; <a href=\"https:\/\/up.lublin.pl\/en\/doctoral-school\/ster\/scholarships\/#results\">https:\/\/up.lublin.pl\/en\/doctoral-school\/ster\/scholarships\/#results<\/a>)<\/li>\n<li><strong>25 September 2024<\/strong> \u2013 announcement of the list of admissions to the Doctoral School on the website of the University of Life Sciences in Lublin (subpage \u2013 Doctoral School \u2013 NAWA STER \u2013 Scholarships \u2013 Results; <a href=\"https:\/\/up.lublin.pl\/en\/doctoral-school\/ster\/scholarships\/#results\">https:\/\/up.lublin.pl\/en\/doctoral-school\/ster\/scholarships\/#results<\/a>)<\/li>\n<\/ul>\n<\/li>\n<\/ul>\n                                        <\/div>\n\t\t\t\t\t\t                                <\/div>\n\t\t\t\t                <div class=\"mn-content-block\">\n\t                                                        <div class=\"block-text\">\n\t                                        <h2>REZYGNACJA FORMALNA<\/h2>\n<p>W zwi\u0105zku z&nbsp;nieuzyskaniem wizy Pan Saurav Raj Singh w&nbsp;dniu 10 grudnia 2024 r. z\u0142o\u017cy\u0142 rezygnacj\u0119 z&nbsp;kszta\u0142cenia w&nbsp;Szkole Doktorskiej UPL. W&nbsp;zwi\u0105zku z&nbsp;rezygnacj\u0105 kandydata w&nbsp;grudniu 2024 r. kolejny kandydat z&nbsp;listy rankingowej Pan Mucahit Kaya rozpocz\u0105\u0142 formaln\u0105 procedur\u0119 zezwalaj\u0105c\u0105 na wjazd na terytorium RP.<\/p>\n<h2>KANDYDAT Z&nbsp;LISTY RANKINGOWEJ<\/h2>\n<p>W dniu 24.02.2025 r. Pan Mucahit Kaya z\u0142o\u017cy\u0142 \u015blubowanie i&nbsp;uzyska\u0142 status doktoranta, rozpoczynaj\u0105c kszta\u0142cenie jako doktorant I&nbsp;roku kszta\u0142cenia w&nbsp;Szkole Doktorskiej Uniwersytetu Przyrodniczego w&nbsp;Lublinie, w&nbsp;dyscyplinie in\u017cynieria \u015brodowiska, g\u00f3rnictwo i&nbsp;energetyka.<\/p>\n<h2>FORMAL RESIGNATION<\/h2>\n<p>Due to the failure to obtain a&nbsp;visa, Mr. Saurav Raj Singh resigned from education at the UPL Doctoral School on December 10, 2024. Due to the candidate&#8217;s resignation in December 2024, the next candidate from the ranking list, Mr. Mucahit Kaya, initiated the formal procedure for permission to enter the territory of the Republic of Poland.<\/p>\n<h2>CANDIDATE FROM THE RANKING LIST<\/h2>\n<p>On February 24, 2025, Mr. Mucahit Kaya took the oath and obtained the status of a&nbsp;doctoral student, starting education as a&nbsp;first-year doctoral student at the Doctoral School of the University of Life Sciences in Lublin, in the discipline of environmental engineering, mining and energy.<\/p>\n                                        <\/div>\n\t\t\t\t\t\t                                                        <div class=\"block-text\">\n\t                                        <h2>Ranking list of candidates for the Doctoral School of the University of Life Sciences in Lublin STER NAWA PROGRAM<\/h2>\n<p><a href=\"https:\/\/up.lublin.pl\/wp-content\/uploads\/2025\/03\/Application1_003.pdf\">List of candidates accepted for the Doctoral School of the University of Life Sciences in Lublin STER NAWA PROGRAM.<\/a><\/p>\n<p><a href=\"https:\/\/up.lublin.pl\/wp-content\/uploads\/2025\/03\/Application1_0001.pdf\">Lista kandydat\u00f3w przyj\u0119tych do SD UPL \u2013 program STER NAWA<\/a><\/p>\n                                        <\/div>\n\t\t\t\t\t\t                                                        <div class=\"block-text\">\n\t                                        <h2>List of candidates accepted for the Doctoral School of the University of Life Sciences in Lublin STER NAWA PROGRAM<\/h2>\n<p><a href=\"https:\/\/up.lublin.pl\/wp-content\/uploads\/2025\/03\/Application1_0004.pdf\">Ranking list of candidates for the Doctoral School of the University of Life Sciences in Lublin STER NAWA PROGRAM<\/a><\/p>\n<p><a href=\"https:\/\/up.lublin.pl\/wp-content\/uploads\/2025\/03\/Application1_0002.pdf\">Lista rankingowa kandydat\u00f3w do SD UPL 2024 2025 STER NAWA<\/a><\/p>\n                                        <\/div>\n\t\t\t\t\t\t                                <\/div>\n\t\t\t\t                <div class=\"mn-content-block\">\n\t                                                        <div class=\"mn-cards-list\">\n                                            <div class=\"mn-card-container\">\n                                                <div>\n                                                    <img src=\"https:\/\/up.lublin.pl\/wp-content\/themes\/up-lublin\/assets\/images\/doc-ico.svg\" alt=\"\" \/>\n                                                    <h5>(PL) Post\u0119powanie dla kandydat\u00f3w ubiegaj\u0105cych si\u0119 o&nbsp;przyj\u0119cie do Szko\u0142y Doktorskiej UPL posiadaj\u0105cych dyplom uzyskany za granic\u0105 <\/h5>\n                                                <\/div>\n                                                <a href=\"https:\/\/up.lublin.pl\/wp-content\/uploads\/2025\/03\/Postepowanie-dla-kandydatow-ubiegajacych-sie-do-przyjecia-do-Szkoly-Doktorskiej-UPL-posiadajacych-dyplom-uzyskany-za-granica-2-10.pdf\" class=\"mn-more\" target=\"_blank\">Read more<\/a>\n                                            <\/div>\n                                        <\/div>\n\t\t\t\t\t\t                                                        <div class=\"mn-cards-list\">\n                                            <div class=\"mn-card-container\">\n                                                <div>\n                                                    <img src=\"https:\/\/up.lublin.pl\/wp-content\/themes\/up-lublin\/assets\/images\/doc-ico.svg\" alt=\"\" \/>\n                                                    <h5>(ENG) Procedure for candidates applying to the Doctoral School of the UPL having higher education diploma obtained abroad <\/h5>\n                                                <\/div>\n                                                <a href=\"https:\/\/up.lublin.pl\/wp-content\/uploads\/2025\/03\/Procedure-for-candidates-applying-to-the-Doctoral-School-of-the-UPL-having-higher-education-diploma-obtained-abroad-1-10.pdf\" class=\"mn-more\" target=\"_blank\">Read more<\/a>\n                                            <\/div>\n                                        <\/div>\n\t\t\t\t\t\t                                                        <div class=\"mn-cards-list\">\n                                            <div class=\"mn-card-container\">\n                                                <div>\n                                                    <img src=\"https:\/\/up.lublin.pl\/wp-content\/themes\/up-lublin\/assets\/images\/doc-ico.svg\" alt=\"\" \/>\n                                                    <h5>(PL) Rekrutacja - Informacje dla cudzoziemc\u00f3w<\/h5>\n                                                <\/div>\n                                                <a href=\"https:\/\/up.lublin.pl\/wp-content\/uploads\/2025\/03\/PL-Rekrutacja-Informacje-dla-cudzoziemcow-1-4.pdf\" class=\"mn-more\" target=\"_blank\">Read more<\/a>\n                                            <\/div>\n                                        <\/div>\n\t\t\t\t\t\t                                                        <div class=\"mn-cards-list\">\n                                            <div class=\"mn-card-container\">\n                                                <div>\n                                                    <img src=\"https:\/\/up.lublin.pl\/wp-content\/themes\/up-lublin\/assets\/images\/doc-ico.svg\" alt=\"\" \/>\n                                                    <h5>(ENG) Admission \u2013 information for Foreigners<\/h5>\n                                                <\/div>\n                                                <a href=\"https:\/\/up.lublin.pl\/wp-content\/uploads\/2025\/03\/ENG-Admission-\u2013-information-for-Foreigners-1-3.pdf\" class=\"mn-more\" target=\"_blank\">Read more<\/a>\n                                            <\/div>\n                                        <\/div>\n\t\t\t\t\t\t                                <\/div>\n\t\t\t\t\t\t<\/div>\n\t<\/div>\n<\/section>\n\t\t<\/div>\n\t\t\t\t<\/div>\n\t\t\t\t\t\t<\/div>\n\t\t\t\t\t<\/div>\n\t\t<\/div>\n\t\t\t\t\t\t\t\t<\/div>\n\t\t\t\t\t<\/div>\n\t\t<\/section>\n\t\t\t\t\t\t<\/div>\n\t\t\t\t\t\t<\/div>\n\t\t\t\t\t<\/div>\n\t\t","protected":false},"excerpt":{"rendered":"<p>NAWA STER Scholarships UP General information Recruitment rules Education program How to apply Schedule Results Procedure for candidates with a&nbsp;diploma obtained abroad \u201eStypendia s\u0105 finansowane przez Narodow\u0105 Agencj\u0119 Wymiany Akademickiej w&nbsp;ramach Programu STER\u201d \/ \u201eThe scholarships are funded by the Polish National Agency for Academic Exchange under the STER programme\u201d The action provides NAWA scholarships [&hellip;]<\/p>\n","protected":false},"author":2,"featured_media":0,"parent":385124,"menu_order":0,"comment_status":"closed","ping_status":"closed","template":"elementor_header_footer","meta":{"_monsterinsights_skip_tracking":false,"_monsterinsights_sitenote_active":false,"_monsterinsights_sitenote_note":"","_monsterinsights_sitenote_category":0},"_links":{"self":[{"href":"https:\/\/up.lublin.pl\/en\/wp-json\/wp\/v2\/pages\/389051"}],"collection":[{"href":"https:\/\/up.lublin.pl\/en\/wp-json\/wp\/v2\/pages"}],"about":[{"href":"https:\/\/up.lublin.pl\/en\/wp-json\/wp\/v2\/types\/page"}],"author":[{"embeddable":true,"href":"https:\/\/up.lublin.pl\/en\/wp-json\/wp\/v2\/users\/2"}],"replies":[{"embeddable":true,"href":"https:\/\/up.lublin.pl\/en\/wp-json\/wp\/v2\/comments?post=389051"}],"version-history":[{"count":142,"href":"https:\/\/up.lublin.pl\/en\/wp-json\/wp\/v2\/pages\/389051\/revisions"}],"predecessor-version":[{"id":477301,"href":"https:\/\/up.lublin.pl\/en\/wp-json\/wp\/v2\/pages\/389051\/revisions\/477301"}],"up":[{"embeddable":true,"href":"https:\/\/up.lublin.pl\/en\/wp-json\/wp\/v2\/pages\/385124"}],"wp:attachment":[{"href":"https:\/\/up.lublin.pl\/en\/wp-json\/wp\/v2\/media?parent=389051"}],"curies":[{"name":"wp","href":"https:\/\/api.w.org\/{rel}","templated":true}]}}