{"id":324789,"date":"2023-03-01T13:49:25","date_gmt":"2023-03-01T12:49:25","guid":{"rendered":"https:\/\/up.lublin.pl\/70lat-wnozib\/patronage-70th-anniversary-of-the-faculty-of-animal-sciences-and-bioeconomy\/"},"modified":"2023-04-18T09:46:51","modified_gmt":"2023-04-18T07:46:51","slug":"patronage","status":"publish","type":"page","link":"https:\/\/up.lublin.pl\/en\/70lat-wnozib\/patronage\/","title":{"rendered":"Patronage | 70th Anniversary of the Faculty of Animal Sciences and Bioeconomy"},"content":{"rendered":"\t\t<div data-elementor-type=\"wp-page\" data-elementor-id=\"324789\" class=\"elementor elementor-324789 elementor-322815\" data-elementor-settings=\"[]\">\n\t\t\t\t\t\t<div class=\"elementor-inner\">\n\t\t\t\t\t\t\t<div class=\"elementor-section-wrap\">\n\t\t\t\t\t\t\t<section class=\"elementor-section elementor-top-section elementor-element elementor-element-2383669 elementor-section-boxed elementor-section-height-default elementor-section-height-default\" data-id=\"2383669\" data-element_type=\"section\">\n\t\t\t\t\t\t<div class=\"elementor-container elementor-column-gap-default\">\n\t\t\t\t\t\t\t<div class=\"elementor-row\">\n\t\t\t\t\t<div class=\"elementor-column elementor-col-100 elementor-top-column elementor-element elementor-element-a586d5b\" data-id=\"a586d5b\" data-element_type=\"column\">\n\t\t\t<div class=\"elementor-column-wrap elementor-element-populated\">\n\t\t\t\t\t\t\t<div class=\"elementor-widget-wrap\">\n\t\t\t\t\t\t<div class=\"elementor-element elementor-element-44b4002 elementor-widget elementor-widget-m2j\" data-id=\"44b4002\" data-element_type=\"widget\" data-widget_type=\"m2j.default\">\n\t\t\t\t<div class=\"elementor-widget-container\">\n\t\t\t<section class=\"mn-m2-h\">\n    <div class=\"mn-image-container mn-container\">\n                    <img src=\"https:\/\/up.lublin.pl\/wp-content\/uploads\/2023\/02\/70-lat-kongres-4-ENG.jpg\" alt=\"\">\n                        <\/div>\n    <div class=\"mn-grid mn-content\">\n                    <div class=\"mn-content-block\">\n                <h5><span style=\"color: #212121;\"><a style=\"color: #212121;\" href=\"https:\/\/up.lublin.pl\/en\/70lat-wnozib\/\">\u2190 go back<\/a><\/span><\/h5>\n            <\/div>\n                <\/div>\n<\/section>\n\t\t<\/div>\n\t\t\t\t<\/div>\n\t\t\t\t<div class=\"elementor-element elementor-element-9e9333d elementor-widget elementor-widget-logoslider\" data-id=\"9e9333d\" data-element_type=\"widget\" data-widget_type=\"logoslider.default\">\n\t\t\t\t<div class=\"elementor-widget-container\">\n\t\t\t\n    <section class=\"mn-m3-d  mn-bg-grey\">\n                    <div class=\"mn-grid\">\n                <h2 class=\"mn-grid-12 mn-title\">\n                    Patronage:                <\/h2>\n            <\/div>\n                    <div class=\"mn-grid\">\n            <div class=\"logoslider mn-events-list mn-grid-12\">\n                                    <div class=\"mn-event\" style=\"\">\n                        <a href=\"https:\/\/www.gov.pl\/web\/agriculture\" target=\"_blank\">\n                            <div class=\"mn-image-container\">\n                                <img src=\"https:\/\/up.lublin.pl\/wp-content\/uploads\/2023\/04\/mrirw_slider.jpg\" alt=\"\" \/>\n                            <\/div>\n                            <div class=\"mn-content\">\n                                <h3>Minister of Agriculture and Rural Development<\/h3>\n                            <\/div>\n                        <\/a>\n                    <\/div>\n                                        <div class=\"mn-event\" style=\"\">\n                        <a href=\"https:\/\/www.gov.pl\/web\/edukacja-i-nauka\" target=\"_blank\">\n                            <div class=\"mn-image-container\">\n                                <img src=\"https:\/\/up.lublin.pl\/wp-content\/uploads\/2022\/12\/nowelogo_mein_patronat.jpg\" alt=\"\" \/>\n                            <\/div>\n                            <div class=\"mn-content\">\n                                <h3>Minister of Education and Science<\/h3>\n                            <\/div>\n                        <\/a>\n                    <\/div>\n                                        <div class=\"mn-event\" style=\"\">\n                        <a href=\"https:\/\/www.gov.pl\/web\/uw-lubelski\" target=\"_blank\">\n                            <div class=\"mn-image-container\">\n                                <img src=\"https:\/\/up.lublin.pl\/wp-content\/uploads\/2022\/01\/msskn_phls_p.jpg\" alt=\"\" \/>\n                            <\/div>\n                            <div class=\"mn-content\">\n                                <h3>Lublin Voivode<\/h3>\n                            <\/div>\n                        <\/a>\n                    <\/div>\n                                        <div class=\"mn-event\" style=\"\">\n                        <a href=\"https:\/\/www.lubelskie.pl\/\" target=\"_blank\">\n                            <div class=\"mn-image-container\">\n                                <img src=\"https:\/\/up.lublin.pl\/wp-content\/uploads\/2022\/01\/msskn_pmwl_p.jpg\" alt=\"\" \/>\n                            <\/div>\n                            <div class=\"mn-content\">\n                                <h3>Marshal of Lublin Voivodeship Jaros\u0142aw Stawiarski<\/h3>\n                            <\/div>\n                        <\/a>\n                    <\/div>\n                                        <div class=\"mn-event\" style=\"\">\n                        <a href=\"https:\/\/lublin.eu\/\" target=\"_blank\">\n                            <div class=\"mn-image-container\">\n                                <img src=\"https:\/\/up.lublin.pl\/wp-content\/uploads\/2022\/12\/patronathonorowy_prezydent_ML.jpg\" alt=\"\" \/>\n                            <\/div>\n                            <div class=\"mn-content\">\n                                <h3>Mayor of Lublin City<\/h3>\n                            <\/div>\n                        <\/a>\n                    <\/div>\n                                        <div class=\"mn-event\" style=\"\">\n                        <a href=\"https:\/\/up.lublin.pl\/en\/university\/governance\/rector\/\" target=\"_blank\">\n                            <div class=\"mn-image-container\">\n                                <img src=\"https:\/\/up.lublin.pl\/wp-content\/uploads\/2022\/11\/JM_PATRONAT.jpg\" alt=\"\" \/>\n                            <\/div>\n                            <div class=\"mn-content\">\n                                <h3>Rector of ULSL<\/h3>\n                            <\/div>\n                        <\/a>\n                    <\/div>\n                                        <div class=\"mn-event\" style=\"\">\n                        <a href=\"https:\/\/knz.pan.pl\/en\/\" target=\"_blank\">\n                            <div class=\"mn-image-container\">\n                                <img src=\"https:\/\/up.lublin.pl\/wp-content\/uploads\/2023\/03\/pan_slider.jpg\" alt=\"\" \/>\n                            <\/div>\n                            <div class=\"mn-content\">\n                                <h3>Polish Academy of Sciences - The Committee on Animal Sciences and Aquaculture<\/h3>\n                            <\/div>\n                        <\/a>\n                    <\/div>\n                                        <div class=\"mn-event\" style=\"\">\n                        <a href=\"http:\/\/ptgen.pl\/\" target=\"_blank\">\n                            <div class=\"mn-image-container\">\n                                <img src=\"https:\/\/up.lublin.pl\/wp-content\/uploads\/2023\/03\/pol_tow_genetyczne.jpg\" alt=\"\" \/>\n                            <\/div>\n                            <div class=\"mn-content\">\n                                <h3>Polskie Towarzystwo Genetyczne<\/h3>\n                            <\/div>\n                        <\/a>\n                    <\/div>\n                                        <div class=\"mn-event\" style=\"\">\n                        <a href=\"http:\/\/pttz.org\/pl\/\" target=\"_blank\">\n                            <div class=\"mn-image-container\">\n                                <img src=\"https:\/\/up.lublin.pl\/wp-content\/uploads\/2023\/04\/pttzywnosci_slider.jpg\" alt=\"\" \/>\n                            <\/div>\n                            <div class=\"mn-content\">\n                                <h3>Polskie Towarzystwo Technolog\u00f3w \u017bywno\u015bci<\/h3>\n                            <\/div>\n                        <\/a>\n                    <\/div>\n                                        <div class=\"mn-event\" style=\"\">\n                        <a href=\"http:\/\/ptz.icm.edu.pl\/\" target=\"_blank\">\n                            <div class=\"mn-image-container\">\n                                <img src=\"https:\/\/up.lublin.pl\/wp-content\/uploads\/2023\/03\/ptzootechniczne.jpg\" alt=\"\" \/>\n                            <\/div>\n                            <div class=\"mn-content\">\n                                <h3>Polish Society of Animal Production<\/h3>\n                            <\/div>\n                        <\/a>\n                    <\/div>\n                                        <div class=\"mn-event\" style=\"\">\n                        <a href=\"http:\/\/www.lodr.konskowola.pl\/\" target=\"_blank\">\n                            <div class=\"mn-image-container\">\n                                <img src=\"https:\/\/up.lublin.pl\/wp-content\/uploads\/2023\/03\/lodr.jpg\" alt=\"\" \/>\n                            <\/div>\n                            <div class=\"mn-content\">\n                                <h3>Lubelski O\u015brodek Doradztwa Rolniczego w&nbsp;Ko\u0144skowoli<\/h3>\n                            <\/div>\n                        <\/a>\n                    <\/div>\n                                        <div class=\"mn-event\" style=\"\">\n                        <a href=\"https:\/\/mnkd.pl\/\" target=\"_blank\">\n                            <div class=\"mn-image-container\">\n                                <img src=\"https:\/\/up.lublin.pl\/wp-content\/uploads\/2023\/04\/muzeum_kazimierz.jpg\" alt=\"\" \/>\n                            <\/div>\n                            <div class=\"mn-content\">\n                                <h3>Muzeum Nadwi\u015bla\u0144skie w&nbsp;Kazimierzu Dolnym<\/h3>\n                            <\/div>\n                        <\/a>\n                    <\/div>\n                                        <div class=\"mn-event\" style=\"\">\n                        <a href=\"http:\/\/zoolubin.pl\/\" target=\"_blank\">\n                            <div class=\"mn-image-container\">\n                                <img src=\"https:\/\/up.lublin.pl\/wp-content\/uploads\/2023\/03\/zoolublin.jpg\" alt=\"\" \/>\n                            <\/div>\n                            <div class=\"mn-content\">\n                                <h3>Ogr\u00f3d Zoologiczny w&nbsp;Lubinie<\/h3>\n                            <\/div>\n                        <\/a>\n                    <\/div>\n                                <\/div>\n        <\/div>\n    <\/section>\n\n    <script type=\"text\/javascript\" src=\"\/wp-includes\/js\/jquery\/jquery.min.js?ver=3.5.1\"><\/script>\n    <script type=\"text\/javascript\" src=\"https:\/\/cdn.jsdelivr.net\/npm\/slick-carousel@1.8.1\/slick\/slick.min.js\"><\/script>\n    <script>\n        (function ($) {\n            $(document).ready(function () {\n                $('.logoslider.slick-initialized').slick('unslick');\n                $('.logoslider:not(.slick-initialized)').slick({\n                    autoplay: true,\n                    autoplaySpeed:1500,\n                    dots: false,\n                    infinite: true,\n                    centerMode: false,\n                    arrows: true,\n                    nextPrev: '<button class=\"slide-arrow next-arrow\">Poprzednia<\/button>',\n                    nextArrow: '<button class=\"slide-arrow next-arrow\">Nast\u0119pna<\/button>',\n                    speed: 300,\n                    slidesToShow: 3,\n                    slidesToScroll: 1,\n                });\n\n            });\n        })(jQuery);\n    <\/script>\n    \t\t<\/div>\n\t\t\t\t<\/div>\n\t\t\t\t<div class=\"elementor-element elementor-element-e53b4eb elementor-widget elementor-widget-logoslider\" data-id=\"e53b4eb\" data-element_type=\"widget\" data-widget_type=\"logoslider.default\">\n\t\t\t\t<div class=\"elementor-widget-container\">\n\t\t\t\n    <section class=\"mn-m3-d  mn-bg-grey\">\n                    <div class=\"mn-grid\">\n                <h2 class=\"mn-grid-12 mn-title\">\n                    Media patronage:                <\/h2>\n            <\/div>\n                    <div class=\"mn-grid\">\n            <div class=\"logoslider mn-events-list mn-grid-12\">\n                                    <div class=\"mn-event\" style=\"\">\n                        <a href=\"https:\/\/lublin.tvp.pl\/\" target=\"_blank\">\n                            <div class=\"mn-image-container\">\n                                <img src=\"https:\/\/up.lublin.pl\/wp-content\/uploads\/2022\/07\/tvp3-lfn.jpg\" alt=\"\" \/>\n                            <\/div>\n                            <div class=\"mn-content\">\n                                <h3>TVP3 Lublin<\/h3>\n                            <\/div>\n                        <\/a>\n                    <\/div>\n                                        <div class=\"mn-event\" style=\"\">\n                        <a href=\"https:\/\/www.dziennikwschodni.pl\/\" target=\"_blank\">\n                            <div class=\"mn-image-container\">\n                                <img src=\"https:\/\/up.lublin.pl\/wp-content\/uploads\/2022\/07\/wsch-lfn.jpg\" alt=\"\" \/>\n                            <\/div>\n                            <div class=\"mn-content\">\n                                <h3>Dziennik Wschodni<\/h3>\n                            <\/div>\n                        <\/a>\n                    <\/div>\n                                <\/div>\n        <\/div>\n    <\/section>\n\n    <script type=\"text\/javascript\" src=\"\/wp-includes\/js\/jquery\/jquery.min.js?ver=3.5.1\"><\/script>\n    <script type=\"text\/javascript\" src=\"https:\/\/cdn.jsdelivr.net\/npm\/slick-carousel@1.8.1\/slick\/slick.min.js\"><\/script>\n    <script>\n        (function ($) {\n            $(document).ready(function () {\n                $('.logoslider.slick-initialized').slick('unslick');\n                $('.logoslider:not(.slick-initialized)').slick({\n                    autoplay: true,\n                    autoplaySpeed:1500,\n                    dots: false,\n                    infinite: true,\n                    centerMode: false,\n                    arrows: true,\n                    nextPrev: '<button class=\"slide-arrow next-arrow\">Poprzednia<\/button>',\n                    nextArrow: '<button class=\"slide-arrow next-arrow\">Nast\u0119pna<\/button>',\n                    speed: 300,\n                    slidesToShow: 3,\n                    slidesToScroll: 1,\n                });\n\n            });\n        })(jQuery);\n    <\/script>\n    \t\t<\/div>\n\t\t\t\t<\/div>\n\t\t\t\t\t\t<\/div>\n\t\t\t\t\t<\/div>\n\t\t<\/div>\n\t\t\t\t\t\t\t\t<\/div>\n\t\t\t\t\t<\/div>\n\t\t<\/section>\n\t\t\t\t<section class=\"elementor-section elementor-top-section elementor-element elementor-element-ad732fb elementor-section-boxed elementor-section-height-default elementor-section-height-default\" data-id=\"ad732fb\" data-element_type=\"section\">\n\t\t\t\t\t\t<div class=\"elementor-container elementor-column-gap-default\">\n\t\t\t\t\t\t\t<div class=\"elementor-row\">\n\t\t\t\t\t<div class=\"elementor-column elementor-col-100 elementor-top-column elementor-element elementor-element-08c9525\" data-id=\"08c9525\" data-element_type=\"column\">\n\t\t\t<div class=\"elementor-column-wrap elementor-element-populated\">\n\t\t\t\t\t\t\t<div class=\"elementor-widget-wrap\">\n\t\t\t\t\t\t<div class=\"elementor-element elementor-element-ae8e124 elementor-widget elementor-widget-m5h\" data-id=\"ae8e124\" data-element_type=\"widget\" data-widget_type=\"m5h.default\">\n\t\t\t\t<div class=\"elementor-widget-container\">\n\t\t\t<section class=\"mn-m5-h mn-bg-white\">\r\n\t<div class=\"mn-grid\">\r\n\t\t<div class=\"mn-content mn-grid-12\">\r\n\t\t\t<div class=\"mn-lead\">\r\n\t\t\t\t<h5 style=\"text-align: left;\"><a href=\"https:\/\/up.lublin.pl\/wp-content\/uploads\/2023\/02\/mein_doskonala_nauka.png\"><img loading=\"lazy\" class=\" wp-image-322125 alignleft\" src=\"https:\/\/up.lublin.pl\/wp-content\/uploads\/2023\/02\/mein_doskonala_nauka.png\" alt=\"\" width=\"247\" height=\"57\" \/><\/a>The task \u00abinternational congress &#8220;The Opportunities of Animal Sciences &#8211; 70 years of the Faculty of Animal Sciences and Bioeconomy&#8221;\u00bb is financed by the Minister of Education and Science under the \u201cDoskona\u0142a nauka\u201d programme \u2014 \u201cWsparcie konferencji naukowych\u201d. Total cost of the task: PLN 328,660.00, including the MES grant of PLN 295,660.00.<\/h5>\n\t\t\t<\/div>\r\n\t\t<\/div>\r\n\t<\/div>\r\n<\/section>\r\n\t\t<\/div>\n\t\t\t\t<\/div>\n\t\t\t\t\t\t<\/div>\n\t\t\t\t\t<\/div>\n\t\t<\/div>\n\t\t\t\t\t\t\t\t<\/div>\n\t\t\t\t\t<\/div>\n\t\t<\/section>\n\t\t\t\t\t\t<\/div>\n\t\t\t\t\t\t<\/div>\n\t\t\t\t\t<\/div>\n\t\t","protected":false},"excerpt":{"rendered":"<p>\u2190 go back Patronage: Minister of Agriculture and Rural Development Minister of Education and Science Lublin Voivode Marshal of Lublin Voivodeship Jaros\u0142aw Stawiarski Mayor of Lublin City Rector of ULSL Polish Academy of Sciences &#8211; The Committee on Animal Sciences and Aquaculture Polskie Towarzystwo Genetyczne Polskie Towarzystwo Technolog\u00f3w \u017bywno\u015bci Polish Society of Animal Production Lubelski [&hellip;]<\/p>\n","protected":false},"author":2,"featured_media":0,"parent":321230,"menu_order":0,"comment_status":"closed","ping_status":"closed","template":"elementor_header_footer","meta":{"_monsterinsights_skip_tracking":false,"_monsterinsights_sitenote_active":false,"_monsterinsights_sitenote_note":"","_monsterinsights_sitenote_category":0},"_links":{"self":[{"href":"https:\/\/up.lublin.pl\/en\/wp-json\/wp\/v2\/pages\/324789"}],"collection":[{"href":"https:\/\/up.lublin.pl\/en\/wp-json\/wp\/v2\/pages"}],"about":[{"href":"https:\/\/up.lublin.pl\/en\/wp-json\/wp\/v2\/types\/page"}],"author":[{"embeddable":true,"href":"https:\/\/up.lublin.pl\/en\/wp-json\/wp\/v2\/users\/2"}],"replies":[{"embeddable":true,"href":"https:\/\/up.lublin.pl\/en\/wp-json\/wp\/v2\/comments?post=324789"}],"version-history":[{"count":35,"href":"https:\/\/up.lublin.pl\/en\/wp-json\/wp\/v2\/pages\/324789\/revisions"}],"predecessor-version":[{"id":334788,"href":"https:\/\/up.lublin.pl\/en\/wp-json\/wp\/v2\/pages\/324789\/revisions\/334788"}],"up":[{"embeddable":true,"href":"https:\/\/up.lublin.pl\/en\/wp-json\/wp\/v2\/pages\/321230"}],"wp:attachment":[{"href":"https:\/\/up.lublin.pl\/en\/wp-json\/wp\/v2\/media?parent=324789"}],"curies":[{"name":"wp","href":"https:\/\/api.w.org\/{rel}","templated":true}]}}