{"id":321505,"date":"2023-02-16T11:00:41","date_gmt":"2023-02-16T10:00:41","guid":{"rendered":"https:\/\/up.lublin.pl\/70lat-wnozib\/organizing-committee-70th-anniversary-of-the-faculty-of-animal-sciences-and-bioeconomy\/"},"modified":"2023-04-26T12:07:47","modified_gmt":"2023-04-26T10:07:47","slug":"organizing-committee","status":"publish","type":"page","link":"https:\/\/up.lublin.pl\/en\/70lat-wnozib\/organizing-committee\/","title":{"rendered":"Organizing Committee | 70th Anniversary of the Faculty of Animal Sciences and Bioeconomy"},"content":{"rendered":"\t\t<div data-elementor-type=\"wp-page\" data-elementor-id=\"321505\" class=\"elementor elementor-321505 elementor-320349\" data-elementor-settings=\"[]\">\n\t\t\t\t\t\t<div class=\"elementor-inner\">\n\t\t\t\t\t\t\t<div class=\"elementor-section-wrap\">\n\t\t\t\t\t\t\t<section class=\"elementor-section elementor-top-section elementor-element elementor-element-b620708 elementor-section-boxed elementor-section-height-default elementor-section-height-default\" data-id=\"b620708\" data-element_type=\"section\">\n\t\t\t\t\t\t<div class=\"elementor-container elementor-column-gap-default\">\n\t\t\t\t\t\t\t<div class=\"elementor-row\">\n\t\t\t\t\t<div class=\"elementor-column elementor-col-100 elementor-top-column elementor-element elementor-element-5dcca2c\" data-id=\"5dcca2c\" data-element_type=\"column\">\n\t\t\t<div class=\"elementor-column-wrap elementor-element-populated\">\n\t\t\t\t\t\t\t<div class=\"elementor-widget-wrap\">\n\t\t\t\t\t\t<div class=\"elementor-element elementor-element-2a40139 elementor-widget elementor-widget-m2j\" data-id=\"2a40139\" data-element_type=\"widget\" data-widget_type=\"m2j.default\">\n\t\t\t\t<div class=\"elementor-widget-container\">\n\t\t\t<section class=\"mn-m2-h\">\n    <div class=\"mn-image-container mn-container\">\n                    <img src=\"https:\/\/up.lublin.pl\/wp-content\/uploads\/2023\/02\/70-lat-kongres-4-ENG.jpg\" alt=\"\">\n                        <\/div>\n    <div class=\"mn-grid mn-content\">\n                    <div class=\"mn-content-block\">\n                <h5><span style=\"color: #212121;\"><a style=\"color: #212121;\" href=\"https:\/\/up.lublin.pl\/en\/70lat-wnozib\/\">\u2190 go back<\/a><\/span><\/h5>\n            <\/div>\n                <\/div>\n<\/section>\n\t\t<\/div>\n\t\t\t\t<\/div>\n\t\t\t\t\t\t<\/div>\n\t\t\t\t\t<\/div>\n\t\t<\/div>\n\t\t\t\t\t\t\t\t<\/div>\n\t\t\t\t\t<\/div>\n\t\t<\/section>\n\t\t\t\t<section class=\"elementor-section elementor-top-section elementor-element elementor-element-5a60536 elementor-section-boxed elementor-section-height-default elementor-section-height-default\" data-id=\"5a60536\" data-element_type=\"section\">\n\t\t\t\t\t\t<div class=\"elementor-container elementor-column-gap-default\">\n\t\t\t\t\t\t\t<div class=\"elementor-row\">\n\t\t\t\t\t<div class=\"elementor-column elementor-col-100 elementor-top-column elementor-element elementor-element-b8342f6\" data-id=\"b8342f6\" data-element_type=\"column\">\n\t\t\t<div class=\"elementor-column-wrap elementor-element-populated\">\n\t\t\t\t\t\t\t<div class=\"elementor-widget-wrap\">\n\t\t\t\t\t\t<div class=\"elementor-element elementor-element-8a29927 elementor-widget elementor-widget-m5c\" data-id=\"8a29927\" data-element_type=\"widget\" data-widget_type=\"m5c.default\">\n\t\t\t\t<div class=\"elementor-widget-container\">\n\t\t\t<section class=\"mn-m5-c mn-m5-d2 mn-bg-white\">\n\t<div class=\"mn-grid\">\n\t\t\t\t<div class=\"mn-content mn-grid-9\">\n\t\t\t                <div class=\"mn-content-block active\">\n\t                                                        <div class=\"block-text\">\n\t                                        <h3 style=\"text-align: center;\">Organizing Committee<\/h3>\n<p>Prof. Brygida<strong> \u015alaska<\/strong>, PhD, DSc, ProfTit \u2013 Dean of the Faculty \u2013 Chair of the Organizing Committee<\/p>\n<p>Prof.<strong> Bo\u017cena Kiczorowska<\/strong>, PhD, DSc, ProfTit \u2013 Vice-dean<\/p>\n<p>Prof. <strong>Andrzej Junkuszew<\/strong> PhD, DSc, ProfTit \u2013 Vice-dean<\/p>\n<p>Prof. <strong>Mariusz Florek<\/strong>, PhD, DSc, ProfTit<\/p>\n<p>Prof.<strong> Iwona Janczarek<\/strong>, PhD, DSc, ProfTit<\/p>\n<p>Prof. <strong>Renata Klebaniuk<\/strong>, PhD, DSc, ProfTit<\/p>\n<p>Prof.<strong> Bo\u017cena Nowakowicz-D\u0119bek<\/strong>, PhD, DSc, ProfTit<\/p>\n<p>Prof. <strong>Katarzyna Ognik<\/strong>, PhD, DSc, ProfTit<\/p>\n<p>Prof.<strong> Grzegorz Zi\u0119ba<\/strong>, PhD, DSc, ProfTit\u00a0<\/p>\n<p><strong>Witold Chabuz<\/strong>, PhD, DSc, Assoc. prof.<\/p>\n<p><strong>Miros\u0142aw Karpi\u0144ski<\/strong>, PhD, DSc, Assoc. prof.<\/p>\n<p><strong>Monika Budzy\u0144ska<\/strong>, PhD, DSc<\/p>\n<p><strong>Monika Gregu\u0142a-Kania<\/strong>, PhD, DSc<\/p>\n<p><strong>Anna Wolanciuk<\/strong>, PhD, DSc<\/p>\n<p><strong>Maciej B\u0105kowski<\/strong>, BEng, PhD<\/p>\n<p><strong>Przemys\u0142aw Jankowski<\/strong>, BEng, PhD<\/p>\n<p><strong>Kinga Kropiwiec-Doma\u0144ska<\/strong>, BEng, PhD<\/p>\n<p><strong>Iwona Sembratowicz<\/strong>, PhD<\/p>\n<p><strong>Angelika Tkaczyk-Wliz\u0142o<\/strong>, PhD<\/p>\n<p><strong>Pawe\u0142 \u017b\u00f3\u0142kiewski<\/strong>, BEng, PhD<\/p>\n<p><strong>Julia Fabjanowska<\/strong>, BEng, MSc<\/p>\n<p><strong>Katarzyna Karpi\u0144ska<\/strong>, BEng, MSc<\/p>\n<p><strong>Krzysztof Kowal<\/strong>, MSc<\/p>\n<p><strong>Martyna Mierzicka<\/strong>, BEng, MSc<\/p>\n<p><strong>Izabela Rodzy\u0144<\/strong>, BEng, MSc<\/p>\n<p><strong>Klaudia Sysiak<\/strong>, MSc<\/p>\n<p><strong>Ma\u0142gorzata Pinkos<\/strong>, BEng<\/p>\n                                        <\/div>\n\t\t\t\t\t\t                                <\/div>\n\t\t\t\t                <div class=\"mn-content-block\">\n\t                                <\/div>\n\t\t\t\t                <div class=\"mn-content-block\">\n\t                                <\/div>\n\t\t\t\t                <div class=\"mn-content-block\">\n\t                                <\/div>\n\t\t\t\t                <div class=\"mn-content-block\">\n\t                                <\/div>\n\t\t\t\t                <div class=\"mn-content-block\">\n\t                                <\/div>\n\t\t\t\t                <div class=\"mn-content-block\">\n\t                                <\/div>\n\t\t\t\t                <div class=\"mn-content-block\">\n\t                                <\/div>\n\t\t\t\t                <div class=\"mn-content-block\">\n\t                                <\/div>\n\t\t\t\t                <div class=\"mn-content-block\">\n\t                                <\/div>\n\t\t\t\t                <div class=\"mn-content-block\">\n\t                                <\/div>\n\t\t\t\t                <div class=\"mn-content-block\">\n\t                                <\/div>\n\t\t\t\t                <div class=\"mn-content-block\">\n\t                                <\/div>\n\t\t\t\t                <div class=\"mn-content-block\">\n\t                                <\/div>\n\t\t\t\t                <div class=\"mn-content-block\">\n\t                                <\/div>\n\t\t\t\t                <div class=\"mn-content-block\">\n\t                                <\/div>\n\t\t\t\t                <div class=\"mn-content-block\">\n\t                                <\/div>\n\t\t\t\t                <div class=\"mn-content-block\">\n\t                                <\/div>\n\t\t\t\t                <div class=\"mn-content-block\">\n\t                                <\/div>\n\t\t\t\t                <div class=\"mn-content-block\">\n\t                                <\/div>\n\t\t\t\t\t\t<\/div>\n\t<\/div>\n<\/section>\n\t\t<\/div>\n\t\t\t\t<\/div>\n\t\t\t\t\t\t<\/div>\n\t\t\t\t\t<\/div>\n\t\t<\/div>\n\t\t\t\t\t\t\t\t<\/div>\n\t\t\t\t\t<\/div>\n\t\t<\/section>\n\t\t\t\t\t\t<\/div>\n\t\t\t\t\t\t<\/div>\n\t\t\t\t\t<\/div>\n\t\t","protected":false},"excerpt":{"rendered":"<p>\u2190 go back Organizing Committee Prof. Brygida \u015alaska, PhD, DSc, ProfTit \u2013 Dean of the Faculty \u2013 Chair of the Organizing Committee Prof. Bo\u017cena Kiczorowska, PhD, DSc, ProfTit \u2013 Vice-dean Prof. Andrzej Junkuszew PhD, DSc, ProfTit \u2013 Vice-dean Prof. Mariusz Florek, PhD, DSc, ProfTit Prof. Iwona Janczarek, PhD, DSc, ProfTit Prof. Renata Klebaniuk, PhD, DSc, [&hellip;]<\/p>\n","protected":false},"author":2,"featured_media":0,"parent":321230,"menu_order":0,"comment_status":"closed","ping_status":"closed","template":"elementor_header_footer","meta":{"_monsterinsights_skip_tracking":false,"_monsterinsights_sitenote_active":false,"_monsterinsights_sitenote_note":"","_monsterinsights_sitenote_category":0},"_links":{"self":[{"href":"https:\/\/up.lublin.pl\/en\/wp-json\/wp\/v2\/pages\/321505"}],"collection":[{"href":"https:\/\/up.lublin.pl\/en\/wp-json\/wp\/v2\/pages"}],"about":[{"href":"https:\/\/up.lublin.pl\/en\/wp-json\/wp\/v2\/types\/page"}],"author":[{"embeddable":true,"href":"https:\/\/up.lublin.pl\/en\/wp-json\/wp\/v2\/users\/2"}],"replies":[{"embeddable":true,"href":"https:\/\/up.lublin.pl\/en\/wp-json\/wp\/v2\/comments?post=321505"}],"version-history":[{"count":14,"href":"https:\/\/up.lublin.pl\/en\/wp-json\/wp\/v2\/pages\/321505\/revisions"}],"predecessor-version":[{"id":337179,"href":"https:\/\/up.lublin.pl\/en\/wp-json\/wp\/v2\/pages\/321505\/revisions\/337179"}],"up":[{"embeddable":true,"href":"https:\/\/up.lublin.pl\/en\/wp-json\/wp\/v2\/pages\/321230"}],"wp:attachment":[{"href":"https:\/\/up.lublin.pl\/en\/wp-json\/wp\/v2\/media?parent=321505"}],"curies":[{"name":"wp","href":"https:\/\/api.w.org\/{rel}","templated":true}]}}