{"id":321487,"date":"2023-02-16T10:39:25","date_gmt":"2023-02-16T09:39:25","guid":{"rendered":"https:\/\/up.lublin.pl\/70lat-wnozib\/honorary-committee-70th-anniversary-of-the-faculty-of-animal-sciences-and-bioeconomy\/"},"modified":"2023-04-06T10:53:27","modified_gmt":"2023-04-06T08:53:27","slug":"honorary-committee","status":"publish","type":"page","link":"https:\/\/up.lublin.pl\/en\/70lat-wnozib\/honorary-committee\/","title":{"rendered":"Honorary Committee | 70th Anniversary of the Faculty of Animal Sciences and Bioeconomy"},"content":{"rendered":"\t\t<div data-elementor-type=\"wp-page\" data-elementor-id=\"321487\" class=\"elementor elementor-321487 elementor-320338\" data-elementor-settings=\"[]\">\n\t\t\t\t\t\t<div class=\"elementor-inner\">\n\t\t\t\t\t\t\t<div class=\"elementor-section-wrap\">\n\t\t\t\t\t\t\t<section class=\"elementor-section elementor-top-section elementor-element elementor-element-826fde6 elementor-section-boxed elementor-section-height-default elementor-section-height-default\" data-id=\"826fde6\" data-element_type=\"section\">\n\t\t\t\t\t\t<div class=\"elementor-container elementor-column-gap-default\">\n\t\t\t\t\t\t\t<div class=\"elementor-row\">\n\t\t\t\t\t<div class=\"elementor-column elementor-col-100 elementor-top-column elementor-element elementor-element-2b662fa\" data-id=\"2b662fa\" data-element_type=\"column\">\n\t\t\t<div class=\"elementor-column-wrap elementor-element-populated\">\n\t\t\t\t\t\t\t<div class=\"elementor-widget-wrap\">\n\t\t\t\t\t\t<div class=\"elementor-element elementor-element-cc974e8 elementor-widget elementor-widget-m2j\" data-id=\"cc974e8\" data-element_type=\"widget\" data-widget_type=\"m2j.default\">\n\t\t\t\t<div class=\"elementor-widget-container\">\n\t\t\t<section class=\"mn-m2-h\">\n    <div class=\"mn-image-container mn-container\">\n                    <img src=\"https:\/\/up.lublin.pl\/wp-content\/uploads\/2023\/02\/70-lat-kongres-4-ENG.jpg\" alt=\"\">\n                        <\/div>\n    <div class=\"mn-grid mn-content\">\n                    <div class=\"mn-content-block\">\n                <h5><span style=\"color: #212121;\"><a style=\"color: #212121;\" href=\"https:\/\/up.lublin.pl\/en\/70lat-wnozib\/\">\u2190 go back<\/a><\/span><\/h5>\n            <\/div>\n                <\/div>\n<\/section>\n\t\t<\/div>\n\t\t\t\t<\/div>\n\t\t\t\t\t\t<\/div>\n\t\t\t\t\t<\/div>\n\t\t<\/div>\n\t\t\t\t\t\t\t\t<\/div>\n\t\t\t\t\t<\/div>\n\t\t<\/section>\n\t\t\t\t<section class=\"elementor-section elementor-top-section elementor-element elementor-element-9c4e9b0 elementor-section-boxed elementor-section-height-default elementor-section-height-default\" data-id=\"9c4e9b0\" data-element_type=\"section\">\n\t\t\t\t\t\t<div class=\"elementor-container elementor-column-gap-default\">\n\t\t\t\t\t\t\t<div class=\"elementor-row\">\n\t\t\t\t\t<div class=\"elementor-column elementor-col-100 elementor-top-column elementor-element elementor-element-5e8d3a7\" data-id=\"5e8d3a7\" data-element_type=\"column\">\n\t\t\t<div class=\"elementor-column-wrap elementor-element-populated\">\n\t\t\t\t\t\t\t<div class=\"elementor-widget-wrap\">\n\t\t\t\t\t\t<div class=\"elementor-element elementor-element-3d5b69f elementor-widget elementor-widget-m5c\" data-id=\"3d5b69f\" data-element_type=\"widget\" data-widget_type=\"m5c.default\">\n\t\t\t\t<div class=\"elementor-widget-container\">\n\t\t\t<section class=\"mn-m5-c mn-m5-d2 mn-bg-white\">\n\t<div class=\"mn-grid\">\n\t\t\t\t<div class=\"mn-content mn-grid-9\">\n\t\t\t                <div class=\"mn-content-block active\">\n\t                                                        <div class=\"block-text\">\n\t                                        <h3 style=\"text-align: center;\">Honorary Committee<\/h3>\n<p><strong>Marian Budzy\u0144ski<\/strong>, PhD, DSc, ProfTit, DrHC<br \/>(Dean of the Faculty in 1987-1990)<\/p>\n<p><strong>Zygmunt Litwi\u0144czuk<\/strong>, PhD, DSc, ProfTit, DrHC multi<br \/>(Dean of the Faculty in 1990-1996; Rector of the University in 2016-2020)<\/p>\n<p><strong>Gra\u017cyna Je\u017cewska-Witkowska<\/strong>, PhD, DSc, ProfTit<br \/>(Dean of the Faculty in 1996-2002; Vice-Rector for Student Affairs in 2002-2008)<\/p>\n<p><strong>Tomasz M. Gruszecki<\/strong>, PhD, DSc, ProfTit, DrHC<br \/>(Dean of the Faculty in 2002-2008)<\/p>\n<p><strong>Eugeniusz R. Grela<\/strong>, PhD, DSc, ProfTit<br \/>(Dean of the Faculty in 2008-2016; Vice-Rector for University Organization and Development in 2016-2019)<\/p>\n<p><strong>Joanna Bar\u0142owska<\/strong>, PhD, DSc, ProfTit<br \/>(Dean of the Faculty in 2016-2021)<\/p>\n                                        <\/div>\n\t\t\t\t\t\t                                <\/div>\n\t\t\t\t                <div class=\"mn-content-block\">\n\t                                <\/div>\n\t\t\t\t                <div class=\"mn-content-block\">\n\t                                <\/div>\n\t\t\t\t                <div class=\"mn-content-block\">\n\t                                <\/div>\n\t\t\t\t                <div class=\"mn-content-block\">\n\t                                <\/div>\n\t\t\t\t                <div class=\"mn-content-block\">\n\t                                <\/div>\n\t\t\t\t                <div class=\"mn-content-block\">\n\t                                <\/div>\n\t\t\t\t                <div class=\"mn-content-block\">\n\t                                <\/div>\n\t\t\t\t                <div class=\"mn-content-block\">\n\t                                <\/div>\n\t\t\t\t                <div class=\"mn-content-block\">\n\t                                <\/div>\n\t\t\t\t                <div class=\"mn-content-block\">\n\t                                <\/div>\n\t\t\t\t                <div class=\"mn-content-block\">\n\t                                <\/div>\n\t\t\t\t                <div class=\"mn-content-block\">\n\t                                <\/div>\n\t\t\t\t                <div class=\"mn-content-block\">\n\t                                <\/div>\n\t\t\t\t                <div class=\"mn-content-block\">\n\t                                <\/div>\n\t\t\t\t                <div class=\"mn-content-block\">\n\t                                <\/div>\n\t\t\t\t                <div class=\"mn-content-block\">\n\t                                <\/div>\n\t\t\t\t                <div class=\"mn-content-block\">\n\t                                <\/div>\n\t\t\t\t                <div class=\"mn-content-block\">\n\t                                <\/div>\n\t\t\t\t                <div class=\"mn-content-block\">\n\t                                <\/div>\n\t\t\t\t\t\t<\/div>\n\t<\/div>\n<\/section>\n\t\t<\/div>\n\t\t\t\t<\/div>\n\t\t\t\t\t\t<\/div>\n\t\t\t\t\t<\/div>\n\t\t<\/div>\n\t\t\t\t\t\t\t\t<\/div>\n\t\t\t\t\t<\/div>\n\t\t<\/section>\n\t\t\t\t\t\t<\/div>\n\t\t\t\t\t\t<\/div>\n\t\t\t\t\t<\/div>\n\t\t","protected":false},"excerpt":{"rendered":"<p>\u2190 go back Honorary Committee Marian Budzy\u0144ski, PhD, DSc, ProfTit, DrHC(Dean of the Faculty in 1987-1990) Zygmunt Litwi\u0144czuk, PhD, DSc, ProfTit, DrHC multi(Dean of the Faculty in 1990-1996; Rector of the University in 2016-2020) Gra\u017cyna Je\u017cewska-Witkowska, PhD, DSc, ProfTit(Dean of the Faculty in 1996-2002; Vice-Rector for Student Affairs in 2002-2008) Tomasz M. Gruszecki, PhD, DSc, [&hellip;]<\/p>\n","protected":false},"author":2,"featured_media":0,"parent":321230,"menu_order":0,"comment_status":"closed","ping_status":"closed","template":"elementor_header_footer","meta":{"_monsterinsights_skip_tracking":false,"_monsterinsights_sitenote_active":false,"_monsterinsights_sitenote_note":"","_monsterinsights_sitenote_category":0},"_links":{"self":[{"href":"https:\/\/up.lublin.pl\/en\/wp-json\/wp\/v2\/pages\/321487"}],"collection":[{"href":"https:\/\/up.lublin.pl\/en\/wp-json\/wp\/v2\/pages"}],"about":[{"href":"https:\/\/up.lublin.pl\/en\/wp-json\/wp\/v2\/types\/page"}],"author":[{"embeddable":true,"href":"https:\/\/up.lublin.pl\/en\/wp-json\/wp\/v2\/users\/2"}],"replies":[{"embeddable":true,"href":"https:\/\/up.lublin.pl\/en\/wp-json\/wp\/v2\/comments?post=321487"}],"version-history":[{"count":17,"href":"https:\/\/up.lublin.pl\/en\/wp-json\/wp\/v2\/pages\/321487\/revisions"}],"predecessor-version":[{"id":333145,"href":"https:\/\/up.lublin.pl\/en\/wp-json\/wp\/v2\/pages\/321487\/revisions\/333145"}],"up":[{"embeddable":true,"href":"https:\/\/up.lublin.pl\/en\/wp-json\/wp\/v2\/pages\/321230"}],"wp:attachment":[{"href":"https:\/\/up.lublin.pl\/en\/wp-json\/wp\/v2\/media?parent=321487"}],"curies":[{"name":"wp","href":"https:\/\/api.w.org\/{rel}","templated":true}]}}