{"id":321262,"date":"2023-02-16T08:17:44","date_gmt":"2023-02-16T07:17:44","guid":{"rendered":"https:\/\/up.lublin.pl\/70lat-wnozib\/programme-and-schedule-70th-anniversary-of-the-faculty-of-animal-sciences-and-bioeconomy\/"},"modified":"2023-05-17T08:52:42","modified_gmt":"2023-05-17T06:52:42","slug":"programme","status":"publish","type":"page","link":"https:\/\/up.lublin.pl\/en\/70lat-wnozib\/programme\/","title":{"rendered":"Programme and schedule | 70th Anniversary of the Faculty of Animal Sciences and Bioeconomy"},"content":{"rendered":"\t\t<div data-elementor-type=\"wp-page\" data-elementor-id=\"321262\" class=\"elementor elementor-321262 elementor-320316\" data-elementor-settings=\"[]\">\n\t\t\t\t\t\t<div class=\"elementor-inner\">\n\t\t\t\t\t\t\t<div class=\"elementor-section-wrap\">\n\t\t\t\t\t\t\t<section class=\"elementor-section elementor-top-section elementor-element elementor-element-90b7424 elementor-section-boxed elementor-section-height-default elementor-section-height-default\" data-id=\"90b7424\" data-element_type=\"section\">\n\t\t\t\t\t\t<div class=\"elementor-container elementor-column-gap-default\">\n\t\t\t\t\t\t\t<div class=\"elementor-row\">\n\t\t\t\t\t<div class=\"elementor-column elementor-col-100 elementor-top-column elementor-element elementor-element-97fd160\" data-id=\"97fd160\" data-element_type=\"column\">\n\t\t\t<div class=\"elementor-column-wrap elementor-element-populated\">\n\t\t\t\t\t\t\t<div class=\"elementor-widget-wrap\">\n\t\t\t\t\t\t<div class=\"elementor-element elementor-element-cce4c2d elementor-widget elementor-widget-m2j\" data-id=\"cce4c2d\" data-element_type=\"widget\" data-widget_type=\"m2j.default\">\n\t\t\t\t<div class=\"elementor-widget-container\">\n\t\t\t<section class=\"mn-m2-h\">\n    <div class=\"mn-image-container mn-container\">\n                    <img src=\"https:\/\/up.lublin.pl\/wp-content\/uploads\/2023\/02\/70-lat-kongres-4-ENG.jpg\" alt=\"\">\n                        <\/div>\n    <div class=\"mn-grid mn-content\">\n                    <div class=\"mn-content-block\">\n                <h5><span style=\"color: #212121;\"><a style=\"color: #212121;\" href=\"https:\/\/up.lublin.pl\/en\/70lat-wnozib\/\">\u2190 go back<\/a><\/span><\/h5>\n            <\/div>\n                <\/div>\n<\/section>\n\t\t<\/div>\n\t\t\t\t<\/div>\n\t\t\t\t\t\t<\/div>\n\t\t\t\t\t<\/div>\n\t\t<\/div>\n\t\t\t\t\t\t\t\t<\/div>\n\t\t\t\t\t<\/div>\n\t\t<\/section>\n\t\t\t\t<section class=\"elementor-section elementor-top-section elementor-element elementor-element-d7562be elementor-section-boxed elementor-section-height-default elementor-section-height-default\" data-id=\"d7562be\" data-element_type=\"section\">\n\t\t\t\t\t\t<div class=\"elementor-container elementor-column-gap-default\">\n\t\t\t\t\t\t\t<div class=\"elementor-row\">\n\t\t\t\t\t<div class=\"elementor-column elementor-col-100 elementor-top-column elementor-element elementor-element-468f093\" data-id=\"468f093\" data-element_type=\"column\">\n\t\t\t<div class=\"elementor-column-wrap elementor-element-populated\">\n\t\t\t\t\t\t\t<div class=\"elementor-widget-wrap\">\n\t\t\t\t\t\t<div class=\"elementor-element elementor-element-0b82a34 elementor-widget elementor-widget-m5c\" data-id=\"0b82a34\" data-element_type=\"widget\" data-widget_type=\"m5c.default\">\n\t\t\t\t<div class=\"elementor-widget-container\">\n\t\t\t<section class=\"mn-m5-c mn-m5-d2 mn-bg-white\">\n\t<div class=\"mn-grid\">\n\t\t\t\t<div class=\"mn-content mn-grid-9\">\n\t\t\t                <div class=\"mn-content-block active\">\n\t                                                        <div class=\"block-text\">\n\t                                        <h3 style=\"text-align: center;\">CONGRESS PROGRAMME<\/h3>\n<p><strong>Wednesday, May 17, 2023<br \/><\/strong><\/p>\n<table style=\"border-collapse: collapse; width: 100%; margin-bottom: 20px; height: 529px;\">\n<tbody>\n<tr style=\"height: 23px;\">\n<td style=\"width: 14.6035%; border-style: hidden; height: 23px;\">9.00 &#8211; 11.00<\/td>\n<td style=\"width: 85.3965%; border-style: hidden; height: 23px;\">Registration of participants<\/td>\n<\/tr>\n<tr style=\"height: 23px;\">\n<td style=\"width: 14.6035%; border-style: hidden; height: 23px;\">11.00 &#8211; 16.00<\/td>\n<td style=\"width: 85.3965%; border-style: hidden; height: 23px;\">Opening of the Conference and Plenary Session<\/td>\n<\/tr>\n<tr style=\"height: 46px;\">\n<td style=\"width: 14.6035%; border-style: hidden; height: 46px;\">11.30 &#8211; 11.55<\/td>\n<td style=\"width: 85.3965%; border-style: hidden; height: 46px;\">Prof. Andrew Illius, Nick Savill PhD. &#8211; University of Edinburgh, Edinburgh, UK\u00a0 <br \/><strong>Quantitative epidemiology is key to managing maedi-visna<\/strong><\/td>\n<\/tr>\n<tr style=\"height: 46px;\">\n<td style=\"width: 14.6035%; border-style: hidden; height: 46px;\">12.00 &#8211; 12.25<\/td>\n<td style=\"width: 85.3965%; border-style: hidden; height: 46px;\">Hossam Eldin Rushdi Ahmed Ali Osman Associate Professor of Agriculture Cairo University, Egypt <br \/><strong>Impact of climate change on livestock production<\/strong><\/td>\n<\/tr>\n<tr style=\"height: 46px;\">\n<td style=\"width: 14.6035%; border-style: hidden; height: 46px;\">12.30 &#8211; 12.55<\/td>\n<td style=\"width: 85.3965%; border-style: hidden; height: 46px;\">Prof. Ma\u0142gorzata Szumacher &#8211; University of Life Sciences Pozna\u0144, Poland\u00a0 <br \/><strong>What if animal farming were not so bad for the environment?<\/strong><\/td>\n<\/tr>\n<tr style=\"height: 23px;\">\n<td style=\"width: 14.6035%; border-style: hidden; height: 23px;\">13.00 &#8211; 13.30<\/td>\n<td style=\"width: 85.3965%; border-style: hidden; height: 23px;\">Coffee break<\/td>\n<\/tr>\n<tr style=\"height: 46px;\">\n<td style=\"width: 14.6035%; border-style: hidden; height: 46px;\">13.30 &#8211; 13.55<\/td>\n<td style=\"width: 85.3965%; border-style: hidden; height: 46px;\">D.Sc. Dmytro Yanovych The State Scientific Research Control Institute of Veterinary, Medicinal Products &amp; Feed Additives, National Reference Laboratory Veterinary Drug Residues &#8211; Lviv, Ukraine <br \/><strong>Implementation of new regulations on the registration of feed additives in Ukraine<\/strong><\/td>\n<\/tr>\n<tr style=\"height: 46px;\">\n<td style=\"width: 14.6035%; border-style: hidden; height: 46px;\">14.00 &#8211; 14.25<\/td>\n<td style=\"width: 85.3965%; border-style: hidden; height: 46px;\">Cholewi\u0144ska Paulina PhD. Wojnarowski Konrad, Ludwig-Maximilians-University of Munich, Germany <br \/><strong>One health concept in animal science<\/strong><\/td>\n<\/tr>\n<tr style=\"height: 46px;\">\n<td style=\"width: 14.6035%; border-style: hidden; height: 46px;\">14.30 &#8211; 14.55<\/td>\n<td style=\"width: 85.3965%; border-style: hidden; height: 46px;\">Micha\u0142 Milerski PhD, Institute of Animal Breeding in Prague &#8211; the Czech Republic <br \/><strong>Wandering together (Idemy z&nbsp;\u0142owcami z&nbsp;histori\u0105 i&nbsp;kopcami)<\/strong><\/td>\n<\/tr>\n<tr style=\"height: 46px;\">\n<td style=\"width: 14.6035%; border-style: hidden; height: 46px;\">15.00 &#8211; 15.25<\/td>\n<td style=\"width: 85.3965%; border-style: hidden; height: 46px;\">Dr hab. Marek Rembierz, prof. U\u015a Uniwersytet \u015al\u0105ski w&nbsp;Katowicach <br \/><strong>Animals between culture and nature &#8211; horizons and borderlines of animal science<\/strong><\/td>\n<\/tr>\n<tr style=\"height: 23px;\">\n<td style=\"width: 14.6035%; border-style: hidden; height: 23px;\">15.30 &#8211; 16.00<\/td>\n<td style=\"width: 85.3965%; border-style: hidden; height: 23px;\">Coffee break<\/td>\n<\/tr>\n<tr style=\"height: 23px;\">\n<td style=\"width: 14.6035%; border-style: hidden; height: 23px;\">16.00 &#8211; 18.00<\/td>\n<td style=\"width: 85.3965%; border-style: hidden; height: 23px;\">Poster session<\/td>\n<\/tr>\n<tr>\n<td style=\"width: 14.6035%; border-style: hidden;\">19.00<\/td>\n<td style=\"width: 85.3965%; border-style: hidden;\">Solemn summary of the first day of the scientific conference, with a&nbsp;scientific summary of the poster sessions<\/td>\n<\/tr>\n<\/tbody>\n<\/table>\n<p><strong>Thursday, May 18, 2023<\/strong><\/p>\n<table style=\"border-collapse: collapse; width: 100%; margin-bottom: 20px;\">\n<tbody>\n<tr>\n<td style=\"width: 14.3931%; border-style: hidden;\">10.00 &#8211; 13.00<\/td>\n<td style=\"width: 85.6069%; border-style: hidden;\">Ceremonial celebration of the 70th anniversary of the Faculty of Animal Sciences and Bioeconomy of the University of Life Sciences in Lublin, combined with the award of the title of doctor honoris causa of the University of Life Sciences in Lublin to professor dr. hab. Marek \u015awito\u0144ski<\/td>\n<\/tr>\n<tr>\n<td style=\"width: 14.3931%; border-style: hidden;\">15.00<\/td>\n<td style=\"width: 85.6069%; border-style: hidden;\">Science picnic in the Dworek Ziemia\u0144ski in Felin<\/td>\n<\/tr>\n<\/tbody>\n<\/table>\n<p><strong>Friday, May 19, 2023<\/strong><\/p>\n<table style=\"border-collapse: collapse; width: 100%;\">\n<tbody>\n<tr>\n<td style=\"width: 14.2238%; border-style: hidden;\">8.15 &#8211; 17.00<\/td>\n<td style=\"width: 85.7762%; border-style: hidden;\">Study trips<\/td>\n<\/tr>\n<\/tbody>\n<\/table>\n                                        <\/div>\n\t\t\t\t\t\t                                <\/div>\n\t\t\t\t                <div class=\"mn-content-block\">\n\t                                <\/div>\n\t\t\t\t                <div class=\"mn-content-block\">\n\t                                <\/div>\n\t\t\t\t                <div class=\"mn-content-block\">\n\t                                <\/div>\n\t\t\t\t                <div class=\"mn-content-block\">\n\t                                <\/div>\n\t\t\t\t                <div class=\"mn-content-block\">\n\t                                <\/div>\n\t\t\t\t                <div class=\"mn-content-block\">\n\t                                <\/div>\n\t\t\t\t                <div class=\"mn-content-block\">\n\t                                <\/div>\n\t\t\t\t                <div class=\"mn-content-block\">\n\t                                <\/div>\n\t\t\t\t                <div class=\"mn-content-block\">\n\t                                <\/div>\n\t\t\t\t                <div class=\"mn-content-block\">\n\t                                <\/div>\n\t\t\t\t                <div class=\"mn-content-block\">\n\t                                <\/div>\n\t\t\t\t                <div class=\"mn-content-block\">\n\t                                <\/div>\n\t\t\t\t                <div class=\"mn-content-block\">\n\t                                <\/div>\n\t\t\t\t                <div class=\"mn-content-block\">\n\t                                <\/div>\n\t\t\t\t                <div class=\"mn-content-block\">\n\t                                <\/div>\n\t\t\t\t                <div class=\"mn-content-block\">\n\t                                <\/div>\n\t\t\t\t                <div class=\"mn-content-block\">\n\t                                <\/div>\n\t\t\t\t                <div class=\"mn-content-block\">\n\t                                <\/div>\n\t\t\t\t                <div class=\"mn-content-block\">\n\t                                <\/div>\n\t\t\t\t\t\t<\/div>\n\t<\/div>\n<\/section>\n\t\t<\/div>\n\t\t\t\t<\/div>\n\t\t\t\t\t\t<\/div>\n\t\t\t\t\t<\/div>\n\t\t<\/div>\n\t\t\t\t\t\t\t\t<\/div>\n\t\t\t\t\t<\/div>\n\t\t<\/section>\n\t\t\t\t\t\t<\/div>\n\t\t\t\t\t\t<\/div>\n\t\t\t\t\t<\/div>\n\t\t","protected":false},"excerpt":{"rendered":"<p>\u2190 go back CONGRESS PROGRAMME Wednesday, May 17, 2023 9.00 &#8211; 11.00 Registration of participants 11.00 &#8211; 16.00 Opening of the Conference and Plenary Session 11.30 &#8211; 11.55 Prof. Andrew Illius, Nick Savill PhD. &#8211; University of Edinburgh, Edinburgh, UK\u00a0 Quantitative epidemiology is key to managing maedi-visna 12.00 &#8211; 12.25 Hossam Eldin Rushdi Ahmed Ali [&hellip;]<\/p>\n","protected":false},"author":2,"featured_media":0,"parent":321230,"menu_order":0,"comment_status":"closed","ping_status":"closed","template":"elementor_header_footer","meta":{"_monsterinsights_skip_tracking":false,"_monsterinsights_sitenote_active":false,"_monsterinsights_sitenote_note":"","_monsterinsights_sitenote_category":0},"_links":{"self":[{"href":"https:\/\/up.lublin.pl\/en\/wp-json\/wp\/v2\/pages\/321262"}],"collection":[{"href":"https:\/\/up.lublin.pl\/en\/wp-json\/wp\/v2\/pages"}],"about":[{"href":"https:\/\/up.lublin.pl\/en\/wp-json\/wp\/v2\/types\/page"}],"author":[{"embeddable":true,"href":"https:\/\/up.lublin.pl\/en\/wp-json\/wp\/v2\/users\/2"}],"replies":[{"embeddable":true,"href":"https:\/\/up.lublin.pl\/en\/wp-json\/wp\/v2\/comments?post=321262"}],"version-history":[{"count":23,"href":"https:\/\/up.lublin.pl\/en\/wp-json\/wp\/v2\/pages\/321262\/revisions"}],"predecessor-version":[{"id":340290,"href":"https:\/\/up.lublin.pl\/en\/wp-json\/wp\/v2\/pages\/321262\/revisions\/340290"}],"up":[{"embeddable":true,"href":"https:\/\/up.lublin.pl\/en\/wp-json\/wp\/v2\/pages\/321230"}],"wp:attachment":[{"href":"https:\/\/up.lublin.pl\/en\/wp-json\/wp\/v2\/media?parent=321262"}],"curies":[{"name":"wp","href":"https:\/\/api.w.org\/{rel}","templated":true}]}}