{"id":319513,"date":"2023-02-07T09:49:35","date_gmt":"2023-02-07T08:49:35","guid":{"rendered":"https:\/\/up.lublin.pl\/doctoral-school\/interdisciplinary-scientific-seminars\/"},"modified":"2024-01-02T14:36:50","modified_gmt":"2024-01-02T13:36:50","slug":"seminars","status":"publish","type":"page","link":"https:\/\/up.lublin.pl\/en\/doctoral-school\/seminars\/","title":{"rendered":"Interdisciplinary scientific seminars"},"content":{"rendered":"\t\t<div data-elementor-type=\"wp-page\" data-elementor-id=\"319513\" class=\"elementor elementor-319513 elementor-319016\" data-elementor-settings=\"[]\">\n\t\t\t\t\t\t<div class=\"elementor-inner\">\n\t\t\t\t\t\t\t<div class=\"elementor-section-wrap\">\n\t\t\t\t\t\t\t<section class=\"elementor-section elementor-top-section elementor-element elementor-element-3fb16bc elementor-section-boxed elementor-section-height-default elementor-section-height-default\" data-id=\"3fb16bc\" data-element_type=\"section\">\n\t\t\t\t\t\t<div class=\"elementor-container elementor-column-gap-default\">\n\t\t\t\t\t\t\t<div class=\"elementor-row\">\n\t\t\t\t\t<div class=\"elementor-column elementor-col-100 elementor-top-column elementor-element elementor-element-557da34\" data-id=\"557da34\" data-element_type=\"column\">\n\t\t\t<div class=\"elementor-column-wrap elementor-element-populated\">\n\t\t\t\t\t\t\t<div class=\"elementor-widget-wrap\">\n\t\t\t\t\t\t<div class=\"elementor-element elementor-element-f948e92 elementor-widget elementor-widget-m2e\" data-id=\"f948e92\" data-element_type=\"widget\" data-widget_type=\"m2e.default\">\n\t\t\t\t<div class=\"elementor-widget-container\">\n\t\t\t<section class=\"mn-m2-e mn-bg-green\">\n\t<div class=\"mn-grid\">\n\t\t<div class=\"mn-grid-3 mn-introtext\">\n\t\t\t\t\t\t\t<p class=\"mn-header\">Doctoral School<\/p>\n\t\t\t\t\t\t\t\t\t\t\t<h3>\n\t\t\t\t\tWorkshops, seminars \t\t\t\t<\/h3>\n\t\t\t\t\t\t\t\t\t\t\t\t\t\t<div class=\"mn-content\">\n\t\t\t\t\t<p><a href=\"https:\/\/up.lublin.pl\/wp-content\/uploads\/2022\/06\/szkola-doktorska_logo_godlo_str.png\"><img loading=\"lazy\" class=\"size-full wp-image-273472 alignleft\" src=\"https:\/\/up.lublin.pl\/wp-content\/uploads\/2022\/06\/szkola-doktorska_logo_godlo_str.png\" alt=\"\" width=\"112\" height=\"112\" \/><\/a><\/p>\n\t\t\t\t<\/div>\n\t\t\t\t\t\t<\/div>\n\t\t<div class=\"mn-grid-9 mn-image-container\">\n\t\t\t\t\t\t\t<img src=\"https:\/\/up.lublin.pl\/wp-content\/uploads\/2023\/02\/seminaria_banner.jpg\" alt=\"\">\n\t\t\t\t\t\t<\/div>\n\t<\/div>\n\t<\/section>\n\t\t<\/div>\n\t\t\t\t<\/div>\n\t\t\t\t\t\t<\/div>\n\t\t\t\t\t<\/div>\n\t\t<\/div>\n\t\t\t\t\t\t\t\t<\/div>\n\t\t\t\t\t<\/div>\n\t\t<\/section>\n\t\t\t\t<section class=\"elementor-section elementor-top-section elementor-element elementor-element-3746a00 elementor-section-boxed elementor-section-height-default elementor-section-height-default\" data-id=\"3746a00\" data-element_type=\"section\">\n\t\t\t\t\t\t<div class=\"elementor-container elementor-column-gap-default\">\n\t\t\t\t\t\t\t<div class=\"elementor-row\">\n\t\t\t\t\t<div class=\"elementor-column elementor-col-100 elementor-top-column elementor-element elementor-element-abde809\" data-id=\"abde809\" data-element_type=\"column\">\n\t\t\t<div class=\"elementor-column-wrap elementor-element-populated\">\n\t\t\t\t\t\t\t<div class=\"elementor-widget-wrap\">\n\t\t\t\t\t\t<div class=\"elementor-element elementor-element-c6ddf53 elementor-widget elementor-widget-m3j\" data-id=\"c6ddf53\" data-element_type=\"widget\" data-widget_type=\"m3j.default\">\n\t\t\t\t<div class=\"elementor-widget-container\">\n\t\t\t<section class=\"mn-m3-e2 mn-m3-j mn-dynamic mn-bg-green\" data-id=\"c6ddf53\" data-url=\"https:\/\/up.lublin.pl\/en\/doctoral-school\/seminars\/\">\n    <div class=\"mn-grid\">\n        <h2 class=\"mn-grid-6 mn-title\"><\/h2>\n        <div class=\"mn-grid-6\">\n\t        \t<div class=\"mn-tabs-dynamic\">\r\n                \t<\/div>\r\n\t        <\/div>\n\t        <\/div>\n    <div class=\"mn-content-block\">\n        <div class=\"mn-content-block-in\">\n            <div class=\"mn-grid\">\n\t\t                                <div class=\"mn-item mn-grid-3\">\n                            <div class=\"mn-images-container\">\n\t                                                                 <img src=\"https:\/\/up.lublin.pl\/wp-content\/uploads\/2026\/02\/wyjazd-sd-js.jpg\" alt=\"Report on the Research and Teaching Visit with Particular Emphasis on the Promotion of the Doctoral School of the University of Life Sciences in Lublin\" \/>\n\t                                                            <\/div>\n                            <div class=\"mn-content\">\n                                <p>Report on the Research and Teaching Visit with Particular Emphasis on the Promotion of the Doctoral School of the University of Life Sciences in Lublin<\/p>\n                            <\/div>\n                            <a href=\"https:\/\/up.lublin.pl\/en\/blog\/report-on-the-research-and-teaching-visit-with-particular-emphasis-on-the-promotion-of-the-doctoral-school-of-the-university-of-life-sciences-in-lublin\/\" class=\"mn-more\">Read more<\/a>\n                        <\/div>\n\t\t\t\t                                <div class=\"mn-item mn-grid-3\">\n                            <div class=\"mn-images-container\">\n\t                                                                 <img src=\"https:\/\/up.lublin.pl\/wp-content\/uploads\/2025\/03\/kowno_ow.jpg\" alt=\"Promotional Campaign to Attract International Doctoral Candidates and Supervisors, Kaunas (Lithuania)\" \/>\n\t                                                            <\/div>\n                            <div class=\"mn-content\">\n                                <p>Promotional Campaign to Attract International Doctoral Candidates and Supervisors, Kaunas (Lithuania)<\/p>\n                            <\/div>\n                            <a href=\"https:\/\/up.lublin.pl\/en\/blog\/promotional-campaign-to-attract-international-doctoral-candidates-and-supervisors-kaunas-lithuania\/\" class=\"mn-more\">Read more<\/a>\n                        <\/div>\n\t\t\t\t                                <div class=\"mn-item mn-grid-3\">\n                            <div class=\"mn-images-container\">\n\t                                                                 <img src=\"https:\/\/up.lublin.pl\/wp-content\/uploads\/2024\/12\/BSS_nawa-ow.jpg\" alt=\"Report from the task \u201cTeaching mobility\u201d - Barbara Sowi\u0144ska-Swierkosz, Ph.D., associate professor\" \/>\n\t                                                            <\/div>\n                            <div class=\"mn-content\">\n                                <p>Report from the task \u201cTeaching mobility\u201d - Barbara Sowi\u0144ska-Swierkosz, Ph.D., associate professor<\/p>\n                            <\/div>\n                            <a href=\"https:\/\/up.lublin.pl\/en\/blog\/report-from-the-task-teaching-mobility-barbara-sowinska-swierkosz-ph-d-associate-professor\/\" class=\"mn-more\">Read more<\/a>\n                        <\/div>\n\t\t\t\t                                <div class=\"mn-item mn-grid-3\">\n                            <div class=\"mn-images-container\">\n\t                                                                 <img src=\"https:\/\/up.lublin.pl\/wp-content\/uploads\/2023\/11\/Obraz1-1.png\" alt=\"International workshops on soft skills\" \/>\n\t                                                            <\/div>\n                            <div class=\"mn-content\">\n                                <p>International workshops on soft skills<\/p>\n                            <\/div>\n                            <a href=\"https:\/\/up.lublin.pl\/en\/blog\/international-workshops-on-soft-skills\/\" class=\"mn-more\">Read more<\/a>\n                        <\/div>\n\t\t\t\t                                <div class=\"mn-item mn-grid-3\">\n                            <div class=\"mn-images-container\">\n\t                                                                 <img src=\"https:\/\/up.lublin.pl\/wp-content\/uploads\/2023\/11\/wyr-8.png\" alt=\"International workshops on Sustainable Development\" \/>\n\t                                                            <\/div>\n                            <div class=\"mn-content\">\n                                <p>International workshops on Sustainable Development<\/p>\n                            <\/div>\n                            <a href=\"https:\/\/up.lublin.pl\/en\/blog\/international-workshops-on-sustainable-development\/\" class=\"mn-more\">Read more<\/a>\n                        <\/div>\n\t\t\t\t                                <div class=\"mn-item mn-grid-3\">\n                            <div class=\"mn-images-container\">\n\t                                                                 <img src=\"https:\/\/up.lublin.pl\/wp-content\/uploads\/2023\/10\/kwt_ow.jpg\" alt=\"Study visit of guests of the Congress of Cross-Border Cooperation\" \/>\n\t                                                            <\/div>\n                            <div class=\"mn-content\">\n                                <p>Study visit of guests of the Congress of Cross-Border Cooperation<\/p>\n                            <\/div>\n                            <a href=\"https:\/\/up.lublin.pl\/en\/blog\/study-visit-of-guests-of-the-congress-of-cross-border-cooperation\/\" class=\"mn-more\">Read more<\/a>\n                        <\/div>\n\t\t\t\t                                <div class=\"mn-item mn-grid-3\">\n                            <div class=\"mn-images-container\">\n\t                                                                 <img src=\"https:\/\/up.lublin.pl\/wp-content\/uploads\/2022\/05\/mdr2022_ow.jpg\" alt=\"Polish-Hungarian Workshops \u201eNew trends in plant research\u201d\" \/>\n\t                                                            <\/div>\n                            <div class=\"mn-content\">\n                                <p>Polish-Hungarian Workshops \u201eNew trends in plant research\u201d<\/p>\n                            <\/div>\n                            <a href=\"https:\/\/up.lublin.pl\/en\/blog\/polish-hungarian-workshops-new-trends-in-plant-research\/\" class=\"mn-more\">Read more<\/a>\n                        <\/div>\n\t\t\t\t                                <div class=\"mn-item mn-grid-3\">\n                            <div class=\"mn-images-container\">\n\t                                                                 <img src=\"https:\/\/up.lublin.pl\/wp-content\/uploads\/2023\/06\/fq_budapest_ow.jpg\" alt=\"\u201eFOOD Quality in Digital Age\u201d network visited the Hungarian University of Agriculture and Life Sciences in Budapest!\" \/>\n\t                                                            <\/div>\n                            <div class=\"mn-content\">\n                                <p>\u201eFOOD Quality in Digital Age\u201d network visited the Hungarian University of Agriculture and Life Sciences in Budapest!<\/p>\n                            <\/div>\n                            <a href=\"https:\/\/up.lublin.pl\/en\/blog\/food-quality-in-digital-age-network-visited-the-hungarian-university-of-agriculture-and-life-sciences-in-budapest\/\" class=\"mn-more\">Read more<\/a>\n                        <\/div>\n\t\t\t\t        \t\t                            <div class=\"mn-pagination mn-grid-12\">\n\t\t\t\t                                    <span class=\"mn-page active\" data-page=\"1\">1<\/span>\n\t\t\t\t\t                                    <span class=\"mn-page\" data-page=\"2\">2<\/span>\n\t\t\t\t\t                            <\/div>\n\t\t\t                    <\/div>\n            <div class=\"mn-loading\"><\/div>\n        <\/div>\n    <\/div>\n<\/section>\n\t\t<\/div>\n\t\t\t\t<\/div>\n\t\t\t\t\t\t<\/div>\n\t\t\t\t\t<\/div>\n\t\t<\/div>\n\t\t\t\t\t\t\t\t<\/div>\n\t\t\t\t\t<\/div>\n\t\t<\/section>\n\t\t\t\t\t\t<\/div>\n\t\t\t\t\t\t<\/div>\n\t\t\t\t\t<\/div>\n\t\t","protected":false},"excerpt":{"rendered":"<p>Doctoral School Workshops, seminars UP International workshops on soft skills Zobacz wi\u0119cej International workshops on Sustainable Development Zobacz wi\u0119cej Study visit of guests of the Congress of Cross-Border Cooperation Zobacz wi\u0119cej Polish-Hungarian Workshops \u201eNew trends in plant research\u201d Zobacz wi\u0119cej \u201eFOOD Quality in Digital Age\u201d network visited the Hungarian University of Agriculture and Life Sciences [&hellip;]<\/p>\n","protected":false},"author":2,"featured_media":0,"parent":108129,"menu_order":0,"comment_status":"closed","ping_status":"closed","template":"elementor_header_footer","meta":{"_monsterinsights_skip_tracking":false,"_monsterinsights_sitenote_active":false,"_monsterinsights_sitenote_note":"","_monsterinsights_sitenote_category":0},"_links":{"self":[{"href":"https:\/\/up.lublin.pl\/en\/wp-json\/wp\/v2\/pages\/319513"}],"collection":[{"href":"https:\/\/up.lublin.pl\/en\/wp-json\/wp\/v2\/pages"}],"about":[{"href":"https:\/\/up.lublin.pl\/en\/wp-json\/wp\/v2\/types\/page"}],"author":[{"embeddable":true,"href":"https:\/\/up.lublin.pl\/en\/wp-json\/wp\/v2\/users\/2"}],"replies":[{"embeddable":true,"href":"https:\/\/up.lublin.pl\/en\/wp-json\/wp\/v2\/comments?post=319513"}],"version-history":[{"count":14,"href":"https:\/\/up.lublin.pl\/en\/wp-json\/wp\/v2\/pages\/319513\/revisions"}],"predecessor-version":[{"id":385671,"href":"https:\/\/up.lublin.pl\/en\/wp-json\/wp\/v2\/pages\/319513\/revisions\/385671"}],"up":[{"embeddable":true,"href":"https:\/\/up.lublin.pl\/en\/wp-json\/wp\/v2\/pages\/108129"}],"wp:attachment":[{"href":"https:\/\/up.lublin.pl\/en\/wp-json\/wp\/v2\/media?parent=319513"}],"curies":[{"name":"wp","href":"https:\/\/api.w.org\/{rel}","templated":true}]}}