{"id":306215,"date":"2022-12-08T08:17:02","date_gmt":"2022-12-08T07:17:02","guid":{"rendered":"https:\/\/up.lublin.pl\/agrobiosnewgen\/publications\/"},"modified":"2025-04-15T10:48:43","modified_gmt":"2025-04-15T08:48:43","slug":"publications","status":"publish","type":"page","link":"https:\/\/up.lublin.pl\/en\/agrobiosnewgen\/publications\/","title":{"rendered":"Publications"},"content":{"rendered":"\t\t<div data-elementor-type=\"wp-page\" data-elementor-id=\"306215\" class=\"elementor elementor-306215 elementor-284816\" data-elementor-settings=\"[]\">\n\t\t\t\t\t\t<div class=\"elementor-inner\">\n\t\t\t\t\t\t\t<div class=\"elementor-section-wrap\">\n\t\t\t\t\t\t\t<section class=\"elementor-section elementor-top-section elementor-element elementor-element-7e58709 elementor-section-boxed elementor-section-height-default elementor-section-height-default\" data-id=\"7e58709\" data-element_type=\"section\">\n\t\t\t\t\t\t<div class=\"elementor-container elementor-column-gap-default\">\n\t\t\t\t\t\t\t<div class=\"elementor-row\">\n\t\t\t\t\t<div class=\"elementor-column elementor-col-100 elementor-top-column elementor-element elementor-element-d52bdb0\" data-id=\"d52bdb0\" data-element_type=\"column\">\n\t\t\t<div class=\"elementor-column-wrap elementor-element-populated\">\n\t\t\t\t\t\t\t<div class=\"elementor-widget-wrap\">\n\t\t\t\t\t\t<div class=\"elementor-element elementor-element-c3f9b12 elementor-widget elementor-widget-m2k\" data-id=\"c3f9b12\" data-element_type=\"widget\" data-widget_type=\"m2k.default\">\n\t\t\t\t<div class=\"elementor-widget-container\">\n\t\t\t<section class=\"mn-m2-d mn-bg-green\">\n    <div class=\"mn-grid\">\n        <div class=\"mn-grid-12 mn-introtext\">\n                            <h3>\n                    Publikacje                <\/h3>\n                        <\/div>\n    <\/div>\n    <\/section>\n\t\t<\/div>\n\t\t\t\t<\/div>\n\t\t\t\t\t\t<\/div>\n\t\t\t\t\t<\/div>\n\t\t<\/div>\n\t\t\t\t\t\t\t\t<\/div>\n\t\t\t\t\t<\/div>\n\t\t<\/section>\n\t\t\t\t<section class=\"elementor-section elementor-top-section elementor-element elementor-element-6f9baa4 elementor-section-boxed elementor-section-height-default elementor-section-height-default\" data-id=\"6f9baa4\" data-element_type=\"section\">\n\t\t\t\t\t\t<div class=\"elementor-container elementor-column-gap-default\">\n\t\t\t\t\t\t\t<div class=\"elementor-row\">\n\t\t\t\t\t<div class=\"elementor-column elementor-col-100 elementor-top-column elementor-element elementor-element-3d437b1\" data-id=\"3d437b1\" data-element_type=\"column\">\n\t\t\t<div class=\"elementor-column-wrap elementor-element-populated\">\n\t\t\t\t\t\t\t<div class=\"elementor-widget-wrap\">\n\t\t\t\t\t\t<div class=\"elementor-element elementor-element-def7499 elementor-widget elementor-widget-m5c\" data-id=\"def7499\" data-element_type=\"widget\" data-widget_type=\"m5c.default\">\n\t\t\t\t<div class=\"elementor-widget-container\">\n\t\t\t<section class=\"mn-m5-c mn-m5-d2 mn-bg-white\">\n\t<div class=\"mn-grid\">\n\t\t\t\t<div class=\"mn-content mn-grid-9\">\n\t\t\t                <div class=\"mn-content-block active\">\n\t                                                        <div class=\"block-text\">\n\t                                        <h2><strong>Previous joint publications of project team members<\/strong><\/h2>\n<p>Kocira S, P\u00e9rez-Piz\u00e1 MC, Bohata A, Bartos P, Szparaga A. Cold Plasma as a&nbsp;Potential Activator of Plant Biostimulants. <em>Sustainability<\/em>. 2022; 14(1):495. <a href=\"https:\/\/doi.org\/10.3390\/su14010495\">https:\/\/doi.org\/10.3390\/su14010495<\/a><\/p>\n<p>Szparaga, A., Kocira, S., Kapusta, I., &amp; Zagu\u0142a, G. (2021). Prototyping extracts from Artemisia absinthium L. for their biostimulating properties yield-enhancing, and farmer income-increasing properties. <em>Industrial Crops and Products<\/em>, <em>160<\/em>, 113125. <a href=\"https:\/\/doi.org\/10.1016\/j.indcrop.2020.113125\">https:\/\/doi.org\/10.1016\/j.indcrop.2020.113125<\/a><\/p>\n<p>Kriz P, Olsan P, Havelka Z, Bohata A, Krishna S, Cerny P, Filip M, Bartos P, Kocira S, Spatenka P. Experimental Investigation into the Influence of Plasma Technology on Seed Surface Wettability. <em>Applied Sciences<\/em>. 2021; 11(21):9994. <a href=\"https:\/\/doi.org\/10.3390\/app11219994\">https:\/\/doi.org\/10.3390\/app11219994<\/a><\/p>\n<p>Kocira S, Szparaga A, Krawczuk A, Barto\u0161 P, Zagu\u0142a G, Plawgo M, \u010cern\u00fd P. Plant Material as a&nbsp;Novel Tool in Designing and Formulating Modern Biostimulants\u2014Analysis of Botanical Extract from <em>Linum usitatissimum<\/em> L. <em>Materials<\/em>. 2021; 14(21):6661. <a href=\"https:\/\/doi.org\/10.3390\/ma14216661\">https:\/\/doi.org\/10.3390\/ma14216661<\/a><\/p>\n<p>Szparaga, A., Kocira, S., Findura, P., Kapusta, I., Zagu\u0142a, G., &amp; \u015awieca, M. (2021). Uncovering the multi-level response of Glycine max L. to the application of allelopathic biostimulant from Levisticum officinale Koch. <em>Scientific Reports<\/em>, <em>11<\/em>(1), 1-15. <a href=\"https:\/\/doi.org\/10.1038\/s41598-021-94774-5\">https:\/\/doi.org\/10.1038\/s41598-021-94774-5<\/a><\/p>\n<p>Findura P, Hara P, Szparaga A, Kocira S, Czerwi\u0144ska E, Barto\u0161 P, Nowak J, Treder K. Evaluation of the Effects of Allelopathic Aqueous Plant Extracts, as Potential Preparations for Seed Dressing, on the Modulation of Cauliflower Seed Germination. <em>Agriculture<\/em>. 2020; 10(4):122. <a href=\"https:\/\/doi.org\/10.3390\/agriculture10040122\">https:\/\/doi.org\/10.3390\/agriculture10040122<\/a><\/p>\n<p>Kocira, S., Szparaga, A., Hara, P., Treder, K., Findura, P., Barto\u0161, P., &amp; Filip, M. (2020). Biochemical and economical effect of application biostimulants containing seaweed extracts and amino acids as an element of agroecological management of bean cultivation. <em>Scientific Reports<\/em>, <em>10<\/em>(1), 1-16. <a href=\"https:\/\/doi.org\/10.1038\/s41598-020-74959-0\">https:\/\/doi.org\/10.1038\/s41598-020-74959-0<\/a>\u00a0<\/p>\n<h2><strong>Publications produced as part of the project<\/strong><\/h2>\n<p>Plawgo, M., Kocira, S., &amp; Bohata, A. Optimizing Microwave-Assisted Extraction from Levisticum officinale WDJ Koch Roots Using Pareto Optimal Solutions.\u00a0Processes, 2024, <em>12<\/em>(5), 1026. <a href=\"https:\/\/doi.org\/10.3390\/pr12051026\">https:\/\/doi.org\/10.3390\/pr12051026<\/a><\/p>\n<p>P\u00e9rez-Piz\u00e1, M. C., Sautua, F. J., Szparaga, A., Bohata, A., Kocira, S., &amp; Carmona, M. A. New Tools for the Management of Fungal Pathogens in Extensive Cropping Systems for Friendly Environments. Critical Reviews in Plant Sciences, 2024, <em>43<\/em>(2), 63\u201393. <a href=\"https:\/\/doi.org\/10.1080\/07352689.2023.2268921\">https:\/\/doi.org\/10.1080\/07352689.2023.2268921<\/a><\/p>\n<p>Plawgo, M., Kocira, S. &amp; Bohata, A. Multi-Objective Optimization of the Green Extraction Conditions of Bio-Active Compounds from a&nbsp;<em>Levisticum officinale<\/em> WDJ Koch: Pareto Optimality and Compromise Solutions for Process Management. Agricultural Engineering, 2024, 28(1), pp. 137-165. <a href=\"https:\/\/doi.org\/10.2478\/agriceng-2024-0010\">https:\/\/doi.org\/10.2478\/agriceng-2024-0010<\/a><\/p>\n<p>Krawczuk, A., Ogrodniczek, J., Bohata, A., Bartos, P., Ol\u0161an, P., Findura, P. &amp; Kocira, S. Physical Properties of Plant Extracts with Biostimulant Potential Produced Using Cold Plasma and Low-Pressure Microwave Discharge. Agricultural Engineering, 2024, 28(1), 277-285. <a href=\"https:\/\/doi.org\/10.2478\/agriceng-2024-0017\">https:\/\/doi.org\/10.2478\/agriceng-2024-0017<\/a><\/p>\n<p>Kocira, S., Bohat\u00e1, A., Barto\u0161, P., Ol\u0161an, P., P\u00e9rez-Piz\u00e1, M.C., \u015awieca, M., Sozoniuk, M., Szparaga, A., Bedrn\u00ed\u010dek, J., Lorenc, F., Jaro\u0161ov\u00e1, M., Stupkov\u00e1, A. &amp; \u0160\u00edma, J. Technologies for producing Plant Biostimulants using Cold Plasma and Low-Pressure Microwave Discharge. Agricultural Engineering, 2024, 28(1), 341-351. <a href=\"https:\/\/doi.org\/10.2478\/agriceng-2024-0021\">https:\/\/doi.org\/10.2478\/agriceng-2024-0021<\/a><\/p>\n                                        <\/div>\n\t\t\t\t\t\t                                <\/div>\n\t\t\t\t                <div class=\"mn-content-block\">\n\t                                <\/div>\n\t\t\t\t                <div class=\"mn-content-block\">\n\t                                <\/div>\n\t\t\t\t                <div class=\"mn-content-block\">\n\t                                <\/div>\n\t\t\t\t                <div class=\"mn-content-block\">\n\t                                <\/div>\n\t\t\t\t                <div class=\"mn-content-block\">\n\t                                <\/div>\n\t\t\t\t                <div class=\"mn-content-block\">\n\t                                <\/div>\n\t\t\t\t                <div class=\"mn-content-block\">\n\t                                <\/div>\n\t\t\t\t                <div class=\"mn-content-block\">\n\t                                <\/div>\n\t\t\t\t                <div class=\"mn-content-block\">\n\t                                <\/div>\n\t\t\t\t                <div class=\"mn-content-block\">\n\t                                <\/div>\n\t\t\t\t                <div class=\"mn-content-block\">\n\t                                <\/div>\n\t\t\t\t                <div class=\"mn-content-block\">\n\t                                <\/div>\n\t\t\t\t                <div class=\"mn-content-block\">\n\t                                <\/div>\n\t\t\t\t                <div class=\"mn-content-block\">\n\t                                <\/div>\n\t\t\t\t                <div class=\"mn-content-block\">\n\t                                <\/div>\n\t\t\t\t                <div class=\"mn-content-block\">\n\t                                <\/div>\n\t\t\t\t                <div class=\"mn-content-block\">\n\t                                <\/div>\n\t\t\t\t                <div class=\"mn-content-block\">\n\t                                <\/div>\n\t\t\t\t                <div class=\"mn-content-block\">\n\t                                <\/div>\n\t\t\t\t\t\t<\/div>\n\t<\/div>\n<\/section>\n\t\t<\/div>\n\t\t\t\t<\/div>\n\t\t\t\t\t\t<\/div>\n\t\t\t\t\t<\/div>\n\t\t<\/div>\n\t\t\t\t\t\t\t\t<\/div>\n\t\t\t\t\t<\/div>\n\t\t<\/section>\n\t\t\t\t\t\t<\/div>\n\t\t\t\t\t\t<\/div>\n\t\t\t\t\t<\/div>\n\t\t","protected":false},"excerpt":{"rendered":"<p>Publikacje UP Previous joint publications of project team members Kocira S, P\u00e9rez-Piz\u00e1 MC, Bohata A, Bartos P, Szparaga A. Cold Plasma as a&nbsp;Potential Activator of Plant Biostimulants. Sustainability. 2022; 14(1):495. https:\/\/doi.org\/10.3390\/su14010495 Szparaga, A., Kocira, S., Kapusta, I., &amp; Zagu\u0142a, G. (2021). Prototyping extracts from Artemisia absinthium L. for their biostimulating properties yield-enhancing, and farmer income-increasing [&hellip;]<\/p>\n","protected":false},"author":2,"featured_media":0,"parent":306174,"menu_order":0,"comment_status":"closed","ping_status":"closed","template":"elementor_header_footer","meta":{"_monsterinsights_skip_tracking":false,"_monsterinsights_sitenote_active":false,"_monsterinsights_sitenote_note":"","_monsterinsights_sitenote_category":0},"_links":{"self":[{"href":"https:\/\/up.lublin.pl\/en\/wp-json\/wp\/v2\/pages\/306215"}],"collection":[{"href":"https:\/\/up.lublin.pl\/en\/wp-json\/wp\/v2\/pages"}],"about":[{"href":"https:\/\/up.lublin.pl\/en\/wp-json\/wp\/v2\/types\/page"}],"author":[{"embeddable":true,"href":"https:\/\/up.lublin.pl\/en\/wp-json\/wp\/v2\/users\/2"}],"replies":[{"embeddable":true,"href":"https:\/\/up.lublin.pl\/en\/wp-json\/wp\/v2\/comments?post=306215"}],"version-history":[{"count":7,"href":"https:\/\/up.lublin.pl\/en\/wp-json\/wp\/v2\/pages\/306215\/revisions"}],"predecessor-version":[{"id":471204,"href":"https:\/\/up.lublin.pl\/en\/wp-json\/wp\/v2\/pages\/306215\/revisions\/471204"}],"up":[{"embeddable":true,"href":"https:\/\/up.lublin.pl\/en\/wp-json\/wp\/v2\/pages\/306174"}],"wp:attachment":[{"href":"https:\/\/up.lublin.pl\/en\/wp-json\/wp\/v2\/media?parent=306215"}],"curies":[{"name":"wp","href":"https:\/\/api.w.org\/{rel}","templated":true}]}}