{"id":306211,"date":"2022-12-08T08:14:59","date_gmt":"2022-12-08T07:14:59","guid":{"rendered":"https:\/\/up.lublin.pl\/agrobiosnewgen\/meetings-visits-conferences-schools\/"},"modified":"2025-04-23T08:02:12","modified_gmt":"2025-04-23T06:02:12","slug":"meetings","status":"publish","type":"page","link":"https:\/\/up.lublin.pl\/en\/agrobiosnewgen\/meetings\/","title":{"rendered":"Meetings, Visits, Conferences, Schools"},"content":{"rendered":"\t\t<div data-elementor-type=\"wp-page\" data-elementor-id=\"306211\" class=\"elementor elementor-306211 elementor-284613\" data-elementor-settings=\"[]\">\n\t\t\t\t\t\t<div class=\"elementor-inner\">\n\t\t\t\t\t\t\t<div class=\"elementor-section-wrap\">\n\t\t\t\t\t\t\t<section class=\"elementor-section elementor-top-section elementor-element elementor-element-530d299 elementor-section-boxed elementor-section-height-default elementor-section-height-default\" data-id=\"530d299\" data-element_type=\"section\">\n\t\t\t\t\t\t<div class=\"elementor-container elementor-column-gap-default\">\n\t\t\t\t\t\t\t<div class=\"elementor-row\">\n\t\t\t\t\t<div class=\"elementor-column elementor-col-100 elementor-top-column elementor-element elementor-element-b62a8f7\" data-id=\"b62a8f7\" data-element_type=\"column\">\n\t\t\t<div class=\"elementor-column-wrap elementor-element-populated\">\n\t\t\t\t\t\t\t<div class=\"elementor-widget-wrap\">\n\t\t\t\t\t\t<div class=\"elementor-element elementor-element-2ce8b31 elementor-widget elementor-widget-m2k\" data-id=\"2ce8b31\" data-element_type=\"widget\" data-widget_type=\"m2k.default\">\n\t\t\t\t<div class=\"elementor-widget-container\">\n\t\t\t<section class=\"mn-m2-d mn-bg-green\">\n    <div class=\"mn-grid\">\n        <div class=\"mn-grid-12 mn-introtext\">\n                            <h3>\n                    Meetings, Visits, Conferences, Schools                <\/h3>\n                        <\/div>\n    <\/div>\n    <\/section>\n\t\t<\/div>\n\t\t\t\t<\/div>\n\t\t\t\t\t\t<\/div>\n\t\t\t\t\t<\/div>\n\t\t<\/div>\n\t\t\t\t\t\t\t\t<\/div>\n\t\t\t\t\t<\/div>\n\t\t<\/section>\n\t\t\t\t<section class=\"elementor-section elementor-top-section elementor-element elementor-element-e975706 elementor-section-boxed elementor-section-height-default elementor-section-height-default\" data-id=\"e975706\" data-element_type=\"section\">\n\t\t\t\t\t\t<div class=\"elementor-container elementor-column-gap-default\">\n\t\t\t\t\t\t\t<div class=\"elementor-row\">\n\t\t\t\t\t<div class=\"elementor-column elementor-col-100 elementor-top-column elementor-element elementor-element-5524221\" data-id=\"5524221\" data-element_type=\"column\">\n\t\t\t<div class=\"elementor-column-wrap elementor-element-populated\">\n\t\t\t\t\t\t\t<div class=\"elementor-widget-wrap\">\n\t\t\t\t\t\t<div class=\"elementor-element elementor-element-b20e425 elementor-widget elementor-widget-m5c\" data-id=\"b20e425\" data-element_type=\"widget\" data-widget_type=\"m5c.default\">\n\t\t\t\t<div class=\"elementor-widget-container\">\n\t\t\t<section class=\"mn-m5-c mn-m5-d2 mn-bg-white\">\n\t<div class=\"mn-grid\">\n\t\t\t\t<div class=\"mn-content mn-grid-9\">\n\t\t\t                <div class=\"mn-content-block active\">\n\t                                                        <div class=\"block-text\">\n\t                                        <h2><strong>Meetings<\/strong><\/h2>\n<p><strong>16-18 September 2022<\/strong> \u2014 Organizational meeting of the project team members: Hotel MERCURE KARPACZ SKALNY, ul. Obro\u0144c\u00f3w Pokoju 5, 58-540 Karpacz, Poland.<br \/><strong>May 1-9, 2023<\/strong> \u2014 Visit to the Universidad del Salvador in Buenos Aires (Argentina). <a href=\"https:\/\/up.lublin.pl\/en\/blog\/visit-to-the-faculty-of-agriculture-and-veterinary-sciences-university-of-salvador-in-buenos-aires-argentina\/\">Report from the visit<\/a><br \/><strong>June 7-9, 2024<\/strong> \u2014 Meeting of the Project Team Members summarizing the project. Wis\u0142a, Poland. <a href=\"https:\/\/up.lublin.pl\/en\/blog\/a-meeting-summarizing-the-project\/\">Report from the meeting<\/a>.<\/p>\n<h2><strong>Visits<\/strong><\/h2>\n<p><a href=\"https:\/\/up.lublin.pl\/wp-content\/uploads\/2025\/04\/ENG-ogloszenia-o-naborze-uczestnikow-wizyt-studyjnych.pdf\">Announcement of recruitment of participants for the Summer School<\/a><br \/><strong>18-21 May 2023<\/strong> &#8211; 2 study visits. The first at the Plant Phenotyping Laboratory (University of Life Sciences in Lublin) and the second at the company Greenland Technologia EM Sp. z&nbsp;o.o. <a href=\"https:\/\/up.lublin.pl\/en\/blog\/study-visits-at-the-plant-phenomics-center-of-the-university-of-life-sciences-in-lublin-and-greenland-technologia-em-sp-z-o-o\/\">Report from the visits<\/a><\/p>\n<h2><strong>Summer School<\/strong><\/h2>\n<p><a href=\"https:\/\/up.lublin.pl\/wp-content\/uploads\/2025\/04\/ENG-ogloszenia-o-naborze-uczestnikow-Szkoly-letniej.pdf\">Announcement of recruitment of participants for the Summer School<\/a><br \/><strong>9-13 October 2023<\/strong> \u2013 Summer School \u201cThe biostimulants and other modern solutions for the sustainable development of agriculture\u201d as a&nbsp;tool for internationalization. Organizer \u2013 Slovak University of Agriculture in Nitra with the participation of other partners. <a href=\"https:\/\/up.lublin.pl\/en\/blog\/summer-school-the-biostimulants-and-other-modern-solutions-for-the-sustainable-development-of-agriculture\/\">Report from the summer school<\/a><\/p>\n<h2><strong>Winter School<\/strong><\/h2>\n<p><a href=\"https:\/\/up.lublin.pl\/wp-content\/uploads\/2025\/04\/ENG-ogloszenia-o-naborze-uczestnikow-Szkoly-zimowej.pdf\">Announcement of recruitment of participants for the Winter School<\/a><br \/><strong>19-23 February 2024<\/strong> &#8211; Winter School &#8220;The potential of cold plasma for the sustainable development of agriculture&#8221; as a&nbsp;tool for internationalization. Organizer &#8211; University of South Bohemia in \u010cesk\u00e9 Bud\u011bjovice with the participation of other partners. <a href=\"https:\/\/up.lublin.pl\/en\/blog\/winter-school-the-potential-of-cold-plasma-for-the-sustainable-development-of-agriculture\/\">Report from the Winter School<\/a><\/p>\n<h2><strong>Conference<\/strong><\/h2>\n<p><a href=\"https:\/\/up.lublin.pl\/wp-content\/uploads\/2025\/04\/ENG-ogloszenia-o-naborze-uczestnikow-konferencji.pdf\">Announcement of recruitment of conference participants<\/a><br \/><strong>14-17 May 2024<\/strong> &#8211; International Scientific Conference &#8220;Sustainable Agriculture &#8211; New Strategies for Increasing Growth and Development of Crops&#8221;. Organizer &#8211; University of Life Sciences in Lublin with the participation of other partners. <a href=\"https:\/\/up.lublin.pl\/en\/blog\/the-international-scientific-conference-sustainable-agriculture-new-strategies-for-increasing-growth-and-development-of-crops\/\">Report from the conference<\/a><\/p>\n<p><strong><a href=\"https:\/\/up.lublin.pl\/wp-content\/uploads\/2025\/04\/ENG-Regulamin-rekrutacji-naboru-uczestnikow-wydarzen-w-projekcie.docx\">Recruitment regulations for the recruitment of participants in events in the project<\/a> (.docx)<\/strong><\/p>\n                                        <\/div>\n\t\t\t\t\t\t                                <\/div>\n\t\t\t\t                <div class=\"mn-content-block\">\n\t                                <\/div>\n\t\t\t\t                <div class=\"mn-content-block\">\n\t                                <\/div>\n\t\t\t\t                <div class=\"mn-content-block\">\n\t                                <\/div>\n\t\t\t\t                <div class=\"mn-content-block\">\n\t                                <\/div>\n\t\t\t\t                <div class=\"mn-content-block\">\n\t                                <\/div>\n\t\t\t\t                <div class=\"mn-content-block\">\n\t                                <\/div>\n\t\t\t\t                <div class=\"mn-content-block\">\n\t                                <\/div>\n\t\t\t\t                <div class=\"mn-content-block\">\n\t                                <\/div>\n\t\t\t\t                <div class=\"mn-content-block\">\n\t                                <\/div>\n\t\t\t\t                <div class=\"mn-content-block\">\n\t                                <\/div>\n\t\t\t\t                <div class=\"mn-content-block\">\n\t                                <\/div>\n\t\t\t\t                <div class=\"mn-content-block\">\n\t                                <\/div>\n\t\t\t\t                <div class=\"mn-content-block\">\n\t                                <\/div>\n\t\t\t\t                <div class=\"mn-content-block\">\n\t                                <\/div>\n\t\t\t\t                <div class=\"mn-content-block\">\n\t                                <\/div>\n\t\t\t\t                <div class=\"mn-content-block\">\n\t                                <\/div>\n\t\t\t\t                <div class=\"mn-content-block\">\n\t                                <\/div>\n\t\t\t\t                <div class=\"mn-content-block\">\n\t                                <\/div>\n\t\t\t\t                <div class=\"mn-content-block\">\n\t                                <\/div>\n\t\t\t\t\t\t<\/div>\n\t<\/div>\n<\/section>\n\t\t<\/div>\n\t\t\t\t<\/div>\n\t\t\t\t\t\t<\/div>\n\t\t\t\t\t<\/div>\n\t\t<\/div>\n\t\t\t\t\t\t\t\t<\/div>\n\t\t\t\t\t<\/div>\n\t\t<\/section>\n\t\t\t\t\t\t<\/div>\n\t\t\t\t\t\t<\/div>\n\t\t\t\t\t<\/div>\n\t\t","protected":false},"excerpt":{"rendered":"<p>Meetings, Visits, Conferences, Schools UP Meetings 16-18 September 2022 \u2014 Organizational meeting of the project team members: Hotel MERCURE KARPACZ SKALNY, ul. Obro\u0144c\u00f3w Pokoju 5, 58-540 Karpacz, Poland.May 1-9, 2023 \u2014 Visit to the Universidad del Salvador in Buenos Aires (Argentina). Report from the visitJune 7-9, 2024 \u2014 Meeting of the Project Team Members summarizing [&hellip;]<\/p>\n","protected":false},"author":2,"featured_media":0,"parent":306174,"menu_order":0,"comment_status":"closed","ping_status":"closed","template":"elementor_header_footer","meta":{"_monsterinsights_skip_tracking":false,"_monsterinsights_sitenote_active":false,"_monsterinsights_sitenote_note":"","_monsterinsights_sitenote_category":0},"_links":{"self":[{"href":"https:\/\/up.lublin.pl\/en\/wp-json\/wp\/v2\/pages\/306211"}],"collection":[{"href":"https:\/\/up.lublin.pl\/en\/wp-json\/wp\/v2\/pages"}],"about":[{"href":"https:\/\/up.lublin.pl\/en\/wp-json\/wp\/v2\/types\/page"}],"author":[{"embeddable":true,"href":"https:\/\/up.lublin.pl\/en\/wp-json\/wp\/v2\/users\/2"}],"replies":[{"embeddable":true,"href":"https:\/\/up.lublin.pl\/en\/wp-json\/wp\/v2\/comments?post=306211"}],"version-history":[{"count":32,"href":"https:\/\/up.lublin.pl\/en\/wp-json\/wp\/v2\/pages\/306211\/revisions"}],"predecessor-version":[{"id":472943,"href":"https:\/\/up.lublin.pl\/en\/wp-json\/wp\/v2\/pages\/306211\/revisions\/472943"}],"up":[{"embeddable":true,"href":"https:\/\/up.lublin.pl\/en\/wp-json\/wp\/v2\/pages\/306174"}],"wp:attachment":[{"href":"https:\/\/up.lublin.pl\/en\/wp-json\/wp\/v2\/media?parent=306211"}],"curies":[{"name":"wp","href":"https:\/\/api.w.org\/{rel}","templated":true}]}}