{"id":306209,"date":"2022-12-08T08:14:18","date_gmt":"2022-12-08T07:14:18","guid":{"rendered":"https:\/\/up.lublin.pl\/agrobiosnewgen\/project-team\/"},"modified":"2022-12-08T11:05:39","modified_gmt":"2022-12-08T10:05:39","slug":"project-team","status":"publish","type":"page","link":"https:\/\/up.lublin.pl\/en\/agrobiosnewgen\/project-team\/","title":{"rendered":"Project team"},"content":{"rendered":"\t\t<div data-elementor-type=\"wp-page\" data-elementor-id=\"306209\" class=\"elementor elementor-306209 elementor-284811\" data-elementor-settings=\"[]\">\n\t\t\t\t\t\t<div class=\"elementor-inner\">\n\t\t\t\t\t\t\t<div class=\"elementor-section-wrap\">\n\t\t\t\t\t\t\t<section class=\"elementor-section elementor-top-section elementor-element elementor-element-e824a7b elementor-section-boxed elementor-section-height-default elementor-section-height-default\" data-id=\"e824a7b\" data-element_type=\"section\">\n\t\t\t\t\t\t<div class=\"elementor-container elementor-column-gap-default\">\n\t\t\t\t\t\t\t<div class=\"elementor-row\">\n\t\t\t\t\t<div class=\"elementor-column elementor-col-100 elementor-top-column elementor-element elementor-element-54bc4cf\" data-id=\"54bc4cf\" data-element_type=\"column\">\n\t\t\t<div class=\"elementor-column-wrap elementor-element-populated\">\n\t\t\t\t\t\t\t<div class=\"elementor-widget-wrap\">\n\t\t\t\t\t\t<div class=\"elementor-element elementor-element-4b30ccf elementor-widget elementor-widget-m2k\" data-id=\"4b30ccf\" data-element_type=\"widget\" data-widget_type=\"m2k.default\">\n\t\t\t\t<div class=\"elementor-widget-container\">\n\t\t\t<section class=\"mn-m2-d mn-bg-green\">\n    <div class=\"mn-grid\">\n        <div class=\"mn-grid-12 mn-introtext\">\n                            <h3>\n                    Project team                <\/h3>\n                        <\/div>\n    <\/div>\n    <\/section>\n\t\t<\/div>\n\t\t\t\t<\/div>\n\t\t\t\t\t\t<\/div>\n\t\t\t\t\t<\/div>\n\t\t<\/div>\n\t\t\t\t\t\t\t\t<\/div>\n\t\t\t\t\t<\/div>\n\t\t<\/section>\n\t\t\t\t<section class=\"elementor-section elementor-top-section elementor-element elementor-element-78450c9 elementor-section-boxed elementor-section-height-default elementor-section-height-default\" data-id=\"78450c9\" data-element_type=\"section\">\n\t\t\t\t\t\t<div class=\"elementor-container elementor-column-gap-default\">\n\t\t\t\t\t\t\t<div class=\"elementor-row\">\n\t\t\t\t\t<div class=\"elementor-column elementor-col-100 elementor-top-column elementor-element elementor-element-b467d55\" data-id=\"b467d55\" data-element_type=\"column\">\n\t\t\t<div class=\"elementor-column-wrap elementor-element-populated\">\n\t\t\t\t\t\t\t<div class=\"elementor-widget-wrap\">\n\t\t\t\t\t\t<div class=\"elementor-element elementor-element-0a2fa92 elementor-widget elementor-widget-m5c\" data-id=\"0a2fa92\" data-element_type=\"widget\" data-widget_type=\"m5c.default\">\n\t\t\t\t<div class=\"elementor-widget-container\">\n\t\t\t<section class=\"mn-m5-c mn-m5-d2 mn-bg-white\">\n\t<div class=\"mn-grid\">\n\t\t\t\t<div class=\"mn-content mn-grid-9\">\n\t\t\t                <div class=\"mn-content-block active\">\n\t                                                        <div class=\"block-text\">\n\t                                        <p><strong>University of Life Sciences in Lublin<br \/><\/strong><\/p>\n<p>Prof. S\u0142awomir Kocira \u2013 project manager<br \/>Micha\u0142 \u015awieca, PhD, Assoc. Professor\u00a0 \u2013 wykonawca<br \/>Magdalena Sozoniuk, PhD \u2013 wykonawca<br \/>Anna Krawczuk, EngD \u2013 wykonawca<\/p>\n<p><strong>University of South Bohemia in \u010cesk\u00e9 Bud\u011bjovice <\/strong><\/p>\n<p>Ing. Andrea Bohat\u00e1, PhD \u2013 University\u2019s project coordinator<br \/>doc. RNDr. Petr Barto\u0161, PhD \u2013 wykonawca<br \/>Doc dr hab. Agnieszka Szparaga &#8211; wykonawca<br \/>doc. Ing. Jan B\u00e1rta, PhD &#8211; wykonawca<\/p>\n<p><strong>Slovak University of Agriculture in Nitra<br \/><\/strong><\/p>\n<p>Prof. Ing. Pavol Findura, PhD &#8211; University\u2019s project coordinator<br \/>PhD Miroslav Pristavka &#8211; wykonawca<br \/>Ing. Zuzana Bajusov\u00e1, PhD \u2013 wykonawca<\/p>\n<p><strong>Universidad del Salvador<\/strong><\/p>\n<p>Ing. Agr. Prof. PhD Mar\u00eda Cecilia P\u00e9rez Piz\u00e1 &#8211; University\u2019s project coordinator<\/p>\n                                        <\/div>\n\t\t\t\t\t\t                                <\/div>\n\t\t\t\t                <div class=\"mn-content-block\">\n\t                                <\/div>\n\t\t\t\t                <div class=\"mn-content-block\">\n\t                                <\/div>\n\t\t\t\t                <div class=\"mn-content-block\">\n\t                                <\/div>\n\t\t\t\t                <div class=\"mn-content-block\">\n\t                                <\/div>\n\t\t\t\t                <div class=\"mn-content-block\">\n\t                                <\/div>\n\t\t\t\t                <div class=\"mn-content-block\">\n\t                                <\/div>\n\t\t\t\t                <div class=\"mn-content-block\">\n\t                                <\/div>\n\t\t\t\t                <div class=\"mn-content-block\">\n\t                                <\/div>\n\t\t\t\t                <div class=\"mn-content-block\">\n\t                                <\/div>\n\t\t\t\t                <div class=\"mn-content-block\">\n\t                                <\/div>\n\t\t\t\t                <div class=\"mn-content-block\">\n\t                                <\/div>\n\t\t\t\t                <div class=\"mn-content-block\">\n\t                                <\/div>\n\t\t\t\t                <div class=\"mn-content-block\">\n\t                                <\/div>\n\t\t\t\t                <div class=\"mn-content-block\">\n\t                                <\/div>\n\t\t\t\t                <div class=\"mn-content-block\">\n\t                                <\/div>\n\t\t\t\t                <div class=\"mn-content-block\">\n\t                                <\/div>\n\t\t\t\t                <div class=\"mn-content-block\">\n\t                                <\/div>\n\t\t\t\t                <div class=\"mn-content-block\">\n\t                                <\/div>\n\t\t\t\t                <div class=\"mn-content-block\">\n\t                                <\/div>\n\t\t\t\t\t\t<\/div>\n\t<\/div>\n<\/section>\n\t\t<\/div>\n\t\t\t\t<\/div>\n\t\t\t\t\t\t<\/div>\n\t\t\t\t\t<\/div>\n\t\t<\/div>\n\t\t\t\t\t\t\t\t<\/div>\n\t\t\t\t\t<\/div>\n\t\t<\/section>\n\t\t\t\t\t\t<\/div>\n\t\t\t\t\t\t<\/div>\n\t\t\t\t\t<\/div>\n\t\t","protected":false},"excerpt":{"rendered":"<p>Project team UP University of Life Sciences in Lublin Prof. S\u0142awomir Kocira \u2013 project managerMicha\u0142 \u015awieca, PhD, Assoc. Professor\u00a0 \u2013 wykonawcaMagdalena Sozoniuk, PhD \u2013 wykonawcaAnna Krawczuk, EngD \u2013 wykonawca University of South Bohemia in \u010cesk\u00e9 Bud\u011bjovice Ing. Andrea Bohat\u00e1, PhD \u2013 University\u2019s project coordinatordoc. RNDr. Petr Barto\u0161, PhD \u2013 wykonawcaDoc dr hab. Agnieszka Szparaga &#8211; [&hellip;]<\/p>\n","protected":false},"author":2,"featured_media":0,"parent":306174,"menu_order":0,"comment_status":"closed","ping_status":"closed","template":"elementor_header_footer","meta":{"_monsterinsights_skip_tracking":false,"_monsterinsights_sitenote_active":false,"_monsterinsights_sitenote_note":"","_monsterinsights_sitenote_category":0},"_links":{"self":[{"href":"https:\/\/up.lublin.pl\/en\/wp-json\/wp\/v2\/pages\/306209"}],"collection":[{"href":"https:\/\/up.lublin.pl\/en\/wp-json\/wp\/v2\/pages"}],"about":[{"href":"https:\/\/up.lublin.pl\/en\/wp-json\/wp\/v2\/types\/page"}],"author":[{"embeddable":true,"href":"https:\/\/up.lublin.pl\/en\/wp-json\/wp\/v2\/users\/2"}],"replies":[{"embeddable":true,"href":"https:\/\/up.lublin.pl\/en\/wp-json\/wp\/v2\/comments?post=306209"}],"version-history":[{"count":13,"href":"https:\/\/up.lublin.pl\/en\/wp-json\/wp\/v2\/pages\/306209\/revisions"}],"predecessor-version":[{"id":306286,"href":"https:\/\/up.lublin.pl\/en\/wp-json\/wp\/v2\/pages\/306209\/revisions\/306286"}],"up":[{"embeddable":true,"href":"https:\/\/up.lublin.pl\/en\/wp-json\/wp\/v2\/pages\/306174"}],"wp:attachment":[{"href":"https:\/\/up.lublin.pl\/en\/wp-json\/wp\/v2\/media?parent=306209"}],"curies":[{"name":"wp","href":"https:\/\/api.w.org\/{rel}","templated":true}]}}