{"id":306204,"date":"2022-12-08T08:11:45","date_gmt":"2022-12-08T07:11:45","guid":{"rendered":"https:\/\/up.lublin.pl\/agrobiosnewgen\/about-the-project\/"},"modified":"2022-12-08T08:13:28","modified_gmt":"2022-12-08T07:13:28","slug":"about-the-project","status":"publish","type":"page","link":"https:\/\/up.lublin.pl\/en\/agrobiosnewgen\/about-the-project\/","title":{"rendered":"About the project"},"content":{"rendered":"\t\t<div data-elementor-type=\"wp-page\" data-elementor-id=\"306204\" class=\"elementor elementor-306204 elementor-284806\" data-elementor-settings=\"[]\">\n\t\t\t\t\t\t<div class=\"elementor-inner\">\n\t\t\t\t\t\t\t<div class=\"elementor-section-wrap\">\n\t\t\t\t\t\t\t<section class=\"elementor-section elementor-top-section elementor-element elementor-element-99ffc7f elementor-section-boxed elementor-section-height-default elementor-section-height-default\" data-id=\"99ffc7f\" data-element_type=\"section\">\n\t\t\t\t\t\t<div class=\"elementor-container elementor-column-gap-default\">\n\t\t\t\t\t\t\t<div class=\"elementor-row\">\n\t\t\t\t\t<div class=\"elementor-column elementor-col-100 elementor-top-column elementor-element elementor-element-47b9654\" data-id=\"47b9654\" data-element_type=\"column\">\n\t\t\t<div class=\"elementor-column-wrap elementor-element-populated\">\n\t\t\t\t\t\t\t<div class=\"elementor-widget-wrap\">\n\t\t\t\t\t\t<div class=\"elementor-element elementor-element-aee5bd0 elementor-widget elementor-widget-m2k\" data-id=\"aee5bd0\" data-element_type=\"widget\" data-widget_type=\"m2k.default\">\n\t\t\t\t<div class=\"elementor-widget-container\">\n\t\t\t<section class=\"mn-m2-d mn-bg-green\">\n    <div class=\"mn-grid\">\n        <div class=\"mn-grid-12 mn-introtext\">\n                            <h3>\n                    About the project                <\/h3>\n                        <\/div>\n    <\/div>\n    <\/section>\n\t\t<\/div>\n\t\t\t\t<\/div>\n\t\t\t\t\t\t<\/div>\n\t\t\t\t\t<\/div>\n\t\t<\/div>\n\t\t\t\t\t\t\t\t<\/div>\n\t\t\t\t\t<\/div>\n\t\t<\/section>\n\t\t\t\t<section class=\"elementor-section elementor-top-section elementor-element elementor-element-feac781 elementor-section-boxed elementor-section-height-default elementor-section-height-default\" data-id=\"feac781\" data-element_type=\"section\">\n\t\t\t\t\t\t<div class=\"elementor-container elementor-column-gap-default\">\n\t\t\t\t\t\t\t<div class=\"elementor-row\">\n\t\t\t\t\t<div class=\"elementor-column elementor-col-100 elementor-top-column elementor-element elementor-element-c3a8737\" data-id=\"c3a8737\" data-element_type=\"column\">\n\t\t\t<div class=\"elementor-column-wrap elementor-element-populated\">\n\t\t\t\t\t\t\t<div class=\"elementor-widget-wrap\">\n\t\t\t\t\t\t<div class=\"elementor-element elementor-element-d0f5a69 elementor-widget elementor-widget-m5c\" data-id=\"d0f5a69\" data-element_type=\"widget\" data-widget_type=\"m5c.default\">\n\t\t\t\t<div class=\"elementor-widget-container\">\n\t\t\t<section class=\"mn-m5-c mn-m5-d2 mn-bg-white\">\n\t<div class=\"mn-grid\">\n\t\t\t\t<div class=\"mn-content mn-grid-9\">\n\t\t\t                <div class=\"mn-content-block active\">\n\t                                                        <div class=\"block-text\">\n\t                                        <p>The project entitled &#8220;<em>Crucial, long-term collaborations for the development of an innovative, ecological approach in biostimulants production<\/em>&#8221; is implemented by 4 universities. The project leader is the University of Life Sciences in Lublin (Poland) and the partners are: University of South Bohemia in \u010cesk\u00e9 Bud\u011bjovice (Czech Republic), Slovak University of Agriculture in Nitra (Slovakia), Universidad del Salvador (Argentina).<\/p>\n<p>Project implementation began on July 1, 2022 and the planned completion date is June 30, 2024. NAWA has allocated the amount of PLN 1,044,492.21 for the implementation of individual tasks.<\/p>\n<p>The aim of the project is to strengthen strategic partnerships through the implementation of joint research and its dissemination for the development of long-term interactions for the development of sustainable agriculture. It also aims to integrate the scientific community for the effective use of solutions created by science that could be adapted in the global economy. The results of the project will be achieved through the joint implementation of a&nbsp;sequence of research tasks, the organization of an international conference and the publication of articles, as well as the creation of a&nbsp;website, for presenting the current progress of research results. To achieve the goal, internationalization tools will be used in the form of a&nbsp;summer and winter school, as well as visits to companies, producing biostimulants. This will allow the establishment of cooperation with the economic environment for the implementation of research results. A&nbsp;beneficial effect of the project will be the development of a&nbsp;strategy for long-term cooperation, which will result in the submission of international projects, raising the visibility of the scientists&#8217; work by publishing research results in an international team and acquiring knowledge and skills for implementing scientific ideas.<\/p>\n<p>The above goal will be achieved through 10 tasks:<\/p>\n<ol>\n<li>Management of an international team for joint research and dissemination of research results (coordinator Prof. Slawomir Kocira).<\/li>\n<li>Evaluation of the effects of cold plasma on the activity of an ecological biostimulant and analysis of the chemical composition of the biostimulant (Ing. Jan B\u00e1rta, PhD).<\/li>\n<li>Analysis of physical properties and bioactive compounds of cold plasma-activated biostimulant (coordinator Michal \u015awieca, PhD, UP professor).<\/li>\n<li>Testing of plasma-activated biostimulant on plant phytopathogens and soil edaphic (coordinator Andrea Bohat\u00e1, Ph.D.).<\/li>\n<li>Study of growth and development of soybean plants after biostimulant application (coordinator doc. dr hab. Agnieszka Szparaga).<\/li>\n<li>Analysis of gene expression in soybean plants after biostimulant application (coordinator dr Magdalena Sozoniuk).<\/li>\n<li>Development and implementation of a&nbsp;strategy for dissemination of research results (coordinator Prof. Slawomir Kocira, Ph.D.).<\/li>\n<li>Organization of study visits (coordinator Anna Krawczuk, Ph.D.).<\/li>\n<li>Winter school &#8220;The potential of cold plasma for the sustainable development of agriculture&#8221; as a&nbsp;tool for internationalization ( Andrea Bohat\u00e1, Ph.D.).<\/li>\n<li>Summer school &#8220;The biostimulants and other modern solutions for the sustainable development of agriculture&#8221; as a&nbsp;tool for internationalization (coordinator Ing. Pavol Findura, PhD).<\/li>\n<\/ol>\n                                        <\/div>\n\t\t\t\t\t\t                                <\/div>\n\t\t\t\t                <div class=\"mn-content-block\">\n\t                                <\/div>\n\t\t\t\t                <div class=\"mn-content-block\">\n\t                                <\/div>\n\t\t\t\t                <div class=\"mn-content-block\">\n\t                                <\/div>\n\t\t\t\t                <div class=\"mn-content-block\">\n\t                                <\/div>\n\t\t\t\t                <div class=\"mn-content-block\">\n\t                                <\/div>\n\t\t\t\t                <div class=\"mn-content-block\">\n\t                                <\/div>\n\t\t\t\t                <div class=\"mn-content-block\">\n\t                                <\/div>\n\t\t\t\t                <div class=\"mn-content-block\">\n\t                                <\/div>\n\t\t\t\t                <div class=\"mn-content-block\">\n\t                                <\/div>\n\t\t\t\t                <div class=\"mn-content-block\">\n\t                                <\/div>\n\t\t\t\t                <div class=\"mn-content-block\">\n\t                                <\/div>\n\t\t\t\t                <div class=\"mn-content-block\">\n\t                                <\/div>\n\t\t\t\t                <div class=\"mn-content-block\">\n\t                                <\/div>\n\t\t\t\t                <div class=\"mn-content-block\">\n\t                                <\/div>\n\t\t\t\t                <div class=\"mn-content-block\">\n\t                                <\/div>\n\t\t\t\t                <div class=\"mn-content-block\">\n\t                                <\/div>\n\t\t\t\t                <div class=\"mn-content-block\">\n\t                                <\/div>\n\t\t\t\t                <div class=\"mn-content-block\">\n\t                                <\/div>\n\t\t\t\t                <div class=\"mn-content-block\">\n\t                                <\/div>\n\t\t\t\t\t\t<\/div>\n\t<\/div>\n<\/section>\n\t\t<\/div>\n\t\t\t\t<\/div>\n\t\t\t\t\t\t<\/div>\n\t\t\t\t\t<\/div>\n\t\t<\/div>\n\t\t\t\t\t\t\t\t<\/div>\n\t\t\t\t\t<\/div>\n\t\t<\/section>\n\t\t\t\t\t\t<\/div>\n\t\t\t\t\t\t<\/div>\n\t\t\t\t\t<\/div>\n\t\t","protected":false},"excerpt":{"rendered":"<p>About the project UP The project entitled &#8220;Crucial, long-term collaborations for the development of an innovative, ecological approach in biostimulants production&#8221; is implemented by 4 universities. The project leader is the University of Life Sciences in Lublin (Poland) and the partners are: University of South Bohemia in \u010cesk\u00e9 Bud\u011bjovice (Czech Republic), Slovak University of Agriculture [&hellip;]<\/p>\n","protected":false},"author":2,"featured_media":0,"parent":306174,"menu_order":0,"comment_status":"closed","ping_status":"closed","template":"elementor_header_footer","meta":{"_monsterinsights_skip_tracking":false,"_monsterinsights_sitenote_active":false,"_monsterinsights_sitenote_note":"","_monsterinsights_sitenote_category":0},"_links":{"self":[{"href":"https:\/\/up.lublin.pl\/en\/wp-json\/wp\/v2\/pages\/306204"}],"collection":[{"href":"https:\/\/up.lublin.pl\/en\/wp-json\/wp\/v2\/pages"}],"about":[{"href":"https:\/\/up.lublin.pl\/en\/wp-json\/wp\/v2\/types\/page"}],"author":[{"embeddable":true,"href":"https:\/\/up.lublin.pl\/en\/wp-json\/wp\/v2\/users\/2"}],"replies":[{"embeddable":true,"href":"https:\/\/up.lublin.pl\/en\/wp-json\/wp\/v2\/comments?post=306204"}],"version-history":[{"count":4,"href":"https:\/\/up.lublin.pl\/en\/wp-json\/wp\/v2\/pages\/306204\/revisions"}],"predecessor-version":[{"id":306208,"href":"https:\/\/up.lublin.pl\/en\/wp-json\/wp\/v2\/pages\/306204\/revisions\/306208"}],"up":[{"embeddable":true,"href":"https:\/\/up.lublin.pl\/en\/wp-json\/wp\/v2\/pages\/306174"}],"wp:attachment":[{"href":"https:\/\/up.lublin.pl\/en\/wp-json\/wp\/v2\/media?parent=306204"}],"curies":[{"name":"wp","href":"https:\/\/api.w.org\/{rel}","templated":true}]}}