{"id":306174,"date":"2022-12-07T14:47:43","date_gmt":"2022-12-07T13:47:43","guid":{"rendered":"https:\/\/up.lublin.pl\/agrobiosnewgen\/"},"modified":"2025-04-23T08:02:59","modified_gmt":"2025-04-23T06:02:59","slug":"agrobiosnewgen","status":"publish","type":"page","link":"https:\/\/up.lublin.pl\/en\/agrobiosnewgen\/","title":{"rendered":"AgroBiosNewGen"},"content":{"rendered":"\t\t<div data-elementor-type=\"wp-page\" data-elementor-id=\"306174\" class=\"elementor elementor-306174 elementor-284530\" data-elementor-settings=\"[]\">\n\t\t\t\t\t\t<div class=\"elementor-inner\">\n\t\t\t\t\t\t\t<div class=\"elementor-section-wrap\">\n\t\t\t\t\t\t\t<section class=\"elementor-section elementor-top-section elementor-element elementor-element-a7bd659 elementor-section-boxed elementor-section-height-default elementor-section-height-default\" data-id=\"a7bd659\" data-element_type=\"section\">\n\t\t\t\t\t\t<div class=\"elementor-container elementor-column-gap-default\">\n\t\t\t\t\t\t\t<div class=\"elementor-row\">\n\t\t\t\t\t<div class=\"elementor-column elementor-col-100 elementor-top-column elementor-element elementor-element-28219ed\" data-id=\"28219ed\" data-element_type=\"column\">\n\t\t\t<div class=\"elementor-column-wrap elementor-element-populated\">\n\t\t\t\t\t\t\t<div class=\"elementor-widget-wrap\">\n\t\t\t\t\t\t<div class=\"elementor-element elementor-element-c698688 elementor-widget elementor-widget-m2k\" data-id=\"c698688\" data-element_type=\"widget\" data-widget_type=\"m2k.default\">\n\t\t\t\t<div class=\"elementor-widget-container\">\n\t\t\t<section class=\"mn-m2-d mn-bg-green\">\n    <div class=\"mn-grid\">\n        <div class=\"mn-grid-12 mn-introtext\">\n                            <h3>\n                    AgroBiosNewGen                <\/h3>\n                        <\/div>\n    <\/div>\n    <\/section>\n\t\t<\/div>\n\t\t\t\t<\/div>\n\t\t\t\t\t\t<\/div>\n\t\t\t\t\t<\/div>\n\t\t<\/div>\n\t\t\t\t\t\t\t\t<\/div>\n\t\t\t\t\t<\/div>\n\t\t<\/section>\n\t\t\t\t<section class=\"elementor-section elementor-top-section elementor-element elementor-element-ac006a6 elementor-section-boxed elementor-section-height-default elementor-section-height-default\" data-id=\"ac006a6\" data-element_type=\"section\">\n\t\t\t\t\t\t<div class=\"elementor-container elementor-column-gap-default\">\n\t\t\t\t\t\t\t<div class=\"elementor-row\">\n\t\t\t\t\t<div class=\"elementor-column elementor-col-100 elementor-top-column elementor-element elementor-element-9206a55\" data-id=\"9206a55\" data-element_type=\"column\">\n\t\t\t<div class=\"elementor-column-wrap elementor-element-populated\">\n\t\t\t\t\t\t\t<div class=\"elementor-widget-wrap\">\n\t\t\t\t\t\t<div class=\"elementor-element elementor-element-8d7cdae elementor-widget elementor-widget-m3e\" data-id=\"8d7cdae\" data-element_type=\"widget\" data-widget_type=\"m3e.default\">\n\t\t\t\t<div class=\"elementor-widget-container\">\n\t\t\t\r\n<section class=\"mn-m3-a mn-m3-e2  mn-bg-green\">\r\n    <div class=\"mn-grid\">\r\n                    <h2 class=\"custom-mn-grid-4\">News:<\/h2>\r\n                                <div class=\"custom-mn-grid-8\">\r\n                                    <div class=\"mn-tabs\">\r\n                                                    <div class=\"mn-tabs\">\r\n                                <a href=\"https:\/\/up.lublin.pl\/en\/blog\/category\/agrobiosnewgen-eng\/\" class=\"mn-more\"  >Zobacz wszystkie<\/a>\r\n                            <\/div>\r\n                                                                        <\/div>\r\n                                <\/div>\r\n                <\/div>\r\n    <div class=\"mn-grid\">\r\n\t                    <div class=\"mn-item mn-grid-3\">\r\n                    <div class=\"mn-images-container\">\r\n\t                                                <img src=\"https:\/\/up.lublin.pl\/wp-content\/uploads\/2024\/06\/urszulinkonferencja-ow.jpg\" alt=\"The international scientific conference 'Sustainable Agriculture - New Strategies for Increasing Growth and Development of Crops'\" \/>\r\n\t\t                                        <\/div>\r\n                                            <h5 class=\"mn-date\">25.06.2024<\/h5>\r\n                                            <div class=\"mn-content\">\r\n                        <p>The international scientific conference \"Sustainable Agriculture - New Strategies for Increasing Growth and Development of Crops\"<\/p>\r\n                    <\/div>\r\n                    <a href=\"https:\/\/up.lublin.pl\/en\/blog\/the-international-scientific-conference-sustainable-agriculture-new-strategies-for-increasing-growth-and-development-of-crops\/\" class=\"mn-more\">Read more<\/a>\r\n                <\/div>\r\n\t\t\t                    <div class=\"mn-item mn-grid-3\">\r\n                    <div class=\"mn-images-container\">\r\n\t                                                <img src=\"https:\/\/up.lublin.pl\/wp-content\/uploads\/2024\/06\/spotkanie-podst-ow.jpg\" alt=\"A meeting summarizing the project\" \/>\r\n\t\t                                        <\/div>\r\n                                            <h5 class=\"mn-date\">24.06.2024<\/h5>\r\n                                            <div class=\"mn-content\">\r\n                        <p>A meeting summarizing the project<\/p>\r\n                    <\/div>\r\n                    <a href=\"https:\/\/up.lublin.pl\/en\/blog\/a-meeting-summarizing-the-project\/\" class=\"mn-more\">Read more<\/a>\r\n                <\/div>\r\n\t\t\t                    <div class=\"mn-item mn-grid-3\">\r\n                    <div class=\"mn-images-container\">\r\n\t                                                <img src=\"https:\/\/up.lublin.pl\/wp-content\/uploads\/2024\/04\/sz-zimowa-24_ow.jpg\" alt=\"Winter School 'The potential of cold plasma for the sustainable development of agriculture'\" \/>\r\n\t\t                                        <\/div>\r\n                                            <h5 class=\"mn-date\">18.04.2024<\/h5>\r\n                                            <div class=\"mn-content\">\r\n                        <p>Winter School \"The potential of cold plasma for the sustainable development of agriculture\"<\/p>\r\n                    <\/div>\r\n                    <a href=\"https:\/\/up.lublin.pl\/en\/blog\/winter-school-the-potential-of-cold-plasma-for-the-sustainable-development-of-agriculture\/\" class=\"mn-more\">Read more<\/a>\r\n                <\/div>\r\n\t\t\t                    <div class=\"mn-item mn-grid-3\">\r\n                    <div class=\"mn-images-container\">\r\n\t                                                <img src=\"https:\/\/up.lublin.pl\/wp-content\/uploads\/2024\/02\/szkolaletnia-agrobios_ow.jpg\" alt=\"Summer school 'The biostimulants and other modern solutions for the sustainable development of agriculture'\" \/>\r\n\t\t                                        <\/div>\r\n                                            <h5 class=\"mn-date\">07.02.2024<\/h5>\r\n                                            <div class=\"mn-content\">\r\n                        <p>Summer school \"The biostimulants and other modern solutions for the sustainable development of agriculture\"<\/p>\r\n                    <\/div>\r\n                    <a href=\"https:\/\/up.lublin.pl\/en\/blog\/summer-school-the-biostimulants-and-other-modern-solutions-for-the-sustainable-development-of-agriculture\/\" class=\"mn-more\">Read more<\/a>\r\n                <\/div>\r\n\t\t\t        <\/div>\r\n<\/section>\r\n\t\t<\/div>\n\t\t\t\t<\/div>\n\t\t\t\t<div class=\"elementor-element elementor-element-d1f2f0e elementor-widget elementor-widget-m4a\" data-id=\"d1f2f0e\" data-element_type=\"widget\" data-widget_type=\"m4a.default\">\n\t\t\t\t<div class=\"elementor-widget-container\">\n\t\t\t\t<section class=\"mn-m4_b mn-bg-green\">\n\t\t\t\t<div class=\"mn-grid\">\n\t\t\t\t\t\t\t<div class=\"mn-grid-4 mn-kat-m4-container\">\n\t\t\t\t\t\t\t\t\t\t\t<div class=\"mn-kat-m4-img\">\n\t\t\t\t\t\t\t\t\t\t\t\t\t\t\t<img src=\"https:\/\/up.lublin.pl\/wp-content\/uploads\/2021\/12\/patenty_ikona.png\" alt=\"About the project\" \/>\n\t\t\t\t\t\t\t\t\t\t\t\t\t\t<\/div>\n\t\t\t\t\t\t\t\t\t\t\t\t\t\t\t\t\t<h3>About the project<\/h3>\n\t\t\t\t\t\t\t\t\t\t\t\t\t\t\t\t\t\t\t\t\t\t<a href=\"https:\/\/up.lublin.pl\/agrobiosnewgen\/o-projekcie\/\" class=\"mn-more\">Read more<\/a>\n\t\t\t\t\t\t\t\t\t\t<\/div>\n\t\t\t\t\t\t\t\t<div class=\"mn-grid-4 mn-kat-m4-container\">\n\t\t\t\t\t\t\t\t\t\t\t<div class=\"mn-kat-m4-img\">\n\t\t\t\t\t\t\t\t\t\t\t\t\t\t\t<img src=\"https:\/\/up.lublin.pl\/wp-content\/uploads\/2022\/01\/ikona_konferencje_sd.png\" alt=\"Project team\" \/>\n\t\t\t\t\t\t\t\t\t\t\t\t\t\t<\/div>\n\t\t\t\t\t\t\t\t\t\t\t\t\t\t\t\t\t<h3>Project team<\/h3>\n\t\t\t\t\t\t\t\t\t\t\t\t\t\t\t\t\t\t\t\t\t\t<a href=\"https:\/\/up.lublin.pl\/agrobiosnewgen\/zespol-projektowy\/\" class=\"mn-more\">Read more<\/a>\n\t\t\t\t\t\t\t\t\t\t<\/div>\n\t\t\t\t\t\t\t\t<div class=\"mn-grid-4 mn-kat-m4-container\">\n\t\t\t\t\t\t\t\t\t\t\t<div class=\"mn-kat-m4-img\">\n\t\t\t\t\t\t\t\t\t\t\t\t\t\t\t<img src=\"https:\/\/up.lublin.pl\/wp-content\/uploads\/2022\/08\/spotkania-icon.png\" alt=\"Meetings, Visits, Conferences, Schools\" \/>\n\t\t\t\t\t\t\t\t\t\t\t\t\t\t<\/div>\n\t\t\t\t\t\t\t\t\t\t\t\t\t\t\t\t\t<h3>Meetings, Visits, Conferences, Schools<\/h3>\n\t\t\t\t\t\t\t\t\t\t\t\t\t\t\t\t\t\t\t\t\t\t<a href=\"https:\/\/up.lublin.pl\/en\/agrobiosnewgen\/meetings\/\" class=\"mn-more\">Read more<\/a>\n\t\t\t\t\t\t\t\t\t\t<\/div>\n\t\t\t\t\t\t\t\t<div class=\"mn-grid-3 mn-kat-m4-container\">\n\t\t\t\t\t\t\t\t\t\t\t<div class=\"mn-kat-m4-img\">\n\t\t\t\t\t\t\t\t\t\t\t\t\t\t\t<img src=\"https:\/\/up.lublin.pl\/wp-content\/uploads\/2021\/05\/ikona_repozytorium.png\" alt=\"Publications\" \/>\n\t\t\t\t\t\t\t\t\t\t\t\t\t\t<\/div>\n\t\t\t\t\t\t\t\t\t\t\t\t\t\t\t\t\t<h3>Publications<\/h3>\n\t\t\t\t\t\t\t\t\t\t\t\t\t\t\t\t\t\t\t\t\t\t<a href=\"https:\/\/up.lublin.pl\/agrobiosnewgen\/publikacje\/\" class=\"mn-more\">Read more<\/a>\n\t\t\t\t\t\t\t\t\t\t<\/div>\n\t\t\t\t\t\t\t\t<div class=\"mn-grid-3 mn-kat-m4-container\">\n\t\t\t\t\t\t\t\t\t\t\t<div class=\"mn-kat-m4-img\">\n\t\t\t\t\t\t\t\t\t\t\t\t\t\t\t<img src=\"https:\/\/up.lublin.pl\/wp-content\/uploads\/2022\/08\/nawa_icon2.png\" alt=\"The Polish National Agency For Academic Exchange\" \/>\n\t\t\t\t\t\t\t\t\t\t\t\t\t\t<\/div>\n\t\t\t\t\t\t\t\t\t\t\t\t\t\t\t\t\t<h3>The Polish National Agency For Academic Exchange<\/h3>\n\t\t\t\t\t\t\t\t\t\t\t\t\t\t\t\t\t\t\t\t\t\t<a href=\"https:\/\/nawa.gov.pl\/en\/\" class=\"mn-more\">Read more<\/a>\n\t\t\t\t\t\t\t\t\t\t<\/div>\n\t\t\t\t\t\t\t\t<div class=\"mn-grid-3 mn-kat-m4-container\">\n\t\t\t\t\t\t\t\t\t\t\t<div class=\"mn-kat-m4-img\">\n\t\t\t\t\t\t\t\t\t\t\t\t\t\t\t<img src=\"https:\/\/up.lublin.pl\/wp-content\/uploads\/2022\/08\/camera-icon.png\" alt=\"Gallery\" \/>\n\t\t\t\t\t\t\t\t\t\t\t\t\t\t<\/div>\n\t\t\t\t\t\t\t\t\t\t\t\t\t\t\t\t\t<h3>Gallery<\/h3>\n\t\t\t\t\t\t\t\t\t\t\t\t\t\t\t\t\t\t\t\t\t\t<a href=\"https:\/\/up.lublin.pl\/agrobiosnewgen\/galeria\/\" class=\"mn-more\">Read more<\/a>\n\t\t\t\t\t\t\t\t\t\t<\/div>\n\t\t\t\t\t\t\t\t<div class=\"mn-grid-3 mn-kat-m4-container\">\n\t\t\t\t\t\t\t\t\t\t\t<div class=\"mn-kat-m4-img\">\n\t\t\t\t\t\t\t\t\t\t\t\t\t\t\t<img src=\"https:\/\/up.lublin.pl\/wp-content\/uploads\/2021\/11\/kontakt_jasna-ikona.png\" alt=\"Contact\" \/>\n\t\t\t\t\t\t\t\t\t\t\t\t\t\t<\/div>\n\t\t\t\t\t\t\t\t\t\t\t\t\t\t\t\t\t<h3>Contact<\/h3>\n\t\t\t\t\t\t\t\t\t\t\t\t\t\t\t\t\t\t\t\t\t\t<a href=\"https:\/\/up.lublin.pl\/en\/agrobiosnewgen\/contact-agrobiosnewgen\/\" class=\"mn-more\">Read more<\/a>\n\t\t\t\t\t\t\t\t\t\t<\/div>\n\t\t\t\t\t\t<\/div>\n\t<\/section>\n\t\t\t<\/div>\n\t\t\t\t<\/div>\n\t\t\t\t\t\t<\/div>\n\t\t\t\t\t<\/div>\n\t\t<\/div>\n\t\t\t\t\t\t\t\t<\/div>\n\t\t\t\t\t<\/div>\n\t\t<\/section>\n\t\t\t\t<section class=\"elementor-section elementor-top-section elementor-element elementor-element-7b3b526 elementor-section-boxed elementor-section-height-default elementor-section-height-default\" data-id=\"7b3b526\" data-element_type=\"section\">\n\t\t\t\t\t\t<div class=\"elementor-container elementor-column-gap-default\">\n\t\t\t\t\t\t\t<div class=\"elementor-row\">\n\t\t\t\t\t<div class=\"elementor-column elementor-col-100 elementor-top-column elementor-element elementor-element-7ec18d9\" data-id=\"7ec18d9\" data-element_type=\"column\">\n\t\t\t<div class=\"elementor-column-wrap elementor-element-populated\">\n\t\t\t\t\t\t\t<div class=\"elementor-widget-wrap\">\n\t\t\t\t\t\t<div class=\"elementor-element elementor-element-b922542 elementor-widget elementor-widget-m5h\" data-id=\"b922542\" data-element_type=\"widget\" data-widget_type=\"m5h.default\">\n\t\t\t\t<div class=\"elementor-widget-container\">\n\t\t\t<section class=\"mn-m5-h mn-bg-white no-spacing\">\r\n\t<div class=\"mn-grid\">\r\n\t\t<div class=\"mn-content mn-grid-12\">\r\n\t\t\t<div class=\"mn-lead\">\r\n\t\t\t\t<p style=\"text-align: center;\"><a href=\"https:\/\/up.lublin.pl\/wp-content\/uploads\/2022\/12\/nawa-abng_eng.jpg\"><img loading=\"lazy\" class=\"alignleft wp-image-306298\" src=\"https:\/\/up.lublin.pl\/wp-content\/uploads\/2022\/12\/nawa-abng_eng.jpg\" alt=\"\" width=\"155\" height=\"94\" \/><\/a><a href=\"https:\/\/nawa.gov.pl\/en\/institutions\/strategic-partnerships-programme\"><img loading=\"lazy\" class=\"alignleft wp-image-306302\" src=\"https:\/\/up.lublin.pl\/wp-content\/uploads\/2022\/12\/nawa2-abng_eng.jpg\" alt=\"\" width=\"155\" height=\"94\" \/><\/a><a href=\"https:\/\/up.lublin.pl\/en\/\"><img loading=\"lazy\" class=\"alignleft wp-image-306306\" src=\"https:\/\/up.lublin.pl\/wp-content\/uploads\/2022\/12\/upl-abng_eng.jpg\" alt=\"\" width=\"155\" height=\"94\" \/><\/a><a href=\"https:\/\/www.jcu.cz\/cz\/\"><img loading=\"lazy\" class=\"alignleft wp-image-285679\" src=\"https:\/\/up.lublin.pl\/wp-content\/uploads\/2022\/08\/usb-abng.jpg\" alt=\"\" width=\"155\" height=\"94\" \/><\/a><a href=\"http:\/\/www.uniag.sk\/sk\/uvodna-stranka\"><img loading=\"lazy\" class=\"alignleft wp-image-285667\" src=\"https:\/\/up.lublin.pl\/wp-content\/uploads\/2022\/08\/nitra-abng.jpg\" alt=\"\" width=\"155\" height=\"94\" \/><\/a><a href=\"https:\/\/www.usal.edu.ar\/\"><img loading=\"lazy\" class=\"alignleft wp-image-323697\" src=\"https:\/\/up.lublin.pl\/wp-content\/uploads\/2023\/02\/usal-salvador-abng.jpg\" alt=\"\" width=\"155\" height=\"94\" \/><\/a><\/p>\n<p style=\"font-size: small;\"><strong>Project &#8220;<em>Crucial, long-term collaborations for the development of an innovative, ecological approach in biostimulants production<\/em>&#8221; (BPI\/PST\/2021\/1\/00034\/U\/0000 1), funded by NAWA under the Strategic Partnerships program, is implemented by 4 universities. The project leader is the University of Life Sciences in Lublin (Poland) and the partners are: University of South Bohemia in \u010cesk\u00e9 Bud\u011bjovice (Czech Republic), Slovak University of Agriculture in Nitra (Slovakia), Universidad del Salvador (Argentina).<\/strong><\/p>\n<p style=\"text-align: center; font-size: small;\"><strong>The project manager is Prof. Slawomir Kocira of the Department of Machinery Exploitation and Management of Production Processes at the Faculty of Production Engineering.<\/strong><\/p>\n<p style=\"text-align: center; font-size: small;\"><strong>Implementation of the project began on July 1, 2022, and the planned completion date is June 30, 2024. NAWA has allocated an amount of PLN 1,044,492.21 for the implementation of individual tasks.<\/strong><\/p>\n<p><strong>\u00a0<\/strong><\/p>\n\t\t\t<\/div>\r\n\t\t<\/div>\r\n\t<\/div>\r\n<\/section>\r\n\t\t<\/div>\n\t\t\t\t<\/div>\n\t\t\t\t\t\t<\/div>\n\t\t\t\t\t<\/div>\n\t\t<\/div>\n\t\t\t\t\t\t\t\t<\/div>\n\t\t\t\t\t<\/div>\n\t\t<\/section>\n\t\t\t\t\t\t<\/div>\n\t\t\t\t\t\t<\/div>\n\t\t\t\t\t<\/div>\n\t\t","protected":false},"excerpt":{"rendered":"<p>AgroBiosNewGen UP News: Zobacz wszystkie 25.06.2024 The international scientific conference &#8220;Sustainable Agriculture &#8211; New Strategies for Increasing Growth and Development of Crops&#8221; Zobacz wi\u0119cej 24.06.2024 A meeting summarizing the project Zobacz wi\u0119cej 18.04.2024 Winter School &#8220;The potential of cold plasma for the sustainable development of agriculture&#8221; Zobacz wi\u0119cej 07.02.2024 Summer school &#8220;The biostimulants and other [&hellip;]<\/p>\n","protected":false},"author":2,"featured_media":0,"parent":0,"menu_order":0,"comment_status":"closed","ping_status":"closed","template":"elementor_header_footer","meta":{"_monsterinsights_skip_tracking":false,"_monsterinsights_sitenote_active":false,"_monsterinsights_sitenote_note":"","_monsterinsights_sitenote_category":0},"_links":{"self":[{"href":"https:\/\/up.lublin.pl\/en\/wp-json\/wp\/v2\/pages\/306174"}],"collection":[{"href":"https:\/\/up.lublin.pl\/en\/wp-json\/wp\/v2\/pages"}],"about":[{"href":"https:\/\/up.lublin.pl\/en\/wp-json\/wp\/v2\/types\/page"}],"author":[{"embeddable":true,"href":"https:\/\/up.lublin.pl\/en\/wp-json\/wp\/v2\/users\/2"}],"replies":[{"embeddable":true,"href":"https:\/\/up.lublin.pl\/en\/wp-json\/wp\/v2\/comments?post=306174"}],"version-history":[{"count":34,"href":"https:\/\/up.lublin.pl\/en\/wp-json\/wp\/v2\/pages\/306174\/revisions"}],"predecessor-version":[{"id":472946,"href":"https:\/\/up.lublin.pl\/en\/wp-json\/wp\/v2\/pages\/306174\/revisions\/472946"}],"wp:attachment":[{"href":"https:\/\/up.lublin.pl\/en\/wp-json\/wp\/v2\/media?parent=306174"}],"curies":[{"name":"wp","href":"https:\/\/api.w.org\/{rel}","templated":true}]}}