{"id":224366,"date":"2022-01-26T07:33:15","date_gmt":"2022-01-26T06:33:15","guid":{"rendered":"https:\/\/up.lublin.pl\/skn-konferencja\/scientific-societes-supporting-isssc\/"},"modified":"2026-02-13T11:08:04","modified_gmt":"2026-02-13T10:08:04","slug":"scientific-societes-supporting-isssc","status":"publish","type":"page","link":"https:\/\/up.lublin.pl\/en\/skn-konferencja\/scientific-societes-supporting-isssc\/","title":{"rendered":"Scientific Societes supporting ISSSC"},"content":{"rendered":"\t\t<div data-elementor-type=\"wp-page\" data-elementor-id=\"224366\" class=\"elementor elementor-224366 elementor-224030\" data-elementor-settings=\"[]\">\n\t\t\t\t\t\t<div class=\"elementor-inner\">\n\t\t\t\t\t\t\t<div class=\"elementor-section-wrap\">\n\t\t\t\t\t\t\t<section class=\"elementor-section elementor-top-section elementor-element elementor-element-362b093 elementor-section-boxed elementor-section-height-default elementor-section-height-default\" data-id=\"362b093\" data-element_type=\"section\">\n\t\t\t\t\t\t<div class=\"elementor-container elementor-column-gap-default\">\n\t\t\t\t\t\t\t<div class=\"elementor-row\">\n\t\t\t\t\t<div class=\"elementor-column elementor-col-100 elementor-top-column elementor-element elementor-element-66d8f44\" data-id=\"66d8f44\" data-element_type=\"column\">\n\t\t\t<div class=\"elementor-column-wrap elementor-element-populated\">\n\t\t\t\t\t\t\t<div class=\"elementor-widget-wrap\">\n\t\t\t\t\t\t<div class=\"elementor-element elementor-element-ce8d05b elementor-widget elementor-widget-m2k\" data-id=\"ce8d05b\" data-element_type=\"widget\" data-widget_type=\"m2k.default\">\n\t\t\t\t<div class=\"elementor-widget-container\">\n\t\t\t<section class=\"mn-m2-d mn-bg-green\">\n    <div class=\"mn-grid\">\n        <div class=\"mn-grid-12 mn-introtext\">\n                            <h3>\n                    Scientific Societes supporting ISSSC                <\/h3>\n                        <\/div>\n    <\/div>\n    <\/section>\n\t\t<\/div>\n\t\t\t\t<\/div>\n\t\t\t\t\t\t<\/div>\n\t\t\t\t\t<\/div>\n\t\t<\/div>\n\t\t\t\t\t\t\t\t<\/div>\n\t\t\t\t\t<\/div>\n\t\t<\/section>\n\t\t\t\t<section class=\"elementor-section elementor-top-section elementor-element elementor-element-48e73c2 elementor-section-boxed elementor-section-height-default elementor-section-height-default\" data-id=\"48e73c2\" data-element_type=\"section\">\n\t\t\t\t\t\t<div class=\"elementor-container elementor-column-gap-default\">\n\t\t\t\t\t\t\t<div class=\"elementor-row\">\n\t\t\t\t\t<div class=\"elementor-column elementor-col-100 elementor-top-column elementor-element elementor-element-1085d37\" data-id=\"1085d37\" data-element_type=\"column\">\n\t\t\t<div class=\"elementor-column-wrap elementor-element-populated\">\n\t\t\t\t\t\t\t<div class=\"elementor-widget-wrap\">\n\t\t\t\t\t\t<div class=\"elementor-element elementor-element-f2882d2 elementor-widget elementor-widget-m5c\" data-id=\"f2882d2\" data-element_type=\"widget\" data-widget_type=\"m5c.default\">\n\t\t\t\t<div class=\"elementor-widget-container\">\n\t\t\t<section class=\"mn-m5-c mn-m5-d2 mn-bg-white\">\n\t<div class=\"mn-grid\">\n\t\t\t\t<div class=\"mn-content mn-grid-9\">\n\t\t\t                <div class=\"mn-content-block active\">\n\t                                                        <div class=\"block-text\">\n\t                                        <p style=\"text-align: center;\">Thanks to the involvement of Scientific Societies in the organization of the III International Symposium of Student Scientific Clubs, a&nbsp;<strong>COMPETITION<\/strong> will be held for the best scientific papers presented in the lecture and poster session in individual thematic sections. The works will be assessed by the Competition Committees.<\/p>\n<p style=\"text-align: center;\">Section of Agrobioengineering is supported by <strong>Polish Society For Agronomy<\/strong><br \/><a href=\"https:\/\/up.lublin.pl\/wp-content\/uploads\/2021\/04\/pta_logotyp.gif\"><img loading=\"lazy\" class=\"aligncenter size-full wp-image-135648\" src=\"https:\/\/up.lublin.pl\/wp-content\/uploads\/2021\/04\/pta_logotyp.gif\" alt=\"\" width=\"236\" height=\"227\" \/><\/a><\/p>\n<p style=\"text-align: center;\">Chairperson of Lublin branch<br \/>dr hab. Aleksandra G\u0142owacka, Associate Professor<\/p>\n<p style=\"text-align: center;\"><em><strong>Competition commission:<\/strong><\/em><\/p>\n<p style=\"text-align: center;\">dr hab. Aleksandra G\u0142owacka, Associate Professor<br \/>Anna Kie\u0142tyka-Dadasiewicz PhD<\/p>\n<p style=\"text-align: center;\">Section of Veterinary Medicine is supported by <strong>Polish Society of Veterinary Sciences<\/strong><\/p>\n<p style=\"text-align: center;\"><a href=\"https:\/\/up.lublin.pl\/wp-content\/uploads\/2021\/04\/ptnw_oddzial_lubelski.png\"><img loading=\"lazy\" class=\"aligncenter size-full wp-image-135660\" src=\"https:\/\/up.lublin.pl\/wp-content\/uploads\/2021\/04\/ptnw_oddzial_lubelski.png\" alt=\"\" width=\"245\" height=\"280\" \/><\/a>Chairperson of Lublin branch<br \/>dr hab. Joanna Wessely-Szponder, Associate Professor<\/p>\n<p style=\"text-align: center;\"><em><strong>Competition commission:<\/strong><\/em><\/p>\n<p style=\"text-align: center;\">dr hab. Witold K\u0119dzierski, Associate Professor<\/p>\n<p style=\"text-align: center;\">Section of Animal Sciences and Bioeconomy is supported by\u00a0<strong>Polish Society Of Animal Production<\/strong><\/p>\n<p style=\"text-align: center;\"><a href=\"https:\/\/up.lublin.pl\/wp-content\/uploads\/2021\/04\/ptz.png\"><img loading=\"lazy\" class=\"aligncenter size-full wp-image-135668\" src=\"https:\/\/up.lublin.pl\/wp-content\/uploads\/2021\/04\/ptz.png\" alt=\"\" width=\"295\" height=\"285\" \/><\/a><br \/>Chairperson of Lublin branch<br \/>dr in\u017c. Wioletta Sawicka-Zugaj, EngD<\/p>\n<p style=\"text-align: center;\"><em><strong>Competition commission:<\/strong><\/em><\/p>\n<p style=\"text-align: center;\">dr in\u017c. Wioletta Sawicka-Zugaj, EngD<br \/>dr hab. Izabela Wilk<\/p>\n<p style=\"text-align: center;\">Section of Horticulture and Landscape Architecture is supported by<strong> Polish Society Of Horticultural Sciences <br \/><\/strong><\/p>\n<p style=\"text-align: center;\"><a href=\"https:\/\/up.lublin.pl\/wp-content\/uploads\/2021\/04\/ptno_pl_kolor.png\"><img loading=\"lazy\" class=\"aligncenter wp-image-135656\" src=\"https:\/\/up.lublin.pl\/wp-content\/uploads\/2021\/04\/ptno_pl_kolor.png\" alt=\"\" width=\"312\" height=\"269\" \/><\/a><\/p>\n<p style=\"text-align: center;\">Chairperson of Lublin branch<br \/>dr hab. Iwona Szot, assoc. prof.<\/p>\n<p style=\"text-align: center;\"><em><strong>Competition commission:<\/strong><\/em><\/p>\n<p style=\"text-align: center;\">dr hab. Robert Gruszecki<br \/>dr hab. Iwona Szot<br \/>dr hab. Gra\u017cyna Zawi\u015blak<\/p>\n<p style=\"text-align: center;\">Section of Production Engineering is supported by <strong>Polish Agricultural Engineering Societyj<\/strong><\/p>\n<p style=\"text-align: center;\"><a href=\"https:\/\/up.lublin.pl\/wp-content\/uploads\/2021\/04\/ptir.png\"><img loading=\"lazy\" class=\"aligncenter size-full wp-image-135652\" src=\"https:\/\/up.lublin.pl\/wp-content\/uploads\/2021\/04\/ptir.png\" alt=\"\" width=\"150\" height=\"150\" \/><\/a><br \/>Chairperson of Lublin branch<br \/>Professor Edmund Lorencowicz<\/p>\n<p style=\"text-align: center;\"><em><strong>Competition commission:<\/strong><\/em><\/p>\n<p style=\"text-align: center;\">Professor Edmund Lorencowicz<br \/>Professor S\u0142awomir Kocira,<br \/>dr hab. Renata R\u00f3\u017cy\u0142o, Associate Professor<br \/>dr hab. Joanna Szyszlak-Barg\u0142owicz, Associate Professor<\/p>\n<p style=\"text-align: center;\">Section of Food Sciences and Biotechnology\u00a0is supported by <strong>Polish Society Of Food Technologists<\/strong><\/p>\n<p style=\"text-align: center;\"><a href=\"https:\/\/up.lublin.pl\/wp-content\/uploads\/2021\/04\/pttz_logo.gif\"><img loading=\"lazy\" class=\"aligncenter size-full wp-image-135664\" src=\"https:\/\/up.lublin.pl\/wp-content\/uploads\/2021\/04\/pttz_logo.gif\" alt=\"\" width=\"246\" height=\"166\" \/><\/a>Chairperson of Lublin branch<br \/>Dr hab. Dariusz Stasiak, Associate Professor<\/p>\n<p style=\"text-align: center;\"><em><strong>Competition commission:<\/strong><\/em><\/p>\n<p style=\"text-align: center;\">dr hab. in\u017c. Ma\u0142gorzata Karwowska, Associate Professor<br \/>dr hab. Dariusz Stasiak, Associate Professor<\/p>\n<p style=\"text-align: center;\">*<\/p>\n<p style=\"text-align: center;\">Section of Environmental Biology\u00a0is supported by <strong>Polskie Towarzystwo Zoolog\u00f3w<\/strong><br \/>Managing Director<br \/>dr hab. Jaros\u0142aw Wi\u0105cek, Associate Professor<\/p>\n<p style=\"text-align: center;\"><em><strong>Competition commission:<\/strong><\/em><\/p>\n<p style=\"text-align: center;\">dr hab. Jaros\u0142aw Wi\u0105cek, Associate Professor<\/p>\n                                        <\/div>\n\t\t\t\t\t\t                                <\/div>\n\t\t\t\t                <div class=\"mn-content-block\">\n\t                                <\/div>\n\t\t\t\t                <div class=\"mn-content-block\">\n\t                                <\/div>\n\t\t\t\t                <div class=\"mn-content-block\">\n\t                                <\/div>\n\t\t\t\t                <div class=\"mn-content-block\">\n\t                                <\/div>\n\t\t\t\t                <div class=\"mn-content-block\">\n\t                                <\/div>\n\t\t\t\t                <div class=\"mn-content-block\">\n\t                                <\/div>\n\t\t\t\t                <div class=\"mn-content-block\">\n\t                                <\/div>\n\t\t\t\t                <div class=\"mn-content-block\">\n\t                                <\/div>\n\t\t\t\t                <div class=\"mn-content-block\">\n\t                                <\/div>\n\t\t\t\t                <div class=\"mn-content-block\">\n\t                                <\/div>\n\t\t\t\t                <div class=\"mn-content-block\">\n\t                                <\/div>\n\t\t\t\t                <div class=\"mn-content-block\">\n\t                                <\/div>\n\t\t\t\t                <div class=\"mn-content-block\">\n\t                                <\/div>\n\t\t\t\t                <div class=\"mn-content-block\">\n\t                                <\/div>\n\t\t\t\t                <div class=\"mn-content-block\">\n\t                                <\/div>\n\t\t\t\t                <div class=\"mn-content-block\">\n\t                                <\/div>\n\t\t\t\t                <div class=\"mn-content-block\">\n\t                                <\/div>\n\t\t\t\t                <div class=\"mn-content-block\">\n\t                                <\/div>\n\t\t\t\t                <div class=\"mn-content-block\">\n\t                                <\/div>\n\t\t\t\t\t\t<\/div>\n\t<\/div>\n<\/section>\n\t\t<\/div>\n\t\t\t\t<\/div>\n\t\t\t\t\t\t<\/div>\n\t\t\t\t\t<\/div>\n\t\t<\/div>\n\t\t\t\t\t\t\t\t<\/div>\n\t\t\t\t\t<\/div>\n\t\t<\/section>\n\t\t\t\t\t\t<\/div>\n\t\t\t\t\t\t<\/div>\n\t\t\t\t\t<\/div>\n\t\t","protected":false},"excerpt":{"rendered":"<p>Scientific Societes supporting ISSSC UP Thanks to the involvement of Scientific Societies in the organization of the III International Symposium of Student Scientific Clubs, a&nbsp;COMPETITION will be held for the best scientific papers presented in the lecture and poster session in individual thematic sections. The works will be assessed by the Competition Committees. Section of [&hellip;]<\/p>\n","protected":false},"author":2,"featured_media":0,"parent":218288,"menu_order":0,"comment_status":"closed","ping_status":"closed","template":"elementor_header_footer","meta":{"_monsterinsights_skip_tracking":false,"_monsterinsights_sitenote_active":false,"_monsterinsights_sitenote_note":"","_monsterinsights_sitenote_category":0},"_links":{"self":[{"href":"https:\/\/up.lublin.pl\/en\/wp-json\/wp\/v2\/pages\/224366"}],"collection":[{"href":"https:\/\/up.lublin.pl\/en\/wp-json\/wp\/v2\/pages"}],"about":[{"href":"https:\/\/up.lublin.pl\/en\/wp-json\/wp\/v2\/types\/page"}],"author":[{"embeddable":true,"href":"https:\/\/up.lublin.pl\/en\/wp-json\/wp\/v2\/users\/2"}],"replies":[{"embeddable":true,"href":"https:\/\/up.lublin.pl\/en\/wp-json\/wp\/v2\/comments?post=224366"}],"version-history":[{"count":19,"href":"https:\/\/up.lublin.pl\/en\/wp-json\/wp\/v2\/pages\/224366\/revisions"}],"predecessor-version":[{"id":526155,"href":"https:\/\/up.lublin.pl\/en\/wp-json\/wp\/v2\/pages\/224366\/revisions\/526155"}],"up":[{"embeddable":true,"href":"https:\/\/up.lublin.pl\/en\/wp-json\/wp\/v2\/pages\/218288"}],"wp:attachment":[{"href":"https:\/\/up.lublin.pl\/en\/wp-json\/wp\/v2\/media?parent=224366"}],"curies":[{"name":"wp","href":"https:\/\/api.w.org\/{rel}","templated":true}]}}