{"id":219990,"date":"2022-01-12T08:05:44","date_gmt":"2022-01-12T07:05:44","guid":{"rendered":"https:\/\/up.lublin.pl\/msskn\/information\/"},"modified":"2026-02-12T11:27:45","modified_gmt":"2026-02-12T10:27:45","slug":"information","status":"publish","type":"page","link":"https:\/\/up.lublin.pl\/en\/skn-konferencja\/information\/","title":{"rendered":"Information"},"content":{"rendered":"\t\t<div data-elementor-type=\"wp-page\" data-elementor-id=\"219990\" class=\"elementor elementor-219990 elementor-219796\" data-elementor-settings=\"[]\">\n\t\t\t\t\t\t<div class=\"elementor-inner\">\n\t\t\t\t\t\t\t<div class=\"elementor-section-wrap\">\n\t\t\t\t\t\t\t<section class=\"elementor-section elementor-top-section elementor-element elementor-element-7da91b7 elementor-section-boxed elementor-section-height-default elementor-section-height-default\" data-id=\"7da91b7\" data-element_type=\"section\">\n\t\t\t\t\t\t<div class=\"elementor-container elementor-column-gap-default\">\n\t\t\t\t\t\t\t<div class=\"elementor-row\">\n\t\t\t\t\t<div class=\"elementor-column elementor-col-100 elementor-top-column elementor-element elementor-element-2423528\" data-id=\"2423528\" data-element_type=\"column\">\n\t\t\t<div class=\"elementor-column-wrap elementor-element-populated\">\n\t\t\t\t\t\t\t<div class=\"elementor-widget-wrap\">\n\t\t\t\t\t\t<div class=\"elementor-element elementor-element-e27c5b3 elementor-widget elementor-widget-m2k\" data-id=\"e27c5b3\" data-element_type=\"widget\" data-widget_type=\"m2k.default\">\n\t\t\t\t<div class=\"elementor-widget-container\">\n\t\t\t<section class=\"mn-m2-d mn-bg-green\">\n    <div class=\"mn-grid\">\n        <div class=\"mn-grid-12 mn-introtext\">\n                            <h3>\n                    Information                <\/h3>\n                        <\/div>\n    <\/div>\n    <\/section>\n\t\t<\/div>\n\t\t\t\t<\/div>\n\t\t\t\t\t\t<\/div>\n\t\t\t\t\t<\/div>\n\t\t<\/div>\n\t\t\t\t\t\t\t\t<\/div>\n\t\t\t\t\t<\/div>\n\t\t<\/section>\n\t\t\t\t<section class=\"elementor-section elementor-top-section elementor-element elementor-element-f776564 elementor-section-boxed elementor-section-height-default elementor-section-height-default\" data-id=\"f776564\" data-element_type=\"section\">\n\t\t\t\t\t\t<div class=\"elementor-container elementor-column-gap-default\">\n\t\t\t\t\t\t\t<div class=\"elementor-row\">\n\t\t\t\t\t<div class=\"elementor-column elementor-col-100 elementor-top-column elementor-element elementor-element-77ee962\" data-id=\"77ee962\" data-element_type=\"column\">\n\t\t\t<div class=\"elementor-column-wrap elementor-element-populated\">\n\t\t\t\t\t\t\t<div class=\"elementor-widget-wrap\">\n\t\t\t\t\t\t<div class=\"elementor-element elementor-element-5c9acb8 elementor-widget elementor-widget-m5c\" data-id=\"5c9acb8\" data-element_type=\"widget\" data-widget_type=\"m5c.default\">\n\t\t\t\t<div class=\"elementor-widget-container\">\n\t\t\t<section class=\"mn-m5-c mn-bg-white\">\n\t<div class=\"mn-grid\">\n\t\t            <div class=\"mn-menu-container mn-grid-3\">\n                <ul class=\"mn-bg-yellow\">\n\t                                        <li>\n                            <a href=\"#\" class=\"active\" data-hash=\"#sections\">\n                                Sections                            <\/a>\n                        <\/li>\n                                                <li>\n                            <a href=\"#\" class=\"\" data-hash=\"#fees\">\n                                Conference fees                            <\/a>\n                        <\/li>\n                                                <li>\n                            <a href=\"#\" class=\"\" data-hash=\"#editorial\">\n                                Editorial policies                            <\/a>\n                        <\/li>\n                                                <li>\n                            <a href=\"#\" class=\"\" data-hash=\"#dates\">\n                                Important dates                            <\/a>\n                        <\/li>\n                                                <li>\n                            <a href=\"#\" class=\"\" data-hash=\"#GDPR\">\n                                GDPR documents                            <\/a>\n                        <\/li>\n                                        <\/ul>\n            <\/div>\n\t        \t\t<div class=\"mn-content mn-grid-8\">\n\t\t\t                <div class=\"mn-content-block active\">\n\t                                                        <div class=\"block-text\">\n\t                                        <p><strong>I. Section of Agrobioengineering<\/strong><\/p>\n<p>Thematic blocks: bioengineering, economy and agribusiness, spatial management, forestry, environmental protection and engineering, plant production and commodity science, tourism and recreation, other related.<\/p>\n<p>Scientific supervisor: <strong>Agata Koby\u0142ka<\/strong>, PhD<br \/>e-mail: <a href=\"mailto:agata.kobylka@up.edu.pl\">agata.kobylka@up.edu.pl<\/a><\/p>\n<p>Section&#8217;s Secretary: Magdalena Myszura-Dymek, EngD,<br \/>e-mail:\u00a0<a href=\"mailto:magdalena.myszura-dymek@up.edu.pl\">magdalena.myszura-dymek@up.edu.pl<\/a><br \/>phone no. 791-596-389<\/p>\n<p><strong>II. Section of Veterinary Medicine<\/strong><\/p>\n<p>Thematic blocks: veterinary medicine and other related.<\/p>\n<p>Scientific supervisor: <strong>Agnieszka Cha\u0142abis-Mazurek<\/strong>, PhD<br \/>e-mail: <a href=\"mailto:agnieszka.mazurek@up.edu.pl\">agnieszka.mazurek@up.edu.pl<\/a><br \/>phone no. 81 4456742<\/p>\n<p>Section&#8217;s Secretary: Rafa\u0142 Olchowski, PhD<br \/>e-mail:\u00a0<a href=\"mailto:rafal.olchowski@up.edu.pl\">rafal.olchowski@up.edu.pl<\/a><br \/>phone no. 81 4456796<\/p>\n<p><strong>III. Section of Animal Sciences and Bioeconomy<\/strong><\/p>\n<p>Thematic blocks: animal behavior, animal science, occupational safety and health, bioeconomy, other related.<\/p>\n<p>Scientific supervisor: <strong>Kamil Drabik<\/strong>, EngD<br \/>e-mail: <a href=\"mailto:kamil.drabik@up.edu.pl\">kamil.drabik@up.edu.pl<\/a><\/p>\n<p>Section&#8217;s Secretary: mgr in\u017c. Karolina Wengerska<br \/>e-mail: <a href=\"mailto:karolina.wengerska@up.edu.pl\">karolina.wengerska@up.edu.pl<\/a><br \/>phone no. 81-445-67-39<\/p>\n<p><strong>IV. Section of Horticulture and Landscape Architecture<\/strong><\/p>\n<p>Thematic blocks: horticulture, botany and plant physiology, plant protection, vegetable growing and herbalism, landscape architecture, other related.<\/p>\n<p>Scientific supervisor: <strong>Karolina Pitura<\/strong>, PhD<br \/>e-mail: <a href=\"mailto:karolina.pitura@up.edu.pl\">karolina.pitura@up.edu.pl<\/a><\/p>\n<p>Section&#8217;s Secretary: Dariusz Wach, PhD<br \/>e-mail: <a href=\"mailto:dariusz.wach@up.edu.pl\">dariusz.wach@up.edu.pl<\/a><br \/>phone no. 81-531-97-06<\/p>\n<p><strong>V. Section of Production Engineering<\/strong><\/p>\n<p>Thematic blocks: management and marketing, logistics, transport and shipping, production engineering, environmental engineering and ecology, other related.<\/p>\n<p>Scientific supervisor: <strong>Marek Domin<\/strong>, EngD<br \/>e-mail: <a href=\"mailto:marek.domin@up.edu.pl\">marek.domin@up.edu.pl<\/a><br \/>phone no.: 81 531 96 66<\/p>\n<p>Section&#8217;s Secretary: dr in\u017c. Ma\u0142gorzata G\u00f3ral-Kowalczyk<br \/>e-mail: <a href=\"mailto:malgorzata.goral-kowalczyk@up.edu.pl\">malgorzata.goral-kowalczyk@up.edu.pl<\/a><br \/>phone no. 815319654<\/p>\n<p><strong>VI. Section of Food Sciences and Biotechnology<\/strong><\/p>\n<p>Thematic blocks: food technology and culinary arts, food biotechnology, food chemistry and biochemistry, food microbiology, human nutrition, other related.<\/p>\n<p>Scientific supervisor: <strong>Urszula Szymanowska<\/strong>, PhD<br \/>e-mail: <a href=\"mailto:urszula.szymanowska@up.edu.pl\">urszula.szymanowska@up.edu.pl<\/a><\/p>\n<p>Section&#8217;s Secretary: Katarzyna Lisiecka, EngD<br \/>e-mail: <a href=\"mailto:katarzyna.lisiecka@up.edu.pl\">katarzyna.lisiecka@up.edu.pl<\/a><br \/>phone no. 814623328<\/p>\n<p>&amp; Ma\u0142gorzata Sierocka, EngD<br \/>e-mail: <a href=\"mailto:malgorzata.sierocka@up.edu.pl\">malgorzata.sierocka@up.edu.pl<\/a><\/p>\n<p><strong>VII. Section of Environmental Biology<\/strong><\/p>\n<p>Thematic blocks: biology, environmental protection, nature protection, biocosmetology, other related. biology, environmental protection, nature conservation, biocosmetology, other related.<\/p>\n<p>Scientific supervisor: <strong>Wojciech P\u0142aska<\/strong>, PhD<br \/>e-mail: <a href=\"mailto:wojciech.plaska@up.edu.pl\">wojciech.plaska@up.edu.pl<\/a><\/p>\n<p>Section&#8217;s Secretary: Aleksandra Bartkowska, MSc<br \/>e-mail:\u00a0<a href=\"mailto:aleksandra.bartkowska@up.edu.pl\">aleksandra.bartkowska@up.edu.pl<\/a><br \/>phone no. +48 (081) 4610061 ext. 309, 606900857<\/p>\n                                        <\/div>\n\t\t\t\t\t\t                                <\/div>\n\t\t\t\t                <div class=\"mn-content-block\">\n\t                                                        <div class=\"block-text\">\n\t                                        <p>The conference fee should be paid by<strong> March 16<sup>th<\/sup>, 2026<\/strong>, to the account:<\/p>\n<p>University of Life Sciences in Lublin<br \/>Bank PKO SA, branch in Lublin<br \/>26 1240 5497 1111 0011 3333 1849<br \/>IBAN\/SWIFT: BREXPLPW<br \/>with the annotation: MSSKN \/ name and surname of the participant \/ name of the university<\/p>\n<p><strong>Amount:<\/strong><\/p>\n<p>PLN 60 \u2013 conference fee, including: inclusion of the abstract in the book of abstracts, written confirmation of participation, certificate for persons presenting the paper, poster<\/p>\n<p>The scan of the proof of payment with the summary and the GDPR document should be sent by e-mail to the following e-mail address: msskn@up.edu.pl by March 16, 2026 (detailed information in the tab \u2013 important dates)<\/p>\n<p>Failure to send the confirmation of payment on time means resignation from participation in the Symposium and failure to have the abstract included in the book of abstracts.<\/p>\n<p>Invoices for participation in the Symposium will be issued at the participant\u2019s request and sent to the address provided by the participant.<\/p>\n                                        <\/div>\n\t\t\t\t\t\t                                <\/div>\n\t\t\t\t                <div class=\"mn-content-block\">\n\t                                                        <div class=\"mn-cards-list\">\n                                            <div class=\"mn-card-container\">\n                                                <div>\n                                                    <img src=\"https:\/\/up.lublin.pl\/wp-content\/themes\/up-lublin\/assets\/images\/doc-ico.svg\" alt=\"\" \/>\n                                                    <h5>1 - Summary template (.docx \/ 18 kB)<\/h5>\n                                                <\/div>\n                                                <a href=\"https:\/\/up.lublin.pl\/wp-content\/uploads\/2025\/02\/zal.-1_summary-template-25.docx\" class=\"mn-more\" target=\"_blank\">Read more<\/a>\n                                            <\/div>\n                                        <\/div>\n\t\t\t\t\t\t                                <\/div>\n\t\t\t\t                <div class=\"mn-content-block\">\n\t                                                        <div class=\"block-text\">\n\t                                        <table style=\"border-collapse: collapse; width: 100%;\">\n<tbody>\n<tr>\n<td style=\"width: 38.479%;\">\n<p style=\"font-size: 22px;\"><strong>by March 16, 2026<\/strong><\/p>\n<\/td>\n<td style=\"width: 61.521%;\">Deadline for registration<\/td>\n<\/tr>\n<tr>\n<td style=\"width: 38.479%;\">\n<p style=\"font-size: 22px;\"><strong>by March 16, 2026<\/strong><\/p>\n<\/td>\n<td style=\"width: 61.521%;\">\n<p>Deadline for payment of the conference fee<\/p>\n<\/td>\n<\/tr>\n<tr>\n<td style=\"width: 38.479%;\">\n<p style=\"font-size: 22px;\"><strong>by March 16, 2026<\/strong><\/p>\n<\/td>\n<td style=\"width: 61.521%;\">\n<p>Sending to the e-mail address: msskn@up.edu.pl in one e-mail: proof of payment, abstract (<strong>abstracts are submitted by the first author<\/strong>) and GDPR document (in the title of the e-mail please enter: MSSKN abstract, serial number of one of the seven Scientific Sections, form presentations, i.e. a&nbsp;paper \/ poster (e.g. <em><strong>Abstract_MSSKN_II_paper<\/strong><\/em>)<\/p>\n<p><strong>File names<\/strong> of individual attachments:<br \/>\u2666 proof of payment: <em><strong>payment_surname_ MSSKN<\/strong><\/em><br \/>\u2666 abstract: surname, first letter of the first name, event (MSSKN), sequence number of one of the seven Scientific Sections of the Symposium and the form of the presentation to which the abstract is addressed, e.g. <em><strong>Kowalski_J_MSSKN_II_paper<\/strong><\/em><br \/>\u2666 Signed scan of the GDPR document: Annex 3, Surname and first letter of the first name and the abbreviation of the event (MSSKN), e.g. <em><strong>Annex 3_Kowalski_J_MSSKN<\/strong><\/em><\/p>\n<\/td>\n<\/tr>\n<tr>\n<td style=\"width: 38.479%;\">\n<p style=\"font-size: 22px;\"><strong>by April 6, 2026<\/strong><\/p>\n<\/td>\n<td style=\"width: 61.521%;\">\n<p><strong>Sending the poster. <\/strong><\/p>\n<p>The poster is sent by the first author.<\/p>\n<p>The poster saved in the .pdf format, not exceeding 6 MB<\/p>\n<p>Technical requirements for the poster:<\/p>\n<ul>\n<li>standard size A1 format, i.e. 59.4 cm wide and 84.1 cm high,<\/li>\n<li>horizontal orientation.<\/li>\n<\/ul>\n<\/td>\n<\/tr>\n<tr>\n<td style=\"width: 38.479%;\">\n<p style=\"font-size: 22px;\"><strong>April 16, 2026<\/strong><\/p>\n<\/td>\n<td style=\"width: 61.521%;\">Hybrid form conference<\/td>\n<\/tr>\n<\/tbody>\n<\/table>\n                                        <\/div>\n\t\t\t\t\t\t                                <\/div>\n\t\t\t\t                <div class=\"mn-content-block\">\n\t                                                        <div class=\"block-text\">\n\t                                        <div>\n<h1>Download:<\/h1>\n<\/div>\n                                        <\/div>\n\t\t\t\t\t\t                                                        <div class=\"mn-cards-list\">\n                                            <div class=\"mn-card-container\">\n                                                <div>\n                                                    <img src=\"https:\/\/up.lublin.pl\/wp-content\/themes\/up-lublin\/assets\/images\/doc-ico.svg\" alt=\"\" \/>\n                                                    <h5>Attachment 3 \u2013 GDPR documents (.docx \/ 21 kB)<\/h5>\n                                                <\/div>\n                                                <a href=\"https:\/\/up.lublin.pl\/wp-content\/uploads\/2025\/02\/zal._3_GDPR-V-MSSKN-25.docx\" class=\"mn-more\" target=\"_blank\">Read more<\/a>\n                                            <\/div>\n                                        <\/div>\n\t\t\t\t\t\t                                <\/div>\n\t\t\t\t\t\t<\/div>\n\t<\/div>\n<\/section>\n\t\t<\/div>\n\t\t\t\t<\/div>\n\t\t\t\t\t\t<\/div>\n\t\t\t\t\t<\/div>\n\t\t<\/div>\n\t\t\t\t\t\t\t\t<\/div>\n\t\t\t\t\t<\/div>\n\t\t<\/section>\n\t\t\t\t\t\t<\/div>\n\t\t\t\t\t\t<\/div>\n\t\t\t\t\t<\/div>\n\t\t","protected":false},"excerpt":{"rendered":"<p>Information UP Sections Conference fees Editorial policies Important dates GDPR documents I. Section of Agrobioengineering Thematic blocks: bioengineering, economy and agribusiness, spatial management, forestry, environmental protection and engineering, plant production and commodity science, tourism and recreation, other related. Scientific supervisor: Agata Koby\u0142ka, PhDe-mail: agata.kobylka@up.edu.pl Section&#8217;s Secretary: Magdalena Myszura-Dymek, EngD,e-mail:\u00a0magdalena.myszura-dymek@up.edu.plphone no. 791-596-389 II. Section of Veterinary [&hellip;]<\/p>\n","protected":false},"author":2,"featured_media":0,"parent":218288,"menu_order":0,"comment_status":"closed","ping_status":"closed","template":"elementor_header_footer","meta":{"_monsterinsights_skip_tracking":false,"_monsterinsights_sitenote_active":false,"_monsterinsights_sitenote_note":"","_monsterinsights_sitenote_category":0},"_links":{"self":[{"href":"https:\/\/up.lublin.pl\/en\/wp-json\/wp\/v2\/pages\/219990"}],"collection":[{"href":"https:\/\/up.lublin.pl\/en\/wp-json\/wp\/v2\/pages"}],"about":[{"href":"https:\/\/up.lublin.pl\/en\/wp-json\/wp\/v2\/types\/page"}],"author":[{"embeddable":true,"href":"https:\/\/up.lublin.pl\/en\/wp-json\/wp\/v2\/users\/2"}],"replies":[{"embeddable":true,"href":"https:\/\/up.lublin.pl\/en\/wp-json\/wp\/v2\/comments?post=219990"}],"version-history":[{"count":156,"href":"https:\/\/up.lublin.pl\/en\/wp-json\/wp\/v2\/pages\/219990\/revisions"}],"predecessor-version":[{"id":525873,"href":"https:\/\/up.lublin.pl\/en\/wp-json\/wp\/v2\/pages\/219990\/revisions\/525873"}],"up":[{"embeddable":true,"href":"https:\/\/up.lublin.pl\/en\/wp-json\/wp\/v2\/pages\/218288"}],"wp:attachment":[{"href":"https:\/\/up.lublin.pl\/en\/wp-json\/wp\/v2\/media?parent=219990"}],"curies":[{"name":"wp","href":"https:\/\/api.w.org\/{rel}","templated":true}]}}