{"id":218288,"date":"2022-01-04T10:55:43","date_gmt":"2022-01-04T09:55:43","guid":{"rendered":"https:\/\/up.lublin.pl\/?page_id=218288"},"modified":"2026-03-31T08:49:45","modified_gmt":"2026-03-31T06:49:45","slug":"skn-konferencja","status":"publish","type":"page","link":"https:\/\/up.lublin.pl\/en\/skn-konferencja\/","title":{"rendered":"VII International Symposium of Student Scientific Clubs"},"content":{"rendered":"\t\t<div data-elementor-type=\"wp-page\" data-elementor-id=\"218288\" class=\"elementor elementor-218288 elementor-114093\" data-elementor-settings=\"[]\">\n\t\t\t\t\t\t<div class=\"elementor-inner\">\n\t\t\t\t\t\t\t<div class=\"elementor-section-wrap\">\n\t\t\t\t\t\t\t<section class=\"elementor-section elementor-top-section elementor-element elementor-element-b40e75d elementor-section-boxed elementor-section-height-default elementor-section-height-default\" data-id=\"b40e75d\" data-element_type=\"section\">\n\t\t\t\t\t\t<div class=\"elementor-container elementor-column-gap-default\">\n\t\t\t\t\t\t\t<div class=\"elementor-row\">\n\t\t\t\t\t<div class=\"elementor-column elementor-col-100 elementor-top-column elementor-element elementor-element-6a81384\" data-id=\"6a81384\" data-element_type=\"column\">\n\t\t\t<div class=\"elementor-column-wrap elementor-element-populated\">\n\t\t\t\t\t\t\t<div class=\"elementor-widget-wrap\">\n\t\t\t\t\t\t<div class=\"elementor-element elementor-element-71429b1 elementor-widget elementor-widget-m2j\" data-id=\"71429b1\" data-element_type=\"widget\" data-widget_type=\"m2j.default\">\n\t\t\t\t<div class=\"elementor-widget-container\">\n\t\t\t<section class=\"mn-m2-h\">\n    <div class=\"mn-image-container mn-container\">\n                    <img src=\"https:\/\/up.lublin.pl\/wp-content\/uploads\/2022\/01\/msskn_konfernecja_banner22.jpg\" alt=\"\">\n                                <h3 class=\"mn-title\">\n                VII International Symposium of Student Scientific Clubs            <\/h3>\n                <\/div>\n    <div class=\"mn-grid mn-content\">\n                    <div class=\"mn-content-block\">\n                <h3 style=\"text-align: center;\"><strong><br \/>University of Life Sciences in Lublin<\/strong><br \/><strong>16th April, 2026<\/strong><\/h3>\n            <\/div>\n                <\/div>\n<\/section>\n\t\t<\/div>\n\t\t\t\t<\/div>\n\t\t\t\t<div class=\"elementor-element elementor-element-c427e38 elementor-widget elementor-widget-m4a\" data-id=\"c427e38\" data-element_type=\"widget\" data-widget_type=\"m4a.default\">\n\t\t\t\t<div class=\"elementor-widget-container\">\n\t\t\t\t<section class=\"mn-m4_b mn-bg-green\">\n\t\t\t\t<div class=\"mn-grid\">\n\t\t\t\t\t\t\t<div class=\"mn-grid-6 mn-kat-m4-container\">\n\t\t\t\t\t\t\t\t\t\t\t\t\t\t\t\t<h3>Participation form<\/h3>\n\t\t\t\t\t\t\t\t\t\t\t\t\t\t\t\t\t\t\t\t\t\t<a href=\"https:\/\/forms.cloud.microsoft\/e\/MapRY0mgVc\" class=\"mn-more\">Read more<\/a>\n\t\t\t\t\t\t\t\t\t\t<\/div>\n\t\t\t\t\t\t\t\t<div class=\"mn-grid-6 mn-kat-m4-container\">\n\t\t\t\t\t\t\t\t\t\t\t\t\t\t\t\t<h3>Information<\/h3>\n\t\t\t\t\t\t\t\t\t\t\t\t\t\t\t\t\t\t\t\t\t\t<a href=\"https:\/\/up.lublin.pl\/skn-konferencja\/informacje\/\" class=\"mn-more\">Read more<\/a>\n\t\t\t\t\t\t\t\t\t\t<\/div>\n\t\t\t\t\t\t\t\t<div class=\"mn-grid-4 mn-kat-m4-container\">\n\t\t\t\t\t\t\t\t\t\t\t\t\t\t\t\t<h3>Regulations and attachments <\/h3>\n\t\t\t\t\t\t\t\t\t\t\t\t\t\t\t\t\t\t\t\t\t\t<a href=\"https:\/\/up.lublin.pl\/en\/skn-konferencja\/regulations\/\" class=\"mn-more\">Read more<\/a>\n\t\t\t\t\t\t\t\t\t\t<\/div>\n\t\t\t\t\t\t\t\t<div class=\"mn-grid-4 mn-kat-m4-container\">\n\t\t\t\t\t\t\t\t\t\t\t\t\t\t\t\t<h3>Programme and schedule<\/h3>\n\t\t\t\t\t\t\t\t\t\t\t\t\t\t\t\t\t\t\t\t<\/div>\n\t\t\t\t\t\t\t\t<div class=\"mn-grid-4 mn-kat-m4-container\">\n\t\t\t\t\t\t\t\t\t\t\t\t\t\t\t\t<h3>Posters<\/h3>\n\t\t\t\t\t\t\t\t\t\t\t\t\t\t\t\t\t\t\t\t<\/div>\n\t\t\t\t\t\t\t\t<div class=\"mn-grid-4 mn-kat-m4-container\">\n\t\t\t\t\t\t\t\t\t\t\t\t\t\t\t\t<h3>Honorary guest - lectures<\/h3>\n\t\t\t\t\t\t\t\t\t\t\t\t\t\t\t\t\t\t\t\t<\/div>\n\t\t\t\t\t\t\t\t<div class=\"mn-grid-4 mn-kat-m4-container\">\n\t\t\t\t\t\t\t\t\t\t\t\t\t\t\t\t<h3>Scientific Committee<\/h3>\n\t\t\t\t\t\t\t\t\t\t\t\t\t\t\t\t\t\t\t\t<\/div>\n\t\t\t\t\t\t\t\t<div class=\"mn-grid-4 mn-kat-m4-container\">\n\t\t\t\t\t\t\t\t\t\t\t\t\t\t\t\t<h3>Organizing Committee<\/h3>\n\t\t\t\t\t\t\t\t\t\t\t\t\t\t\t\t\t\t\t\t\t\t<a href=\"https:\/\/up.lublin.pl\/en\/skn-konferencja\/organizing-committee\/\" class=\"mn-more\">Read more<\/a>\n\t\t\t\t\t\t\t\t\t\t<\/div>\n\t\t\t\t\t\t\t\t<div class=\"mn-grid-4 mn-kat-m4-container\">\n\t\t\t\t\t\t\t\t\t\t\t\t\t\t\t\t<h3>Scientific Societes supporting ISSSC (competition)<\/h3>\n\t\t\t\t\t\t\t\t\t\t\t\t\t\t\t\t\t\t\t\t\t\t<a href=\"https:\/\/up.lublin.pl\/en\/skn-konferencja\/scientific-societes-supporting-isssc\/\" class=\"mn-more\">Read more<\/a>\n\t\t\t\t\t\t\t\t\t\t<\/div>\n\t\t\t\t\t\t\t\t<div class=\"mn-grid-4 mn-kat-m4-container\">\n\t\t\t\t\t\t\t\t\t\t\t\t\t\t\t\t<h3>Patronage<\/h3>\n\t\t\t\t\t\t\t\t\t\t\t\t\t\t\t\t\t\t\t\t\t\t<a href=\"https:\/\/up.lublin.pl\/en\/skn-konferencja\/symposiums-patronages\/\" class=\"mn-more\">Read more<\/a>\n\t\t\t\t\t\t\t\t\t\t<\/div>\n\t\t\t\t\t\t\t\t<div class=\"mn-grid-4 mn-kat-m4-container\">\n\t\t\t\t\t\t\t\t\t\t\t\t\t\t\t\t<h3>Contact<\/h3>\n\t\t\t\t\t\t\t\t\t\t\t\t\t\t\t\t\t\t\t\t\t\t<a href=\"https:\/\/up.lublin.pl\/skn-konferencja\/kontakt\/\" class=\"mn-more\">Read more<\/a>\n\t\t\t\t\t\t\t\t\t\t<\/div>\n\t\t\t\t\t\t<\/div>\n\t<\/section>\n\t\t\t<\/div>\n\t\t\t\t<\/div>\n\t\t\t\t<div class=\"elementor-element elementor-element-ca395ee elementor-widget elementor-widget-m5c\" data-id=\"ca395ee\" data-element_type=\"widget\" data-widget_type=\"m5c.default\">\n\t\t\t\t<div class=\"elementor-widget-container\">\n\t\t\t<section class=\"mn-m5-c mn-m5-d2 mn-bg-white\">\n\t<div class=\"mn-grid\">\n\t\t\t\t<div class=\"mn-content mn-grid-9\">\n\t\t\t                <div class=\"mn-content-block active\">\n\t                                                        <div class=\"block-text\">\n\t                                        <h2 style=\"text-align: center;\">Announcement I<\/h2>\n<p>Ladies and Gentlemen<\/p>\n<p>We are honored to invite you to participate in the <strong>7<sup>th<\/sup> International Symposium of Student\u2019s Scientific Organizations organized under the slogan &#8220;Environment-Plant-Animal-Product&#8221;<\/strong> by the University of Life Sciences in Lublin.<\/p>\n<p>In the previous edition (April 24, 2025), 273 students from 19 Polish and foreign academic centers presented a&nbsp;number of interesting research and application results. They have been included in the form of an e-book of summaries. In addition, over 90 studies were submitted, which were included in 5 thematic scientific monographs.<\/p>\n<p>The 7<sup>th<\/sup> International Symposium of Student\u2019s Scientific Organizations is addressed to undergraduate and graduate students (full-time and part-time) of domestic and foreign universities. The aim of the Symposium is to present the research activity of students in Poland and around the world, and to exchange views, experiences and practical knowledge.<\/p>\n<p style=\"text-align: center; font-size: 16px;\"><span style=\"color: #003300;\">The symposium will take place on April 16, 2026 in a&nbsp;hybrid form.<\/span><\/p>\n<p>The 7<sup>th<\/sup> International Symposium of Student\u2019s Scientific Organizations will be conducted in 7 thematic sections: Agrobioengineering, Veterinary Medicine, Animal Sciences and Bioeconomy, Horticulture and Landscape Architecture, Production Engineering, Food Sciences and Biotechnology, Environmental Biology.<\/p>\n<p>The works sent to the 7<sup>th<\/sup> International Symposium of Student\u2019s Scientific Organizations will be presented in paper and poster sessions (in Polish or English) and evaluated by the Competition Committees.<\/p>\n<p>Registration of participation, submission of applications with abstracts should be made by <strong>March 16, 2026<\/strong>.<\/p>\n<p>The electronic application form will be available from January 26, 2026 at <a href=\"https:\/\/www.up.lublin.pl\/en\/skn-konferencja\">https:\/\/www.up.lublin.pl\/en\/skn-konferencja<\/a>.<\/p>\n<p style=\"text-align: left;\">We cordially invite you to participate.<\/p>\n<p style=\"text-align: right;\">With best regards on behalf of the Organizers<br \/>Prof. dr hab. Marek Babicz<br \/>Rector&#8217;s Proxy for student\u2019s scientific organisations<br \/>University of Life Sciences in Lublin<br \/>ul. Akademicka 13, 20-950 Lublin<br \/>phone no. 81 445 67 16, e-mail: marek.babicz@up.edu.pl<\/p>\n                                        <\/div>\n\t\t\t\t\t\t                                <\/div>\n\t\t\t\t                <div class=\"mn-content-block\">\n\t                                <\/div>\n\t\t\t\t                <div class=\"mn-content-block\">\n\t                                <\/div>\n\t\t\t\t                <div class=\"mn-content-block\">\n\t                                <\/div>\n\t\t\t\t                <div class=\"mn-content-block\">\n\t                                <\/div>\n\t\t\t\t                <div class=\"mn-content-block\">\n\t                                <\/div>\n\t\t\t\t                <div class=\"mn-content-block\">\n\t                                <\/div>\n\t\t\t\t                <div class=\"mn-content-block\">\n\t                                <\/div>\n\t\t\t\t                <div class=\"mn-content-block\">\n\t                                <\/div>\n\t\t\t\t                <div class=\"mn-content-block\">\n\t                                <\/div>\n\t\t\t\t                <div class=\"mn-content-block\">\n\t                                <\/div>\n\t\t\t\t                <div class=\"mn-content-block\">\n\t                                <\/div>\n\t\t\t\t                <div class=\"mn-content-block\">\n\t                                <\/div>\n\t\t\t\t                <div class=\"mn-content-block\">\n\t                                <\/div>\n\t\t\t\t                <div class=\"mn-content-block\">\n\t                                <\/div>\n\t\t\t\t                <div class=\"mn-content-block\">\n\t                                <\/div>\n\t\t\t\t                <div class=\"mn-content-block\">\n\t                                <\/div>\n\t\t\t\t                <div class=\"mn-content-block\">\n\t                                <\/div>\n\t\t\t\t                <div class=\"mn-content-block\">\n\t                                <\/div>\n\t\t\t\t                <div class=\"mn-content-block\">\n\t                                <\/div>\n\t\t\t\t\t\t<\/div>\n\t<\/div>\n<\/section>\n\t\t<\/div>\n\t\t\t\t<\/div>\n\t\t\t\t\t\t<\/div>\n\t\t\t\t\t<\/div>\n\t\t<\/div>\n\t\t\t\t\t\t\t\t<\/div>\n\t\t\t\t\t<\/div>\n\t\t<\/section>\n\t\t\t\t\t\t<\/div>\n\t\t\t\t\t\t<\/div>\n\t\t\t\t\t<\/div>\n\t\t","protected":false},"excerpt":{"rendered":"<p>VII International Symposium of Student Scientific Clubs University of Life Sciences in Lublin16th April, 2026 Participation form Zobacz wi\u0119cej Information Zobacz wi\u0119cej Regulations and attachments Zobacz wi\u0119cej Programme and schedule Posters Honorary guest &#8211; lectures Scientific Committee Organizing Committee Zobacz wi\u0119cej Scientific Societes supporting ISSSC (competition) Zobacz wi\u0119cej Patronage Zobacz wi\u0119cej Contact Zobacz wi\u0119cej Announcement [&hellip;]<\/p>\n","protected":false},"author":2,"featured_media":0,"parent":0,"menu_order":0,"comment_status":"closed","ping_status":"closed","template":"elementor_header_footer","meta":{"_monsterinsights_skip_tracking":false,"_monsterinsights_sitenote_active":false,"_monsterinsights_sitenote_note":"","_monsterinsights_sitenote_category":0},"_links":{"self":[{"href":"https:\/\/up.lublin.pl\/en\/wp-json\/wp\/v2\/pages\/218288"}],"collection":[{"href":"https:\/\/up.lublin.pl\/en\/wp-json\/wp\/v2\/pages"}],"about":[{"href":"https:\/\/up.lublin.pl\/en\/wp-json\/wp\/v2\/types\/page"}],"author":[{"embeddable":true,"href":"https:\/\/up.lublin.pl\/en\/wp-json\/wp\/v2\/users\/2"}],"replies":[{"embeddable":true,"href":"https:\/\/up.lublin.pl\/en\/wp-json\/wp\/v2\/comments?post=218288"}],"version-history":[{"count":144,"href":"https:\/\/up.lublin.pl\/en\/wp-json\/wp\/v2\/pages\/218288\/revisions"}],"predecessor-version":[{"id":535702,"href":"https:\/\/up.lublin.pl\/en\/wp-json\/wp\/v2\/pages\/218288\/revisions\/535702"}],"wp:attachment":[{"href":"https:\/\/up.lublin.pl\/en\/wp-json\/wp\/v2\/media?parent=218288"}],"curies":[{"name":"wp","href":"https:\/\/api.w.org\/{rel}","templated":true}]}}