{"id":213043,"date":"2021-12-02T08:43:28","date_gmt":"2021-12-02T07:43:28","guid":{"rendered":"https:\/\/up.lublin.pl\/?page_id=213043"},"modified":"2021-12-02T08:45:27","modified_gmt":"2021-12-02T07:45:27","slug":"doctoral-internships-in-poland","status":"publish","type":"page","link":"https:\/\/up.lublin.pl\/en\/doctoral-school\/doctoral-internships\/doctoral-internships-in-poland\/","title":{"rendered":"Doctoral Internships in Poland"},"content":{"rendered":"\t\t<div data-elementor-type=\"wp-page\" data-elementor-id=\"213043\" class=\"elementor elementor-213043 elementor-213012\" data-elementor-settings=\"[]\">\n\t\t\t\t\t\t<div class=\"elementor-inner\">\n\t\t\t\t\t\t\t<div class=\"elementor-section-wrap\">\n\t\t\t\t\t\t\t<section class=\"elementor-section elementor-top-section elementor-element elementor-element-ac8b446 elementor-section-boxed elementor-section-height-default elementor-section-height-default\" data-id=\"ac8b446\" data-element_type=\"section\">\n\t\t\t\t\t\t<div class=\"elementor-container elementor-column-gap-default\">\n\t\t\t\t\t\t\t<div class=\"elementor-row\">\n\t\t\t\t\t<div class=\"elementor-column elementor-col-100 elementor-top-column elementor-element elementor-element-0ee1249\" data-id=\"0ee1249\" data-element_type=\"column\">\n\t\t\t<div class=\"elementor-column-wrap elementor-element-populated\">\n\t\t\t\t\t\t\t<div class=\"elementor-widget-wrap\">\n\t\t\t\t\t\t<div class=\"elementor-element elementor-element-4f370f3 elementor-widget elementor-widget-m2k\" data-id=\"4f370f3\" data-element_type=\"widget\" data-widget_type=\"m2k.default\">\n\t\t\t\t<div class=\"elementor-widget-container\">\n\t\t\t<section class=\"mn-m2-d mn-bg-green\">\n    <div class=\"mn-grid\">\n        <div class=\"mn-grid-12 mn-introtext\">\n                            <h3>\n                    Doctoral Internships in Poland                <\/h3>\n                        <\/div>\n    <\/div>\n    <\/section>\n\t\t<\/div>\n\t\t\t\t<\/div>\n\t\t\t\t\t\t<\/div>\n\t\t\t\t\t<\/div>\n\t\t<\/div>\n\t\t\t\t\t\t\t\t<\/div>\n\t\t\t\t\t<\/div>\n\t\t<\/section>\n\t\t\t\t<section class=\"elementor-section elementor-top-section elementor-element elementor-element-420c9fd elementor-section-boxed elementor-section-height-default elementor-section-height-default\" data-id=\"420c9fd\" data-element_type=\"section\">\n\t\t\t\t\t\t<div class=\"elementor-container elementor-column-gap-default\">\n\t\t\t\t\t\t\t<div class=\"elementor-row\">\n\t\t\t\t\t<div class=\"elementor-column elementor-col-100 elementor-top-column elementor-element elementor-element-fcf5ec3\" data-id=\"fcf5ec3\" data-element_type=\"column\">\n\t\t\t<div class=\"elementor-column-wrap elementor-element-populated\">\n\t\t\t\t\t\t\t<div class=\"elementor-widget-wrap\">\n\t\t\t\t\t\t<div class=\"elementor-element elementor-element-d5e2196 elementor-widget elementor-widget-m3d\" data-id=\"d5e2196\" data-element_type=\"widget\" data-widget_type=\"m3d.default\">\n\t\t\t\t<div class=\"elementor-widget-container\">\n\t\t\t<section class=\"mn-m3-d\">\n    <div class=\"mn-grid\">\n        <h2 class=\"mn-grid-9 mn-title\"><\/h2>\n        <a href=\"https:\/\/up.lublin.pl\/en\/blog\/category\/doctoral-internships-in-poland\/\" class=\"mn-more mn-grid-3\">See all<\/a>\n\t\t            <div class=\"mn-events-list mn-grid-12\">\n\t\t\t\t                    <div class=\"mn-event\">\n                                                <div class=\"mn-image-container\">\n                            <img src=\"https:\/\/up.lublin.pl\/wp-content\/uploads\/2026\/03\/urhk-staz-ow.jpg\" alt=\"\" \/>\n                                                    <\/div>\n                                                <div class=\"mn-content\">\n                            <h5 class=\"mn-date\">09.03.2026<\/h5>\n                            <h3>Kaja Zi\u00f3\u0142kowska-Twarowska, Pawe\u0142 Grychnik, University of Agriculture in Krakow<\/h3>\n                            <p>Kaja Zi\u00f3\u0142kowska-Twarowska, Pawe\u0142 Grychnik\u00a0Disciplne: Animal...<\/p>\n                        <\/div>\n                        <a href=\"https:\/\/up.lublin.pl\/en\/blog\/kaja-ziolkowska-twarowska-pawel-grychnik-university-of-agriculture-in-krakow\/\"\n                           class=\"mn-more\">Read more<\/a>\n                    <\/div>\n\t\t\t\t\t                    <div class=\"mn-event\">\n                                                <div class=\"mn-image-container\">\n                            <img src=\"https:\/\/up.lublin.pl\/wp-content\/uploads\/2023\/03\/stazzamiedza_ow.jpg\" alt=\"\" \/>\n                                                    <\/div>\n                                                <div class=\"mn-content\">\n                            <h5 class=\"mn-date\">26.01.2026<\/h5>\n                            <h3>Wojciech Ospa\u0142ek, M.A., the Chair and Department of Pharmaceutical Microbiology, Medical University of Lublin<\/h3>\n                            <p>A program implemented within the Association of Lublin...<\/p>\n                        <\/div>\n                        <a href=\"https:\/\/up.lublin.pl\/en\/blog\/wojciech-ospalek-m-a-the-chair-and-department-of-pharmaceutical-microbiology-medical-university-of-lublin\/\"\n                           class=\"mn-more\">Read more<\/a>\n                    <\/div>\n\t\t\t\t\t                    <div class=\"mn-event\">\n                                                <div class=\"mn-image-container\">\n                            <img src=\"https:\/\/up.lublin.pl\/wp-content\/uploads\/2023\/03\/stazzamiedza_ow.jpg\" alt=\"\" \/>\n                                                    <\/div>\n                                                <div class=\"mn-content\">\n                            <h5 class=\"mn-date\">15.01.2026<\/h5>\n                            <h3>Klaudia Rz\u0105d, MSc, Department of Pharmaceutical Microbiology, Medical University of Lublin<\/h3>\n                            <p>mgr Klaudia Rz\u0105d\u00a0Third Year of Doctoral School\u00a0Main...<\/p>\n                        <\/div>\n                        <a href=\"https:\/\/up.lublin.pl\/en\/blog\/klaudia-rzad-msc-department-of-pharmaceutical-microbiology-medical-university-of-lublin\/\"\n                           class=\"mn-more\">Read more<\/a>\n                    <\/div>\n\t\t\t\t\t                    <div class=\"mn-event\">\n                                                <div class=\"mn-image-container\">\n                            <img src=\"https:\/\/up.lublin.pl\/wp-content\/uploads\/2023\/03\/stazzamiedza_ow.jpg\" alt=\"\" \/>\n                                                    <\/div>\n                                                <div class=\"mn-content\">\n                            <h5 class=\"mn-date\">07.01.2026<\/h5>\n                            <h3>Miko\u0142aj Feculak M. Sc., Department of Radiochemistry and Environmental Chemistry, Faculty of Chemistry, Maria Curie-Sk\u0142odowska University<\/h3>\n                            <p>Miko\u0142aj Feculak M. Sc.\u00a04th year of education at the...<\/p>\n                        <\/div>\n                        <a href=\"https:\/\/up.lublin.pl\/en\/blog\/mikolaj-feculak-m-sc-department-of-radiochemistry-and-environmental-chemistry-faculty-of-chemistry-maria-curie-sklodowska-university\/\"\n                           class=\"mn-more\">Read more<\/a>\n                    <\/div>\n\t\t\t\t\t                    <div class=\"mn-event\">\n                                                <div class=\"mn-image-container\">\n                            <img src=\"https:\/\/up.lublin.pl\/wp-content\/uploads\/2022\/07\/logo-miasta-lublin-web-1.png\" alt=\"\" \/>\n                                                    <\/div>\n                                                <div class=\"mn-content\">\n                            <h5 class=\"mn-date\">07.03.2025<\/h5>\n                            <h3>Julia W\u00f3jcik-Madej, MSc, Lublin City Hall<\/h3>\n                            <p>Julia W\u00f3jcik-Madej, M.Sc.\r\n3rd year of training at the...<\/p>\n                        <\/div>\n                        <a href=\"https:\/\/up.lublin.pl\/en\/blog\/julia-wojcik-madej-msc-lublin-city-hall\/\"\n                           class=\"mn-more\">Read more<\/a>\n                    <\/div>\n\t\t\t\t\t                    <div class=\"mn-event\">\n                                                <div class=\"mn-image-container\">\n                            <img src=\"https:\/\/up.lublin.pl\/wp-content\/uploads\/2025\/03\/uwmpl_ow.jpg\" alt=\"\" \/>\n                                                    <\/div>\n                                                <div class=\"mn-content\">\n                            <h5 class=\"mn-date\">04.03.2025<\/h5>\n                            <h3>MSc. Eng. Weronika Kursa, University of Warnia and Mazury in Olsztyn<\/h3>\n                            <p>MSc. Eng. Weronika Kursa3rd Year PhD StudentDiscipline:...<\/p>\n                        <\/div>\n                        <a href=\"https:\/\/up.lublin.pl\/en\/blog\/msc-eng-weronika-kursa-university-of-warnia-and-mazury-in-olsztyn\/\"\n                           class=\"mn-more\">Read more<\/a>\n                    <\/div>\n\t\t\t\t\t                    <div class=\"mn-event\">\n                                                <div class=\"mn-image-container\">\n                            <img src=\"https:\/\/up.lublin.pl\/wp-content\/uploads\/2025\/02\/staz_pk_ow.jpg\" alt=\"\" \/>\n                                                    <\/div>\n                                                <div class=\"mn-content\">\n                            <h5 class=\"mn-date\">05.02.2025<\/h5>\n                            <h3>Paulina Kawecka, MSc, Warsaw University of Life Sciences<\/h3>\n                            <p>In the period from September 15 to December 15, 2024...<\/p>\n                        <\/div>\n                        <a href=\"https:\/\/up.lublin.pl\/en\/blog\/paulina-kawecka-msc-warsaw-university-of-life-sciences\/\"\n                           class=\"mn-more\">Read more<\/a>\n                    <\/div>\n\t\t\t\t\t                    <div class=\"mn-event\">\n                                                <div class=\"mn-image-container\">\n                            <img src=\"https:\/\/up.lublin.pl\/wp-content\/uploads\/2023\/09\/agro_pan.jpg\" alt=\"\" \/>\n                                                    <\/div>\n                                                <div class=\"mn-content\">\n                            <h5 class=\"mn-date\">06.09.2023<\/h5>\n                            <h3>Weronika Kursa, MSc, Institute of Agrophysics, Polish Academy of Sciences<\/h3>\n                            <p>MSc. Weronika Kursa 2nd year of the Doctoral School...<\/p>\n                        <\/div>\n                        <a href=\"https:\/\/up.lublin.pl\/en\/blog\/weronika-kursa-msc-institute-of-agrophysics-polish-academy-of-sciences\/\"\n                           class=\"mn-more\">Read more<\/a>\n                    <\/div>\n\t\t\t\t\t                    <div class=\"mn-event\">\n                                                <div class=\"mn-image-container\">\n                            <img src=\"https:\/\/up.lublin.pl\/wp-content\/uploads\/2023\/07\/uwm_en_ow.jpg\" alt=\"\" \/>\n                                                    <\/div>\n                                                <div class=\"mn-content\">\n                            <h5 class=\"mn-date\">19.07.2023<\/h5>\n                            <h3>Rados\u0142aw Smagie\u0142, MSc, University of Warmia and Mazury, Olsztyn<\/h3>\n                            <p>On May 8-21, I&nbsp;participated in a&nbsp;national...<\/p>\n                        <\/div>\n                        <a href=\"https:\/\/up.lublin.pl\/en\/blog\/radoslaw-smagiel-msc-university-of-warmia-and-mazury-olsztyn\/\"\n                           class=\"mn-more\">Read more<\/a>\n                    <\/div>\n\t\t\t\t\t                    <div class=\"mn-event\">\n                                                <div class=\"mn-image-container\">\n                            <img src=\"https:\/\/up.lublin.pl\/wp-content\/uploads\/2023\/07\/uwm_en_ow.jpg\" alt=\"\" \/>\n                                                    <\/div>\n                                                <div class=\"mn-content\">\n                            <h5 class=\"mn-date\">19.07.2023<\/h5>\n                            <h3>DVM Aleksandra Marzec, University of Warmia and Mazury, Olsztyn<\/h3>\n                            <p>On May 15-21, I&nbsp;was on a&nbsp;national internship at...<\/p>\n                        <\/div>\n                        <a href=\"https:\/\/up.lublin.pl\/en\/blog\/dvm-aleksandra-marzec-university-of-warmia-and-mazury-in-olsztyn\/\"\n                           class=\"mn-more\">Read more<\/a>\n                    <\/div>\n\t\t\t\t\t            <\/div>\n\t\t\t    <\/div>\n<\/section>\n\t\t<\/div>\n\t\t\t\t<\/div>\n\t\t\t\t\t\t<\/div>\n\t\t\t\t\t<\/div>\n\t\t<\/div>\n\t\t\t\t\t\t\t\t<\/div>\n\t\t\t\t\t<\/div>\n\t\t<\/section>\n\t\t\t\t\t\t<\/div>\n\t\t\t\t\t\t<\/div>\n\t\t\t\t\t<\/div>\n\t\t","protected":false},"excerpt":{"rendered":"<p>Doctoral Internships in Poland UP Zobacz wszystkie Brak wpis\u00f3w<\/p>\n","protected":false},"author":2,"featured_media":0,"parent":174572,"menu_order":0,"comment_status":"closed","ping_status":"closed","template":"elementor_header_footer","meta":{"_monsterinsights_skip_tracking":false,"_monsterinsights_sitenote_active":false,"_monsterinsights_sitenote_note":"","_monsterinsights_sitenote_category":0},"_links":{"self":[{"href":"https:\/\/up.lublin.pl\/en\/wp-json\/wp\/v2\/pages\/213043"}],"collection":[{"href":"https:\/\/up.lublin.pl\/en\/wp-json\/wp\/v2\/pages"}],"about":[{"href":"https:\/\/up.lublin.pl\/en\/wp-json\/wp\/v2\/types\/page"}],"author":[{"embeddable":true,"href":"https:\/\/up.lublin.pl\/en\/wp-json\/wp\/v2\/users\/2"}],"replies":[{"embeddable":true,"href":"https:\/\/up.lublin.pl\/en\/wp-json\/wp\/v2\/comments?post=213043"}],"version-history":[{"count":7,"href":"https:\/\/up.lublin.pl\/en\/wp-json\/wp\/v2\/pages\/213043\/revisions"}],"predecessor-version":[{"id":213054,"href":"https:\/\/up.lublin.pl\/en\/wp-json\/wp\/v2\/pages\/213043\/revisions\/213054"}],"up":[{"embeddable":true,"href":"https:\/\/up.lublin.pl\/en\/wp-json\/wp\/v2\/pages\/174572"}],"wp:attachment":[{"href":"https:\/\/up.lublin.pl\/en\/wp-json\/wp\/v2\/media?parent=213043"}],"curies":[{"name":"wp","href":"https:\/\/api.w.org\/{rel}","templated":true}]}}