{"id":213035,"date":"2021-12-02T08:42:23","date_gmt":"2021-12-02T07:42:23","guid":{"rendered":"https:\/\/up.lublin.pl\/?page_id=213035"},"modified":"2021-12-02T08:42:52","modified_gmt":"2021-12-02T07:42:52","slug":"doctoral-internships-abroad","status":"publish","type":"page","link":"https:\/\/up.lublin.pl\/en\/doctoral-school\/doctoral-internships\/doctoral-internships-abroad\/","title":{"rendered":"Doctoral Internships abroad"},"content":{"rendered":"\t\t<div data-elementor-type=\"wp-page\" data-elementor-id=\"213035\" class=\"elementor elementor-213035 elementor-213018\" data-elementor-settings=\"[]\">\n\t\t\t\t\t\t<div class=\"elementor-inner\">\n\t\t\t\t\t\t\t<div class=\"elementor-section-wrap\">\n\t\t\t\t\t\t\t<section class=\"elementor-section elementor-top-section elementor-element elementor-element-3f7fcd2 elementor-section-boxed elementor-section-height-default elementor-section-height-default\" data-id=\"3f7fcd2\" data-element_type=\"section\">\n\t\t\t\t\t\t<div class=\"elementor-container elementor-column-gap-default\">\n\t\t\t\t\t\t\t<div class=\"elementor-row\">\n\t\t\t\t\t<div class=\"elementor-column elementor-col-100 elementor-top-column elementor-element elementor-element-cf3d534\" data-id=\"cf3d534\" data-element_type=\"column\">\n\t\t\t<div class=\"elementor-column-wrap elementor-element-populated\">\n\t\t\t\t\t\t\t<div class=\"elementor-widget-wrap\">\n\t\t\t\t\t\t<div class=\"elementor-element elementor-element-1e1edf9 elementor-widget elementor-widget-m2k\" data-id=\"1e1edf9\" data-element_type=\"widget\" data-widget_type=\"m2k.default\">\n\t\t\t\t<div class=\"elementor-widget-container\">\n\t\t\t<section class=\"mn-m2-d mn-bg-green\">\n    <div class=\"mn-grid\">\n        <div class=\"mn-grid-12 mn-introtext\">\n                            <h3>\n                    Doctoral Internships abroad                <\/h3>\n                        <\/div>\n    <\/div>\n    <\/section>\n\t\t<\/div>\n\t\t\t\t<\/div>\n\t\t\t\t\t\t<\/div>\n\t\t\t\t\t<\/div>\n\t\t<\/div>\n\t\t\t\t\t\t\t\t<\/div>\n\t\t\t\t\t<\/div>\n\t\t<\/section>\n\t\t\t\t<section class=\"elementor-section elementor-top-section elementor-element elementor-element-aab3dd0 elementor-section-boxed elementor-section-height-default elementor-section-height-default\" data-id=\"aab3dd0\" data-element_type=\"section\">\n\t\t\t\t\t\t<div class=\"elementor-container elementor-column-gap-default\">\n\t\t\t\t\t\t\t<div class=\"elementor-row\">\n\t\t\t\t\t<div class=\"elementor-column elementor-col-100 elementor-top-column elementor-element elementor-element-514e5af\" data-id=\"514e5af\" data-element_type=\"column\">\n\t\t\t<div class=\"elementor-column-wrap elementor-element-populated\">\n\t\t\t\t\t\t\t<div class=\"elementor-widget-wrap\">\n\t\t\t\t\t\t<div class=\"elementor-element elementor-element-28ac958 elementor-widget elementor-widget-m3d\" data-id=\"28ac958\" data-element_type=\"widget\" data-widget_type=\"m3d.default\">\n\t\t\t\t<div class=\"elementor-widget-container\">\n\t\t\t<section class=\"mn-m3-d\">\n    <div class=\"mn-grid\">\n        <h2 class=\"mn-grid-9 mn-title\"><\/h2>\n        <a href=\"https:\/\/up.lublin.pl\/en\/blog\/category\/doctoral-internships\/\" class=\"mn-more mn-grid-3\">See all<\/a>\n\t\t            <div class=\"mn-events-list mn-grid-12\">\n\t\t\t\t                    <div class=\"mn-event\">\n                                                <div class=\"mn-image-container\">\n                            <img src=\"https:\/\/up.lublin.pl\/wp-content\/uploads\/2026\/02\/ksu-nawa-ow.jpg\" alt=\"\" \/>\n                                                    <\/div>\n                                                <div class=\"mn-content\">\n                            <h5 class=\"mn-date\">04.02.2026<\/h5>\n                            <h3>Magdalena Borecka, MSc, Kansas State University, USA<\/h3>\n                            <p>Internship Report - Kansas State University (Manhattan...<\/p>\n                        <\/div>\n                        <a href=\"https:\/\/up.lublin.pl\/en\/blog\/magdalena-borecka-msc-kansas-state-university-usa\/\"\n                           class=\"mn-more\">Read more<\/a>\n                    <\/div>\n\t\t\t\t\t                    <div class=\"mn-event\">\n                                                <div class=\"mn-image-container\">\n                            <img src=\"https:\/\/up.lublin.pl\/wp-content\/uploads\/2026\/01\/aborkowska_staz-ow.jpg\" alt=\"\" \/>\n                                                    <\/div>\n                                                <div class=\"mn-content\">\n                            <h5 class=\"mn-date\">28.01.2026<\/h5>\n                            <h3>Anna Borkowska, MSc, Mu\u011fla S\u0131tk\u0131 Ko\u00e7man University in Fethiye, Turkey<\/h3>\n                            <p>Internship Report \u2013 Anna BorkowskaDuration: 31.03.2025 -...<\/p>\n                        <\/div>\n                        <a href=\"https:\/\/up.lublin.pl\/en\/blog\/anna-borkowska-msc-mugla-sitki-kocman-university-in-fethiye-turkey\/\"\n                           class=\"mn-more\">Read more<\/a>\n                    <\/div>\n\t\t\t\t\t                    <div class=\"mn-event\">\n                                                <div class=\"mn-image-container\">\n                            <img src=\"https:\/\/up.lublin.pl\/wp-content\/uploads\/2026\/02\/staz-af-ow.jpg\" alt=\"\" \/>\n                                                    <\/div>\n                                                <div class=\"mn-content\">\n                            <h5 class=\"mn-date\">17.12.2025<\/h5>\n                            <h3>Aleksandra Figura, MSc, University of Malta<\/h3>\n                            <p>Internship Report \u2013 University of Malta, MsidaDuration: 23...<\/p>\n                        <\/div>\n                        <a href=\"https:\/\/up.lublin.pl\/en\/blog\/aleksandra-figura-msc-university-of-malta\/\"\n                           class=\"mn-more\">Read more<\/a>\n                    <\/div>\n\t\t\t\t\t                    <div class=\"mn-event\">\n                                                <div class=\"mn-image-container\">\n                            <img src=\"https:\/\/up.lublin.pl\/wp-content\/uploads\/2025\/10\/staz-kk-ow.jpg\" alt=\"\" \/>\n                                                    <\/div>\n                                                <div class=\"mn-content\">\n                            <h5 class=\"mn-date\">08.10.2025<\/h5>\n                            <h3>Kamila Kaszycka, MSc, Lithuanian University of Health Sciences<\/h3>\n                            <p>Between June 1, 2025, and September 1, 2025...<\/p>\n                        <\/div>\n                        <a href=\"https:\/\/up.lublin.pl\/en\/blog\/kamila-kaszycka-msc-lithuanian-university-of-health-sciences\/\"\n                           class=\"mn-more\">Read more<\/a>\n                    <\/div>\n\t\t\t\t\t                    <div class=\"mn-event\">\n                                                <div class=\"mn-image-container\">\n                            <img src=\"https:\/\/up.lublin.pl\/wp-content\/uploads\/2025\/09\/stazKR_ow.jpg\" alt=\"\" \/>\n                                                    <\/div>\n                                                <div class=\"mn-content\">\n                            <h5 class=\"mn-date\">03.09.2025<\/h5>\n                            <h3>Klaudia Rz\u0105d, MSc, Mendel University, Czech Republic<\/h3>\n                            <p>From August 8-18, 2025, during the 2024\/25 academic year...<\/p>\n                        <\/div>\n                        <a href=\"https:\/\/up.lublin.pl\/en\/blog\/klaudia-rzad-msc-mendel-university-czech-republic\/\"\n                           class=\"mn-more\">Read more<\/a>\n                    <\/div>\n\t\t\t\t\t                    <div class=\"mn-event\">\n                                                <div class=\"mn-image-container\">\n                            <img src=\"https:\/\/up.lublin.pl\/wp-content\/uploads\/2025\/08\/staz-MB-ow.jpg\" alt=\"\" \/>\n                                                    <\/div>\n                                                <div class=\"mn-content\">\n                            <h5 class=\"mn-date\">25.08.2025<\/h5>\n                            <h3>Magdalena Borecka, MSc, University of Ottawa, Canada<\/h3>\n                            <p>Internship Report \u2013 Magdalena BoreckaDuration: 2 months...<\/p>\n                        <\/div>\n                        <a href=\"https:\/\/up.lublin.pl\/en\/blog\/magdalena-borecka-msc-university-of-ottawa-canada\/\"\n                           class=\"mn-more\">Read more<\/a>\n                    <\/div>\n\t\t\t\t\t                    <div class=\"mn-event\">\n                                                <div class=\"mn-image-container\">\n                            <img src=\"https:\/\/up.lublin.pl\/wp-content\/uploads\/2025\/07\/staz-pz-ow.jpg\" alt=\"\" \/>\n                                                    <\/div>\n                                                <div class=\"mn-content\">\n                            <h5 class=\"mn-date\">31.07.2025<\/h5>\n                            <h3>Paulina Zeliszewska-Duk, MSc, Mendel University in Brno, Czech Republic<\/h3>\n                            <p>Paulina Zeliszewska-Duk\u00a03rd Year Doctoral StudentAnimal...<\/p>\n                        <\/div>\n                        <a href=\"https:\/\/up.lublin.pl\/en\/blog\/paulina-zeliszewska-duk-msc-mendel-university-in-brno-czech-republic\/\"\n                           class=\"mn-more\">Read more<\/a>\n                    <\/div>\n\t\t\t\t\t                    <div class=\"mn-event\">\n                                                <div class=\"mn-image-container\">\n                            <img src=\"https:\/\/up.lublin.pl\/wp-content\/uploads\/2025\/06\/staz-am-ow.jpg\" alt=\"\" \/>\n                                                    <\/div>\n                                                <div class=\"mn-content\">\n                            <h5 class=\"mn-date\">13.06.2025<\/h5>\n                            <h3>Agata Michalska, MSc, University of South Bohemia, Czech Republic<\/h3>\n                            <p>2nd Year of Doctoral School\u00a0Discipline: Food technology and...<\/p>\n                        <\/div>\n                        <a href=\"https:\/\/up.lublin.pl\/en\/blog\/agata-michalska-university-of-south-bohemia-czech-republic\/\"\n                           class=\"mn-more\">Read more<\/a>\n                    <\/div>\n\t\t\t\t\t                    <div class=\"mn-event\">\n                                                <div class=\"mn-image-container\">\n                            <img src=\"https:\/\/up.lublin.pl\/wp-content\/uploads\/2025\/06\/staz_ma-ow.jpg\" alt=\"\" \/>\n                                                    <\/div>\n                                                <div class=\"mn-content\">\n                            <h5 class=\"mn-date\">05.06.2025<\/h5>\n                            <h3>Micha\u0142 Arciszewski, MSc, University of Cagliari, Italy<\/h3>\n                            <p>Micha\u0142 Arciszewski\u00a03rd year of education at the Doctoral...<\/p>\n                        <\/div>\n                        <a href=\"https:\/\/up.lublin.pl\/en\/blog\/michal-arciszewski-msc-university-of-cagliari-italy\/\"\n                           class=\"mn-more\">Read more<\/a>\n                    <\/div>\n\t\t\t\t\t                    <div class=\"mn-event\">\n                                                <div class=\"mn-image-container\">\n                            <img src=\"https:\/\/up.lublin.pl\/wp-content\/uploads\/2025\/05\/ar_staz_molise_ow.jpg\" alt=\"\" \/>\n                                                    <\/div>\n                                                <div class=\"mn-content\">\n                            <h5 class=\"mn-date\">20.05.2025<\/h5>\n                            <h3>Aleksandra Rolewicz, MSc, University of Molise, Italy<\/h3>\n                            <p>Aleksandra Rolewicz\u00a0Year II of the Doctoral...<\/p>\n                        <\/div>\n                        <a href=\"https:\/\/up.lublin.pl\/en\/blog\/aleksandra-rolewicz-msc-university-of-molise-italy\/\"\n                           class=\"mn-more\">Read more<\/a>\n                    <\/div>\n\t\t\t\t\t            <\/div>\n\t\t\t    <\/div>\n<\/section>\n\t\t<\/div>\n\t\t\t\t<\/div>\n\t\t\t\t\t\t<\/div>\n\t\t\t\t\t<\/div>\n\t\t<\/div>\n\t\t\t\t\t\t\t\t<\/div>\n\t\t\t\t\t<\/div>\n\t\t<\/section>\n\t\t\t\t\t\t<\/div>\n\t\t\t\t\t\t<\/div>\n\t\t\t\t\t<\/div>\n\t\t","protected":false},"excerpt":{"rendered":"<p>Doctoral Internships abroad UP Zobacz wszystkie 30.11.2021 Popularization tab on the website of the National Association of Doctoral Candidates Dear Colleagues,as the National Association of Doctoral&#8230; Zobacz wi\u0119cej 26.11.2021 Adam Staniszewski &#8211; Ansbach University of Applied Sciences (Germany) Between September \u00a014, 2021 &#8211; November \u00a014, 2021&#8230; Zobacz wi\u0119cej 26.11.2021 Klaudia Kowalik &#8211; Ansbach University of [&hellip;]<\/p>\n","protected":false},"author":2,"featured_media":0,"parent":174572,"menu_order":0,"comment_status":"closed","ping_status":"closed","template":"elementor_header_footer","meta":{"_monsterinsights_skip_tracking":false,"_monsterinsights_sitenote_active":false,"_monsterinsights_sitenote_note":"","_monsterinsights_sitenote_category":0},"_links":{"self":[{"href":"https:\/\/up.lublin.pl\/en\/wp-json\/wp\/v2\/pages\/213035"}],"collection":[{"href":"https:\/\/up.lublin.pl\/en\/wp-json\/wp\/v2\/pages"}],"about":[{"href":"https:\/\/up.lublin.pl\/en\/wp-json\/wp\/v2\/types\/page"}],"author":[{"embeddable":true,"href":"https:\/\/up.lublin.pl\/en\/wp-json\/wp\/v2\/users\/2"}],"replies":[{"embeddable":true,"href":"https:\/\/up.lublin.pl\/en\/wp-json\/wp\/v2\/comments?post=213035"}],"version-history":[{"count":7,"href":"https:\/\/up.lublin.pl\/en\/wp-json\/wp\/v2\/pages\/213035\/revisions"}],"predecessor-version":[{"id":213042,"href":"https:\/\/up.lublin.pl\/en\/wp-json\/wp\/v2\/pages\/213035\/revisions\/213042"}],"up":[{"embeddable":true,"href":"https:\/\/up.lublin.pl\/en\/wp-json\/wp\/v2\/pages\/174572"}],"wp:attachment":[{"href":"https:\/\/up.lublin.pl\/en\/wp-json\/wp\/v2\/media?parent=213035"}],"curies":[{"name":"wp","href":"https:\/\/api.w.org\/{rel}","templated":true}]}}