{"id":209013,"date":"2021-11-08T11:01:47","date_gmt":"2021-11-08T10:01:47","guid":{"rendered":"https:\/\/up.lublin.pl\/?page_id=209013"},"modified":"2021-11-08T11:03:49","modified_gmt":"2021-11-08T10:03:49","slug":"scientific-and-research-stations","status":"publish","type":"page","link":"https:\/\/up.lublin.pl\/en\/research-business\/scientific-and-research-stations\/","title":{"rendered":"Scientific and research stations"},"content":{"rendered":"\t\t<div data-elementor-type=\"wp-page\" data-elementor-id=\"209013\" class=\"elementor elementor-209013 elementor-86107\" data-elementor-settings=\"[]\">\n\t\t\t\t\t\t<div class=\"elementor-inner\">\n\t\t\t\t\t\t\t<div class=\"elementor-section-wrap\">\n\t\t\t\t\t\t\t<section class=\"elementor-section elementor-top-section elementor-element elementor-element-054b79e elementor-section-boxed elementor-section-height-default elementor-section-height-default\" data-id=\"054b79e\" data-element_type=\"section\">\n\t\t\t\t\t\t<div class=\"elementor-container elementor-column-gap-default\">\n\t\t\t\t\t\t\t<div class=\"elementor-row\">\n\t\t\t\t\t<div class=\"elementor-column elementor-col-100 elementor-top-column elementor-element elementor-element-fadb0c6\" data-id=\"fadb0c6\" data-element_type=\"column\">\n\t\t\t<div class=\"elementor-column-wrap elementor-element-populated\">\n\t\t\t\t\t\t\t<div class=\"elementor-widget-wrap\">\n\t\t\t\t\t\t<div class=\"elementor-element elementor-element-07e703d elementor-widget elementor-widget-m2d\" data-id=\"07e703d\" data-element_type=\"widget\" data-widget_type=\"m2d.default\">\n\t\t\t\t<div class=\"elementor-widget-container\">\n\t\t\t<section class=\"mn-m2-d mn-bg-green\">\r\n\t<div class=\"mn-grid\">\r\n\t\t<div class=\"mn-grid-3 mn-introtext\">\r\n\t\t\t\t\t\t\t<h3>\r\n\t\t\t\t\tScientific and research stations\t\t\t\t<\/h3>\r\n\t\t\t\t\t\t<\/div>\r\n\t\t\t            <div class=\"mn-grid-9 mn-image-container\">\r\n\t\t\t\t<img src=\"https:\/\/up.lublin.pl\/wp-content\/uploads\/2021\/03\/stacje_banner.jpg\" alt=\"\">\r\n            <\/div>\r\n\t\t\t\t        \r\n\r\n\t<\/div>\r\n\t<\/section>\r\n\t\t<\/div>\n\t\t\t\t<\/div>\n\t\t\t\t\t\t<\/div>\n\t\t\t\t\t<\/div>\n\t\t<\/div>\n\t\t\t\t\t\t\t\t<\/div>\n\t\t\t\t\t<\/div>\n\t\t<\/section>\n\t\t\t\t<section class=\"elementor-section elementor-top-section elementor-element elementor-element-ecbb20e elementor-section-boxed elementor-section-height-default elementor-section-height-default\" data-id=\"ecbb20e\" data-element_type=\"section\">\n\t\t\t\t\t\t<div class=\"elementor-container elementor-column-gap-default\">\n\t\t\t\t\t\t\t<div class=\"elementor-row\">\n\t\t\t\t\t<div class=\"elementor-column elementor-col-100 elementor-top-column elementor-element elementor-element-988b85f\" data-id=\"988b85f\" data-element_type=\"column\">\n\t\t\t<div class=\"elementor-column-wrap elementor-element-populated\">\n\t\t\t\t\t\t\t<div class=\"elementor-widget-wrap\">\n\t\t\t\t\t\t<div class=\"elementor-element elementor-element-3bb7b73 elementor-widget elementor-widget-m5a\" data-id=\"3bb7b73\" data-element_type=\"widget\" data-widget_type=\"m5a.default\">\n\t\t\t\t<div class=\"elementor-widget-container\">\n\t\t\t<section class=\"mn-m5-a mn-bg-green\">\n\t<div class=\"mn-grid\">\n\t\t<h3 class=\"mn-grid-6\">Laura Kaufman Didactic and Research Station of Small Animals<\/h3>\n\t\t<div class=\"mn-grid-6 mn-lead\">\n\t\t\t<p><p>In the facility, there are hens kept of such breeds as Green-legged Partridge (Zk) and Polbar (Pb) &#8211; both covered by the genetic resources protection programme. Additionally, there are also crested chickens (Polish: czubatka dworska) and six families of Japanese quail. Green-legged Partridge has a&nbsp;trademark owned by the University of Life Sciences in Lublin and the Experimental Station of Zootechnics Institute\u00a0in\u00a0Chorzel\u00f3w. The active populations of maintained birds are approximately 1200 individuals. Their history dates back to the 40s of the previous century &#8211; in the case of the Zk family and to the 50s &#8211; in the case of the autosexing Pb breed, which was created by prof. Laura Kaufman &#8211; the first manager of the Department of Genetics and Animal Breeding at the University of Life Sciences in Lublin. In the research station, there are classes conducted for students of various fields of study. The birds are also an excellent experimental base for the employees of the University of Life Sciences in Lublin and for other research centres dealing with poultry. In 2019, modernisation works of the research station began.<\/p>\n<\/p>\n\t\t<\/div>\n\t<\/div>\n<\/section>\n\t\t<\/div>\n\t\t\t\t<\/div>\n\t\t\t\t<div class=\"elementor-element elementor-element-11d8ba7 elementor-widget elementor-widget-m5a\" data-id=\"11d8ba7\" data-element_type=\"widget\" data-widget_type=\"m5a.default\">\n\t\t\t\t<div class=\"elementor-widget-container\">\n\t\t\t<section class=\"mn-m5-b mn-bg-white\">\n\t<div class=\"mn-grid\">\n\t\t<h3 class=\"mn-grid-6\">Didactic and Research Station in Sosnowica<\/h3>\n\t\t<div class=\"mn-grid-6 mn-lead\">\n\t\t\t<p><p>The area of the station is 23.2 ha (permanent grassland &#8211; 19 ha, forest complex &#8211; 1.81 ha and didactic and research base). The meadow complex is part of the nature protection area Natura 2000, the Parczew Forests PLB060006.<\/p>\n<p>In the central part of the research station, there is a&nbsp;lysimeter station and an automatic weather station. In the meadows, there is a&nbsp;barn equipped with solar panels and special blowers for drying hay.<\/p>\n<\/p>\n\t\t<\/div>\n\t<\/div>\n<\/section>\n\t\t<\/div>\n\t\t\t\t<\/div>\n\t\t\t\t<div class=\"elementor-element elementor-element-bb524b3 elementor-widget elementor-widget-m5a\" data-id=\"bb524b3\" data-element_type=\"widget\" data-widget_type=\"m5a.default\">\n\t\t\t\t<div class=\"elementor-widget-container\">\n\t\t\t<section class=\"mn-m5-a mn-bg-green\">\n\t<div class=\"mn-grid\">\n\t\t<h3 class=\"mn-grid-6\">Alfred Lity\u0144ski Hydrobiological Didactic and Research Station<\/h3>\n\t\t<div class=\"mn-grid-6 mn-lead\">\n\t\t\t<p><p>The station is supervised by the Department of Hydrobiology and Protection of Ecosystems and the Department of Zoology and Animal Ecology of the Faculty of Environmental Biology. It is located by lake Piaseczno (Rozp\u0142ucie-Grab\u00f3w, \u0141\u0119czy\u0144sko-W\u0142odawskie Lake District). There is a&nbsp;laboratory for biological and chemical analyses of water and the bottom sediments in the research station. There is also basic equipment for hydrobiological research (boats, rafting boats, apparatus for field analysis, experimental pens).<\/p>\n<p>There is also a&nbsp;centre of plant acclimatisation and a&nbsp;research centre on the population of Salix lapponum and Salix myrtilloides as part of the restitution programme of those species in the area of the Poleski National Park and the Knyszyn Primeval Forest. In the academic year 2020\/2021, the research station was allocated a&nbsp;new building which constitutes technical and laboratory base which is used to conduct field activities and research for BA theses, MA theses and BSc theses.<\/p>\n<p>The research station of the Department of Zoology and Animal Ecology is equipped with a&nbsp;building that provides technical and research facilities. There is research conducted in the field of biology and ecology of various groups of invertebrates and vertebrates, especially avifauna.<\/p>\n<\/p>\n\t\t<\/div>\n\t<\/div>\n<\/section>\n\t\t<\/div>\n\t\t\t\t<\/div>\n\t\t\t\t<div class=\"elementor-element elementor-element-8ad3cf5 elementor-widget elementor-widget-m5a\" data-id=\"8ad3cf5\" data-element_type=\"widget\" data-widget_type=\"m5a.default\">\n\t\t\t\t<div class=\"elementor-widget-container\">\n\t\t\t<section class=\"mn-m5-b mn-bg-white\">\n\t<div class=\"mn-grid\">\n\t\t<h3 class=\"mn-grid-6\">Professor T. Efner Small Ruminant Research Station<\/h3>\n\t\t<div class=\"mn-grid-6 mn-lead\">\n\t\t\t<p><p>The research station is part of the Institute of Animal Breeding and Biodiversity Conservation. The activities are focused on sheep and goat production, of the area of 64 ha of arable land. There are four breeds of sheep in the facility, i.e. Uhruska and \u015awiniarka &#8211; both covered by the genetic resources conservation programme &#8211; and two new breeds BCP and SCP which are created by a&nbsp;team of employees of the Institute of Small Ruminants Breeding. What is more, there are two breeds of goats at the research station: the Saanen goat and the Boer goat. There are approximately 550 mother sheep and 30 goats in the basic herd. The station hosts field activities for students of various majors. The animals provide an excellent experimental base for the research staff of the university and for cooperation with teams from other universities and research institutes. The University of Life Sciences in Lublin together with the Regional\u00a0Association of\u00a0Sheep and Goat Breeders are the owners of the trademark &#8220;Jagni\u0119cina z&nbsp;Lubelszczyzny&#8221;.<\/p>\n<\/p>\n\t\t<\/div>\n\t<\/div>\n<\/section>\n\t\t<\/div>\n\t\t\t\t<\/div>\n\t\t\t\t<div class=\"elementor-element elementor-element-7c2b2fd elementor-widget elementor-widget-m5a\" data-id=\"7c2b2fd\" data-element_type=\"widget\" data-widget_type=\"m5a.default\">\n\t\t\t\t<div class=\"elementor-widget-container\">\n\t\t\t<section class=\"mn-m5-a mn-bg-green\">\n\t<div class=\"mn-grid\">\n\t\t<h3 class=\"mn-grid-6\">Field Research Station in Parczew<\/h3>\n\t\t<div class=\"mn-grid-6 mn-lead\">\n\t\t\t<p><p>The station covers an area of 25.89 ha. The majority of soils are of IV, V&nbsp;and VI quality class. Currently, the facility is leased, with the possibility of student internships at the centre. The existing buildings of the station may provide a\u00a0housing base for trainees.<\/p>\n<\/p>\n\t\t<\/div>\n\t<\/div>\n<\/section>\n\t\t<\/div>\n\t\t\t\t<\/div>\n\t\t\t\t\t\t<\/div>\n\t\t\t\t\t<\/div>\n\t\t<\/div>\n\t\t\t\t\t\t\t\t<\/div>\n\t\t\t\t\t<\/div>\n\t\t<\/section>\n\t\t\t\t\t\t<\/div>\n\t\t\t\t\t\t<\/div>\n\t\t\t\t\t<\/div>\n\t\t","protected":false},"excerpt":{"rendered":"<p>Scientific and research stations UP Laura Kaufman Didactic and Research Station of Small Animals In the facility, there are hens kept of such breeds as Green-legged Partridge (Zk) and Polbar (Pb) &#8211; both covered by the genetic resources protection programme. Additionally, there are also crested chickens (Polish: czubatka dworska) and six families of Japanese quail. [&hellip;]<\/p>\n","protected":false},"author":2,"featured_media":0,"parent":114626,"menu_order":0,"comment_status":"closed","ping_status":"closed","template":"elementor_header_footer","meta":{"_monsterinsights_skip_tracking":false,"_monsterinsights_sitenote_active":false,"_monsterinsights_sitenote_note":"","_monsterinsights_sitenote_category":0},"_links":{"self":[{"href":"https:\/\/up.lublin.pl\/en\/wp-json\/wp\/v2\/pages\/209013"}],"collection":[{"href":"https:\/\/up.lublin.pl\/en\/wp-json\/wp\/v2\/pages"}],"about":[{"href":"https:\/\/up.lublin.pl\/en\/wp-json\/wp\/v2\/types\/page"}],"author":[{"embeddable":true,"href":"https:\/\/up.lublin.pl\/en\/wp-json\/wp\/v2\/users\/2"}],"replies":[{"embeddable":true,"href":"https:\/\/up.lublin.pl\/en\/wp-json\/wp\/v2\/comments?post=209013"}],"version-history":[{"count":4,"href":"https:\/\/up.lublin.pl\/en\/wp-json\/wp\/v2\/pages\/209013\/revisions"}],"predecessor-version":[{"id":209017,"href":"https:\/\/up.lublin.pl\/en\/wp-json\/wp\/v2\/pages\/209013\/revisions\/209017"}],"up":[{"embeddable":true,"href":"https:\/\/up.lublin.pl\/en\/wp-json\/wp\/v2\/pages\/114626"}],"wp:attachment":[{"href":"https:\/\/up.lublin.pl\/en\/wp-json\/wp\/v2\/media?parent=209013"}],"curies":[{"name":"wp","href":"https:\/\/api.w.org\/{rel}","templated":true}]}}