{"id":209005,"date":"2021-11-08T10:57:44","date_gmt":"2021-11-08T09:57:44","guid":{"rendered":"https:\/\/up.lublin.pl\/?page_id=209005"},"modified":"2025-10-09T10:54:14","modified_gmt":"2025-10-09T08:54:14","slug":"experimental-farms","status":"publish","type":"page","link":"https:\/\/up.lublin.pl\/en\/research-business\/experimental-farms\/","title":{"rendered":"Experimental farms"},"content":{"rendered":"\t\t<div data-elementor-type=\"wp-page\" data-elementor-id=\"209005\" class=\"elementor elementor-209005 elementor-86109\" data-elementor-settings=\"[]\">\n\t\t\t\t\t\t<div class=\"elementor-inner\">\n\t\t\t\t\t\t\t<div class=\"elementor-section-wrap\">\n\t\t\t\t\t\t\t<section class=\"elementor-section elementor-top-section elementor-element elementor-element-7ae0d9c elementor-section-boxed elementor-section-height-default elementor-section-height-default\" data-id=\"7ae0d9c\" data-element_type=\"section\">\n\t\t\t\t\t\t<div class=\"elementor-container elementor-column-gap-default\">\n\t\t\t\t\t\t\t<div class=\"elementor-row\">\n\t\t\t\t\t<div class=\"elementor-column elementor-col-100 elementor-top-column elementor-element elementor-element-9825c93\" data-id=\"9825c93\" data-element_type=\"column\">\n\t\t\t<div class=\"elementor-column-wrap elementor-element-populated\">\n\t\t\t\t\t\t\t<div class=\"elementor-widget-wrap\">\n\t\t\t\t\t\t<div class=\"elementor-element elementor-element-3d84f5f elementor-widget elementor-widget-m2d\" data-id=\"3d84f5f\" data-element_type=\"widget\" data-widget_type=\"m2d.default\">\n\t\t\t\t<div class=\"elementor-widget-container\">\n\t\t\t<section class=\"mn-m2-d mn-bg-green\">\r\n\t<div class=\"mn-grid\">\r\n\t\t<div class=\"mn-grid-3 mn-introtext\">\r\n\t\t\t\t\t\t\t<h3>\r\n\t\t\t\t\tExperimental farms\t\t\t\t<\/h3>\r\n\t\t\t\t\t\t<\/div>\r\n\t\t\t            <div class=\"mn-grid-9 mn-image-container\">\r\n\t\t\t\t<img src=\"https:\/\/up.lublin.pl\/wp-content\/uploads\/2021\/01\/GD_banner.jpg\" alt=\"\">\r\n            <\/div>\r\n\t\t\t\t        \r\n\r\n\t<\/div>\r\n\t<\/section>\r\n\t\t<\/div>\n\t\t\t\t<\/div>\n\t\t\t\t\t\t<\/div>\n\t\t\t\t\t<\/div>\n\t\t<\/div>\n\t\t\t\t\t\t\t\t<\/div>\n\t\t\t\t\t<\/div>\n\t\t<\/section>\n\t\t\t\t<section class=\"elementor-section elementor-top-section elementor-element elementor-element-64a4dce elementor-section-boxed elementor-section-height-default elementor-section-height-default\" data-id=\"64a4dce\" data-element_type=\"section\">\n\t\t\t\t\t\t<div class=\"elementor-container elementor-column-gap-default\">\n\t\t\t\t\t\t\t<div class=\"elementor-row\">\n\t\t\t\t\t<div class=\"elementor-column elementor-col-100 elementor-top-column elementor-element elementor-element-bec524b\" data-id=\"bec524b\" data-element_type=\"column\">\n\t\t\t<div class=\"elementor-column-wrap elementor-element-populated\">\n\t\t\t\t\t\t\t<div class=\"elementor-widget-wrap\">\n\t\t\t\t\t\t<div class=\"elementor-element elementor-element-68a7749 elementor-widget elementor-widget-m5e\" data-id=\"68a7749\" data-element_type=\"widget\" data-widget_type=\"m5e.default\">\n\t\t\t\t<div class=\"elementor-widget-container\">\n\t\t\t<section class=\"mn-m5-e mn-bg-white\">\r\n\t<div class=\"mn-grid\">\r\n\t\t\t\t\t<div class=\"mn-img mn-grid-6\">\r\n\t\t\t\t\t\t\t\t\t<img src=\"https:\/\/up.lublin.pl\/wp-content\/uploads\/2021\/01\/kawa.jpg\" alt=\"\">\r\n\t\t\t\t\t\t\t\t<\/div>\r\n\t\t\t\t\t<div class=\"mn-content mn-grid-6\">\r\n\t\t\t<p>There are three Experimental Farms that belong to the university (non-departmental units). The statutory tasks of experimental farms include scientific research and support for teaching activities, i.e. exercises, seminars and student internships.<\/p>\n<p>They are located in three different geographical regions of Lubelskie Voivodship. This diversity of natural and organisational conditions enables conducting multi-directional and interdisciplinary research and experiments (agronomy, animal sciences, processing, veterinary medicine).<\/p>\n\t\t<\/div>\r\n\t\t\t<\/div>\r\n<\/section>\r\n\t\t<\/div>\n\t\t\t\t<\/div>\n\t\t\t\t<div class=\"elementor-element elementor-element-fe6871d elementor-widget elementor-widget-m5e\" data-id=\"fe6871d\" data-element_type=\"widget\" data-widget_type=\"m5e.default\">\n\t\t\t\t<div class=\"elementor-widget-container\">\n\t\t\t<section class=\"mn-m5-e mn-bg-white\">\r\n\t<div class=\"mn-grid\">\r\n\t\t\t\t<div class=\"mn-content mn-grid-6\">\r\n\t\t\t<h1>UHRUSK<\/h1>\n<p>The Experimental Farm in Uhrusk is situated in a&nbsp;picturesque and ecologically clean area of W\u0142odawa district near the border with Ukraine. It covers an area of 576 ha of agricultural land, of which more than 130 ha is permanent grassland located in the region of Bug River. The most common plant species are, i.e.: wheat, triticale, barley and corn. Additionally, there are species of plants grown that improve the structure of soil &#8211; leguminosae and rapeseed. Crop production largely depends on multi-directional livestock production. Currently, there are four breeds of cattle kept in Uhrusk: the Holstein Friesian cattle, the Polish\u00a0White-backed\u00a0cattle, the Simmental cattle, the Limousin cattle and mixed breeds of the above. Those are mainly dairy cattle, with a&nbsp;significant proportion of native White-backed cattle which is covered by the genetic resources conservation programme.\u00a0 There are also sheep of the Uhrusa breed which was created by the team of prof. Adam Doma\u0144ski, the first dean of the Faculty of Zootechnics at the university. Another branch of animal production conducted in the discussed unit is the fattening of geese (Polish: g\u0119\u015b owsiana). The farm has an accommodation base for 8-10 students who can complete their internships at the property.<\/p>\n\t\t<\/div>\r\n\t\t\t\t\t<div class=\"mn-img mn-grid-6\">\r\n\t\t\t\t\t\t\t\t\t<img src=\"https:\/\/up.lublin.pl\/wp-content\/uploads\/2021\/01\/uhrusk.jpg\" alt=\"\">\r\n\t\t\t\t\t\t\t\t<\/div>\r\n\t\t\t\t<\/div>\r\n<\/section>\r\n\t\t<\/div>\n\t\t\t\t<\/div>\n\t\t\t\t<div class=\"elementor-element elementor-element-9081e20 elementor-widget elementor-widget-m5e\" data-id=\"9081e20\" data-element_type=\"widget\" data-widget_type=\"m5e.default\">\n\t\t\t\t<div class=\"elementor-widget-container\">\n\t\t\t<section class=\"mn-m5-e mn-bg-white\">\r\n\t<div class=\"mn-grid\">\r\n\t\t\t\t\t<div class=\"mn-img mn-grid-6\">\r\n\t\t\t\t\t\t\t\t\t<img src=\"https:\/\/up.lublin.pl\/wp-content\/uploads\/2021\/01\/Czes\u0142awice-1.jpg\" alt=\"\">\r\n\t\t\t\t\t\t\t\t<\/div>\r\n\t\t\t\t\t<div class=\"mn-content mn-grid-6\">\r\n\t\t\t<h1>CZES\u0141AWICE<\/h1>\n<p>\u00a0<\/p>\n<p>The Experimental Farm in Czes\u0142awice is located in the immediate vicinity of Na\u0142\u0119cz\u00f3w. It is a&nbsp;244.8 ha facility adapted to plant production (rapeseed, wheat, sugar beet) and animal production focused on pig breeding. The farm maintains pigs of the native breed, the Pu\u0142awska breed, which is covered by the genetic resources conservation programme.<\/p>\n\t\t<\/div>\r\n\t\t\t<\/div>\r\n<\/section>\r\n\t\t<\/div>\n\t\t\t\t<\/div>\n\t\t\t\t\t\t<\/div>\n\t\t\t\t\t<\/div>\n\t\t<\/div>\n\t\t\t\t\t\t\t\t<\/div>\n\t\t\t\t\t<\/div>\n\t\t<\/section>\n\t\t\t\t<section class=\"elementor-section elementor-top-section elementor-element elementor-element-bafa730 elementor-section-boxed elementor-section-height-default elementor-section-height-default\" data-id=\"bafa730\" data-element_type=\"section\">\n\t\t\t\t\t\t<div class=\"elementor-container elementor-column-gap-default\">\n\t\t\t\t\t\t\t<div class=\"elementor-row\">\n\t\t\t\t\t<div class=\"elementor-column elementor-col-100 elementor-top-column elementor-element elementor-element-f1b2734\" data-id=\"f1b2734\" data-element_type=\"column\">\n\t\t\t<div class=\"elementor-column-wrap elementor-element-populated\">\n\t\t\t\t\t\t\t<div class=\"elementor-widget-wrap\">\n\t\t\t\t\t\t<div class=\"elementor-element elementor-element-bf79a13 elementor-widget elementor-widget-m5e\" data-id=\"bf79a13\" data-element_type=\"widget\" data-widget_type=\"m5e.default\">\n\t\t\t\t<div class=\"elementor-widget-container\">\n\t\t\t<section class=\"mn-m5-e mn-bg-white\">\r\n\t<div class=\"mn-grid\">\r\n\t\t\t\t<div class=\"mn-content mn-grid-6\">\r\n\t\t\t<h1>FELIN<\/h1>\n<p>\u00a0<\/p>\n<p>This is a&nbsp;typical farm for suburban conditions. The land of 50 ha is used for field experiments conducted by departments of the Faculty of Horticulture and Landscape Architecture and the Faculty of Agrobioengineering. The farm is focused on crop production. Additionally, there are teaching buildings and an orchard, a&nbsp;storage room, greenhouses, and a&nbsp;drying house. At the facility, students can complete their internships and conduct experiments for their theses.<\/p>\n\t\t<\/div>\r\n\t\t\t\t\t<div class=\"mn-img mn-grid-6\">\r\n\t\t\t\t\t\t\t\t\t<img src=\"https:\/\/up.lublin.pl\/wp-content\/uploads\/2021\/04\/gd_felin.jpg\" alt=\"\">\r\n\t\t\t\t\t\t\t\t<\/div>\r\n\t\t\t\t<\/div>\r\n<\/section>\r\n\t\t<\/div>\n\t\t\t\t<\/div>\n\t\t\t\t\t\t<\/div>\n\t\t\t\t\t<\/div>\n\t\t<\/div>\n\t\t\t\t\t\t\t\t<\/div>\n\t\t\t\t\t<\/div>\n\t\t<\/section>\n\t\t\t\t<section class=\"elementor-section elementor-top-section elementor-element elementor-element-e56e50d elementor-section-boxed elementor-section-height-default elementor-section-height-default\" data-id=\"e56e50d\" data-element_type=\"section\">\n\t\t\t\t\t\t<div class=\"elementor-container elementor-column-gap-default\">\n\t\t\t\t\t\t\t<div class=\"elementor-row\">\n\t\t\t\t\t<div class=\"elementor-column elementor-col-100 elementor-top-column elementor-element elementor-element-79bde74\" data-id=\"79bde74\" data-element_type=\"column\">\n\t\t\t<div class=\"elementor-column-wrap elementor-element-populated\">\n\t\t\t\t\t\t\t<div class=\"elementor-widget-wrap\">\n\t\t\t\t\t\t<div class=\"elementor-element elementor-element-da3f051 elementor-widget elementor-widget-m5e\" data-id=\"da3f051\" data-element_type=\"widget\" data-widget_type=\"m5e.default\">\n\t\t\t\t<div class=\"elementor-widget-container\">\n\t\t\t<section class=\"mn-m5-e mn-bg-white\">\r\n\t<div class=\"mn-grid\">\r\n\t\t\t\t\t<div class=\"mn-img mn-grid-6\">\r\n\t\t\t\t\t\t\t\t\t<img src=\"https:\/\/up.lublin.pl\/wp-content\/uploads\/2024\/08\/bezek.png\" alt=\"\">\r\n\t\t\t\t\t\t\t\t<\/div>\r\n\t\t\t\t\t<div class=\"mn-content mn-grid-6\">\r\n\t\t\t<h1 style=\"margin-bottom: 20px;\">BEZEK<\/h1>\n<p>The farm with the area of 750ha. Employees and students conduct economic and organisational research here.\u00a0<\/p>\n<p>\u00a0<\/p>\n\t\t<\/div>\r\n\t\t\t<\/div>\r\n<\/section>\r\n\t\t<\/div>\n\t\t\t\t<\/div>\n\t\t\t\t\t\t<\/div>\n\t\t\t\t\t<\/div>\n\t\t<\/div>\n\t\t\t\t\t\t\t\t<\/div>\n\t\t\t\t\t<\/div>\n\t\t<\/section>\n\t\t\t\t\t\t<\/div>\n\t\t\t\t\t\t<\/div>\n\t\t\t\t\t<\/div>\n\t\t","protected":false},"excerpt":{"rendered":"<p>Experimental farms UP There are three Experimental Farms that belong to the university (non-departmental units). The statutory tasks of experimental farms include scientific research and support for teaching activities, i.e. exercises, seminars and student internships. They are located in three different geographical regions of Lubelskie Voivodship. This diversity of natural and organisational conditions enables conducting [&hellip;]<\/p>\n","protected":false},"author":2,"featured_media":0,"parent":114626,"menu_order":0,"comment_status":"closed","ping_status":"closed","template":"elementor_header_footer","meta":{"_monsterinsights_skip_tracking":false,"_monsterinsights_sitenote_active":false,"_monsterinsights_sitenote_note":"","_monsterinsights_sitenote_category":0},"_links":{"self":[{"href":"https:\/\/up.lublin.pl\/en\/wp-json\/wp\/v2\/pages\/209005"}],"collection":[{"href":"https:\/\/up.lublin.pl\/en\/wp-json\/wp\/v2\/pages"}],"about":[{"href":"https:\/\/up.lublin.pl\/en\/wp-json\/wp\/v2\/types\/page"}],"author":[{"embeddable":true,"href":"https:\/\/up.lublin.pl\/en\/wp-json\/wp\/v2\/users\/2"}],"replies":[{"embeddable":true,"href":"https:\/\/up.lublin.pl\/en\/wp-json\/wp\/v2\/comments?post=209005"}],"version-history":[{"count":25,"href":"https:\/\/up.lublin.pl\/en\/wp-json\/wp\/v2\/pages\/209005\/revisions"}],"predecessor-version":[{"id":502195,"href":"https:\/\/up.lublin.pl\/en\/wp-json\/wp\/v2\/pages\/209005\/revisions\/502195"}],"up":[{"embeddable":true,"href":"https:\/\/up.lublin.pl\/en\/wp-json\/wp\/v2\/pages\/114626"}],"wp:attachment":[{"href":"https:\/\/up.lublin.pl\/en\/wp-json\/wp\/v2\/media?parent=209005"}],"curies":[{"name":"wp","href":"https:\/\/api.w.org\/{rel}","templated":true}]}}