{"id":202057,"date":"2021-10-12T11:28:37","date_gmt":"2021-10-12T09:28:37","guid":{"rendered":"https:\/\/up.lublin.pl\/?page_id=202057"},"modified":"2021-10-14T08:55:54","modified_gmt":"2021-10-14T06:55:54","slug":"about-library","status":"publish","type":"page","link":"https:\/\/up.lublin.pl\/en\/research-business\/main-library\/about-library\/","title":{"rendered":"About Library"},"content":{"rendered":"\t\t<div data-elementor-type=\"wp-page\" data-elementor-id=\"202057\" class=\"elementor elementor-202057 elementor-95536\" data-elementor-settings=\"[]\">\n\t\t\t\t\t\t<div class=\"elementor-inner\">\n\t\t\t\t\t\t\t<div class=\"elementor-section-wrap\">\n\t\t\t\t\t\t\t<section class=\"elementor-section elementor-top-section elementor-element elementor-element-3d8bf549 elementor-section-boxed elementor-section-height-default elementor-section-height-default\" data-id=\"3d8bf549\" data-element_type=\"section\">\n\t\t\t\t\t\t<div class=\"elementor-container elementor-column-gap-default\">\n\t\t\t\t\t\t\t<div class=\"elementor-row\">\n\t\t\t\t\t<div class=\"elementor-column elementor-col-100 elementor-top-column elementor-element elementor-element-8a72042\" data-id=\"8a72042\" data-element_type=\"column\">\n\t\t\t<div class=\"elementor-column-wrap elementor-element-populated\">\n\t\t\t\t\t\t\t<div class=\"elementor-widget-wrap\">\n\t\t\t\t\t\t<div class=\"elementor-element elementor-element-19536681 elementor-widget elementor-widget-m2d\" data-id=\"19536681\" data-element_type=\"widget\" data-widget_type=\"m2d.default\">\n\t\t\t\t<div class=\"elementor-widget-container\">\n\t\t\t<section class=\"mn-m2-d mn-bg-green\">\r\n\t<div class=\"mn-grid\">\r\n\t\t<div class=\"mn-grid-3 mn-introtext\">\r\n\t\t\t\t\t\t\t<h3>\r\n\t\t\t\t\tAbout Library\t\t\t\t<\/h3>\r\n\t\t\t\t\t\t<\/div>\r\n\t\t\t            <div class=\"mn-grid-9 mn-image-container\">\r\n\t\t\t\t<img src=\"https:\/\/up.lublin.pl\/wp-content\/uploads\/2021\/04\/20-A.jpg\" alt=\"\">\r\n            <\/div>\r\n\t\t\t\t        \r\n\r\n\t<\/div>\r\n\t<\/section>\r\n\t\t<\/div>\n\t\t\t\t<\/div>\n\t\t\t\t\t\t<\/div>\n\t\t\t\t\t<\/div>\n\t\t<\/div>\n\t\t\t\t\t\t\t\t<\/div>\n\t\t\t\t\t<\/div>\n\t\t<\/section>\n\t\t\t\t<section class=\"elementor-section elementor-top-section elementor-element elementor-element-6621b076 elementor-section-boxed elementor-section-height-default elementor-section-height-default\" data-id=\"6621b076\" data-element_type=\"section\">\n\t\t\t\t\t\t<div class=\"elementor-container elementor-column-gap-default\">\n\t\t\t\t\t\t\t<div class=\"elementor-row\">\n\t\t\t\t\t<div class=\"elementor-column elementor-col-100 elementor-top-column elementor-element elementor-element-78a38331\" data-id=\"78a38331\" data-element_type=\"column\">\n\t\t\t<div class=\"elementor-column-wrap elementor-element-populated\">\n\t\t\t\t\t\t\t<div class=\"elementor-widget-wrap\">\n\t\t\t\t\t\t<div class=\"elementor-element elementor-element-14f58202 elementor-widget elementor-widget-m5c\" data-id=\"14f58202\" data-element_type=\"widget\" data-widget_type=\"m5c.default\">\n\t\t\t\t<div class=\"elementor-widget-container\">\n\t\t\t<section class=\"mn-m5-c mn-m5-d2 mn-bg-white\">\n\t<div class=\"mn-grid\">\n\t\t\t\t<div class=\"mn-content mn-grid-9\">\n\t\t\t                <div class=\"mn-content-block active\">\n\t                                                        <div class=\"block-text\">\n\t                                        <p>The Main Library of the University of Life Sciences in Lublin was founded in 1955. It gathers Polish and foreign literature related to the profile of academic and didactic work conducted by University employees. A&nbsp;collection of books covers a&nbsp;wide range of agricultural sciences, horticulture, animal science, veterinary medicine, food technology, agribusiness, agricultural engineering, food industry engineering and biology, biotechnology, nature conservation and (selectively) medicine, mathematics, physics, chemistry and engineering.<\/p>\n<p><img loading=\"lazy\" class=\"size-full wp-image-132949 aligncenter\" src=\"https:\/\/up.lublin.pl\/wp-content\/uploads\/2021\/04\/dsc02390.jpg\" alt=\"\" width=\"800\" height=\"450\" \/><\/p>\n<p>Since 2012 the Main Library of the University of Life Sciences in Lublin has been housed in a&nbsp;new building and is a&nbsp;Regional Centre for Agricultural Science Information. In this new place the users have open access to the library resources. On the second and third floor there are books and magazines (with archives) most often used by our users (open stacks). Readers choose the volumes themselves from the shelves, which they can use on the site, without the need to fill in a&nbsp;request form.<\/p>\n<p><img loading=\"lazy\" class=\"size-full wp-image-132953 aligncenter\" src=\"https:\/\/up.lublin.pl\/wp-content\/uploads\/2021\/04\/tryptyk-1.png\" alt=\"\" width=\"500\" height=\"254\" \/><\/p>\n<p>The library is available to students, employees and postgraduate students of the University of Life Sciences in Lublin. The book collection includes about 380 000 volumes, periodicals and special collections. The main library, through participation in numerous consortiums of scientific libraries, may arrange access to full texts of several thousand titles of books and periodicals.<\/p>\n                                        <\/div>\n\t\t\t\t\t\t                                <\/div>\n\t\t\t\t                <div class=\"mn-content-block\">\n\t                                <\/div>\n\t\t\t\t                <div class=\"mn-content-block\">\n\t                                <\/div>\n\t\t\t\t                <div class=\"mn-content-block\">\n\t                                <\/div>\n\t\t\t\t                <div class=\"mn-content-block\">\n\t                                <\/div>\n\t\t\t\t                <div class=\"mn-content-block\">\n\t                                <\/div>\n\t\t\t\t                <div class=\"mn-content-block\">\n\t                                <\/div>\n\t\t\t\t                <div class=\"mn-content-block\">\n\t                                <\/div>\n\t\t\t\t                <div class=\"mn-content-block\">\n\t                                <\/div>\n\t\t\t\t                <div class=\"mn-content-block\">\n\t                                <\/div>\n\t\t\t\t                <div class=\"mn-content-block\">\n\t                                <\/div>\n\t\t\t\t                <div class=\"mn-content-block\">\n\t                                <\/div>\n\t\t\t\t                <div class=\"mn-content-block\">\n\t                                <\/div>\n\t\t\t\t                <div class=\"mn-content-block\">\n\t                                <\/div>\n\t\t\t\t                <div class=\"mn-content-block\">\n\t                                <\/div>\n\t\t\t\t                <div class=\"mn-content-block\">\n\t                                <\/div>\n\t\t\t\t                <div class=\"mn-content-block\">\n\t                                <\/div>\n\t\t\t\t                <div class=\"mn-content-block\">\n\t                                <\/div>\n\t\t\t\t                <div class=\"mn-content-block\">\n\t                                <\/div>\n\t\t\t\t                <div class=\"mn-content-block\">\n\t                                <\/div>\n\t\t\t\t\t\t<\/div>\n\t<\/div>\n<\/section>\n\t\t<\/div>\n\t\t\t\t<\/div>\n\t\t\t\t\t\t<\/div>\n\t\t\t\t\t<\/div>\n\t\t<\/div>\n\t\t\t\t\t\t\t\t<\/div>\n\t\t\t\t\t<\/div>\n\t\t<\/section>\n\t\t\t\t<section class=\"elementor-section elementor-top-section elementor-element elementor-element-73021e3d elementor-section-height-min-height elementor-section-boxed elementor-section-height-default elementor-section-items-middle\" data-id=\"73021e3d\" data-element_type=\"section\">\n\t\t\t\t\t\t<div class=\"elementor-container elementor-column-gap-default\">\n\t\t\t\t\t\t\t<div class=\"elementor-row\">\n\t\t\t\t\t<div class=\"elementor-column elementor-col-100 elementor-top-column elementor-element elementor-element-49ba02d2\" data-id=\"49ba02d2\" data-element_type=\"column\">\n\t\t\t<div class=\"elementor-column-wrap elementor-element-populated\">\n\t\t\t\t\t\t\t<div class=\"elementor-widget-wrap\">\n\t\t\t\t\t\t<div class=\"elementor-element elementor-element-3f3cb3a0 elementor-widget elementor-widget-m3f\" data-id=\"3f3cb3a0\" data-element_type=\"widget\" data-widget_type=\"m3f.default\">\n\t\t\t\t<div class=\"elementor-widget-container\">\n\t\t\t<section class=\"mn-m3-a mn-bg-green\">\n\t<div class=\"mn-grid\">\n\t\t<h2 class=\"mn-grid-12\">Gallery<\/h2>\n\t\t<div class=\"mn-grid-3 mn-introtext\">\n\t\t\t\t\t<\/div>\n\t\t<div class=\"mn-grid-11 mn-slider-container\">\n\t\t\t\t\t\t\t<div class=\"mn-news-slider slider slider-69e095b0b9721\">\n\t\t\t\t\t\t\t\t\t\t\t<div class=\"slick-slide post-el  slick-current\">\n\t\t\t\t\t\t\t\t\t<div class=\"mn-images-container\">\n\t\t\t\t\t\t\t\t\t\t                                            <img src=\"https:\/\/up.lublin.pl\/wp-content\/uploads\/2025\/09\/AAADSC_2191.jpg\" alt=\"Wystawa po\u015bwi\u0119cona pami\u0119ci prof. Zdzis\u0142awa Targo\u0144skiego\" \/>\n\t\t\t\t\t\t\t\t\t\t\t\t\t\t\t\t\t\t\t\t<\/div>\n\t\t\t\t\t\t\t\t<div class=\"mn-content\">\n\t\t\t\t\t\t\t\t\t<p>Wystawa po\u015bwi\u0119cona pami\u0119ci prof. Zdzis\u0142awa Targo\u0144skiego<\/p>\n\t\t\t\t\t\t\t\t<\/div>\n\t\t\t\t\t\t\t\t<a href=\"https:\/\/up.lublin.pl\/en\/blog\/galeria\/wystawa-poswiecona-pamieci-prof-zdzislawa-targonskiego\/\" class=\"mn-more\">Read more<\/a>\n\n\t\t\t\t\t\t<\/div>\n\t\t\t\t\t\t\t\t\t\t\t\t<div class=\"slick-slide post-el \">\n\t\t\t\t\t\t\t\t\t<div class=\"mn-images-container\">\n\t\t\t\t\t\t\t\t\t\t                                            <img src=\"https:\/\/up.lublin.pl\/wp-content\/uploads\/2025\/06\/DSC_1304-1.jpg\" alt=\"\u201eRewitalizacja ogrodu na tarasie Biblioteki\u201d\" \/>\n\t\t\t\t\t\t\t\t\t\t\t\t\t\t\t\t\t\t\t\t<\/div>\n\t\t\t\t\t\t\t\t<div class=\"mn-content\">\n\t\t\t\t\t\t\t\t\t<p>\u201eRewitalizacja ogrodu na tarasie Biblioteki\u201d<\/p>\n\t\t\t\t\t\t\t\t<\/div>\n\t\t\t\t\t\t\t\t<a href=\"https:\/\/up.lublin.pl\/en\/blog\/galeria\/rewitalizacja-ogrodu-na-tarasie-biblioteki\/\" class=\"mn-more\">Read more<\/a>\n\n\t\t\t\t\t\t<\/div>\n\t\t\t\t\t\t\t\t\t\t\t\t<div class=\"slick-slide post-el \">\n\t\t\t\t\t\t\t\t\t<div class=\"mn-images-container\">\n\t\t\t\t\t\t\t\t\t\t                                            <img src=\"https:\/\/up.lublin.pl\/wp-content\/uploads\/2025\/05\/resize_2-1.jpg\" alt=\"Spotkanie naukowe pt.: \u201eZ pasji do ekslibrisu \u2013 tw\u00f3rczo\u015b\u0107 Zbigniewa J\u00f3\u017awika\u201d\" \/>\n\t\t\t\t\t\t\t\t\t\t\t\t\t\t\t\t\t\t\t\t<\/div>\n\t\t\t\t\t\t\t\t<div class=\"mn-content\">\n\t\t\t\t\t\t\t\t\t<p>Spotkanie naukowe pt.: \u201eZ pasji do ekslibrisu \u2013 tw\u00f3rczo\u015b\u0107 Zbigniewa J\u00f3\u017awika\u201d<\/p>\n\t\t\t\t\t\t\t\t<\/div>\n\t\t\t\t\t\t\t\t<a href=\"https:\/\/up.lublin.pl\/en\/blog\/galeria\/spotkanie-naukowe-pt-z-pasji-do-ekslibrisu-tworczosc-zbigniewa-jozwika\/\" class=\"mn-more\">Read more<\/a>\n\n\t\t\t\t\t\t<\/div>\n\t\t\t\t\t\t\t\t\t\t\t\t<div class=\"slick-slide post-el \">\n\t\t\t\t\t\t\t\t\t<div class=\"mn-images-container\">\n\t\t\t\t\t\t\t\t\t\t                                            <img src=\"https:\/\/up.lublin.pl\/wp-content\/uploads\/2025\/05\/resize_78-DSC_0830.jpg\" alt=\"70-lecie Biblioteki G\u0142\u00f3wnej Uniwersytetu Przyrodniczego w Lublinie\u00a0\" \/>\n\t\t\t\t\t\t\t\t\t\t\t\t\t\t\t\t\t\t\t\t<\/div>\n\t\t\t\t\t\t\t\t<div class=\"mn-content\">\n\t\t\t\t\t\t\t\t\t<p>70-lecie Biblioteki G\u0142\u00f3wnej Uniwersytetu Przyrodniczego w&nbsp;Lublinie\u00a0<\/p>\n\t\t\t\t\t\t\t\t<\/div>\n\t\t\t\t\t\t\t\t<a href=\"https:\/\/up.lublin.pl\/en\/blog\/galeria\/477917\/\" class=\"mn-more\">Read more<\/a>\n\n\t\t\t\t\t\t<\/div>\n\t\t\t\t\t\t\t\t\t\t\t\t<div class=\"slick-slide post-el \">\n\t\t\t\t\t\t\t\t\t<div class=\"mn-images-container\">\n\t\t\t\t\t\t\t\t\t\t                                            <img src=\"https:\/\/up.lublin.pl\/wp-content\/uploads\/2025\/01\/16.jpeg\" alt=\"Wystawa z okazji Jubileuszu 80-lecia Wydzia\u0142u Agrobioin\u017cynierii\" \/>\n\t\t\t\t\t\t\t\t\t\t\t\t\t\t\t\t\t\t\t\t<\/div>\n\t\t\t\t\t\t\t\t<div class=\"mn-content\">\n\t\t\t\t\t\t\t\t\t<p>Wystawa z&nbsp;okazji Jubileuszu 80-lecia Wydzia\u0142u Agrobioin\u017cynierii<\/p>\n\t\t\t\t\t\t\t\t<\/div>\n\t\t\t\t\t\t\t\t<a href=\"https:\/\/up.lublin.pl\/en\/blog\/galeria\/wystawa-z-okazji-jubileuszu-80-lecia-wydzialu-agrobioinzynierii\/\" class=\"mn-more\">Read more<\/a>\n\n\t\t\t\t\t\t<\/div>\n\t\t\t\t\t\t\t\t\t\t\t\t<div class=\"slick-slide post-el \">\n\t\t\t\t\t\t\t\t\t<div class=\"mn-images-container\">\n\t\t\t\t\t\t\t\t\t\t                                            <img src=\"https:\/\/up.lublin.pl\/wp-content\/uploads\/2024\/10\/25e154b9-8399-4de6-abd7-39508e47a935.jpg\" alt=\"Wystawa \u201eJubileusz 80-lecia Wydzia\u0142u Medycyny Weterynaryjnej. Historia i tera\u017aniejszo\u015b\u0107\u201d\" \/>\n\t\t\t\t\t\t\t\t\t\t\t\t\t\t\t\t\t\t\t\t<\/div>\n\t\t\t\t\t\t\t\t<div class=\"mn-content\">\n\t\t\t\t\t\t\t\t\t<p>Wystawa \u201eJubileusz 80-lecia Wydzia\u0142u Medycyny Weterynaryjnej. Historia i&nbsp;tera\u017aniejszo\u015b\u0107\u201d<\/p>\n\t\t\t\t\t\t\t\t<\/div>\n\t\t\t\t\t\t\t\t<a href=\"https:\/\/up.lublin.pl\/en\/blog\/galeria\/wystawa-pt-jubileusz-80-lecia-wydzialu-medycyny-weterynaryjnej-historia-i-terazniejszosc\/\" class=\"mn-more\">Read more<\/a>\n\n\t\t\t\t\t\t<\/div>\n\t\t\t\t\t\t\t\t\t\t\t\t<div class=\"slick-slide post-el \">\n\t\t\t\t\t\t\t\t\t<div class=\"mn-images-container\">\n\t\t\t\t\t\t\t\t\t\t                                            <img src=\"https:\/\/up.lublin.pl\/wp-content\/uploads\/2024\/05\/20240510_101946-1.jpg\" alt=\"Fotorelacja z XXI Og\u00f3lnopolskiego Tygodnia Bibliotek\" \/>\n\t\t\t\t\t\t\t\t\t\t\t\t\t\t\t\t\t\t\t\t<\/div>\n\t\t\t\t\t\t\t\t<div class=\"mn-content\">\n\t\t\t\t\t\t\t\t\t<p>Fotorelacja z&nbsp;XXI Og\u00f3lnopolskiego Tygodnia Bibliotek<\/p>\n\t\t\t\t\t\t\t\t<\/div>\n\t\t\t\t\t\t\t\t<a href=\"https:\/\/up.lublin.pl\/en\/blog\/galeria\/fotorelacja-z-xxi-ogolnopolskiego-tygodnia-bibliotek\/\" class=\"mn-more\">Read more<\/a>\n\n\t\t\t\t\t\t<\/div>\n\t\t\t\t\t\t\t\t\t\t\t\t<div class=\"slick-slide post-el \">\n\t\t\t\t\t\t\t\t\t<div class=\"mn-images-container\">\n\t\t\t\t\t\t\t\t\t\t                                            <img src=\"https:\/\/up.lublin.pl\/wp-content\/uploads\/2024\/03\/913531d5-0290-42aa-818e-287341f7136c.jpeg\" alt=\"Wystawa \u201eProf.dr hab. Ewald Sasimowski (1923-2012) zootechnik hipolog\u201d\" \/>\n\t\t\t\t\t\t\t\t\t\t\t\t\t\t\t\t\t\t\t\t<\/div>\n\t\t\t\t\t\t\t\t<div class=\"mn-content\">\n\t\t\t\t\t\t\t\t\t<p>Wystawa \u201eProf.dr hab. Ewald Sasimowski (1923-2012) zootechnik hipolog\u201d<\/p>\n\t\t\t\t\t\t\t\t<\/div>\n\t\t\t\t\t\t\t\t<a href=\"https:\/\/up.lublin.pl\/en\/blog\/galeria\/wystawa-prof-dr-hab-ewald-sasimowski-1923-2012-zootechnik-hipolog\/\" class=\"mn-more\">Read more<\/a>\n\n\t\t\t\t\t\t<\/div>\n\t\t\t\t\t\t\t\t\t\t\t\t<div class=\"slick-slide post-el \">\n\t\t\t\t\t\t\t\t\t<div class=\"mn-images-container\">\n\t\t\t\t\t\t\t\t\t\t                                            <img src=\"https:\/\/up.lublin.pl\/wp-content\/uploads\/2024\/04\/346102013_261472626258693_7488798601932562121_n.jpg\" alt=\"Wystawa \u201eProf. dr hab. Gabriel Brz\u0119k (1908-2002). Hydrobiolog. Historyk zoologii polskiej\u201c.\" \/>\n\t\t\t\t\t\t\t\t\t\t\t\t\t\t\t\t\t\t\t\t<\/div>\n\t\t\t\t\t\t\t\t<div class=\"mn-content\">\n\t\t\t\t\t\t\t\t\t<p>Wystawa \u201eProf. dr hab. Gabriel Brz\u0119k (1908-2002). Hydrobiolog. Historyk zoologii polskiej\u201c.<\/p>\n\t\t\t\t\t\t\t\t<\/div>\n\t\t\t\t\t\t\t\t<a href=\"https:\/\/up.lublin.pl\/en\/blog\/galeria\/wystawa-prof-dr-hab-gabriel-brzek-1908-2002-hydrobiolog-historyk-zoologii-polskiej-2\/\" class=\"mn-more\">Read more<\/a>\n\n\t\t\t\t\t\t<\/div>\n\t\t\t\t\t\t\t\t\t\t\t\t<div class=\"slick-slide post-el \">\n\t\t\t\t\t\t\t\t\t<div class=\"mn-images-container\">\n\t\t\t\t\t\t\t\t\t\t                                            <img src=\"https:\/\/up.lublin.pl\/wp-content\/uploads\/2024\/04\/283698282_5327768863910543_4549369304687553027_n.jpg\" alt=\"Wystawa po\u015bwi\u0119cona prof. dr. hab. Bohdanowi Dobrza\u0144skiemu\" \/>\n\t\t\t\t\t\t\t\t\t\t\t\t\t\t\t\t\t\t\t\t<\/div>\n\t\t\t\t\t\t\t\t<div class=\"mn-content\">\n\t\t\t\t\t\t\t\t\t<p>Wystawa po\u015bwi\u0119cona prof. dr. hab. Bohdanowi Dobrza\u0144skiemu<\/p>\n\t\t\t\t\t\t\t\t<\/div>\n\t\t\t\t\t\t\t\t<a href=\"https:\/\/up.lublin.pl\/en\/blog\/galeria\/wystawa-poswiecona-prof-dr-hab-bohdanowi-dobrzanskiemu-pierwszemu-rektorowi-wyzszej-szkoly-rolniczej-w-lublinie\/\" class=\"mn-more\">Read more<\/a>\n\n\t\t\t\t\t\t<\/div>\n\t\t\t\t\t\t\t\t\t\t\t\t<div class=\"slick-slide post-el \">\n\t\t\t\t\t\t\t\t\t<div class=\"mn-images-container\">\n\t\t\t\t\t\t\t\t\t\t                                            <img src=\"https:\/\/up.lublin.pl\/wp-content\/uploads\/2021\/05\/190263581_1242748399514583_2238382465107890933_n.jpg\" alt=\"Biblioteka w kwiatach\" \/>\n\t\t\t\t\t\t\t\t\t\t\t\t\t\t\t\t\t\t\t\t<\/div>\n\t\t\t\t\t\t\t\t<div class=\"mn-content\">\n\t\t\t\t\t\t\t\t\t<p>Biblioteka w&nbsp;kwiatach<\/p>\n\t\t\t\t\t\t\t\t<\/div>\n\t\t\t\t\t\t\t\t<a href=\"https:\/\/up.lublin.pl\/en\/blog\/galeria\/biblioteka-w-kwiatach\/\" class=\"mn-more\">Read more<\/a>\n\n\t\t\t\t\t\t<\/div>\n\t\t\t\t\t\t\t\t\t\t\t\t<div class=\"slick-slide post-el \">\n\t\t\t\t\t\t\t\t\t<div class=\"mn-images-container\">\n\t\t\t\t\t\t\t\t\t\t                                            <img src=\"https:\/\/up.lublin.pl\/\/galerie\/2017\/tydzien-bibliotek\/20170508_143521.jpg\" alt=\"Tydzie\u0144 Bibliotek, SKN Ogrodnik\u00f3w\" \/>\n\t\t\t\t\t\t\t\t\t\t\t\t\t\t\t\t\t\t\t\t<\/div>\n\t\t\t\t\t\t\t\t<div class=\"mn-content\">\n\t\t\t\t\t\t\t\t\t<p>Tydzie\u0144 Bibliotek, SKN Ogrodnik\u00f3w<\/p>\n\t\t\t\t\t\t\t\t<\/div>\n\t\t\t\t\t\t\t\t<a href=\"https:\/\/up.lublin.pl\/en\/blog\/galeria\/galeria-4801\/\" class=\"mn-more\">Read more<\/a>\n\n\t\t\t\t\t\t<\/div>\n\t\t\t\t\t\t\t\t\t\t\t\t<div class=\"slick-slide post-el \">\n\t\t\t\t\t\t\t\t\t<div class=\"mn-images-container\">\n\t\t\t\t\t\t\t\t\t\t                                            <img src=\"https:\/\/up.lublin.pl\/\/galerie\/2017\/biblio2\/05.jpg\" alt=\"Obchody 50-lecia Biblioteki, stycze\u0144 2006 r.\" \/>\n\t\t\t\t\t\t\t\t\t\t\t\t\t\t\t\t\t\t\t\t<\/div>\n\t\t\t\t\t\t\t\t<div class=\"mn-content\">\n\t\t\t\t\t\t\t\t\t<p>Obchody 50-lecia Biblioteki, stycze\u0144 2006 r.<\/p>\n\t\t\t\t\t\t\t\t<\/div>\n\t\t\t\t\t\t\t\t<a href=\"https:\/\/up.lublin.pl\/en\/blog\/galeria\/galeria-4721\/\" class=\"mn-more\">Read more<\/a>\n\n\t\t\t\t\t\t<\/div>\n\t\t\t\t\t\t\t\t\t\t\t\t<div class=\"slick-slide post-el \">\n\t\t\t\t\t\t\t\t\t<div class=\"mn-images-container\">\n\t\t\t\t\t\t\t\t\t\t                                            <img src=\"https:\/\/up.lublin.pl\/\/galerie\/2017\/biblioteka\/922190_554159201271557_413394607_o.jpg\" alt=\"Budynek Biblioteki G\u0142\u00f3wnej UP Lublin\" \/>\n\t\t\t\t\t\t\t\t\t\t\t\t\t\t\t\t\t\t\t\t<\/div>\n\t\t\t\t\t\t\t\t<div class=\"mn-content\">\n\t\t\t\t\t\t\t\t\t<p>Budynek Biblioteki G\u0142\u00f3wnej UP Lublin<\/p>\n\t\t\t\t\t\t\t\t<\/div>\n\t\t\t\t\t\t\t\t<a href=\"https:\/\/up.lublin.pl\/en\/blog\/galeria\/galeria-4670\/\" class=\"mn-more\">Read more<\/a>\n\n\t\t\t\t\t\t<\/div>\n\t\t\t\t\t\t\t\t\t\t\t\t<div class=\"slick-slide post-el \">\n\t\t\t\t\t\t\t\t\t<div class=\"mn-images-container\">\n\t\t\t\t\t\t\t\t\t\t                                            <img src=\"https:\/\/up.lublin.pl\/\/galerie\/2013\/biblioteka-ksiazki-zagraniczne\/DSC_2046.JPG\" alt=\"Biblioteka &#8211; wystawa zagranicznych ksi\u0105\u017cek naukowych\" \/>\n\t\t\t\t\t\t\t\t\t\t\t\t\t\t\t\t\t\t\t\t<\/div>\n\t\t\t\t\t\t\t\t<div class=\"mn-content\">\n\t\t\t\t\t\t\t\t\t<p>Biblioteka &#8211; wystawa zagranicznych ksi\u0105\u017cek naukowych<\/p>\n\t\t\t\t\t\t\t\t<\/div>\n\t\t\t\t\t\t\t\t<a href=\"https:\/\/up.lublin.pl\/en\/blog\/galeria\/galeria-3255\/\" class=\"mn-more\">Read more<\/a>\n\n\t\t\t\t\t\t<\/div>\n\t\t\t\t\t\t\t\t\t\t\t\t<div class=\"slick-slide post-el \">\n\t\t\t\t\t\t\t\t\t<div class=\"mn-images-container\">\n\t\t\t\t\t\t\t\t\t\t                                            <img src=\"https:\/\/up.lublin.pl\/\/galerie\/2012-otwarcie-biblioteki\/DSC_2884.JPG\" alt=\"Otwarcie nowego gmachu Biblioteki G\u0142\u00f3wnej UP\" \/>\n\t\t\t\t\t\t\t\t\t\t\t\t\t\t\t\t\t\t\t\t<\/div>\n\t\t\t\t\t\t\t\t<div class=\"mn-content\">\n\t\t\t\t\t\t\t\t\t<p>Otwarcie nowego gmachu Biblioteki G\u0142\u00f3wnej UP<\/p>\n\t\t\t\t\t\t\t\t<\/div>\n\t\t\t\t\t\t\t\t<a href=\"https:\/\/up.lublin.pl\/en\/blog\/galeria\/galeria-2205\/\" class=\"mn-more\">Read more<\/a>\n\n\t\t\t\t\t\t<\/div>\n\t\t\t\t\t\t\t\t\t\t\t\t<div class=\"slick-slide post-el \">\n\t\t\t\t\t\t\t\t\t<div class=\"mn-images-container\">\n\t\t\t\t\t\t\t\t\t\t                                            <img src=\"https:\/\/up.lublin.pl\/\/galerie\/biblioteka_up_model\/widok02-wiz.jpg\" alt=\"Model 3d &#8211; Regionalny O\u015brodek Rolniczej Informacji Naukowej &#8211; Biblioteka G\u0142.\" \/>\n\t\t\t\t\t\t\t\t\t\t\t\t\t\t\t\t\t\t\t\t<\/div>\n\t\t\t\t\t\t\t\t<div class=\"mn-content\">\n\t\t\t\t\t\t\t\t\t<p>Model 3d &#8211; Regionalny O\u015brodek Rolniczej Informacji Naukowej &#8211; Biblioteka G\u0142.<\/p>\n\t\t\t\t\t\t\t\t<\/div>\n\t\t\t\t\t\t\t\t<a href=\"https:\/\/up.lublin.pl\/en\/blog\/galeria\/galeria-517\/\" class=\"mn-more\">Read more<\/a>\n\n\t\t\t\t\t\t<\/div>\n\t\t\t\t\t\t\t\t\t\t\t\t<div class=\"slick-slide post-el \">\n\t\t\t\t\t\t\t\t\t<div class=\"mn-images-container\">\n\t\t\t\t\t\t\t\t\t\t                                            <img src=\"https:\/\/up.lublin.pl\/\/galerie\/2011_biblioteka_glowna\/dsc_5671.jpg\" alt=\"Wmurowanie kamienia w\u0119gielnego &#8211; Regionalny O\u015brodek Rolniczej Informacji Naukowej &#8211; Biblioteka G\u0142\u00f3wna                UP\" \/>\n\t\t\t\t\t\t\t\t\t\t\t\t\t\t\t\t\t\t\t\t<\/div>\n\t\t\t\t\t\t\t\t<div class=\"mn-content\">\n\t\t\t\t\t\t\t\t\t<p>Wmurowanie kamienia w\u0119gielnego &#8211; Regionalny O\u015brodek Rolniczej Informacji Naukowej &#8211; Biblioteka G\u0142\u00f3wna                UP<\/p>\n\t\t\t\t\t\t\t\t<\/div>\n\t\t\t\t\t\t\t\t<a href=\"https:\/\/up.lublin.pl\/en\/blog\/galeria\/galeria-563\/\" class=\"mn-more\">Read more<\/a>\n\n\t\t\t\t\t\t<\/div>\n\t\t\t\t\t\t\t\t\t\t<\/div>\n\t\t\t\t\t\t<\/div>\n\t<\/div>\n<\/section>\n\t\t<\/div>\n\t\t\t\t<\/div>\n\t\t\t\t\t\t<\/div>\n\t\t\t\t\t<\/div>\n\t\t<\/div>\n\t\t\t\t\t\t\t\t<\/div>\n\t\t\t\t\t<\/div>\n\t\t<\/section>\n\t\t\t\t<section class=\"elementor-section elementor-top-section elementor-element elementor-element-5b6f576 elementor-section-boxed elementor-section-height-default elementor-section-height-default\" data-id=\"5b6f576\" data-element_type=\"section\">\n\t\t\t\t\t\t<div class=\"elementor-container elementor-column-gap-default\">\n\t\t\t\t\t\t\t<div class=\"elementor-row\">\n\t\t\t\t\t<div class=\"elementor-column elementor-col-100 elementor-top-column elementor-element elementor-element-cefeed0\" data-id=\"cefeed0\" data-element_type=\"column\">\n\t\t\t<div class=\"elementor-column-wrap elementor-element-populated\">\n\t\t\t\t\t\t\t<div class=\"elementor-widget-wrap\">\n\t\t\t\t\t\t<div class=\"elementor-element elementor-element-f6e7bcc elementor-widget elementor-widget-m5h\" data-id=\"f6e7bcc\" data-element_type=\"widget\" data-widget_type=\"m5h.default\">\n\t\t\t\t<div class=\"elementor-widget-container\">\n\t\t\t<section class=\"mn-m5-h mn-bg-white no-spacing\">\r\n\t<div class=\"mn-grid\">\r\n\t\t<div class=\"mn-content mn-grid-12\">\r\n\t\t\t<div class=\"mn-lead\">\r\n\t\t\t\t<p>\u00a0<\/p>\n<p>\u00a0<\/p>\n<table style=\"border-collapse: collapse;width: 96.8692%;height: 195px\">\n<tbody>\n<tr style=\"height: 195px\">\n<td style=\"width: 27.5322%;height: 195px;border-style: hidden\">\n<h5><span style=\"color: #ff0000\"><img loading=\"lazy\" class=\"wp-image-144635 aligncenter\" src=\"https:\/\/up.lublin.pl\/wp-content\/uploads\/2021\/05\/przezroczyste-tlo.png\" alt=\"\" width=\"100\" height=\"99\" \/><\/span><\/h5>\n<\/td>\n<td style=\"width: 37.0603%;height: 195px;border-style: hidden\">\n<h5 style=\"padding-left: 40px\"><strong>Main Library<br \/>Regional Centre of Agricultural Scientific Information<\/strong><br \/>University of Life Sciences in Lublin<br \/>Akademicka\u00a015<br \/>20-950 Lublin<\/h5>\n<\/td>\n<td style=\"width: 35.4075%;height: 195px;border-color: #ffffff;border-style: hidden\">\n<h5 style=\"padding-left: 40px;text-align: left\">Library Office tel.\/fax: (48-81) 445-62-28<br style=\"font-size: 10.05px\" \/>e-mail:\u00a0biblioteka.glowna@up.lublin<\/h5>\n<h4>\u00a0<\/h4>\n<h5 style=\"text-align: left;padding-left: 40px\">Open:<\/h5>\n<h5 style=\"text-align: left;padding-left: 40px\">Monday-Friday: 8:00-17:00<\/h5>\n<h5 style=\"text-align: left;padding-left: 40px\">Saturday: 9:00-14:00<\/h5>\n<\/td>\n<\/tr>\n<tr>\n<td style=\"width: 27.5322%;border-style: hidden\">\n<h5>\u00a0<\/h5>\n<\/td>\n<td style=\"width: 37.0603%;border-style: hidden\">\n<h5 style=\"padding-left: 40px\">\u00a0<\/h5>\n<\/td>\n<td style=\"width: 35.4075%;border-color: #ffffff;border-style: hidden\">\u00a0<\/td>\n<\/tr>\n<\/tbody>\n<\/table>\n<p>\u00a0<\/p>\n\t\t\t<\/div>\r\n\t\t<\/div>\r\n\t<\/div>\r\n<\/section>\r\n\t\t<\/div>\n\t\t\t\t<\/div>\n\t\t\t\t\t\t<\/div>\n\t\t\t\t\t<\/div>\n\t\t<\/div>\n\t\t\t\t\t\t\t\t<\/div>\n\t\t\t\t\t<\/div>\n\t\t<\/section>\n\t\t\t\t\t\t<\/div>\n\t\t\t\t\t\t<\/div>\n\t\t\t\t\t<\/div>\n\t\t","protected":false},"excerpt":{"rendered":"<p>About Library UP The Main Library of the University of Life Sciences in Lublin was founded in 1955. It gathers Polish and foreign literature related to the profile of academic and didactic work conducted by University employees. A&nbsp;collection of books covers a&nbsp;wide range of agricultural sciences, horticulture, animal science, veterinary medicine, food technology, agribusiness, agricultural [&hellip;]<\/p>\n","protected":false},"author":2,"featured_media":0,"parent":201967,"menu_order":0,"comment_status":"closed","ping_status":"closed","template":"elementor_header_footer","meta":{"_monsterinsights_skip_tracking":false,"_monsterinsights_sitenote_active":false,"_monsterinsights_sitenote_note":"","_monsterinsights_sitenote_category":0},"_links":{"self":[{"href":"https:\/\/up.lublin.pl\/en\/wp-json\/wp\/v2\/pages\/202057"}],"collection":[{"href":"https:\/\/up.lublin.pl\/en\/wp-json\/wp\/v2\/pages"}],"about":[{"href":"https:\/\/up.lublin.pl\/en\/wp-json\/wp\/v2\/types\/page"}],"author":[{"embeddable":true,"href":"https:\/\/up.lublin.pl\/en\/wp-json\/wp\/v2\/users\/2"}],"replies":[{"embeddable":true,"href":"https:\/\/up.lublin.pl\/en\/wp-json\/wp\/v2\/comments?post=202057"}],"version-history":[{"count":19,"href":"https:\/\/up.lublin.pl\/en\/wp-json\/wp\/v2\/pages\/202057\/revisions"}],"predecessor-version":[{"id":202790,"href":"https:\/\/up.lublin.pl\/en\/wp-json\/wp\/v2\/pages\/202057\/revisions\/202790"}],"up":[{"embeddable":true,"href":"https:\/\/up.lublin.pl\/en\/wp-json\/wp\/v2\/pages\/201967"}],"wp:attachment":[{"href":"https:\/\/up.lublin.pl\/en\/wp-json\/wp\/v2\/media?parent=202057"}],"curies":[{"name":"wp","href":"https:\/\/api.w.org\/{rel}","templated":true}]}}