{"id":201967,"date":"2021-10-12T09:36:24","date_gmt":"2021-10-12T07:36:24","guid":{"rendered":"https:\/\/up.lublin.pl\/?page_id=201967"},"modified":"2022-04-07T13:28:30","modified_gmt":"2022-04-07T11:28:30","slug":"main-library","status":"publish","type":"page","link":"https:\/\/up.lublin.pl\/en\/research-business\/main-library\/","title":{"rendered":"Main Library"},"content":{"rendered":"\t\t<div data-elementor-type=\"wp-page\" data-elementor-id=\"201967\" class=\"elementor elementor-201967 elementor-85952\" data-elementor-settings=\"[]\">\n\t\t\t\t\t\t<div class=\"elementor-inner\">\n\t\t\t\t\t\t\t<div class=\"elementor-section-wrap\">\n\t\t\t\t\t\t\t<section class=\"elementor-section elementor-top-section elementor-element elementor-element-7f232dd elementor-section-height-min-height elementor-section-boxed elementor-section-height-default elementor-section-items-middle\" data-id=\"7f232dd\" data-element_type=\"section\">\n\t\t\t\t\t\t<div class=\"elementor-container elementor-column-gap-default\">\n\t\t\t\t\t\t\t<div class=\"elementor-row\">\n\t\t\t\t\t<div class=\"elementor-column elementor-col-100 elementor-top-column elementor-element elementor-element-d5a105d\" data-id=\"d5a105d\" data-element_type=\"column\">\n\t\t\t<div class=\"elementor-column-wrap elementor-element-populated\">\n\t\t\t\t\t\t\t<div class=\"elementor-widget-wrap\">\n\t\t\t\t\t\t<div class=\"elementor-element elementor-element-069f82d elementor-widget elementor-widget-m2e\" data-id=\"069f82d\" data-element_type=\"widget\" data-widget_type=\"m2e.default\">\n\t\t\t\t<div class=\"elementor-widget-container\">\n\t\t\t<section class=\"mn-m2-e mn-bg-green\">\n\t<div class=\"mn-grid\">\n\t\t<div class=\"mn-grid-3 mn-introtext\">\n\t\t\t\t\t\t\t\t\t\t\t\t\t\t\t\t<div class=\"mn-content\">\n\t\t\t\t\t<p><img loading=\"lazy\" class=\"aligncenter wp-image-96382\" src=\"https:\/\/up.lublin.pl\/wp-content\/uploads\/2020\/10\/BGUP-logo-PION-CMYK.png\" alt=\"\" width=\"269\" height=\"131\" \/><\/p>\n<p style=\"padding-left: 40px\">\u00a0 <\/p>\n\t\t\t\t<\/div>\n\t\t\t\t\t\t<\/div>\n\t\t<div class=\"mn-grid-9 mn-image-container\">\n\t\t\t\t\t\t\t<img src=\"https:\/\/up.lublin.pl\/wp-content\/uploads\/2021\/04\/18_1-1.jpg\" alt=\"\">\n\t\t\t\t\t\t<\/div>\n\t<\/div>\n\t<\/section>\n\t\t<\/div>\n\t\t\t\t<\/div>\n\t\t\t\t\t\t<\/div>\n\t\t\t\t\t<\/div>\n\t\t<\/div>\n\t\t\t\t\t\t\t\t<\/div>\n\t\t\t\t\t<\/div>\n\t\t<\/section>\n\t\t\t\t<section class=\"elementor-section elementor-top-section elementor-element elementor-element-621e503 elementor-section-boxed elementor-section-height-default elementor-section-height-default\" data-id=\"621e503\" data-element_type=\"section\">\n\t\t\t\t\t\t<div class=\"elementor-container elementor-column-gap-default\">\n\t\t\t\t\t\t\t<div class=\"elementor-row\">\n\t\t\t\t\t<div class=\"elementor-column elementor-col-100 elementor-top-column elementor-element elementor-element-77dbc04\" data-id=\"77dbc04\" data-element_type=\"column\">\n\t\t\t<div class=\"elementor-column-wrap elementor-element-populated\">\n\t\t\t\t\t\t\t<div class=\"elementor-widget-wrap\">\n\t\t\t\t\t\t<div class=\"elementor-element elementor-element-f0c894f elementor-widget elementor-widget-wyszukiwarka_biblioteczna\" data-id=\"f0c894f\" data-element_type=\"widget\" data-widget_type=\"wyszukiwarka_biblioteczna.default\">\n\t\t\t\t<div class=\"elementor-widget-container\">\n\t\t\t<section class=\"mn-library-search\">\n    <div class=\"mn-grid\">\n        <div class=\"tabGeneral\">\n            <ul class=\"tabs\" data-persist=\"true\">\n                <li class=\"selected\">\n                    <a href=\"#view1\">Multisearch<\/a>\n                <\/li>\n                <li>\n                    <a href=\"#view2\">Catalogue<\/a>\n                <\/li>\n                <li>\n                    <a href=\"#view3\">Google Science<\/a>\n                <\/li>\n            <\/ul>\n            <div class=\"tabcontents\">\n                <!-- START Div1 -->\n                <div id=\"view1\" style=\"display: block\">\n                    <!--\n                    ==========================================================================================\n                    START: EDS\n                    ==========================================================================================\n                    -->\n                    <div style=\"display: block; overflow: hidden;\">\n                        <div style=\"text-align: left;\">\n                            <!--BEGIN: Javascript to handle elements related to form processing ================== -->\n                            <!-- BEGIN: General Custom Search Box =============================== -->\n                            <!-- Inputs for EDS URL structure -->\n\t\t\t    <form accept-charset=\"utf-8\" action=\"https:\/\/research.ebsco.com\/c\/5knods\/results\" method=\"get\" target=\"_blank\">\n\t\t\t        <p class=\"input-label\">Szukaj w e-zasobach Biblioteki G\u0142\u00f3wnej:<\/p>\n\t\t\t        <input type=\"hidden\" name=\"acr_values\" value=\"ip,guest\"\/>\n\t\t\t        <input type=\"hidden\" name=\"autocorrect\" value=\"y\"\/>\n\t\t\t        <input name=\"q\" type=\"text\" class=\"textField\" placeholder=\"wpisz szukan\u0105 fraz\u0119\">\n\t\t\t        <input value=\"Szukaj\" type=\"submit\" class=\"searchbox-submit\">\n\t\t\t    <\/form>\n\n                            <!--\n                            ==========================================================================================\n                            END: EDS\n                            ==========================================================================================\n                            -->\n                        <\/div>\n                    <\/div>\n                <\/div>\n                <!-- END Div1 -->\n                <!-- START Div2 -->\n                <div id=\"view2\" style=\"display:none;\">\n                    <div style=\"display: block; overflow: hidden;\">\n                        <div style=\"text-align: left;\">\n                            <!--\n                            ==========================================================================================\n                            START: Katalog\n                            ==========================================================================================\n                            -->\n                            <p>Search in ULS Library Catalogue:<\/p>\n                            <form name=\"searchform\" method=\"get\" action=\"https:\/\/katalog.bg.up.lublin.pl\/cgi-bin\/koha\/opac-search.pl\" target=\"_blank\">\n                                <input type=\"text\" name=\"q\" class=\"textField\" value=\"\" placeholder=\"enter search term\"\/>\n<!--                                <input name=\"theme\" value=\"Biblioteka\" type=\"hidden\">-->\n                                <input type=\"submit\" value=\"Search\" class=\"searchbox-submit\"\/>\n                            <\/form>\n                            <!--\n                            ==========================================================================================\n                            END: Katalog\n                            ==========================================================================================\n                            -->\n                        <\/div>\n                    <\/div>\n                <\/div>\n                <!-- END Div2 -->\n                <!-- START Div3 -->\n                <div id=\"view3\" style=\"display:none;\">\n                    <p class=\"input-label\">Search in Google Science:<\/p>\n                    <div id=\"tab_content_3_gs_l\">\n                        <select onchange=\"changeGoogleForm(this)\" id=\"googleScience\">\n                            <option value=\"1\">Google Scholar<\/option>\n                            <option value=\"2\">Google Patents<\/option>\n                            <option value=\"3\">Google Books<\/option>\n                        <\/select>\n                    <\/div>\n                    <div id=\"tab_content_3_gs_r\">\n                        <form id=\"google1\" action=\"https:\/\/scholar.google.pl\/scholar\" name=\"f\" target=\"_blank\">\n                            <input class=\"textField\" name=\"q\" placeholder=\"enter search term\">\n                            <input type=\"hidden\" name=\"hl\" value=\"pl\">\n                            <input class=\"searchbox-submit\" type=\"submit\" value=\"Search\" name=\"btnG\">\n                        <\/form>\n                        <form id=\"google2\" action=\"https:\/\/www.google.com\/patents\" name=\"f\" target=\"_blank\">\n                            <input class=\"textField\" name=\"q\" accesskey=\"s\" placeholder=\"enter search term\">\n                            <input class=\"searchbox-submit\" name=\"btnG\" type=\"submit\" value=\"Search\">\n                        <\/form>\n                        <form id=\"google3\" action=\"https:\/\/www.google.pl\/search\" name=\"f\" target=\"_blank\">\n                            <input class=\"textField\" name=\"q\" accesskey=\"s\" title=\"Szukaj ksi\u0105\u017cek\" placeholder=\"enter search term\">\n                            <input type=\"hidden\" name=\"tbm\" value=\"bks\">\n                            <input type=\"hidden\" name=\"tbo\" value=\"1\">\n                            <input class=\"searchbox-submit\" name=\"btnG\" type=\"submit\" value=\"Search\">\n                        <\/form>\n                    <\/div>\n                <\/div>\n                <!-- END Div3 -->\n            <\/div>\n        <\/div>\n    <\/div>\n<\/section>\n<script type=\"text\/javascript\">\n    \/* https:\/\/www.menucool.com\/tabbed-content Free to use. v2013.7.6 *\/\n    (function(){var g=function(a){if(a&&a.stopPropagation)a.stopPropagation();else window.event.cancelBubble=true;var b=a?a:window.event;b.preventDefault&&b.preventDefault()},d=function(a,c,b){if(a.addEventListener)a.addEventListener(c,b,false);else a.attachEvent&&a.attachEvent(\"on\"+c,b)},a=function(c,a){var b=new RegExp(\"(^| )\"+a+\"( |$)\");return b.test(c.className)?true:false},j=function(b,c,d){if(!a(b,c))if(b.className==\"\")b.className=c;else if(d)b.className=c+\" \"+b.className;else b.className+=\" \"+c},h=function(a,b){var c=new RegExp(\"(^| )\"+b+\"( |$)\");a.className=a.className.replace(c,\"$1\");a.className=a.className.replace(\/ $\/,\"\")},e=function(){var b=window.location.pathname;if(b.indexOf(\"\/\")!=-1)b=b.split(\"\/\");var a=b[b.length-1]||\"root\";if(a.indexOf(\".\")!=-1)a=a.substring(0,a.indexOf(\".\"));if(a>20)a=a.substring(a.length-19);return a},c=\"mi\"+e(),b=function(b,a){this.g(b,a)};b.prototype={h:function(){var b=new RegExp(c+this.a+\"=(\\\\d+)\"),a=document.cookie.match(b);return a?a[1]:this.i()},i:function(){for(var b=0,c=this.b.length;b<c;b++)if(a(this.b[b].parentNode,\"selected\"))return b;return 0},j:function(b,d){var c=document.getElementById(b.TargetId);if(!c)return;this.l(c);for(var a=0;a<this.b.length;a++)if(this.b[a]==b){j(b.parentNode,\"selected\");d&&this.d&&this.k(this.a,a)}else h(this.b[a].parentNode,\"selected\")},k:function(a,b){document.cookie=c+a+\"=\"+b+\"; path=\/\"},l:function(b){for(var a=0;a<this.c.length;a++)this.c[a].style.display=this.c[a].id==b.id?\"block\":\"none\"},m:function(){this.c=[];for(var c=this,a=0;a<this.b.length;a++){var b=document.getElementById(this.b[a].TargetId);if(b){this.c.push(b);d(this.b[a],\"click\",function(b){var a=this;if(a===window)a=window.event.srcElement;c.j(a,1);g(b);return false})}}},g:function(f,h){this.a=h;this.b=[];for(var e=f.getElementsByTagName(\"a\"),i=\/#([^?]+)\/,a,b,c=0;c<e.length;c++){b=e[c];a=b.getAttribute(\"href\");if(a.indexOf(\"#\")==-1)continue;else{var d=a.match(i);if(d){a=d[1];b.TargetId=a;this.b.push(b)}else continue}}var g=f.getAttribute(\"data-persist\")||\"\";this.d=g.toLowerCase()==\"true\"?1:0;this.m();this.n()},n:function(){var a=this.d?parseInt(this.h()):this.i();if(a>=this.b.length)a=0;this.j(this.b[a],0)}};var k=[],i=function(e){var b=false;function a(){if(b)return;b=true;setTimeout(e,4)}if(document.addEventListener)document.addEventListener(\"DOMContentLoaded\",a,false);else if(document.attachEvent){try{var f=window.frameElement!=null}catch(g){}if(document.documentElement.doScroll&&!f){function c(){if(b)return;try{document.documentElement.doScroll(\"left\");a()}catch(d){setTimeout(c,10)}}c()}document.attachEvent(\"onreadystatechange\",function(){document.readyState===\"complete\"&&a()})}d(window,\"load\",a)},f=function(){for(var d=document.getElementsByTagName(\"ul\"),c=0,e=d.length;c<e;c++)a(d[c],\"tabs\")&&k.push(new b(d[c],c))};i(f);return{}})()\n<\/script>\n<script type=\"text\/javascript\">\n    function ebscoPreProcess(myForm) {\n        myForm.bquery.value = myForm.search_prefix.value + myForm.uquery.value;\n    }\n<\/script>\n<script type=\"text\/javascript\">\n    function changeGoogleForm(obj) {\n        document.getElementById('google1').style.display = 'none';\n        document.getElementById('google2').style.display = 'none';\n        document.getElementById('google3').style.display = 'none';\n        document.getElementById('google' + obj.value).style.display = 'block';\n    }\n<\/script>\n\t\t<\/div>\n\t\t\t\t<\/div>\n\t\t\t\t<div class=\"elementor-element elementor-element-01570e7 elementor-widget elementor-widget-m4a\" data-id=\"01570e7\" data-element_type=\"widget\" data-widget_type=\"m4a.default\">\n\t\t\t\t<div class=\"elementor-widget-container\">\n\t\t\t\t<section class=\"mn-m4_b mn-bg-green\">\n\t\t        <div class=\"mn-grid\">\n            <h2 class=\"mn-grid-12\">Shortcuts<\/h2>\n        <\/div>\n\t\t\t\t\t<div class=\"mn-grid\">\n\t\t\t\t\t\t\t<div class=\"mn-grid-3 mn-kat-m4-container\">\n\t\t\t\t\t\t\t\t\t\t\t\t\t\t\t\t<h3>Catalogue<\/h3>\n\t\t\t\t\t\t\t\t\t\t\t\t\t\t\t\t\t\t\t\t\t\t<a href=\"https:\/\/katalog.bg.up.lublin.pl\" class=\"mn-more\" target=\"_blank\" rel=\"nofollow\">Read more<\/a>\n\t\t\t\t\t\t\t\t\t\t<\/div>\n\t\t\t\t\t\t\t\t<div class=\"mn-grid-3 mn-kat-m4-container\">\n\t\t\t\t\t\t\t\t\t\t\t\t\t\t\t\t<h3>Databases<\/h3>\n\t\t\t\t\t\t\t\t\t\t\t\t\t\t\t\t\t\t\t\t\t\t<a href=\"https:\/\/up.lublin.pl\/en\/research-business\/main-library\/resources\/databases\/\" class=\"mn-more\">Read more<\/a>\n\t\t\t\t\t\t\t\t\t\t<\/div>\n\t\t\t\t\t\t\t\t<div class=\"mn-grid-3 mn-kat-m4-container\">\n\t\t\t\t\t\t\t\t\t\t\t\t\t\t\t\t<h3>Ibuk Libra<\/h3>\n\t\t\t\t\t\t\t\t\t\t\t\t\t\t\t\t\t\t\t\t\t\t<a href=\"http:\/\/han.bg.up.lublin.pl\/han\/nowalibra\/\" class=\"mn-more\" target=\"_blank\">Read more<\/a>\n\t\t\t\t\t\t\t\t\t\t<\/div>\n\t\t\t\t\t\t\t\t<div class=\"mn-grid-3 mn-kat-m4-container\">\n\t\t\t\t\t\t\t\t\t\t\t\t\t\t\t\t<h3>A-Z List<\/h3>\n\t\t\t\t\t\t\t\t\t\t\t\t\t\t\t\t\t\t\t\t\t\t<a href=\"http:\/\/han.bg.up.lublin.pl\/han\/lista-a-z\/\" class=\"mn-more\" target=\"_blank\">Read more<\/a>\n\t\t\t\t\t\t\t\t\t\t<\/div>\n\t\t\t\t\t\t<\/div>\n\t<\/section>\n\t\t\t<\/div>\n\t\t\t\t<\/div>\n\t\t\t\t\t\t<\/div>\n\t\t\t\t\t<\/div>\n\t\t<\/div>\n\t\t\t\t\t\t\t\t<\/div>\n\t\t\t\t\t<\/div>\n\t\t<\/section>\n\t\t\t\t<section class=\"elementor-section elementor-top-section elementor-element elementor-element-ea0d2e9 elementor-section-boxed elementor-section-height-default elementor-section-height-default\" data-id=\"ea0d2e9\" data-element_type=\"section\">\n\t\t\t\t\t\t<div class=\"elementor-container elementor-column-gap-default\">\n\t\t\t\t\t\t\t<div class=\"elementor-row\">\n\t\t\t\t\t<div class=\"elementor-column elementor-col-100 elementor-top-column elementor-element elementor-element-575374b\" data-id=\"575374b\" data-element_type=\"column\">\n\t\t\t<div class=\"elementor-column-wrap elementor-element-populated\">\n\t\t\t\t\t\t\t<div class=\"elementor-widget-wrap\">\n\t\t\t\t\t\t<div class=\"elementor-element elementor-element-4403b3f elementor-widget elementor-widget-m5h\" data-id=\"4403b3f\" data-element_type=\"widget\" data-widget_type=\"m5h.default\">\n\t\t\t\t<div class=\"elementor-widget-container\">\n\t\t\t<section class=\"mn-m5-h mn-bg-white\">\r\n\t<div class=\"mn-grid\">\r\n\t\t<div class=\"mn-content mn-grid-12\">\r\n\t\t\t<div class=\"mn-lead\">\r\n\t\t\t\t<table style=\"border-collapse: collapse;width: 96.8692%;height: 195px\">\n<tbody>\n<tr style=\"height: 195px\">\n<td style=\"width: 27.5322%;height: 195px;border-style: hidden\">\n<h5><span style=\"color: #ff0000\"><img loading=\"lazy\" class=\"wp-image-144635 aligncenter\" src=\"https:\/\/up.lublin.pl\/wp-content\/uploads\/2021\/05\/przezroczyste-tlo.png\" alt=\"\" width=\"100\" height=\"99\" \/><\/span><\/h5>\n<\/td>\n<td style=\"width: 37.0603%;height: 195px;border-style: hidden\">\n<h5 style=\"padding-left: 40px\"><strong>Main Library<br \/>Regional Centre of Agricultural Scientific Information<\/strong><br \/>University of Life Sciences in Lublin<br \/>Akademicka\u00a015<br \/>20-950 Lublin<\/h5>\n<\/td>\n<td style=\"width: 35.4075%;height: 195px;border-color: #ffffff;border-style: hidden\">\n<h5 style=\"padding-left: 40px;text-align: left\">Library Office tel.\/fax: (48-81) 445-62-28<br style=\"font-size: 10.05px\" \/>e-mail:\u00a0biblioteka.glowna@up.lublin<\/h5>\n<h4>\u00a0<\/h4>\n<h5 style=\"text-align: left;padding-left: 40px\"><span style=\"text-decoration: underline\"><a href=\"https:\/\/up.lublin.pl\/nauka\/biblioteka\/o-bibliotece\/#godzinyotwarcia\">Opening hours<\/a><\/span><\/h5>\n<h5 style=\"text-align: left;padding-left: 40px\">\u00a0<\/h5>\n<\/td>\n<\/tr>\n<tr>\n<td style=\"width: 27.5322%;border-style: hidden\">\n<h5>\u00a0<\/h5>\n<\/td>\n<td style=\"width: 37.0603%;border-style: hidden\">\n<h5 style=\"padding-left: 40px\">\u00a0<\/h5>\n<\/td>\n<td style=\"width: 35.4075%;border-color: #ffffff;border-style: hidden\">\n<h5 style=\"padding-left: 40px;text-align: left\">\u00a0<\/h5>\n<\/td>\n<\/tr>\n<\/tbody>\n<\/table>\n\t\t\t<\/div>\r\n\t\t<\/div>\r\n\t<\/div>\r\n<\/section>\r\n\t\t<\/div>\n\t\t\t\t<\/div>\n\t\t\t\t\t\t<\/div>\n\t\t\t\t\t<\/div>\n\t\t<\/div>\n\t\t\t\t\t\t\t\t<\/div>\n\t\t\t\t\t<\/div>\n\t\t<\/section>\n\t\t\t\t\t\t<\/div>\n\t\t\t\t\t\t<\/div>\n\t\t\t\t\t<\/div>\n\t\t","protected":false},"excerpt":{"rendered":"<p>\u00a0 UP Multiwyszukiwarka Katalog Google Science Szukaj w e-zasobach Biblioteki G\u0142\u00f3wnej: s\u0142owo kluczowe tytu\u0142 autor Szukaj w Katalogu UP Lublin: &lt;!&#8211; &#8211;&gt; Szukaj w Google Science: Google Scholar Google Patents Google Books Shortcuts Catalogue Zobacz wi\u0119cej Databases Zobacz wi\u0119cej Ibuk Libra Zobacz wi\u0119cej A-Z List Zobacz wi\u0119cej Main LibraryRegional Centre of Agricultural Scientific InformationUniversity of [&hellip;]<\/p>\n","protected":false},"author":2,"featured_media":0,"parent":114626,"menu_order":0,"comment_status":"closed","ping_status":"closed","template":"elementor_header_footer","meta":{"_monsterinsights_skip_tracking":false,"_monsterinsights_sitenote_active":false,"_monsterinsights_sitenote_note":"","_monsterinsights_sitenote_category":0},"_links":{"self":[{"href":"https:\/\/up.lublin.pl\/en\/wp-json\/wp\/v2\/pages\/201967"}],"collection":[{"href":"https:\/\/up.lublin.pl\/en\/wp-json\/wp\/v2\/pages"}],"about":[{"href":"https:\/\/up.lublin.pl\/en\/wp-json\/wp\/v2\/types\/page"}],"author":[{"embeddable":true,"href":"https:\/\/up.lublin.pl\/en\/wp-json\/wp\/v2\/users\/2"}],"replies":[{"embeddable":true,"href":"https:\/\/up.lublin.pl\/en\/wp-json\/wp\/v2\/comments?post=201967"}],"version-history":[{"count":55,"href":"https:\/\/up.lublin.pl\/en\/wp-json\/wp\/v2\/pages\/201967\/revisions"}],"predecessor-version":[{"id":262137,"href":"https:\/\/up.lublin.pl\/en\/wp-json\/wp\/v2\/pages\/201967\/revisions\/262137"}],"up":[{"embeddable":true,"href":"https:\/\/up.lublin.pl\/en\/wp-json\/wp\/v2\/pages\/114626"}],"wp:attachment":[{"href":"https:\/\/up.lublin.pl\/en\/wp-json\/wp\/v2\/media?parent=201967"}],"curies":[{"name":"wp","href":"https:\/\/api.w.org\/{rel}","templated":true}]}}