{"id":174651,"date":"2021-06-15T14:19:10","date_gmt":"2021-06-15T12:19:10","guid":{"rendered":"https:\/\/up.lublin.pl\/?page_id=174651"},"modified":"2023-02-06T13:29:45","modified_gmt":"2023-02-06T12:29:45","slug":"implementation-doctorate","status":"publish","type":"page","link":"https:\/\/up.lublin.pl\/en\/doctoral-school\/implementation-doctorate\/","title":{"rendered":"Implementation Doctorate"},"content":{"rendered":"\t\t<div data-elementor-type=\"wp-page\" data-elementor-id=\"174651\" class=\"elementor elementor-174651 elementor-167520\" data-elementor-settings=\"[]\">\n\t\t\t\t\t\t<div class=\"elementor-inner\">\n\t\t\t\t\t\t\t<div class=\"elementor-section-wrap\">\n\t\t\t\t\t\t\t<section class=\"elementor-section elementor-top-section elementor-element elementor-element-19343cb elementor-section-boxed elementor-section-height-default elementor-section-height-default\" data-id=\"19343cb\" data-element_type=\"section\">\n\t\t\t\t\t\t<div class=\"elementor-container elementor-column-gap-default\">\n\t\t\t\t\t\t\t<div class=\"elementor-row\">\n\t\t\t\t\t<div class=\"elementor-column elementor-col-100 elementor-top-column elementor-element elementor-element-5151220\" data-id=\"5151220\" data-element_type=\"column\">\n\t\t\t<div class=\"elementor-column-wrap elementor-element-populated\">\n\t\t\t\t\t\t\t<div class=\"elementor-widget-wrap\">\n\t\t\t\t\t\t<div class=\"elementor-element elementor-element-00c9e68 elementor-widget elementor-widget-m2e\" data-id=\"00c9e68\" data-element_type=\"widget\" data-widget_type=\"m2e.default\">\n\t\t\t\t<div class=\"elementor-widget-container\">\n\t\t\t<section class=\"mn-m2-e mn-bg-green\">\n\t<div class=\"mn-grid\">\n\t\t<div class=\"mn-grid-3 mn-introtext\">\n\t\t\t\t\t\t\t<p class=\"mn-header\">Doctoral School<\/p>\n\t\t\t\t\t\t\t\t\t\t\t<h3>\n\t\t\t\t\tImplementation Doctorate\t\t\t\t<\/h3>\n\t\t\t\t\t\t\t\t\t\t\t\t\t\t<div class=\"mn-content\">\n\t\t\t\t\t<p><a href=\"https:\/\/up.lublin.pl\/wp-content\/uploads\/2022\/06\/szkola-doktorska_logo_godlo_str.png\"><img loading=\"lazy\" class=\"size-full wp-image-273472 alignleft\" src=\"https:\/\/up.lublin.pl\/wp-content\/uploads\/2022\/06\/szkola-doktorska_logo_godlo_str.png\" alt=\"\" width=\"112\" height=\"112\" \/><\/a><\/p>\n\t\t\t\t<\/div>\n\t\t\t\t\t\t<\/div>\n\t\t<div class=\"mn-grid-9 mn-image-container\">\n\t\t\t\t\t\t\t<img src=\"https:\/\/up.lublin.pl\/wp-content\/uploads\/2021\/11\/dokt_wdr_banner.jpg\" alt=\"\">\n\t\t\t\t\t\t<\/div>\n\t<\/div>\n\t<\/section>\n\t\t<\/div>\n\t\t\t\t<\/div>\n\t\t\t\t\t\t<\/div>\n\t\t\t\t\t<\/div>\n\t\t<\/div>\n\t\t\t\t\t\t\t\t<\/div>\n\t\t\t\t\t<\/div>\n\t\t<\/section>\n\t\t\t\t<section class=\"elementor-section elementor-top-section elementor-element elementor-element-a661b43 elementor-section-boxed elementor-section-height-default elementor-section-height-default\" data-id=\"a661b43\" data-element_type=\"section\">\n\t\t\t\t\t\t<div class=\"elementor-container elementor-column-gap-default\">\n\t\t\t\t\t\t\t<div class=\"elementor-row\">\n\t\t\t\t\t<div class=\"elementor-column elementor-col-100 elementor-top-column elementor-element elementor-element-a10111d\" data-id=\"a10111d\" data-element_type=\"column\">\n\t\t\t<div class=\"elementor-column-wrap elementor-element-populated\">\n\t\t\t\t\t\t\t<div class=\"elementor-widget-wrap\">\n\t\t\t\t\t\t<div class=\"elementor-element elementor-element-1ebdf15 elementor-widget elementor-widget-m3d\" data-id=\"1ebdf15\" data-element_type=\"widget\" data-widget_type=\"m3d.default\">\n\t\t\t\t<div class=\"elementor-widget-container\">\n\t\t\t<section class=\"mn-m3-d\">\n    <div class=\"mn-grid\">\n        <h2 class=\"mn-grid-9 mn-title\"><\/h2>\n        <a href=\"https:\/\/up.lublin.pl\/en\/blog\/category\/implementation-doctorate\/\" class=\"mn-more mn-grid-3\">See all<\/a>\n\t\t            <div class=\"mn-events-list mn-grid-12\">\n\t\t\t\t                    <div class=\"mn-event\">\n                                                <div class=\"mn-content\">\n                            <h5 class=\"mn-date\">30.12.2025<\/h5>\n                            <h3>Ewa D\u0119bowska, M. A.<\/h3>\n                            <p>Ewa D\u0119bowska, M.A., under the supervision of Marzena Sylwia...<\/p>\n                        <\/div>\n                        <a href=\"https:\/\/up.lublin.pl\/en\/blog\/ewa-debowska-ma-implementation-doctorate\/\"\n                           class=\"mn-more\">Read more<\/a>\n                    <\/div>\n\t\t\t\t\t                    <div class=\"mn-event\">\n                                                <div class=\"mn-content\">\n                            <h5 class=\"mn-date\">30.12.2025<\/h5>\n                            <h3>Discipline: Veterinary medicine, MSc Eng. Ma\u0142gorzata Chrzanowska-Ociepa<\/h3>\n                            <p>MSc Eng. Ma\u0142gorzata Chrzanowska-Ociepa \u2013 Coordinator in the...<\/p>\n                        <\/div>\n                        <a href=\"https:\/\/up.lublin.pl\/en\/blog\/discipline-veterinary-medicine-msc-eng-malgorzata-chrzanowska-ociepa\/\"\n                           class=\"mn-more\">Read more<\/a>\n                    <\/div>\n\t\t\t\t\t                    <div class=\"mn-event\">\n                                                <div class=\"mn-content\">\n                            <h5 class=\"mn-date\">17.12.2025<\/h5>\n                            <h3>Discipline: environmental engineering, mining and power engineering - MSc Eng. Waldemar Raduj<\/h3>\n                            <p>Waldemar Raduj, MSc, Eng.\u00a0Emploment: Polesie National...<\/p>\n                        <\/div>\n                        <a href=\"https:\/\/up.lublin.pl\/en\/blog\/discipline-environmental-engineering-mining-and-power-engineering-msc-eng-waldemar-raduj\/\"\n                           class=\"mn-more\">Read more<\/a>\n                    <\/div>\n\t\t\t\t\t                    <div class=\"mn-event\">\n                                                <div class=\"mn-content\">\n                            <h5 class=\"mn-date\">09.01.2025<\/h5>\n                            <h3>Discipline: Animal Science and Fishing - MSc Fabian Doma\u0144ski<\/h3>\n                            <p>Master of Science in Animal Science Fabian...<\/p>\n                        <\/div>\n                        <a href=\"https:\/\/up.lublin.pl\/en\/blog\/discipline-animal-science-and-fishing-msc-fabian-domanski\/\"\n                           class=\"mn-more\">Read more<\/a>\n                    <\/div>\n\t\t\t\t\t                    <div class=\"mn-event\">\n                                                <div class=\"mn-content\">\n                            <h5 class=\"mn-date\">18.12.2024<\/h5>\n                            <h3>Discipline Biological Sciences: MSc Eng. Konrad Nied\u017awiadek<\/h3>\n                            <p>MSc Eng. Konrad Nied\u017awiadek \u2013 Research and Development...<\/p>\n                        <\/div>\n                        <a href=\"https:\/\/up.lublin.pl\/en\/blog\/discipline-biological-sciences-msc-eng-konrad-niedzwiadek\/\"\n                           class=\"mn-more\">Read more<\/a>\n                    <\/div>\n\t\t\t\t\t                    <div class=\"mn-event\">\n                                                <div class=\"mn-content\">\n                            <h5 class=\"mn-date\">13.12.2024<\/h5>\n                            <h3>Discipline mechanical engineering: MSc. Eng. Jacek G\u0142adysz<\/h3>\n                            <p>MSc. Eng. Jacek G\u0142adysz \u2013 Chief Designer at ZPH KRZACZEK...<\/p>\n                        <\/div>\n                        <a href=\"https:\/\/up.lublin.pl\/en\/blog\/discipline-mechanical-engineering-msc-eng-jacek-gladysz\/\"\n                           class=\"mn-more\">Read more<\/a>\n                    <\/div>\n\t\t\t\t\t                    <div class=\"mn-event\">\n                                                <div class=\"mn-content\">\n                            <h5 class=\"mn-date\">26.10.2023<\/h5>\n                            <h3>Discipline food technology and human nutrition: Anna Tama, MSc<\/h3>\n                            <p>Anna Tama, MSc \u2013 production technologist \u2013 ZPH ARGO Sp...<\/p>\n                        <\/div>\n                        <a href=\"https:\/\/up.lublin.pl\/en\/blog\/discipline-food-technology-and-human-nutrition-anna-tama-msc\/\"\n                           class=\"mn-more\">Read more<\/a>\n                    <\/div>\n\t\t\t\t\t                    <div class=\"mn-event\">\n                                                <div class=\"mn-content\">\n                            <h5 class=\"mn-date\">06.10.2023<\/h5>\n                            <h3>Agriculture and horticulture: Sylwia Figiel, MSc<\/h3>\n                            <p>MSc. Sylwia Figiel under the supervision of dr hab. Marzena...<\/p>\n                        <\/div>\n                        <a href=\"https:\/\/up.lublin.pl\/en\/blog\/agriculture-and-horticulture-sylwia-figiel-msc\/\"\n                           class=\"mn-more\">Read more<\/a>\n                    <\/div>\n\t\t\t\t\t                    <div class=\"mn-event\">\n                                                <div class=\"mn-content\">\n                            <h5 class=\"mn-date\">07.02.2023<\/h5>\n                            <h3>Food technology and human nutrition: Maciej Barto\u0144, MSc<\/h3>\n                            <p>Maciej Barto\u0144, MSc \u2013 \u2013 research and development specialist...<\/p>\n                        <\/div>\n                        <a href=\"https:\/\/up.lublin.pl\/en\/blog\/food-technology-and-human-nutrition-maciej-barton-msc\/\"\n                           class=\"mn-more\">Read more<\/a>\n                    <\/div>\n\t\t\t\t\t                    <div class=\"mn-event\">\n                                                <div class=\"mn-content\">\n                            <h5 class=\"mn-date\">01.03.2022<\/h5>\n                            <h3>Environmental engineering, mining and power engineering: Wojciech Walczak, MSc<\/h3>\n                            <p>Wojciech Walczak, MScemployer: Mont-San Miros\u0142aw...<\/p>\n                        <\/div>\n                        <a href=\"https:\/\/up.lublin.pl\/en\/blog\/environmental-engineering-mining-and-power-engineering-wojciech-walczak-msc\/\"\n                           class=\"mn-more\">Read more<\/a>\n                    <\/div>\n\t\t\t\t\t                    <div class=\"mn-event\">\n                                                <div class=\"mn-content\">\n                            <h5 class=\"mn-date\">10.01.2022<\/h5>\n                            <h3>Food technology and human nutrition: Micha\u0142 Czelej, M.Sc.<\/h3>\n                            <p>Micha\u0142 Czelej, M.Sc. under the supervision of dr hab.\u00a0Adam...<\/p>\n                        <\/div>\n                        <a href=\"https:\/\/up.lublin.pl\/en\/blog\/food-technology-and-human-nutrition-michal-czelej-m-sc\/\"\n                           class=\"mn-more\">Read more<\/a>\n                    <\/div>\n\t\t\t\t\t                    <div class=\"mn-event\">\n                                                <div class=\"mn-content\">\n                            <h5 class=\"mn-date\">10.01.2022<\/h5>\n                            <h3>Food technology and human nutrition: Katarzyna Garbacz, M.Sc.<\/h3>\n                            <p>Katarzyna Garbacz, M.Sc. under the supervision of dr...<\/p>\n                        <\/div>\n                        <a href=\"https:\/\/up.lublin.pl\/en\/blog\/food-technology-and-human-nutrition-katarzyna-garbacz-m-sc\/\"\n                           class=\"mn-more\">Read more<\/a>\n                    <\/div>\n\t\t\t\t\t            <\/div>\n\t\t\t    <\/div>\n<\/section>\n\t\t<\/div>\n\t\t\t\t<\/div>\n\t\t\t\t\t\t<\/div>\n\t\t\t\t\t<\/div>\n\t\t<\/div>\n\t\t\t\t\t\t\t\t<\/div>\n\t\t\t\t\t<\/div>\n\t\t<\/section>\n\t\t\t\t\t\t<\/div>\n\t\t\t\t\t\t<\/div>\n\t\t\t\t\t<\/div>\n\t\t","protected":false},"excerpt":{"rendered":"<p>Doctoral School Implementation Doctorate UP Zobacz wszystkie 01.03.2022 Dyscyplina in\u017cynieria \u015brodowiska, g\u00f3rnictwo i energetyka: mgr in\u017c. Wojciech Walczak mgr in\u017c. Wojciech Walczakzatrudnienie: Mont-San Miros\u0142aw&#8230; Zobacz wi\u0119cej 10.01.2022 Dyscyplina technologia \u017cywno\u015bci i \u017cywienia: mgr Micha\u0142 Czelej Mgr Micha\u0142 Czelej pod kierunkiem dr hab. Adama Wa\u015bko prof&#8230; Zobacz wi\u0119cej 10.01.2022 Dyscyplina technologia \u017cywno\u015bci i \u017cywienia: mgr in\u017c. [&hellip;]<\/p>\n","protected":false},"author":2,"featured_media":0,"parent":108129,"menu_order":0,"comment_status":"closed","ping_status":"closed","template":"elementor_header_footer","meta":{"_monsterinsights_skip_tracking":false,"_monsterinsights_sitenote_active":false,"_monsterinsights_sitenote_note":"","_monsterinsights_sitenote_category":0},"_links":{"self":[{"href":"https:\/\/up.lublin.pl\/en\/wp-json\/wp\/v2\/pages\/174651"}],"collection":[{"href":"https:\/\/up.lublin.pl\/en\/wp-json\/wp\/v2\/pages"}],"about":[{"href":"https:\/\/up.lublin.pl\/en\/wp-json\/wp\/v2\/types\/page"}],"author":[{"embeddable":true,"href":"https:\/\/up.lublin.pl\/en\/wp-json\/wp\/v2\/users\/2"}],"replies":[{"embeddable":true,"href":"https:\/\/up.lublin.pl\/en\/wp-json\/wp\/v2\/comments?post=174651"}],"version-history":[{"count":19,"href":"https:\/\/up.lublin.pl\/en\/wp-json\/wp\/v2\/pages\/174651\/revisions"}],"predecessor-version":[{"id":319373,"href":"https:\/\/up.lublin.pl\/en\/wp-json\/wp\/v2\/pages\/174651\/revisions\/319373"}],"up":[{"embeddable":true,"href":"https:\/\/up.lublin.pl\/en\/wp-json\/wp\/v2\/pages\/108129"}],"wp:attachment":[{"href":"https:\/\/up.lublin.pl\/en\/wp-json\/wp\/v2\/media?parent=174651"}],"curies":[{"name":"wp","href":"https:\/\/api.w.org\/{rel}","templated":true}]}}