{"id":174635,"date":"2021-06-15T14:01:47","date_gmt":"2021-06-15T12:01:47","guid":{"rendered":"https:\/\/up.lublin.pl\/?page_id=174635"},"modified":"2021-06-15T14:02:33","modified_gmt":"2021-06-15T12:02:33","slug":"mechanical-engineering","status":"publish","type":"page","link":"https:\/\/up.lublin.pl\/en\/doctoral-school\/admission\/mechanical-engineering\/","title":{"rendered":"Mechanical engineering"},"content":{"rendered":"\t\t<div data-elementor-type=\"wp-page\" data-elementor-id=\"174635\" class=\"elementor elementor-174635 elementor-170616\" data-elementor-settings=\"[]\">\n\t\t\t\t\t\t<div class=\"elementor-inner\">\n\t\t\t\t\t\t\t<div class=\"elementor-section-wrap\">\n\t\t\t\t\t\t\t<section class=\"elementor-section elementor-top-section elementor-element elementor-element-74c69fa elementor-section-boxed elementor-section-height-default elementor-section-height-default\" data-id=\"74c69fa\" data-element_type=\"section\">\n\t\t\t\t\t\t<div class=\"elementor-container elementor-column-gap-default\">\n\t\t\t\t\t\t\t<div class=\"elementor-row\">\n\t\t\t\t\t<div class=\"elementor-column elementor-col-100 elementor-top-column elementor-element elementor-element-9bc0e13\" data-id=\"9bc0e13\" data-element_type=\"column\">\n\t\t\t<div class=\"elementor-column-wrap elementor-element-populated\">\n\t\t\t\t\t\t\t<div class=\"elementor-widget-wrap\">\n\t\t\t\t\t\t<div class=\"elementor-element elementor-element-739c0c9 elementor-widget elementor-widget-m2e\" data-id=\"739c0c9\" data-element_type=\"widget\" data-widget_type=\"m2e.default\">\n\t\t\t\t<div class=\"elementor-widget-container\">\n\t\t\t<section class=\"mn-m2-e mn-bg-green\">\n\t<div class=\"mn-grid\">\n\t\t<div class=\"mn-grid-3 mn-introtext\">\n\t\t\t\t\t\t\t<p class=\"mn-header\">Doctoral School<\/p>\n\t\t\t\t\t\t\t\t\t\t\t<h3>\n\t\t\t\t\tMechanical engineering\t\t\t\t<\/h3>\n\t\t\t\t\t\t\t\t\t\t\t\t<\/div>\n\t\t<div class=\"mn-grid-9 mn-image-container\">\n\t\t\t\t\t<\/div>\n\t<\/div>\n\t<\/section>\n\t\t<\/div>\n\t\t\t\t<\/div>\n\t\t\t\t\t\t<\/div>\n\t\t\t\t\t<\/div>\n\t\t<\/div>\n\t\t\t\t\t\t\t\t<\/div>\n\t\t\t\t\t<\/div>\n\t\t<\/section>\n\t\t\t\t<section class=\"elementor-section elementor-top-section elementor-element elementor-element-1f2f4d8 elementor-section-boxed elementor-section-height-default elementor-section-height-default\" data-id=\"1f2f4d8\" data-element_type=\"section\">\n\t\t\t\t\t\t<div class=\"elementor-container elementor-column-gap-default\">\n\t\t\t\t\t\t\t<div class=\"elementor-row\">\n\t\t\t\t\t<div class=\"elementor-column elementor-col-100 elementor-top-column elementor-element elementor-element-2724b0e\" data-id=\"2724b0e\" data-element_type=\"column\">\n\t\t\t<div class=\"elementor-column-wrap elementor-element-populated\">\n\t\t\t\t\t\t\t<div class=\"elementor-widget-wrap\">\n\t\t\t\t\t\t<div class=\"elementor-element elementor-element-46b662f elementor-widget elementor-widget-m3d\" data-id=\"46b662f\" data-element_type=\"widget\" data-widget_type=\"m3d.default\">\n\t\t\t\t<div class=\"elementor-widget-container\">\n\t\t\t<section class=\"mn-m3-d\">\n    <div class=\"mn-grid\">\n        <h2 class=\"mn-grid-9 mn-title\">Prospective supervisors:<\/h2>\n        <a href=\"https:\/\/up.lublin.pl\/en\/blog\/category\/prospective-supervisors\/mechanical-engineering\/\" class=\"mn-more mn-grid-3\">See all<\/a>\n\t\t            <div class=\"mn-events-list mn-grid-12\">\n\t\t\t\t                    <div class=\"mn-event\">\n                                                <div class=\"mn-image-container\">\n                            <img src=\"https:\/\/up.lublin.pl\/wp-content\/uploads\/2021\/07\/Zdjecie-Zbigniew-Krzysiak-.png\" alt=\"\" \/>\n                                                    <\/div>\n                                                <div class=\"mn-content\">\n                            <h5 class=\"mn-date\">13.07.2021<\/h5>\n                            <h3>Dr hab. in\u017c. Zbigniew Krzysiak, Associate Professor<\/h3>\n                            <p>Dr hab. in\u017c. Zbigniew Krzysiak, Associate ProfessorFaculty...<\/p>\n                        <\/div>\n                        <a href=\"https:\/\/up.lublin.pl\/en\/blog\/dr-hab-inz-zbigniew-krzysiak-associate-professor\/\"\n                           class=\"mn-more\">Read more<\/a>\n                    <\/div>\n\t\t\t\t\t                    <div class=\"mn-event\">\n                                                <div class=\"mn-image-container\">\n                            <img src=\"https:\/\/up.lublin.pl\/wp-content\/uploads\/2021\/06\/prof._a._wojtowicz.jpg\" alt=\"\" \/>\n                                                    <\/div>\n                                                <div class=\"mn-content\">\n                            <h5 class=\"mn-date\">13.07.2021<\/h5>\n                            <h3>Professor Agnieszka W\u00f3jtowicz<\/h3>\n                            <p>Professor Agnieszka W\u00f3jtowiczFaculty of Production...<\/p>\n                        <\/div>\n                        <a href=\"https:\/\/up.lublin.pl\/en\/blog\/professor-agnieszka-wojtowicz\/\"\n                           class=\"mn-more\">Read more<\/a>\n                    <\/div>\n\t\t\t\t\t                    <div class=\"mn-event\">\n                                                <div class=\"mn-image-container\">\n                            <img src=\"https:\/\/up.lublin.pl\/wp-content\/uploads\/2021\/06\/dysc_im_ow.jpg\" alt=\"\" \/>\n                                                    <\/div>\n                                                <div class=\"mn-content\">\n                            <h5 class=\"mn-date\">13.07.2021<\/h5>\n                            <h3>Professor Dariusz Dziki<\/h3>\n                            <p>Professor Dariusz DzikiFaculty of Production...<\/p>\n                        <\/div>\n                        <a href=\"https:\/\/up.lublin.pl\/en\/blog\/professor-dariusz-dziki\/\"\n                           class=\"mn-more\">Read more<\/a>\n                    <\/div>\n\t\t\t\t\t                    <div class=\"mn-event\">\n                                                <div class=\"mn-image-container\">\n                            <img src=\"https:\/\/up.lublin.pl\/wp-content\/uploads\/2021\/06\/Slawomir_Kocira.png\" alt=\"\" \/>\n                                                    <\/div>\n                                                <div class=\"mn-content\">\n                            <h5 class=\"mn-date\">13.07.2021<\/h5>\n                            <h3>Professor S\u0142awomir Kocira<\/h3>\n                            <p>Professor S\u0142awomir KociraFaculty of Production...<\/p>\n                        <\/div>\n                        <a href=\"https:\/\/up.lublin.pl\/en\/blog\/professor-slawomir-kocira\/\"\n                           class=\"mn-more\">Read more<\/a>\n                    <\/div>\n\t\t\t\t\t                    <div class=\"mn-event\">\n                                                <div class=\"mn-image-container\">\n                            <img src=\"https:\/\/up.lublin.pl\/wp-content\/uploads\/2021\/06\/dysc_im_ow.jpg\" alt=\"\" \/>\n                                                    <\/div>\n                                                <div class=\"mn-content\">\n                            <h5 class=\"mn-date\">13.07.2021<\/h5>\n                            <h3>Professor Renata R\u00f3\u017cy\u0142o<\/h3>\n                            <p>Renata R\u00f3\u017cy\u0142o, BEng, PhD, DSc, ProfTitFaculty of Production...<\/p>\n                        <\/div>\n                        <a href=\"https:\/\/up.lublin.pl\/en\/blog\/professor-renata-rozylo\/\"\n                           class=\"mn-more\">Read more<\/a>\n                    <\/div>\n\t\t\t\t\t            <\/div>\n\t\t\t    <\/div>\n<\/section>\n\t\t<\/div>\n\t\t\t\t<\/div>\n\t\t\t\t\t\t<\/div>\n\t\t\t\t\t<\/div>\n\t\t<\/div>\n\t\t\t\t\t\t\t\t<\/div>\n\t\t\t\t\t<\/div>\n\t\t<\/section>\n\t\t\t\t\t\t<\/div>\n\t\t\t\t\t\t<\/div>\n\t\t\t\t\t<\/div>\n\t\t","protected":false},"excerpt":{"rendered":"<p>Doctoral School Mechanical engineering UP Prospective supervisors: Zobacz wszystkie Brak wpis\u00f3w<\/p>\n","protected":false},"author":2,"featured_media":0,"parent":159314,"menu_order":0,"comment_status":"closed","ping_status":"closed","template":"elementor_header_footer","meta":{"_monsterinsights_skip_tracking":false,"_monsterinsights_sitenote_active":false,"_monsterinsights_sitenote_note":"","_monsterinsights_sitenote_category":0},"_links":{"self":[{"href":"https:\/\/up.lublin.pl\/en\/wp-json\/wp\/v2\/pages\/174635"}],"collection":[{"href":"https:\/\/up.lublin.pl\/en\/wp-json\/wp\/v2\/pages"}],"about":[{"href":"https:\/\/up.lublin.pl\/en\/wp-json\/wp\/v2\/types\/page"}],"author":[{"embeddable":true,"href":"https:\/\/up.lublin.pl\/en\/wp-json\/wp\/v2\/users\/2"}],"replies":[{"embeddable":true,"href":"https:\/\/up.lublin.pl\/en\/wp-json\/wp\/v2\/comments?post=174635"}],"version-history":[{"count":7,"href":"https:\/\/up.lublin.pl\/en\/wp-json\/wp\/v2\/pages\/174635\/revisions"}],"predecessor-version":[{"id":174642,"href":"https:\/\/up.lublin.pl\/en\/wp-json\/wp\/v2\/pages\/174635\/revisions\/174642"}],"up":[{"embeddable":true,"href":"https:\/\/up.lublin.pl\/en\/wp-json\/wp\/v2\/pages\/159314"}],"wp:attachment":[{"href":"https:\/\/up.lublin.pl\/en\/wp-json\/wp\/v2\/media?parent=174635"}],"curies":[{"name":"wp","href":"https:\/\/api.w.org\/{rel}","templated":true}]}}