{"id":174625,"date":"2021-06-15T13:59:53","date_gmt":"2021-06-15T11:59:53","guid":{"rendered":"https:\/\/up.lublin.pl\/?page_id=174625"},"modified":"2021-07-23T10:08:49","modified_gmt":"2021-07-23T08:08:49","slug":"food-technology-and-human-nutrition","status":"publish","type":"page","link":"https:\/\/up.lublin.pl\/en\/doctoral-school\/admission\/food-technology-and-human-nutrition\/","title":{"rendered":"Food technology and human nutrition"},"content":{"rendered":"\t\t<div data-elementor-type=\"wp-page\" data-elementor-id=\"174625\" class=\"elementor elementor-174625 elementor-170803\" data-elementor-settings=\"[]\">\n\t\t\t\t\t\t<div class=\"elementor-inner\">\n\t\t\t\t\t\t\t<div class=\"elementor-section-wrap\">\n\t\t\t\t\t\t\t<section class=\"elementor-section elementor-top-section elementor-element elementor-element-4fe8d13 elementor-section-boxed elementor-section-height-default elementor-section-height-default\" data-id=\"4fe8d13\" data-element_type=\"section\">\n\t\t\t\t\t\t<div class=\"elementor-container elementor-column-gap-default\">\n\t\t\t\t\t\t\t<div class=\"elementor-row\">\n\t\t\t\t\t<div class=\"elementor-column elementor-col-100 elementor-top-column elementor-element elementor-element-c3ab897\" data-id=\"c3ab897\" data-element_type=\"column\">\n\t\t\t<div class=\"elementor-column-wrap elementor-element-populated\">\n\t\t\t\t\t\t\t<div class=\"elementor-widget-wrap\">\n\t\t\t\t\t\t<div class=\"elementor-element elementor-element-124f91f elementor-widget elementor-widget-m2e\" data-id=\"124f91f\" data-element_type=\"widget\" data-widget_type=\"m2e.default\">\n\t\t\t\t<div class=\"elementor-widget-container\">\n\t\t\t<section class=\"mn-m2-e mn-bg-green\">\n\t<div class=\"mn-grid\">\n\t\t<div class=\"mn-grid-3 mn-introtext\">\n\t\t\t\t\t\t\t<p class=\"mn-header\">Doctoral school<\/p>\n\t\t\t\t\t\t\t\t\t\t\t<h3>\n\t\t\t\t\tFood technology and human nutrition\t\t\t\t<\/h3>\n\t\t\t\t\t\t\t\t\t\t\t\t<\/div>\n\t\t<div class=\"mn-grid-9 mn-image-container\">\n\t\t\t\t\t<\/div>\n\t<\/div>\n\t<\/section>\n\t\t<\/div>\n\t\t\t\t<\/div>\n\t\t\t\t\t\t<\/div>\n\t\t\t\t\t<\/div>\n\t\t<\/div>\n\t\t\t\t\t\t\t\t<\/div>\n\t\t\t\t\t<\/div>\n\t\t<\/section>\n\t\t\t\t<section class=\"elementor-section elementor-top-section elementor-element elementor-element-5f8a4bf elementor-section-boxed elementor-section-height-default elementor-section-height-default\" data-id=\"5f8a4bf\" data-element_type=\"section\">\n\t\t\t\t\t\t<div class=\"elementor-container elementor-column-gap-default\">\n\t\t\t\t\t\t\t<div class=\"elementor-row\">\n\t\t\t\t\t<div class=\"elementor-column elementor-col-100 elementor-top-column elementor-element elementor-element-55a2824\" data-id=\"55a2824\" data-element_type=\"column\">\n\t\t\t<div class=\"elementor-column-wrap elementor-element-populated\">\n\t\t\t\t\t\t\t<div class=\"elementor-widget-wrap\">\n\t\t\t\t\t\t<div class=\"elementor-element elementor-element-fa4cf86 elementor-widget elementor-widget-m3d\" data-id=\"fa4cf86\" data-element_type=\"widget\" data-widget_type=\"m3d.default\">\n\t\t\t\t<div class=\"elementor-widget-container\">\n\t\t\t<section class=\"mn-m3-d\">\n    <div class=\"mn-grid\">\n        <h2 class=\"mn-grid-9 mn-title\">Prospective supervisors:<\/h2>\n        <a href=\"https:\/\/up.lublin.pl\/en\/blog\/category\/prospective-supervisors\/food-technology-and-human-nutrition\/\" class=\"mn-more mn-grid-3\">See all<\/a>\n\t\t            <div class=\"mn-events-list mn-grid-12\">\n\t\t\t\t                    <div class=\"mn-event\">\n                                                <div class=\"mn-image-container\">\n                            <img src=\"https:\/\/up.lublin.pl\/wp-content\/uploads\/2021\/07\/dysc_tech_zyw_makar.jpg\" alt=\"\" \/>\n                                                    <\/div>\n                                                <div class=\"mn-content\">\n                            <h5 class=\"mn-date\">23.07.2021<\/h5>\n                            <h3>Dr hab. in\u017c. Aldona Sobota, Associate Professor<\/h3>\n                            <p>Dr hab. in\u017c. Aldona Sobota, Associate ProfessorFaculty of...<\/p>\n                        <\/div>\n                        <a href=\"https:\/\/up.lublin.pl\/en\/blog\/dr-hab-inz-aldona-sobota-associate-professor\/\"\n                           class=\"mn-more\">Read more<\/a>\n                    <\/div>\n\t\t\t\t\t                    <div class=\"mn-event\">\n                                                <div class=\"mn-image-container\">\n                            <img src=\"https:\/\/up.lublin.pl\/wp-content\/uploads\/2021\/06\/tech_zyw_ow3.jpg\" alt=\"\" \/>\n                                                    <\/div>\n                                                <div class=\"mn-content\">\n                            <h5 class=\"mn-date\">23.07.2021<\/h5>\n                            <h3>Dr hab. Dariusz M. Stasiak, Associate Professor<\/h3>\n                            <p>Dr hab. Dariusz M. Stasiak, Associate ProfessorFaculty of...<\/p>\n                        <\/div>\n                        <a href=\"https:\/\/up.lublin.pl\/en\/blog\/dr-hab-dariusz-m-stasiak-associate-professor\/\"\n                           class=\"mn-more\">Read more<\/a>\n                    <\/div>\n\t\t\t\t\t                    <div class=\"mn-event\">\n                                                <div class=\"mn-image-container\">\n                            <img src=\"https:\/\/up.lublin.pl\/wp-content\/uploads\/2021\/06\/tziz_ow.png\" alt=\"\" \/>\n                                                    <\/div>\n                                                <div class=\"mn-content\">\n                            <h5 class=\"mn-date\">23.07.2021<\/h5>\n                            <h3>Dr hab. Anna Winiarska, Associate Professor<\/h3>\n                            <p>Dr hab. Anna Winiarska, Associate ProfessorFaculty of...<\/p>\n                        <\/div>\n                        <a href=\"https:\/\/up.lublin.pl\/en\/blog\/dr-hab-anna-winiarska-associate-professor\/\"\n                           class=\"mn-more\">Read more<\/a>\n                    <\/div>\n\t\t\t\t\t                    <div class=\"mn-event\">\n                                                <div class=\"mn-image-container\">\n                            <img src=\"https:\/\/up.lublin.pl\/wp-content\/uploads\/2021\/06\/dysc_zyw_ow.jpg\" alt=\"\" \/>\n                                                    <\/div>\n                                                <div class=\"mn-content\">\n                            <h5 class=\"mn-date\">23.07.2021<\/h5>\n                            <h3>Professor Dariusz Dziki<\/h3>\n                            <p>Professor Dariusz DzikiFaculty of Production...<\/p>\n                        <\/div>\n                        <a href=\"https:\/\/up.lublin.pl\/en\/blog\/professor-dariusz-dziki-2\/\"\n                           class=\"mn-more\">Read more<\/a>\n                    <\/div>\n\t\t\t\t\t                    <div class=\"mn-event\">\n                                                <div class=\"mn-image-container\">\n                            <img src=\"https:\/\/up.lublin.pl\/wp-content\/uploads\/2021\/06\/dysc_zyw_ow.jpg\" alt=\"\" \/>\n                                                    <\/div>\n                                                <div class=\"mn-content\">\n                            <h5 class=\"mn-date\">23.07.2021<\/h5>\n                            <h3>Dr hab. Anna Krzepi\u0142ko, Associate Professor<\/h3>\n                            <p>Dr hab. Anna Krzepi\u0142ko, Associate ProfessorFaculty of Food...<\/p>\n                        <\/div>\n                        <a href=\"https:\/\/up.lublin.pl\/en\/blog\/dr-hab-anna-krzepilko-associate-professor-2\/\"\n                           class=\"mn-more\">Read more<\/a>\n                    <\/div>\n\t\t\t\t\t                    <div class=\"mn-event\">\n                                                <div class=\"mn-image-container\">\n                            <img src=\"https:\/\/up.lublin.pl\/wp-content\/uploads\/2021\/06\/Magdalena-Polak-Berecka_ow.jpg\" alt=\"\" \/>\n                                                    <\/div>\n                                                <div class=\"mn-content\">\n                            <h5 class=\"mn-date\">23.07.2021<\/h5>\n                            <h3>Professor Magdalena Polak-Berecka<\/h3>\n                            <p>Magdalena Polak-Berecka, PhD, DSc, ProfTitFaculty of Food...<\/p>\n                        <\/div>\n                        <a href=\"https:\/\/up.lublin.pl\/en\/blog\/professor-magdalena-polak-berecka\/\"\n                           class=\"mn-more\">Read more<\/a>\n                    <\/div>\n\t\t\t\t\t                    <div class=\"mn-event\">\n                                                <div class=\"mn-image-container\">\n                            <img src=\"https:\/\/up.lublin.pl\/wp-content\/uploads\/2021\/06\/dysc_zyw_ow.jpg\" alt=\"\" \/>\n                                                    <\/div>\n                                                <div class=\"mn-content\">\n                            <h5 class=\"mn-date\">23.07.2021<\/h5>\n                            <h3>Professor Dominik Szwajgier<\/h3>\n                            <p>Dominik Szwajgier, BEng, PhD, DSc, ProfTitFaculty of Food...<\/p>\n                        <\/div>\n                        <a href=\"https:\/\/up.lublin.pl\/en\/blog\/professor-dominik-szwajgier\/\"\n                           class=\"mn-more\">Read more<\/a>\n                    <\/div>\n\t\t\t\t\t                    <div class=\"mn-event\">\n                                                <div class=\"mn-image-container\">\n                            <img src=\"https:\/\/up.lublin.pl\/wp-content\/uploads\/2021\/06\/Renata-Rozylo_ow.jpg\" alt=\"\" \/>\n                                                    <\/div>\n                                                <div class=\"mn-content\">\n                            <h5 class=\"mn-date\">23.07.2021<\/h5>\n                            <h3>Prof. dr hab. in\u017c. Renata R\u00f3\u017cy\u0142o<\/h3>\n                            <p>Prof. dr hab. in\u017c. Renata R\u00f3\u017cy\u0142o\r\nFaculty of Production...<\/p>\n                        <\/div>\n                        <a href=\"https:\/\/up.lublin.pl\/en\/blog\/prof-dr-hab-inz-renata-rozylo\/\"\n                           class=\"mn-more\">Read more<\/a>\n                    <\/div>\n\t\t\t\t\t                    <div class=\"mn-event\">\n                                                <div class=\"mn-image-container\">\n                            <img src=\"https:\/\/up.lublin.pl\/wp-content\/uploads\/2021\/06\/dysc_zyw_ow.jpg\" alt=\"\" \/>\n                                                    <\/div>\n                                                <div class=\"mn-content\">\n                            <h5 class=\"mn-date\">23.07.2021<\/h5>\n                            <h3>Dr hab. in\u017c. Ma\u0142gorzata Karwowska, Associate Professor<\/h3>\n                            <p>Dr hab. in\u017c. Ma\u0142gorzata Karwowska, Associate...<\/p>\n                        <\/div>\n                        <a href=\"https:\/\/up.lublin.pl\/en\/blog\/dr-hab-inz-malgorzata-karwowska-associate-professor\/\"\n                           class=\"mn-more\">Read more<\/a>\n                    <\/div>\n\t\t\t\t\t                    <div class=\"mn-event\">\n                                                <div class=\"mn-image-container\">\n                            <img src=\"https:\/\/up.lublin.pl\/wp-content\/uploads\/2021\/06\/dysc_zyw_ow.jpg\" alt=\"\" \/>\n                                                    <\/div>\n                                                <div class=\"mn-content\">\n                            <h5 class=\"mn-date\">23.07.2021<\/h5>\n                            <h3>Dr hab. in\u017c. Anna Jakubczyk, Associate Professor<\/h3>\n                            <p>Dr hab. in\u017c. Anna Jakubczyk, Associate ProfessorFaculty of...<\/p>\n                        <\/div>\n                        <a href=\"https:\/\/up.lublin.pl\/en\/blog\/dr-hab-inz-anna-jakubczyk-associate-professor\/\"\n                           class=\"mn-more\">Read more<\/a>\n                    <\/div>\n\t\t\t\t\t                    <div class=\"mn-event\">\n                                                <div class=\"mn-image-container\">\n                            <img src=\"https:\/\/up.lublin.pl\/wp-content\/uploads\/2021\/06\/Bartosz_Solowiej.jpg\" alt=\"\" \/>\n                                                    <\/div>\n                                                <div class=\"mn-content\">\n                            <h5 class=\"mn-date\">23.07.2021<\/h5>\n                            <h3>Prof. dr hab. Bartosz So\u0142owiej<\/h3>\n                            <p>Pof. dr hab. Bartosz So\u0142owiej\r\nFaculty of Food Sciences and...<\/p>\n                        <\/div>\n                        <a href=\"https:\/\/up.lublin.pl\/en\/blog\/prof-dr-hab-bartosz-solowiej\/\"\n                           class=\"mn-more\">Read more<\/a>\n                    <\/div>\n\t\t\t\t\t            <\/div>\n\t\t\t    <\/div>\n<\/section>\n\t\t<\/div>\n\t\t\t\t<\/div>\n\t\t\t\t\t\t<\/div>\n\t\t\t\t\t<\/div>\n\t\t<\/div>\n\t\t\t\t\t\t\t\t<\/div>\n\t\t\t\t\t<\/div>\n\t\t<\/section>\n\t\t\t\t\t\t<\/div>\n\t\t\t\t\t\t<\/div>\n\t\t\t\t\t<\/div>\n\t\t","protected":false},"excerpt":{"rendered":"<p>Doctoral school Food technology and human nutrition UP Prospective supervisors: Zobacz wszystkie 23.07.2021 Dr hab. in\u017c. Aldona Sobota, Associate Professor Dr hab. in\u017c. Aldona Sobota, Associate ProfessorFaculty of&#8230; Zobacz wi\u0119cej 23.07.2021 Dr hab. Dariusz M. Stasiak, Associate Professor Dr hab. Dariusz M. Stasiak, Associate ProfessorFaculty of&#8230; Zobacz wi\u0119cej 23.07.2021 Dr hab. Anna Winiarska-Mieczan, Associate Professor [&hellip;]<\/p>\n","protected":false},"author":2,"featured_media":0,"parent":159314,"menu_order":0,"comment_status":"closed","ping_status":"closed","template":"elementor_header_footer","meta":{"_monsterinsights_skip_tracking":false,"_monsterinsights_sitenote_active":false,"_monsterinsights_sitenote_note":"","_monsterinsights_sitenote_category":0},"_links":{"self":[{"href":"https:\/\/up.lublin.pl\/en\/wp-json\/wp\/v2\/pages\/174625"}],"collection":[{"href":"https:\/\/up.lublin.pl\/en\/wp-json\/wp\/v2\/pages"}],"about":[{"href":"https:\/\/up.lublin.pl\/en\/wp-json\/wp\/v2\/types\/page"}],"author":[{"embeddable":true,"href":"https:\/\/up.lublin.pl\/en\/wp-json\/wp\/v2\/users\/2"}],"replies":[{"embeddable":true,"href":"https:\/\/up.lublin.pl\/en\/wp-json\/wp\/v2\/comments?post=174625"}],"version-history":[{"count":7,"href":"https:\/\/up.lublin.pl\/en\/wp-json\/wp\/v2\/pages\/174625\/revisions"}],"predecessor-version":[{"id":183397,"href":"https:\/\/up.lublin.pl\/en\/wp-json\/wp\/v2\/pages\/174625\/revisions\/183397"}],"up":[{"embeddable":true,"href":"https:\/\/up.lublin.pl\/en\/wp-json\/wp\/v2\/pages\/159314"}],"wp:attachment":[{"href":"https:\/\/up.lublin.pl\/en\/wp-json\/wp\/v2\/media?parent=174625"}],"curies":[{"name":"wp","href":"https:\/\/api.w.org\/{rel}","templated":true}]}}