{"id":174607,"date":"2021-06-15T13:56:32","date_gmt":"2021-06-15T11:56:32","guid":{"rendered":"https:\/\/up.lublin.pl\/?page_id=174607"},"modified":"2021-07-23T09:43:26","modified_gmt":"2021-07-23T07:43:26","slug":"agriculture-and-horticulture","status":"publish","type":"page","link":"https:\/\/up.lublin.pl\/en\/doctoral-school\/admission\/agriculture-and-horticulture\/","title":{"rendered":"Agriculture and horticulture"},"content":{"rendered":"\t\t<div data-elementor-type=\"wp-page\" data-elementor-id=\"174607\" class=\"elementor elementor-174607 elementor-172543\" data-elementor-settings=\"[]\">\n\t\t\t\t\t\t<div class=\"elementor-inner\">\n\t\t\t\t\t\t\t<div class=\"elementor-section-wrap\">\n\t\t\t\t\t\t\t<section class=\"elementor-section elementor-top-section elementor-element elementor-element-4e12b1a elementor-section-boxed elementor-section-height-default elementor-section-height-default\" data-id=\"4e12b1a\" data-element_type=\"section\">\n\t\t\t\t\t\t<div class=\"elementor-container elementor-column-gap-default\">\n\t\t\t\t\t\t\t<div class=\"elementor-row\">\n\t\t\t\t\t<div class=\"elementor-column elementor-col-100 elementor-top-column elementor-element elementor-element-2d7e98e\" data-id=\"2d7e98e\" data-element_type=\"column\">\n\t\t\t<div class=\"elementor-column-wrap elementor-element-populated\">\n\t\t\t\t\t\t\t<div class=\"elementor-widget-wrap\">\n\t\t\t\t\t\t<div class=\"elementor-element elementor-element-723d8b8 elementor-widget elementor-widget-m2e\" data-id=\"723d8b8\" data-element_type=\"widget\" data-widget_type=\"m2e.default\">\n\t\t\t\t<div class=\"elementor-widget-container\">\n\t\t\t<section class=\"mn-m2-e mn-bg-green\">\n\t<div class=\"mn-grid\">\n\t\t<div class=\"mn-grid-3 mn-introtext\">\n\t\t\t\t\t\t\t<p class=\"mn-header\">Doctoral School<\/p>\n\t\t\t\t\t\t\t\t\t\t\t<h3>\n\t\t\t\t\tAgriculture and horticulture\t\t\t\t<\/h3>\n\t\t\t\t\t\t\t\t\t\t\t\t<\/div>\n\t\t<div class=\"mn-grid-9 mn-image-container\">\n\t\t\t\t\t<\/div>\n\t<\/div>\n\t<\/section>\n\t\t<\/div>\n\t\t\t\t<\/div>\n\t\t\t\t\t\t<\/div>\n\t\t\t\t\t<\/div>\n\t\t<\/div>\n\t\t\t\t\t\t\t\t<\/div>\n\t\t\t\t\t<\/div>\n\t\t<\/section>\n\t\t\t\t<section class=\"elementor-section elementor-top-section elementor-element elementor-element-15167b6 elementor-section-boxed elementor-section-height-default elementor-section-height-default\" data-id=\"15167b6\" data-element_type=\"section\">\n\t\t\t\t\t\t<div class=\"elementor-container elementor-column-gap-default\">\n\t\t\t\t\t\t\t<div class=\"elementor-row\">\n\t\t\t\t\t<div class=\"elementor-column elementor-col-100 elementor-top-column elementor-element elementor-element-ef3011e\" data-id=\"ef3011e\" data-element_type=\"column\">\n\t\t\t<div class=\"elementor-column-wrap elementor-element-populated\">\n\t\t\t\t\t\t\t<div class=\"elementor-widget-wrap\">\n\t\t\t\t\t\t<div class=\"elementor-element elementor-element-0ce6fab elementor-widget elementor-widget-m3d\" data-id=\"0ce6fab\" data-element_type=\"widget\" data-widget_type=\"m3d.default\">\n\t\t\t\t<div class=\"elementor-widget-container\">\n\t\t\t<section class=\"mn-m3-d\">\n    <div class=\"mn-grid\">\n        <h2 class=\"mn-grid-9 mn-title\">Prospective supervisors:<\/h2>\n        <a href=\"https:\/\/up.lublin.pl\/en\/blog\/category\/prospective-supervisors\/agriculture-and-horticulture\/\" class=\"mn-more mn-grid-3\">See all<\/a>\n\t\t            <div class=\"mn-events-list mn-grid-12\">\n\t\t\t\t                    <div class=\"mn-event\">\n                                                <div class=\"mn-image-container\">\n                            <img src=\"https:\/\/up.lublin.pl\/wp-content\/uploads\/2021\/06\/dysc_roliogr1.png\" alt=\"\" \/>\n                                                    <\/div>\n                                                <div class=\"mn-content\">\n                            <h5 class=\"mn-date\">23.07.2021<\/h5>\n                            <h3>Dr hab. Anna Krzepi\u0142ko, Associate Professor<\/h3>\n                            <p>Dr hab. Anna Krzepi\u0142ko, Associate ProfessorFaculty of Food...<\/p>\n                        <\/div>\n                        <a href=\"https:\/\/up.lublin.pl\/en\/blog\/dr-hab-anna-krzepilko-associate-professor\/\"\n                           class=\"mn-more\">Read more<\/a>\n                    <\/div>\n\t\t\t\t\t                    <div class=\"mn-event\">\n                                                <div class=\"mn-image-container\">\n                            <img src=\"https:\/\/up.lublin.pl\/wp-content\/uploads\/2021\/06\/dysc_roliogr7.jpg\" alt=\"\" \/>\n                                                    <\/div>\n                                                <div class=\"mn-content\">\n                            <h5 class=\"mn-date\">23.07.2021<\/h5>\n                            <h3>Dr hab. Barbara Hawrylak-Nowak, Associate Professor<\/h3>\n                            <p>Dr hab. Barbara Hawrylak-Nowak, Associate ProfessorFaculty...<\/p>\n                        <\/div>\n                        <a href=\"https:\/\/up.lublin.pl\/en\/blog\/dr-hab-barbara-hawrylak-nowak-associate-professor-2\/\"\n                           class=\"mn-more\">Read more<\/a>\n                    <\/div>\n\t\t\t\t\t                    <div class=\"mn-event\">\n                                                <div class=\"mn-image-container\">\n                            <img src=\"https:\/\/up.lublin.pl\/wp-content\/uploads\/2021\/06\/dysc_roliogr6.jpg\" alt=\"\" \/>\n                                                    <\/div>\n                                                <div class=\"mn-content\">\n                            <h5 class=\"mn-date\">23.07.2021<\/h5>\n                            <h3>Dr hab. Izabela Kot, Associate Professor<\/h3>\n                            <p>Dr hab. Izabela Kot, Associate ProfessorFaculty of...<\/p>\n                        <\/div>\n                        <a href=\"https:\/\/up.lublin.pl\/en\/blog\/dr-hab-izabela-kot-associate-professor\/\"\n                           class=\"mn-more\">Read more<\/a>\n                    <\/div>\n\t\t\t\t\t                    <div class=\"mn-event\">\n                                                <div class=\"mn-image-container\">\n                            <img src=\"https:\/\/up.lublin.pl\/wp-content\/uploads\/2021\/06\/dysc_roliogr5.png\" alt=\"\" \/>\n                                                    <\/div>\n                                                <div class=\"mn-content\">\n                            <h5 class=\"mn-date\">23.07.2021<\/h5>\n                            <h3>Dr hab. Dorota Gaw\u0119da, Associate Professor<\/h3>\n                            <p>Dr hab. Dorota Gaw\u0119da, Associate ProfessorFaculty of...<\/p>\n                        <\/div>\n                        <a href=\"https:\/\/up.lublin.pl\/en\/blog\/dr-hab-dorota-gaweda-associate-professor\/\"\n                           class=\"mn-more\">Read more<\/a>\n                    <\/div>\n\t\t\t\t\t                    <div class=\"mn-event\">\n                                                <div class=\"mn-image-container\">\n                            <img src=\"https:\/\/up.lublin.pl\/wp-content\/uploads\/2021\/06\/Slawomir_Kocira.png\" alt=\"\" \/>\n                                                    <\/div>\n                                                <div class=\"mn-content\">\n                            <h5 class=\"mn-date\">23.07.2021<\/h5>\n                            <h3>Professor S\u0142awomir Kocira<\/h3>\n                            <p>Professor S\u0142awomir KociraFaculty of Production...<\/p>\n                        <\/div>\n                        <a href=\"https:\/\/up.lublin.pl\/en\/blog\/professor-slawomir-kocira-2\/\"\n                           class=\"mn-more\">Read more<\/a>\n                    <\/div>\n\t\t\t\t\t                    <div class=\"mn-event\">\n                                                <div class=\"mn-image-container\">\n                            <img src=\"https:\/\/up.lublin.pl\/wp-content\/uploads\/2021\/06\/dysc_roliogr4.jpg\" alt=\"\" \/>\n                                                    <\/div>\n                                                <div class=\"mn-content\">\n                            <h5 class=\"mn-date\">23.07.2021<\/h5>\n                            <h3>Dr hab. Agnieszka Najda, Associate Professor<\/h3>\n                            <p>Dr hab. Agnieszka Najda, Associate ProfessorDepartment of...<\/p>\n                        <\/div>\n                        <a href=\"https:\/\/up.lublin.pl\/en\/blog\/dr-hab-agnieszka-najda-associate-professor\/\"\n                           class=\"mn-more\">Read more<\/a>\n                    <\/div>\n\t\t\t\t\t                    <div class=\"mn-event\">\n                                                <div class=\"mn-image-container\">\n                            <img src=\"https:\/\/up.lublin.pl\/wp-content\/uploads\/2021\/06\/dysc_roliogr1.png\" alt=\"\" \/>\n                                                    <\/div>\n                                                <div class=\"mn-content\">\n                            <h5 class=\"mn-date\">23.07.2021<\/h5>\n                            <h3>Dr hab. Edyta Paczos-Grz\u0119da, Associate Professor<\/h3>\n                            <p>Dr hab. Edyta Paczos-Grz\u0119da, Associate ProfessorFaculty of...<\/p>\n                        <\/div>\n                        <a href=\"https:\/\/up.lublin.pl\/en\/blog\/dr-hab-edyta-paczos-grzeda-associate-professor\/\"\n                           class=\"mn-more\">Read more<\/a>\n                    <\/div>\n\t\t\t\t\t                    <div class=\"mn-event\">\n                                                <div class=\"mn-image-container\">\n                            <img src=\"https:\/\/up.lublin.pl\/wp-content\/uploads\/2021\/06\/dysc_roliogr2.jpg\" alt=\"\" \/>\n                                                    <\/div>\n                                                <div class=\"mn-content\">\n                            <h5 class=\"mn-date\">23.07.2021<\/h5>\n                            <h3>Dr hab. Justyna Bohacz, Associate Professor<\/h3>\n                            <p>Dr hab. Justyna Bohacz, Associate ProfessorFaculty of...<\/p>\n                        <\/div>\n                        <a href=\"https:\/\/up.lublin.pl\/en\/blog\/dr-hab-justyna-bohacz-associate-professor\/\"\n                           class=\"mn-more\">Read more<\/a>\n                    <\/div>\n\t\t\t\t\t                    <div class=\"mn-event\">\n                                                <div class=\"mn-image-container\">\n                            <img src=\"https:\/\/up.lublin.pl\/wp-content\/uploads\/2021\/06\/dysc_roliogr3.jpg\" alt=\"\" \/>\n                                                    <\/div>\n                                                <div class=\"mn-content\">\n                            <h5 class=\"mn-date\">23.07.2021<\/h5>\n                            <h3>Dr hab. Aleksandra G\u0142owacka, Associate Professor<\/h3>\n                            <p>Dr hab. Aleksandra G\u0142owacka, Associate ProfessorFaculty of...<\/p>\n                        <\/div>\n                        <a href=\"https:\/\/up.lublin.pl\/en\/blog\/dr-hab-aleksandra-glowacka-associate-professor\/\"\n                           class=\"mn-more\">Read more<\/a>\n                    <\/div>\n\t\t\t\t\t                    <div class=\"mn-event\">\n                                                <div class=\"mn-image-container\">\n                            <img src=\"https:\/\/up.lublin.pl\/wp-content\/uploads\/2021\/06\/dysc_roliogr2.jpg\" alt=\"\" \/>\n                                                    <\/div>\n                                                <div class=\"mn-content\">\n                            <h5 class=\"mn-date\">23.07.2021<\/h5>\n                            <h3>Dr hab. Marta Bik-Ma\u0142odzi\u0144ska, Associate Professor<\/h3>\n                            <p>Dr hab. Marta Bik-Ma\u0142odzi\u0144ska, Associate ProfessorFaculty...<\/p>\n                        <\/div>\n                        <a href=\"https:\/\/up.lublin.pl\/en\/blog\/dr-hab-marta-bik-malodzinska-associate-professor-2\/\"\n                           class=\"mn-more\">Read more<\/a>\n                    <\/div>\n\t\t\t\t\t                    <div class=\"mn-event\">\n                                                <div class=\"mn-image-container\">\n                            <img src=\"https:\/\/up.lublin.pl\/wp-content\/uploads\/2021\/06\/dysc_roliogr1.png\" alt=\"\" \/>\n                                                    <\/div>\n                                                <div class=\"mn-content\">\n                            <h5 class=\"mn-date\">23.07.2021<\/h5>\n                            <h3>Dr hab. in\u017c. Barbara Marcinek<\/h3>\n                            <p>Dr hab. in\u017c. Barbara MarcinekFaculty of Horticulture and...<\/p>\n                        <\/div>\n                        <a href=\"https:\/\/up.lublin.pl\/en\/blog\/dr-hab-inz-barbara-marcinek\/\"\n                           class=\"mn-more\">Read more<\/a>\n                    <\/div>\n\t\t\t\t\t                    <div class=\"mn-event\">\n                                                <div class=\"mn-image-container\">\n                            <img src=\"https:\/\/up.lublin.pl\/wp-content\/uploads\/2021\/05\/k_golan_ow-2.jpg\" alt=\"\" \/>\n                                                    <\/div>\n                                                <div class=\"mn-content\">\n                            <h5 class=\"mn-date\">23.07.2021<\/h5>\n                            <h3>Dr hab. Katarzyna Golan, Associate Professor<\/h3>\n                            <p>Dr hab. Katarzyna Golan, Associate ProfessorFaculty of...<\/p>\n                        <\/div>\n                        <a href=\"https:\/\/up.lublin.pl\/en\/blog\/dr-hab-katarzyna-golan-associate-professor\/\"\n                           class=\"mn-more\">Read more<\/a>\n                    <\/div>\n\t\t\t\t\t                    <div class=\"mn-event\">\n                                                <div class=\"mn-image-container\">\n                            <img src=\"https:\/\/up.lublin.pl\/wp-content\/uploads\/2021\/06\/m_kaplan_ow.jpg\" alt=\"\" \/>\n                                                    <\/div>\n                                                <div class=\"mn-content\">\n                            <h5 class=\"mn-date\">23.07.2021<\/h5>\n                            <h3>Dr hab. Magdalena Kap\u0142an<\/h3>\n                            <p>Dr hab. Magdalena Kap\u0142anFaculty of Horticulture and...<\/p>\n                        <\/div>\n                        <a href=\"https:\/\/up.lublin.pl\/en\/blog\/dr-hab-magdalena-kaplan\/\"\n                           class=\"mn-more\">Read more<\/a>\n                    <\/div>\n\t\t\t\t\t            <\/div>\n\t\t\t    <\/div>\n<\/section>\n\t\t<\/div>\n\t\t\t\t<\/div>\n\t\t\t\t\t\t<\/div>\n\t\t\t\t\t<\/div>\n\t\t<\/div>\n\t\t\t\t\t\t\t\t<\/div>\n\t\t\t\t\t<\/div>\n\t\t<\/section>\n\t\t\t\t\t\t<\/div>\n\t\t\t\t\t\t<\/div>\n\t\t\t\t\t<\/div>\n\t\t","protected":false},"excerpt":{"rendered":"<p>Doctoral School Agriculture and horticulture UP Prospective supervisors: Zobacz wszystkie 23.07.2021 Dr hab. Anna Krzepi\u0142ko, Associate Professor Dr hab. Anna Krzepi\u0142ko, Associate ProfessorFaculty of Food&#8230; Zobacz wi\u0119cej 23.07.2021 Dr hab. Barbara Hawrylak-Nowak, Associate Professor Dr hab. Barbara Hawrylak-Nowak, Associate ProfessorFaculty&#8230; Zobacz wi\u0119cej 23.07.2021 Dr hab. Izabela Kot, Associate Professor Dr hab. Izabela Kot, Associate ProfessorFaculty [&hellip;]<\/p>\n","protected":false},"author":2,"featured_media":0,"parent":159314,"menu_order":0,"comment_status":"closed","ping_status":"closed","template":"elementor_header_footer","meta":{"_monsterinsights_skip_tracking":false,"_monsterinsights_sitenote_active":false,"_monsterinsights_sitenote_note":"","_monsterinsights_sitenote_category":0},"_links":{"self":[{"href":"https:\/\/up.lublin.pl\/en\/wp-json\/wp\/v2\/pages\/174607"}],"collection":[{"href":"https:\/\/up.lublin.pl\/en\/wp-json\/wp\/v2\/pages"}],"about":[{"href":"https:\/\/up.lublin.pl\/en\/wp-json\/wp\/v2\/types\/page"}],"author":[{"embeddable":true,"href":"https:\/\/up.lublin.pl\/en\/wp-json\/wp\/v2\/users\/2"}],"replies":[{"embeddable":true,"href":"https:\/\/up.lublin.pl\/en\/wp-json\/wp\/v2\/comments?post=174607"}],"version-history":[{"count":7,"href":"https:\/\/up.lublin.pl\/en\/wp-json\/wp\/v2\/pages\/174607\/revisions"}],"predecessor-version":[{"id":183306,"href":"https:\/\/up.lublin.pl\/en\/wp-json\/wp\/v2\/pages\/174607\/revisions\/183306"}],"up":[{"embeddable":true,"href":"https:\/\/up.lublin.pl\/en\/wp-json\/wp\/v2\/pages\/159314"}],"wp:attachment":[{"href":"https:\/\/up.lublin.pl\/en\/wp-json\/wp\/v2\/media?parent=174607"}],"curies":[{"name":"wp","href":"https:\/\/api.w.org\/{rel}","templated":true}]}}