{"id":144286,"date":"2021-05-05T11:14:12","date_gmt":"2021-05-05T09:14:12","guid":{"rendered":"https:\/\/up.lublin.pl\/?page_id=144286"},"modified":"2021-05-05T11:16:56","modified_gmt":"2021-05-05T09:16:56","slug":"why-study-with-us","status":"publish","type":"page","link":"https:\/\/up.lublin.pl\/en\/admission\/why-study-with-us\/","title":{"rendered":"Why study with us?"},"content":{"rendered":"\t\t<div data-elementor-type=\"wp-page\" data-elementor-id=\"144286\" class=\"elementor elementor-144286\" data-elementor-settings=\"[]\">\n\t\t\t\t\t\t<div class=\"elementor-inner\">\n\t\t\t\t\t\t\t<div class=\"elementor-section-wrap\">\n\t\t\t\t\t\t\t<section class=\"elementor-section elementor-top-section elementor-element elementor-element-532e6fe elementor-section-boxed elementor-section-height-default elementor-section-height-default\" data-id=\"532e6fe\" data-element_type=\"section\">\n\t\t\t\t\t\t<div class=\"elementor-container elementor-column-gap-default\">\n\t\t\t\t\t\t\t<div class=\"elementor-row\">\n\t\t\t\t\t<div class=\"elementor-column elementor-col-100 elementor-top-column elementor-element elementor-element-9e15ca9\" data-id=\"9e15ca9\" data-element_type=\"column\">\n\t\t\t<div class=\"elementor-column-wrap elementor-element-populated\">\n\t\t\t\t\t\t\t<div class=\"elementor-widget-wrap\">\n\t\t\t\t\t\t<div class=\"elementor-element elementor-element-58bad75 elementor-widget elementor-widget-m5c\" data-id=\"58bad75\" data-element_type=\"widget\" data-widget_type=\"m5c.default\">\n\t\t\t\t<div class=\"elementor-widget-container\">\n\t\t\t<section class=\"mn-m5-c mn-m5-d2 mn-bg-white\">\n\t<div class=\"mn-grid\">\n\t\t\t\t<div class=\"mn-content mn-grid-9\">\n\t\t\t                <div class=\"mn-content-block active\">\n\t                                                        <div class=\"block-text\">\n\t                                        <h3 style=\"text-align: center;\">Study with us!<\/h3>\n<p style=\"text-align: center;\">\u00a0\u00a0\u00a0We guarantee the highest level of education with a&nbsp;<strong>s<\/strong><strong>trong emphasis on practical application<\/strong>, well-equipped laboratories and modern teaching methods. Since the beginning of our University, students have been required to undergo compulsory practical training and internships in Poland and abroad. <br \/>\u00a0<\/p>\n<p style=\"text-align: center;\">\u00a0<img src=\"\/files\/images\/why_study_with_us_2.jpg\" alt=\"\" \/><\/p>\n<p style=\"text-align: center;\"><strong>\u00a0<span class=\"st\">We\u00a0support our students` ambitions<\/span><\/strong><\/p>\n<p style=\"text-align: center;\"><span class=\"st\">by encouraging them to pursue their interests and <span class=\"st\">foster personal strengths.<\/span><\/span><\/p>\n<p style=\"text-align: center;\"><img src=\"\/files\/images\/why_study_3.jpg\" alt=\"\" \/>\u00a0<\/p>\n<p style=\"text-align: center;\"><strong>Investing in future, <\/strong>the University has a&nbsp;programme of continuous investment and improvement on campus. Key projects include the Investment-Implementation of New Technologies in Agricultural Engineering Centre and new building for the University Library.\u00a0<br \/>\u00a0\u00a0\u00a0<\/p>\n<p style=\"text-align: center;\">\u00a0<img src=\"\/files\/images\/why_study_1.jpg\" alt=\"\" \/><\/p>\n<p style=\"text-align: center;\">\u00a0<br \/>\u00a0The <strong>Central Library&#8217;s c<\/strong>ollection includes approximately 380 000 books, scientific periodicals and special items. Through PCs connected to the university servers, the Library, being a&nbsp;participant in numerous consortia of scientific libraries, gives access to complete texts within dozens of thousands of periodicals.<\/p>\n<p style=\"text-align: center;\">\u00a0\u00a0<img src=\"\/files\/images\/why_study_4.jpg\" alt=\"\" \/>\u00a0<\/p>\n<p style=\"text-align: center;\"><strong>Dormitories <\/strong>provide accomodation in fully furnished bedrooms with shared bathrooms, kitchens<br \/>and a&nbsp;common TV room, study room, gym and canteen.<\/p>\n<p style=\"text-align: center;\">\u00a0<img src=\"\/files\/images\/why_study_5.jpg\" alt=\"\" \/><\/p>\n<p style=\"text-align: center;\"><strong>\u00a0Excellent sport facilities<\/strong> &#8211; the Sport\u00a0 and Recreational \u00a0Centre\u00a0 houses a&nbsp;full-size sports\u00a0hall,\u00a0a swimmimg pool\u00a0and aquapark,\u00a0a modern\u00a0gym,\u00a0a dance, fitness and compat sports halls, and a&nbsp;climbing wall.\u00a0Physical Education classes ans well as University Sports Association training sessions take place here.\u00a0\u00a0<\/p>\n<p style=\"text-align: center;\"><img src=\"\/files\/images\/why_study_6.jpg\" alt=\"\" \/>\u00a0<\/p>\n<p style=\"text-align: center;\">\u00a0The <strong>Didactic and Sailing Station <\/strong>is<strong>\u00a0<\/strong>located by Piaseczno lake in the heart of the \u0141\u0119czy\u0144sko-W\u0142odawskie Lake District.\u00a0\u00a0<\/p>\n<p style=\"text-align: center;\">Sailing marina is run by the University Club &#8220;Antares&#8221;.<\/p>\n<p style=\"text-align: center;\">There are cabin and Omega yachts, row-sailing boat, motorboats, kayaks. The station is a&nbsp;licensed sailing school of the Polish Yachting Association.\u00a0<\/p>\n<p style=\"text-align: center;\">\u00a0<img src=\"\/files\/images\/why_study_7.jpg\" alt=\"\" \/><\/p>\n                                        <\/div>\n\t\t\t\t\t\t                                <\/div>\n\t\t\t\t                <div class=\"mn-content-block\">\n\t                                <\/div>\n\t\t\t\t                <div class=\"mn-content-block\">\n\t                                <\/div>\n\t\t\t\t                <div class=\"mn-content-block\">\n\t                                <\/div>\n\t\t\t\t                <div class=\"mn-content-block\">\n\t                                <\/div>\n\t\t\t\t                <div class=\"mn-content-block\">\n\t                                <\/div>\n\t\t\t\t                <div class=\"mn-content-block\">\n\t                                <\/div>\n\t\t\t\t                <div class=\"mn-content-block\">\n\t                                <\/div>\n\t\t\t\t                <div class=\"mn-content-block\">\n\t                                <\/div>\n\t\t\t\t                <div class=\"mn-content-block\">\n\t                                <\/div>\n\t\t\t\t                <div class=\"mn-content-block\">\n\t                                <\/div>\n\t\t\t\t                <div class=\"mn-content-block\">\n\t                                <\/div>\n\t\t\t\t                <div class=\"mn-content-block\">\n\t                                <\/div>\n\t\t\t\t                <div class=\"mn-content-block\">\n\t                                <\/div>\n\t\t\t\t                <div class=\"mn-content-block\">\n\t                                <\/div>\n\t\t\t\t                <div class=\"mn-content-block\">\n\t                                <\/div>\n\t\t\t\t                <div class=\"mn-content-block\">\n\t                                <\/div>\n\t\t\t\t                <div class=\"mn-content-block\">\n\t                                <\/div>\n\t\t\t\t                <div class=\"mn-content-block\">\n\t                                <\/div>\n\t\t\t\t                <div class=\"mn-content-block\">\n\t                                <\/div>\n\t\t\t\t\t\t<\/div>\n\t<\/div>\n<\/section>\n\t\t<\/div>\n\t\t\t\t<\/div>\n\t\t\t\t\t\t<\/div>\n\t\t\t\t\t<\/div>\n\t\t<\/div>\n\t\t\t\t\t\t\t\t<\/div>\n\t\t\t\t\t<\/div>\n\t\t<\/section>\n\t\t\t\t\t\t<\/div>\n\t\t\t\t\t\t<\/div>\n\t\t\t\t\t<\/div>\n\t\t","protected":false},"excerpt":{"rendered":"<p>Study with us! \u00a0\u00a0\u00a0We guarantee the highest level of education with a&nbsp;strong emphasis on practical application, well-equipped laboratories and modern teaching methods. Since the beginning of our University, students have been required to undergo compulsory practical training and internships in Poland and abroad. \u00a0 \u00a0 \u00a0We\u00a0support our students` ambitions by encouraging them to pursue their [&hellip;]<\/p>\n","protected":false},"author":2,"featured_media":0,"parent":96405,"menu_order":0,"comment_status":"closed","ping_status":"closed","template":"elementor_header_footer","meta":{"_monsterinsights_skip_tracking":false,"_monsterinsights_sitenote_active":false,"_monsterinsights_sitenote_note":"","_monsterinsights_sitenote_category":0},"_links":{"self":[{"href":"https:\/\/up.lublin.pl\/en\/wp-json\/wp\/v2\/pages\/144286"}],"collection":[{"href":"https:\/\/up.lublin.pl\/en\/wp-json\/wp\/v2\/pages"}],"about":[{"href":"https:\/\/up.lublin.pl\/en\/wp-json\/wp\/v2\/types\/page"}],"author":[{"embeddable":true,"href":"https:\/\/up.lublin.pl\/en\/wp-json\/wp\/v2\/users\/2"}],"replies":[{"embeddable":true,"href":"https:\/\/up.lublin.pl\/en\/wp-json\/wp\/v2\/comments?post=144286"}],"version-history":[{"count":7,"href":"https:\/\/up.lublin.pl\/en\/wp-json\/wp\/v2\/pages\/144286\/revisions"}],"predecessor-version":[{"id":144302,"href":"https:\/\/up.lublin.pl\/en\/wp-json\/wp\/v2\/pages\/144286\/revisions\/144302"}],"up":[{"embeddable":true,"href":"https:\/\/up.lublin.pl\/en\/wp-json\/wp\/v2\/pages\/96405"}],"wp:attachment":[{"href":"https:\/\/up.lublin.pl\/en\/wp-json\/wp\/v2\/media?parent=144286"}],"curies":[{"name":"wp","href":"https:\/\/api.w.org\/{rel}","templated":true}]}}