{"id":136583,"date":"2021-02-18T18:01:32","date_gmt":"2021-02-18T17:01:32","guid":{"rendered":"https:\/\/up.lublin.pl\/?page_id=136583"},"modified":"2022-09-20T14:47:36","modified_gmt":"2022-09-20T12:47:36","slug":"faculties","status":"publish","type":"page","link":"https:\/\/up.lublin.pl\/en\/faculties\/","title":{"rendered":"Faculties"},"content":{"rendered":"\t\t<div data-elementor-type=\"wp-page\" data-elementor-id=\"136583\" class=\"elementor elementor-136583 elementor-70584\" data-elementor-settings=\"[]\">\n\t\t\t\t\t\t<div class=\"elementor-inner\">\n\t\t\t\t\t\t\t<div class=\"elementor-section-wrap\">\n\t\t\t\t\t\t\t<section class=\"elementor-section elementor-top-section elementor-element elementor-element-77ea09e elementor-section-boxed elementor-section-height-default elementor-section-height-default\" data-id=\"77ea09e\" data-element_type=\"section\">\n\t\t\t\t\t\t<div class=\"elementor-container elementor-column-gap-default\">\n\t\t\t\t\t\t\t<div class=\"elementor-row\">\n\t\t\t\t\t<div class=\"elementor-column elementor-col-100 elementor-top-column elementor-element elementor-element-9f36c72\" data-id=\"9f36c72\" data-element_type=\"column\">\n\t\t\t<div class=\"elementor-column-wrap elementor-element-populated\">\n\t\t\t\t\t\t\t<div class=\"elementor-widget-wrap\">\n\t\t\t\t\t\t<div class=\"elementor-element elementor-element-9c97605 elementor-widget elementor-widget-m2k\" data-id=\"9c97605\" data-element_type=\"widget\" data-widget_type=\"m2k.default\">\n\t\t\t\t<div class=\"elementor-widget-container\">\n\t\t\t<section class=\"mn-m2-d mn-bg-green\">\n    <div class=\"mn-grid\">\n        <div class=\"mn-grid-12 mn-introtext\">\n                            <h3>\n                    Faculties                 <\/h3>\n                        <\/div>\n    <\/div>\n    <\/section>\n\t\t<\/div>\n\t\t\t\t<\/div>\n\t\t\t\t\t\t<\/div>\n\t\t\t\t\t<\/div>\n\t\t<\/div>\n\t\t\t\t\t\t\t\t<\/div>\n\t\t\t\t\t<\/div>\n\t\t<\/section>\n\t\t\t\t<section class=\"elementor-section elementor-top-section elementor-element elementor-element-bc37426 elementor-section-boxed elementor-section-height-default elementor-section-height-default\" data-id=\"bc37426\" data-element_type=\"section\">\n\t\t\t\t\t\t<div class=\"elementor-container elementor-column-gap-default\">\n\t\t\t\t\t\t\t<div class=\"elementor-row\">\n\t\t\t\t\t<div class=\"elementor-column elementor-col-100 elementor-top-column elementor-element elementor-element-5944100\" data-id=\"5944100\" data-element_type=\"column\">\n\t\t\t<div class=\"elementor-column-wrap elementor-element-populated\">\n\t\t\t\t\t\t\t<div class=\"elementor-widget-wrap\">\n\t\t\t\t\t\t<div class=\"elementor-element elementor-element-c9a939d elementor-widget elementor-widget-m4a\" data-id=\"c9a939d\" data-element_type=\"widget\" data-widget_type=\"m4a.default\">\n\t\t\t\t<div class=\"elementor-widget-container\">\n\t\t\t\t<section class=\"mn-m4_b mn-bg-green\">\n\t\t\t\t<div class=\"mn-grid\">\n\t\t\t\t\t\t\t<div class=\"mn-grid-3 mn-kat-m4-container\">\n\t\t\t\t\t\t\t\t\t\t\t\t\t\t\t\t<h3>Faculty of Agrobioengineering<\/h3>\n\t\t\t\t\t\t\t\t\t\t\t\t\t\t\t\t\t\t\t\t\t\t<a href=\"https:\/\/up.lublin.pl\/agrobio\/en\/\" class=\"mn-more\">Read more<\/a>\n\t\t\t\t\t\t\t\t\t\t<\/div>\n\t\t\t\t\t\t\t\t<div class=\"mn-grid-3 mn-kat-m4-container\">\n\t\t\t\t\t\t\t\t\t\t\t\t\t\t\t\t<h3>Faculty of Animal Sciences and Bioeconomy<\/h3>\n\t\t\t\t\t\t\t\t\t\t\t\t\t\t\t\t\t\t\t\t\t\t<a href=\"https:\/\/up.lublin.pl\/biologia\/en\/\" class=\"mn-more\">Read more<\/a>\n\t\t\t\t\t\t\t\t\t\t<\/div>\n\t\t\t\t\t\t\t\t<div class=\"mn-grid-3 mn-kat-m4-container\">\n\t\t\t\t\t\t\t\t\t\t\t\t\t\t\t\t<h3>Faculty of Environmental Biology<\/h3>\n\t\t\t\t\t\t\t\t\t\t\t\t\t\t\t\t\t\t\t\t\t\t<a href=\"https:\/\/up.lublin.pl\/srodowiskowa\/en\/\" class=\"mn-more\">Read more<\/a>\n\t\t\t\t\t\t\t\t\t\t<\/div>\n\t\t\t\t\t\t\t\t<div class=\"mn-grid-3 mn-kat-m4-container\">\n\t\t\t\t\t\t\t\t\t\t\t\t\t\t\t\t<h3>Faculty of Food Science and Biotechnology<\/h3>\n\t\t\t\t\t\t\t\t\t\t\t\t\t\t\t\t\t\t\t\t\t\t<a href=\"https:\/\/up.lublin.pl\/foodscience\/en\" class=\"mn-more\">Read more<\/a>\n\t\t\t\t\t\t\t\t\t\t<\/div>\n\t\t\t\t\t\t\t\t<div class=\"mn-grid-3 mn-kat-m4-container\">\n\t\t\t\t\t\t\t\t\t\t\t\t\t\t\t\t<h3>Faculty of Horticulture and Landscape Architecture<\/h3>\n\t\t\t\t\t\t\t\t\t\t\t\t\t\t\t\t\t\t\t\t\t\t<a href=\"https:\/\/up.lublin.pl\/ogrodnictwo\/en\/\" class=\"mn-more\">Read more<\/a>\n\t\t\t\t\t\t\t\t\t\t<\/div>\n\t\t\t\t\t\t\t\t<div class=\"mn-grid-3 mn-kat-m4-container\">\n\t\t\t\t\t\t\t\t\t\t\t\t\t\t\t\t<h3>Faculty of Production Engineering<\/h3>\n\t\t\t\t\t\t\t\t\t\t\t\t\t\t\t\t\t\t\t\t\t\t<a href=\"https:\/\/up.lublin.pl\/wip\/en\" class=\"mn-more\">Read more<\/a>\n\t\t\t\t\t\t\t\t\t\t<\/div>\n\t\t\t\t\t\t\t\t<div class=\"mn-grid-3 mn-kat-m4-container\">\n\t\t\t\t\t\t\t\t\t\t\t\t\t\t\t\t<h3>Faculty of Veterinary Medicine<\/h3>\n\t\t\t\t\t\t\t\t\t\t\t\t\t\t\t\t\t\t\t\t\t\t<a href=\"https:\/\/up.lublin.pl\/weterynaria\/en\/\" class=\"mn-more\">Read more<\/a>\n\t\t\t\t\t\t\t\t\t\t<\/div>\n\t\t\t\t\t\t<\/div>\n\t<\/section>\n\t\t\t<\/div>\n\t\t\t\t<\/div>\n\t\t\t\t\t\t<\/div>\n\t\t\t\t\t<\/div>\n\t\t<\/div>\n\t\t\t\t\t\t\t\t<\/div>\n\t\t\t\t\t<\/div>\n\t\t<\/section>\n\t\t\t\t\t\t<\/div>\n\t\t\t\t\t\t<\/div>\n\t\t\t\t\t<\/div>\n\t\t","protected":false},"excerpt":{"rendered":"<p>Faculties UP Faculty of Agrobioengineering Zobacz wi\u0119cej Faculty of Animal Sciences and Bioeconomy Zobacz wi\u0119cej Faculty of Environmental Biology Zobacz wi\u0119cej Faculty of Food Science and Biotechnology Zobacz wi\u0119cej Faculty of Horticulture and Landscape Architecture Zobacz wi\u0119cej Faculty of Production Engineering Zobacz wi\u0119cej Faculty of Veterinary Medicine Zobacz wi\u0119cej<\/p>\n","protected":false},"author":2,"featured_media":0,"parent":0,"menu_order":0,"comment_status":"closed","ping_status":"closed","template":"elementor_header_footer","meta":{"_monsterinsights_skip_tracking":false,"_monsterinsights_sitenote_active":false,"_monsterinsights_sitenote_note":"","_monsterinsights_sitenote_category":0},"_links":{"self":[{"href":"https:\/\/up.lublin.pl\/en\/wp-json\/wp\/v2\/pages\/136583"}],"collection":[{"href":"https:\/\/up.lublin.pl\/en\/wp-json\/wp\/v2\/pages"}],"about":[{"href":"https:\/\/up.lublin.pl\/en\/wp-json\/wp\/v2\/types\/page"}],"author":[{"embeddable":true,"href":"https:\/\/up.lublin.pl\/en\/wp-json\/wp\/v2\/users\/2"}],"replies":[{"embeddable":true,"href":"https:\/\/up.lublin.pl\/en\/wp-json\/wp\/v2\/comments?post=136583"}],"version-history":[{"count":43,"href":"https:\/\/up.lublin.pl\/en\/wp-json\/wp\/v2\/pages\/136583\/revisions"}],"predecessor-version":[{"id":289206,"href":"https:\/\/up.lublin.pl\/en\/wp-json\/wp\/v2\/pages\/136583\/revisions\/289206"}],"wp:attachment":[{"href":"https:\/\/up.lublin.pl\/en\/wp-json\/wp\/v2\/media?parent=136583"}],"curies":[{"name":"wp","href":"https:\/\/api.w.org\/{rel}","templated":true}]}}