{"id":114889,"date":"2021-02-22T13:38:56","date_gmt":"2021-02-22T12:38:56","guid":{"rendered":"https:\/\/up.lublin.pl\/?page_id=114889"},"modified":"2023-02-16T12:26:37","modified_gmt":"2023-02-16T11:26:37","slug":"research-discipline-councils","status":"publish","type":"page","link":"https:\/\/up.lublin.pl\/en\/university\/governance\/research-discipline-councils\/","title":{"rendered":"Research Discipline Councils"},"content":{"rendered":"\t\t<div data-elementor-type=\"wp-page\" data-elementor-id=\"114889\" class=\"elementor elementor-114889 elementor-85934\" data-elementor-settings=\"[]\">\n\t\t\t\t\t\t<div class=\"elementor-inner\">\n\t\t\t\t\t\t\t<div class=\"elementor-section-wrap\">\n\t\t\t\t\t\t\t<section class=\"elementor-section elementor-top-section elementor-element elementor-element-0697d31 elementor-section-boxed elementor-section-height-default elementor-section-height-default\" data-id=\"0697d31\" data-element_type=\"section\">\n\t\t\t\t\t\t<div class=\"elementor-container elementor-column-gap-default\">\n\t\t\t\t\t\t\t<div class=\"elementor-row\">\n\t\t\t\t\t<div class=\"elementor-column elementor-col-100 elementor-top-column elementor-element elementor-element-32f0b4f\" data-id=\"32f0b4f\" data-element_type=\"column\">\n\t\t\t<div class=\"elementor-column-wrap elementor-element-populated\">\n\t\t\t\t\t\t\t<div class=\"elementor-widget-wrap\">\n\t\t\t\t\t\t<div class=\"elementor-element elementor-element-16c9563 elementor-widget elementor-widget-m2d\" data-id=\"16c9563\" data-element_type=\"widget\" data-widget_type=\"m2d.default\">\n\t\t\t\t<div class=\"elementor-widget-container\">\n\t\t\t<section class=\"mn-m2-d mn-bg-green\">\r\n\t<div class=\"mn-grid\">\r\n\t\t<div class=\"mn-grid-3 mn-introtext\">\r\n\t\t\t\t\t\t\t<h3>\r\n\t\t\t\t\tResearch Discipline Councils\t\t\t\t<\/h3>\r\n\t\t\t\t\t\t<\/div>\r\n\t\t\t            <div class=\"mn-grid-9 mn-image-container\">\r\n\t\t\t\t<img src=\"https:\/\/up.lublin.pl\/wp-content\/uploads\/2021\/03\/rady_dyscyplin_banner.jpg\" alt=\"\">\r\n            <\/div>\r\n\t\t\t\t        \r\n\r\n\t<\/div>\r\n\t<\/section>\r\n\t\t<\/div>\n\t\t\t\t<\/div>\n\t\t\t\t\t\t<\/div>\n\t\t\t\t\t<\/div>\n\t\t<\/div>\n\t\t\t\t\t\t\t\t<\/div>\n\t\t\t\t\t<\/div>\n\t\t<\/section>\n\t\t\t\t<section class=\"elementor-section elementor-top-section elementor-element elementor-element-9f41e5f elementor-section-boxed elementor-section-height-default elementor-section-height-default\" data-id=\"9f41e5f\" data-element_type=\"section\">\n\t\t\t\t\t\t<div class=\"elementor-container elementor-column-gap-default\">\n\t\t\t\t\t\t\t<div class=\"elementor-row\">\n\t\t\t\t\t<div class=\"elementor-column elementor-col-100 elementor-top-column elementor-element elementor-element-e2a95cd\" data-id=\"e2a95cd\" data-element_type=\"column\">\n\t\t\t<div class=\"elementor-column-wrap elementor-element-populated\">\n\t\t\t\t\t\t\t<div class=\"elementor-widget-wrap\">\n\t\t\t\t\t\t<div class=\"elementor-element elementor-element-4d2628f elementor-widget elementor-widget-m5c\" data-id=\"4d2628f\" data-element_type=\"widget\" data-widget_type=\"m5c.default\">\n\t\t\t\t<div class=\"elementor-widget-container\">\n\t\t\t<section class=\"mn-m5-c mn-m5-d2 mn-bg-white\">\n\t<div class=\"mn-grid\">\n\t\t\t\t<div class=\"mn-content mn-grid-9\">\n\t\t\t                <div class=\"mn-content-block active\">\n\t                                                        <div class=\"block-text\">\n\t                                        <h1 style=\"margin-bottom: 1em;\">Chairs of research discipline councils at the University of Life Sciences in Lublin:<\/h1>\n<p><strong><em>Agriculture and horticulture:<\/em><\/strong> Barbara Ko\u0142odziej, PhD, DSc, ProfTit<\/p>\n<p><strong><em>Veterinary medicine:<\/em> <\/strong>Marta Kankofer, PhD, DSc, ProfTit<\/p>\n<p><em><strong>Animal sciences and fisheries:<\/strong> <\/em>Brygida \u015alaska, PhD, DSc, ProfTit<\/p>\n<p><em><strong>Environmental engineering, mining and power engineering:<\/strong> <\/em>Krzysztof J\u00f3\u017awiakowski, PhD, DSc, ProfTit<\/p>\n<p><em><strong>Biological sciences:<\/strong><\/em>\u00a0 Arkadiusz Matwijczuk, PhD, DSc, Assoc. prof.<\/p>\n<p><em><strong>Food technology and human nutrition:<\/strong> <\/em>Waldemar Gustaw, PhD, DSc, ProfTit<\/p>\n<p><em><strong>Mechanical engineering:<\/strong><\/em> Dariusz Andrejko, PhD, DSc, ProfTit<\/p>\n                                        <\/div>\n\t\t\t\t\t\t                                <\/div>\n\t\t\t\t                <div class=\"mn-content-block\">\n\t                                <\/div>\n\t\t\t\t                <div class=\"mn-content-block\">\n\t                                <\/div>\n\t\t\t\t                <div class=\"mn-content-block\">\n\t                                <\/div>\n\t\t\t\t                <div class=\"mn-content-block\">\n\t                                <\/div>\n\t\t\t\t                <div class=\"mn-content-block\">\n\t                                <\/div>\n\t\t\t\t                <div class=\"mn-content-block\">\n\t                                <\/div>\n\t\t\t\t                <div class=\"mn-content-block\">\n\t                                <\/div>\n\t\t\t\t                <div class=\"mn-content-block\">\n\t                                <\/div>\n\t\t\t\t                <div class=\"mn-content-block\">\n\t                                <\/div>\n\t\t\t\t                <div class=\"mn-content-block\">\n\t                                <\/div>\n\t\t\t\t                <div class=\"mn-content-block\">\n\t                                <\/div>\n\t\t\t\t                <div class=\"mn-content-block\">\n\t                                <\/div>\n\t\t\t\t                <div class=\"mn-content-block\">\n\t                                <\/div>\n\t\t\t\t                <div class=\"mn-content-block\">\n\t                                <\/div>\n\t\t\t\t                <div class=\"mn-content-block\">\n\t                                <\/div>\n\t\t\t\t                <div class=\"mn-content-block\">\n\t                                <\/div>\n\t\t\t\t                <div class=\"mn-content-block\">\n\t                                <\/div>\n\t\t\t\t                <div class=\"mn-content-block\">\n\t                                <\/div>\n\t\t\t\t                <div class=\"mn-content-block\">\n\t                                <\/div>\n\t\t\t\t\t\t<\/div>\n\t<\/div>\n<\/section>\n\t\t<\/div>\n\t\t\t\t<\/div>\n\t\t\t\t\t\t<\/div>\n\t\t\t\t\t<\/div>\n\t\t<\/div>\n\t\t\t\t\t\t\t\t<\/div>\n\t\t\t\t\t<\/div>\n\t\t<\/section>\n\t\t\t\t\t\t<\/div>\n\t\t\t\t\t\t<\/div>\n\t\t\t\t\t<\/div>\n\t\t","protected":false},"excerpt":{"rendered":"<p>Research Discipline Councils UP Chairs of research discipline councils at the University of Life Sciences in Lublin: Agriculture and horticulture: Barbara Ko\u0142odziej, PhD, DSc, ProfTit Veterinary medicine: Marta Kankofer, PhD, DSc, ProfTit Animal sciences and fisheries: Brygida \u015alaska, PhD, DSc, ProfTit Environmental engineering, mining and power engineering: Krzysztof J\u00f3\u017awiakowski, PhD, DSc, ProfTit Biological sciences:\u00a0 Arkadiusz [&hellip;]<\/p>\n","protected":false},"author":2,"featured_media":0,"parent":114631,"menu_order":0,"comment_status":"closed","ping_status":"closed","template":"elementor_header_footer","meta":{"_monsterinsights_skip_tracking":false,"_monsterinsights_sitenote_active":false,"_monsterinsights_sitenote_note":"","_monsterinsights_sitenote_category":0},"_links":{"self":[{"href":"https:\/\/up.lublin.pl\/en\/wp-json\/wp\/v2\/pages\/114889"}],"collection":[{"href":"https:\/\/up.lublin.pl\/en\/wp-json\/wp\/v2\/pages"}],"about":[{"href":"https:\/\/up.lublin.pl\/en\/wp-json\/wp\/v2\/types\/page"}],"author":[{"embeddable":true,"href":"https:\/\/up.lublin.pl\/en\/wp-json\/wp\/v2\/users\/2"}],"replies":[{"embeddable":true,"href":"https:\/\/up.lublin.pl\/en\/wp-json\/wp\/v2\/comments?post=114889"}],"version-history":[{"count":19,"href":"https:\/\/up.lublin.pl\/en\/wp-json\/wp\/v2\/pages\/114889\/revisions"}],"predecessor-version":[{"id":321616,"href":"https:\/\/up.lublin.pl\/en\/wp-json\/wp\/v2\/pages\/114889\/revisions\/321616"}],"up":[{"embeddable":true,"href":"https:\/\/up.lublin.pl\/en\/wp-json\/wp\/v2\/pages\/114631"}],"wp:attachment":[{"href":"https:\/\/up.lublin.pl\/en\/wp-json\/wp\/v2\/media?parent=114889"}],"curies":[{"name":"wp","href":"https:\/\/api.w.org\/{rel}","templated":true}]}}