{"id":114883,"date":"2021-02-22T13:31:03","date_gmt":"2021-02-22T12:31:03","guid":{"rendered":"https:\/\/up.lublin.pl\/?page_id=114883"},"modified":"2025-10-29T13:47:33","modified_gmt":"2025-10-29T12:47:33","slug":"senate","status":"publish","type":"page","link":"https:\/\/up.lublin.pl\/en\/university\/governance\/senate\/","title":{"rendered":"Senate"},"content":{"rendered":"\t\t<div data-elementor-type=\"wp-page\" data-elementor-id=\"114883\" class=\"elementor elementor-114883 elementor-85875\" data-elementor-settings=\"[]\">\n\t\t\t\t\t\t<div class=\"elementor-inner\">\n\t\t\t\t\t\t\t<div class=\"elementor-section-wrap\">\n\t\t\t\t\t\t\t<section class=\"elementor-section elementor-top-section elementor-element elementor-element-86f25df elementor-section-boxed elementor-section-height-default elementor-section-height-default\" data-id=\"86f25df\" data-element_type=\"section\">\n\t\t\t\t\t\t<div class=\"elementor-container elementor-column-gap-default\">\n\t\t\t\t\t\t\t<div class=\"elementor-row\">\n\t\t\t\t\t<div class=\"elementor-column elementor-col-100 elementor-top-column elementor-element elementor-element-8dfd904\" data-id=\"8dfd904\" data-element_type=\"column\">\n\t\t\t<div class=\"elementor-column-wrap elementor-element-populated\">\n\t\t\t\t\t\t\t<div class=\"elementor-widget-wrap\">\n\t\t\t\t\t\t<div class=\"elementor-element elementor-element-46bbc93 elementor-widget elementor-widget-m2e\" data-id=\"46bbc93\" data-element_type=\"widget\" data-widget_type=\"m2e.default\">\n\t\t\t\t<div class=\"elementor-widget-container\">\n\t\t\t<section class=\"mn-m2-e mn-bg-green\">\n\t<div class=\"mn-grid\">\n\t\t<div class=\"mn-grid-3 mn-introtext\">\n\t\t\t\t\t\t\t\t\t\t<h3>\n\t\t\t\t\tSenate\t\t\t\t<\/h3>\n\t\t\t\t\t\t\t\t\t\t\t<p class=\"mn-header\">for years 2024-2028<\/p>\n\t\t\t\t\t\t\t\t\t<\/div>\n\t\t<div class=\"mn-grid-9 mn-image-container\">\n\t\t\t\t\t<\/div>\n\t<\/div>\n\t<\/section>\n\t\t<\/div>\n\t\t\t\t<\/div>\n\t\t\t\t\t\t<\/div>\n\t\t\t\t\t<\/div>\n\t\t<\/div>\n\t\t\t\t\t\t\t\t<\/div>\n\t\t\t\t\t<\/div>\n\t\t<\/section>\n\t\t\t\t<section class=\"elementor-section elementor-top-section elementor-element elementor-element-9ad60dc elementor-section-boxed elementor-section-height-default elementor-section-height-default\" data-id=\"9ad60dc\" data-element_type=\"section\">\n\t\t\t\t\t\t<div class=\"elementor-container elementor-column-gap-default\">\n\t\t\t\t\t\t\t<div class=\"elementor-row\">\n\t\t\t\t\t<div class=\"elementor-column elementor-col-100 elementor-top-column elementor-element elementor-element-06d9d87\" data-id=\"06d9d87\" data-element_type=\"column\">\n\t\t\t<div class=\"elementor-column-wrap elementor-element-populated\">\n\t\t\t\t\t\t\t<div class=\"elementor-widget-wrap\">\n\t\t\t\t\t\t<div class=\"elementor-element elementor-element-54122d4 elementor-widget elementor-widget-m5c\" data-id=\"54122d4\" data-element_type=\"widget\" data-widget_type=\"m5c.default\">\n\t\t\t\t<div class=\"elementor-widget-container\">\n\t\t\t<section class=\"mn-m5-c mn-bg-white\">\n\t<div class=\"mn-grid\">\n\t\t            <div class=\"mn-menu-container mn-grid-3\">\n                <ul class=\"mn-bg-yellow\">\n\t                                        <li>\n                            <a href=\"#\" class=\"active\" data-hash=\"#senate\">\n                                Senate                            <\/a>\n                        <\/li>\n                                                <li>\n                            <a href=\"#\" class=\"\" data-hash=\"#committees\">\n                                Senate committees                            <\/a>\n                        <\/li>\n                                        <\/ul>\n            <\/div>\n\t        \t\t<div class=\"mn-content mn-grid-8\">\n\t\t\t                <div class=\"mn-content-block active\">\n\t                                                        <div class=\"block-text\">\n\t                                        <h1><strong>RECTOR<\/strong><\/h1>\n<p>Krzysztof Kowalczyk, PhD, DSc, ProfTit, Rector of the University of Life Sciences in Lublin\u00a0<\/p>\n<h1><strong>VICE-RECTORS<\/strong><\/h1>\n<p>Andrzej Marczuk, PhD, DSc, ProfTit, Vice-Rector for Human Resources\u00a0<br \/>Bartosz So\u0142owiej, PhD, DSc, ProfTit, Vice-Rector for Science and International Cooperation\u00a0<\/p>\n<h1><strong>DEANS<\/strong><\/h1>\n<p>Barbara Ko\u0142odziej, PhD, DSc, ProfTit, Faculty of Agrobioengineering<br \/>Aneta Nowakiewicz, PhD, DSc, ProfTit, Faculty of Veterinary Medicine<br \/>Brygida Slaska, PhD, DSc, ProfTit, Faculty of Animal Sciences and Bioeconomy<br \/>Katarzyna Dzida, PhD, DSc, Assoc. prof., Faculty of Horticulture and Landscape Architecture<br \/>Dariusz Andrejko, PhD, DSc, ProfTit, Faculty of Production Engineering<br \/>Waldemar Gustaw, PhD, DSc, ProfTit, Faculty of Food Science and Biotechnology<br \/>Tomasz Mieczan, PhD, DSc, ProfTit, Faculty of Environmental Biology<\/p>\n<h1><strong>FACULTY REPRESENTATIVES (TITULAR AND ASSOCIATE PROFESSORS)<\/strong><\/h1>\n<p>Urszula Gawlik, PhD, DSc, ProfTit, Faculty of Food Science and Biotechnology<br \/>Aleksandra Glowacka, PhD, DSc, Assoc. prof., Faculty of Agrobioengineering<br \/>Katarzyna Golan, PhD, DSc, Assoc. prof., Faculty of Horticulture and Landscape Architecture<br \/>Grzegorz Grzywaczewski, PhD, DSc, Assoc. prof., Faculty of Environmental Biology<br \/>Slawomir Kocira, BEng, PhD, DSc, ProfTit, Faculty of Production Engineering<br \/>Malgorzata Kwiecien, PhD, DSc, ProfTit, Faculty of Animal Sciences and Bioeconomy<br \/>Elzbieta Mielniczuk, PhD, DSc, Assoc. prof., Faculty of Horticulture and Landscape Architecture<br \/>Anna Nowak, PhD, DSc, Assoc. prof., Faculty of Agrobioengineering<br \/>Bozena Nowakowicz-Debek, PhD, DSc, ProfTit, Faculty of Animal Sciences and Bioeconomy<br \/>Magdalena Pogorzelec, PhD, DSc, Assoc. prof., Faculty of Environmental Biology<br \/>Krzysztof Tomczuk, PhD, DSc, ProfTit, Faculty of Veterinary Medicine<br \/>Renata Urban-Chmiel, PhD, DSc, ProfTit, Faculty of Veterinary Medicine<\/p>\n<h1><strong>FACULTY REPRESENTATIVES (ASSISTANT PROFESSORS, SENIOR LECTURERS, LECTURERS)<\/strong><\/h1>\n<p>Tomasz Czernecki, BEng, PhD, Faculty of Food Science and Biotechnology<br \/>Agnieszka Dudziak, BEng, PhD, Faculty of Production Engineering<br \/>Monika Jaroszuk-Sierocinska, BEng, PhD, Faculty of Agrobioengineering<br \/>Wojciech Plaska, PhD, Faculty of Environmental Biology<br \/>Renata Pyz-Lukasik, PhD, DSc, Faculty of Veterinary Medicine<br \/>Piotr Stanek, BEng, PhD, Faculty of Animal Sciences and Bioeconomy<br \/>Pawel Szot, BEng, PhD, DSc, Faculty of Horticulture and Landscape Architecture<\/p>\n<h1>OUT-OF-FACULTY STAFF REPRESENTATIVE<\/h1>\n<p>Adrianna Bolibok, MA, Centre for Language Learning and Certification\u00a0<\/p>\n<h1>REPRESENTATIVES OF NON-TEACHING UNIVERSITY STAFF<\/h1>\n<p>Iwona Szymczyk, MSc, representative of administrative staff<br \/>Roman Lalak, BEng, MSc, engineering and technical staff representative\u00a0<\/p>\n<h1>DOCTORAL STUDENTS REPRESENTATIVE<\/h1>\n<p>Anastasiya Ramankevich, BEng, MSc<\/p>\n<h1>STUDENT REPRESENTATIVES<\/h1>\n<p>Kacper Slawinski, Faculty of Agrobioengineering<br \/>Aleksandra Sawicka, Faculty of Veterinary Medicine<br \/>Karolina Wr\u00f3bel, Faculty of Animal Sciences and Bioeconomy<br \/>Aleksandra Rotkiewicz, Faculty of Horticulture and Landscape Architecture<br \/>Aleksandra Maciejewska, Faculty of Production Engineering<br \/>Malgorzata Ziemia\u0144ska, Faculty of Food Science and Biotechnology<br \/>Malgorzata Muc, Faculty of Environmental Biology<\/p>\n<h1>ADVISORY CAPACITY<\/h1>\n<p>Urszula Kosior-Korzecka, PhD, DSc, Assoc. prof., Vice-Rector for Student Affairs and Education\u00a0<br \/>Grazyna Szymczyk, MSc, Chancellor\u00a0<br \/>Ewa Walkowska, MSc, Bursar<br \/>Marek Scibisz, PhD, representative of Independent Self-governing Trade Union &#8220;Solidarno\u015b\u0107&#8221;<br \/>Paulina Studzinska-Jaksim, PhD, Director of Main Library<\/p>\n                                        <\/div>\n\t\t\t\t\t\t                                <\/div>\n\t\t\t\t                <div class=\"mn-content-block\">\n\t                                                        <div class=\"block-text\">\n\t                                        <h3 style=\"text-align: center;\">Senate committees 2024-2028<\/h3>\n<h1>Committee for Didactics and Education Quality<\/h1>\n<h4>Chairperson<\/h4>\n<p>Bo\u017cena Nowakowicz-D\u0119bek, PhD, DSc, ProfTit<\/p>\n<h4>Deputy chairperson<\/h4>\n<p>Pawe\u0142 Glibowski, PhD, DSc, ProfTit\u00a0<\/p>\n<h4>Members<\/h4>\n<p>Sylwia Andruszczak, PhD, DSc, Assoc. prof.<br \/>Aneta Nowakiewicz, PhD, DSc, ProfTit\u00a0<br \/>Katarzyna Golan, PhD, DSc, Assoc. prof.<br \/>Andrzej Mazur, PhD, DSc, Assoc. prof.<br \/>Urszula Pankiewicz, PhD, DSc, ProfTit\u00a0<br \/>Bo\u017cena Denisow, PhD, DSc, ProfTit\u00a0<br \/>Anna Wo\u017aniak, MSc<br \/>Renata Reszka-Dyrka, PhD<br \/>students representative \u2013 Karolina Roma\u0144czuk<br \/>doctoral students representative\u00a0 \u2013 Karolina Wengerska, MSc<\/p>\n<h1>Committee for Occupational Health and Safety<\/h1>\n<h4>Chairperson<\/h4>\n<p>Anna Chmielowiec-Korzeniowska, PhD, DSc, ProfTit\u00a0<\/p>\n<h4>Members<\/h4>\n<p>Kamila Rybczy\u0144ska Tkaczyk, PhD, DSc, Assoc. prof.<br \/>Anna \u015amiech, prof. uczelni, PhD, DSc, Assoc. prof.<br \/>Robert Gruszecki, PhD, DSc, Assoc. prof.<br \/>Zbigniew Kobus, BEng, PhD, DSc, Assoc. prof.<br \/>Agnieszka Latoch, PhD, DSc<br \/>Barbara Hawrylak-Nowak, pPhD, DSc, Assoc. prof.<br \/>Representative of Independent Self-governing Trade Union \u201cSolidarno\u015b\u0107\u201d Marek \u015acibisz, PhD Social Labour Inspector<br \/>Representative of Polish Teachers Union ZNP Adam W\u0119grzyn, BEng, PhD<br \/>Dariusz Kubel, MSc<br \/>A doctor who takes medical and preventive care for ULSL employees<\/p>\n<h1><strong>Committe for Science and Commercialization of Research Results\u00a0<\/strong><\/h1>\n<h4><strong>Chairperson<\/strong><\/h4>\n<p>S\u0142awomir Kocira, PhD, DSc, ProfTit\u00a0<\/p>\n<h4>Members<\/h4>\n<p>El\u017cbieta Harasim, PhD, DSc, Assoc. prof.<br \/>Renata Urban-Chmiel, PhD, DSc, ProfTit\u00a0<br \/>\u0141ukasz Wlaz\u0142o, PhD, DSc, Assoc. prof.<br \/>Magdalena Kap\u0142an, PhD, DSc, Assoc. prof.<br \/>Ma\u0142gorzata Karwowska, PhD, DSc, ProfTit\u00a0<br \/>Siemowit Muszy\u0144ski, PhD, DSc, Assoc. prof.<\/p>\n<h1><strong>Committee for International Cooperation<\/strong><\/h1>\n<h4><strong>Chairperson<\/strong><\/h4>\n<p>Urszula Gawlik, PhD, DSc, ProfTit\u00a0<\/p>\n<h4>Members<\/h4>\n<p>Mariusz Kulik, PhD, DSc, Assoc. prof.<br \/>\u0141ukasz Adaszek, PhD, DSc, ProfTit<br \/>Justyna Batkowska, PhD, DSc,ProfTit\u00a0<br \/>Iwona Szot, PhD, DSc, Assoc. prof.<br \/>Grzegorz Maj, PhD, DSc, Assoc. prof.<br \/>Marta Arczewska, PhD, DSc, Assoc. prof.<\/p>\n<h1><strong>Committee for Experimental Farms<\/strong><\/h1>\n<h4><strong>Chairperson<\/strong><\/h4>\n<p>Stanis\u0142aw Parafiniuk, BEng, PhD, DSc, Assoc. prof.<\/p>\n<h4>Members<\/h4>\n<p>Piotr Kraska, PhD, DSc, Assoc. prof.<br \/>Jose Luis Valverde Piedra, PhD, DSc, ProfTit\u00a0<br \/>Izabela Wilk, PhD, DSc, ProfTit\u00a0<br \/>Wojciech Durlak, PhD, DSc<br \/>Dariusz Stasiak, PhD, DSc, Assoc. prof.<br \/>Jacek Rechulicz, PhD, DSc, Assoc. prof.<br \/>Representative of Independent Self-governing Trade Union \u201cSolidarno\u015b\u0107\u201d \u2013 Ewelina Kapitan, MSc<\/p>\n<h1><strong>Committee for Research Equipment<\/strong><\/h1>\n<h4><strong>Chairperson<\/strong><\/h4>\n<p>Marcin Arciszewski, PhD, DSc, ProfTit\u00a0<\/p>\n<h4>Members<\/h4>\n<p>Jolanta Joniec, PhD, DSc, Assoc. prof.<br \/>Krzysztof Olszewski, PhD, DSc, ProfTit<br \/>Marzena Parzymies, PhD, DSc<br \/>Artur Serafin, PhD, DSc, Assoc. prof.<br \/>Rados\u0142aw Kowalski, PhD, DSc, ProfTit<br \/>Danuta Kowalczyk-Pecka, PhD, DSc, Assoc. prof.<\/p>\n<h1><strong>Committee for University Statute and Development<\/strong><\/h1>\n<h4>Chairperson<\/h4>\n<p>Anna Nowak, PhD, DSc, Assoc. prof.<\/p>\n<h4>Members<\/h4>\n<p>Ewa Tomaszewska, PhD, DSc, ProfTit\u00a0<br \/>Katarzyna Tajchman, PhD, DSc, Assoc. prof.<br \/>Marzena B\u0142a\u017cewicz-Wo\u017aniak, PhD, DSc,ProfTit\u00a0<br \/>Grzegorz Zaj\u0105c, PhD, DSc, Assoc. prof.<br \/>Karolina W\u00f3jciak, PhD, DSc, ProfTit\u00a0<br \/>Grzegorz Grzywaczewski, PhD, DSc, Assoc. prof.<br \/>Representative of Independent Self-governing Trade Union \u201cSolidarno\u015b\u0107\u201d \u2013 Marek Kopacki, PhD, DSc<br \/>Representative of Polish Teachers Union ZNP \u2013 Joanna Pawlak, BEng, PhD<\/p>\n<h1><strong>Committee for Human Resources<\/strong><\/h1>\n<h4><strong>Chairperson<\/strong><\/h4>\n<p>Aleksandra G\u0142owacka, PhD, DSc, Assoc. prof.<\/p>\n<p><strong>Members<\/strong><\/p>\n<p>Marek Szczubia\u0142, PhD, DSc, Assoc. prof.<br \/>Andrzej Jakubczak, PhD, DSc, ProfTit\u00a0<br \/>Edyta G\u00f3rska-Drabik, PhD, DSc, Assoc. prof.<br \/>Agnieszka Starek-W\u00f3jcicka, PhD, DSc, Assoc. prof.<br \/>Joanna Stadnik, PhD, DSc, ProfTit\u00a0<br \/>Wojciech P\u0119czu\u0142a, PhD, DSc, Assoc. prof.<br \/>Representative of Independent Self-governing Trade Union \u201cSolidarno\u015b\u0107\u201d \u2013\u00a0 Roman Lalak, MSc<br \/>Representative of Polish Teachers Union ZNP \u2013 Krzysztof Tomczuk, PhD, DSc, ProfTit\u00a0<\/p>\n                                        <\/div>\n\t\t\t\t\t\t                                <\/div>\n\t\t\t\t\t\t<\/div>\n\t<\/div>\n<\/section>\n\t\t<\/div>\n\t\t\t\t<\/div>\n\t\t\t\t\t\t<\/div>\n\t\t\t\t\t<\/div>\n\t\t<\/div>\n\t\t\t\t\t\t\t\t<\/div>\n\t\t\t\t\t<\/div>\n\t\t<\/section>\n\t\t\t\t\t\t<\/div>\n\t\t\t\t\t\t<\/div>\n\t\t\t\t\t<\/div>\n\t\t","protected":false},"excerpt":{"rendered":"<p>Senate for years 2024-2028 UP Senate Senate committees RECTOR Krzysztof Kowalczyk, PhD, DSc, ProfTit, Rector of the University of Life Sciences in Lublin\u00a0 VICE-RECTORS Andrzej Marczuk, PhD, DSc, ProfTit, Vice-Rector for Human Resources\u00a0Bartosz So\u0142owiej, PhD, DSc, ProfTit, Vice-Rector for Science and International Cooperation\u00a0 DEANS Barbara Ko\u0142odziej, PhD, DSc, ProfTit, Faculty of AgrobioengineeringAneta Nowakiewicz, PhD, DSc, [&hellip;]<\/p>\n","protected":false},"author":2,"featured_media":0,"parent":114631,"menu_order":0,"comment_status":"closed","ping_status":"closed","template":"elementor_header_footer","meta":{"_monsterinsights_skip_tracking":false,"_monsterinsights_sitenote_active":false,"_monsterinsights_sitenote_note":"","_monsterinsights_sitenote_category":0},"_links":{"self":[{"href":"https:\/\/up.lublin.pl\/en\/wp-json\/wp\/v2\/pages\/114883"}],"collection":[{"href":"https:\/\/up.lublin.pl\/en\/wp-json\/wp\/v2\/pages"}],"about":[{"href":"https:\/\/up.lublin.pl\/en\/wp-json\/wp\/v2\/types\/page"}],"author":[{"embeddable":true,"href":"https:\/\/up.lublin.pl\/en\/wp-json\/wp\/v2\/users\/2"}],"replies":[{"embeddable":true,"href":"https:\/\/up.lublin.pl\/en\/wp-json\/wp\/v2\/comments?post=114883"}],"version-history":[{"count":97,"href":"https:\/\/up.lublin.pl\/en\/wp-json\/wp\/v2\/pages\/114883\/revisions"}],"predecessor-version":[{"id":506082,"href":"https:\/\/up.lublin.pl\/en\/wp-json\/wp\/v2\/pages\/114883\/revisions\/506082"}],"up":[{"embeddable":true,"href":"https:\/\/up.lublin.pl\/en\/wp-json\/wp\/v2\/pages\/114631"}],"wp:attachment":[{"href":"https:\/\/up.lublin.pl\/en\/wp-json\/wp\/v2\/media?parent=114883"}],"curies":[{"name":"wp","href":"https:\/\/api.w.org\/{rel}","templated":true}]}}