{"id":114611,"date":"2021-02-19T12:58:36","date_gmt":"2021-02-19T11:58:36","guid":{"rendered":"https:\/\/up.lublin.pl\/?page_id=114611"},"modified":"2026-04-22T13:56:26","modified_gmt":"2026-04-22T11:56:26","slug":"university","status":"publish","type":"page","link":"https:\/\/up.lublin.pl\/en\/university\/","title":{"rendered":"University"},"content":{"rendered":"\t\t<div data-elementor-type=\"wp-page\" data-elementor-id=\"114611\" class=\"elementor elementor-114611 elementor-70577\" data-elementor-settings=\"[]\">\n\t\t\t\t\t\t<div class=\"elementor-inner\">\n\t\t\t\t\t\t\t<div class=\"elementor-section-wrap\">\n\t\t\t\t\t\t\t<section class=\"elementor-section elementor-top-section elementor-element elementor-element-aee3b5c elementor-section-boxed elementor-section-height-default elementor-section-height-default\" data-id=\"aee3b5c\" data-element_type=\"section\">\n\t\t\t\t\t\t<div class=\"elementor-container elementor-column-gap-default\">\n\t\t\t\t\t\t\t<div class=\"elementor-row\">\n\t\t\t\t\t<div class=\"elementor-column elementor-col-100 elementor-top-column elementor-element elementor-element-c880d00\" data-id=\"c880d00\" data-element_type=\"column\">\n\t\t\t<div class=\"elementor-column-wrap elementor-element-populated\">\n\t\t\t\t\t\t\t<div class=\"elementor-widget-wrap\">\n\t\t\t\t\t\t<div class=\"elementor-element elementor-element-ec81f1d elementor-widget elementor-widget-m2j\" data-id=\"ec81f1d\" data-element_type=\"widget\" data-widget_type=\"m2j.default\">\n\t\t\t\t<div class=\"elementor-widget-container\">\n\t\t\t<section class=\"mn-m2-h\">\n    <div class=\"mn-image-container mn-container\">\n                    <img src=\"https:\/\/up.lublin.pl\/wp-content\/uploads\/2026\/04\/2026-web-waski-BANER-1-2.jpg\" alt=\"\">\n                                <h3 class=\"mn-title\">\n                University            <\/h3>\n                <\/div>\n    <div class=\"mn-grid mn-content\">\n            <\/div>\n<\/section>\n\t\t<\/div>\n\t\t\t\t<\/div>\n\t\t\t\t\t\t<\/div>\n\t\t\t\t\t<\/div>\n\t\t<\/div>\n\t\t\t\t\t\t\t\t<\/div>\n\t\t\t\t\t<\/div>\n\t\t<\/section>\n\t\t\t\t<section class=\"elementor-section elementor-top-section elementor-element elementor-element-0e62a52 elementor-section-boxed elementor-section-height-default elementor-section-height-default\" data-id=\"0e62a52\" data-element_type=\"section\">\n\t\t\t\t\t\t<div class=\"elementor-container elementor-column-gap-default\">\n\t\t\t\t\t\t\t<div class=\"elementor-row\">\n\t\t\t\t\t<div class=\"elementor-column elementor-col-100 elementor-top-column elementor-element elementor-element-ba84e2b\" data-id=\"ba84e2b\" data-element_type=\"column\">\n\t\t\t<div class=\"elementor-column-wrap elementor-element-populated\">\n\t\t\t\t\t\t\t<div class=\"elementor-widget-wrap\">\n\t\t\t\t\t\t<div class=\"elementor-element elementor-element-98c9d61 elementor-widget elementor-widget-logoslider\" data-id=\"98c9d61\" data-element_type=\"widget\" data-widget_type=\"logoslider.default\">\n\t\t\t\t<div class=\"elementor-widget-container\">\n\t\t\t\n    <section class=\"mn-m3-d  mn-bg-green\">\n                    <div class=\"mn-grid\">\n                <h2 class=\"mn-grid-12 mn-title\">\n                    We are proud to be members of:                <\/h2>\n            <\/div>\n                    <div class=\"mn-grid\">\n            <div class=\"logoslider mn-events-list mn-grid-12\">\n                                    <div class=\"mn-event\" style=\"\">\n                        <a href=\"https:\/\/www.eua.eu\/\" target=\"_blank\">\n                            <div class=\"mn-image-container\">\n                                <img src=\"https:\/\/up.lublin.pl\/wp-content\/uploads\/2026\/04\/01-eua.png\" alt=\"\" \/>\n                            <\/div>\n                            <div class=\"mn-content\">\n                                <h3>EUA<\/h3>\n                            <\/div>\n                        <\/a>\n                    <\/div>\n                                        <div class=\"mn-event\" style=\"\">\n                        <a href=\"https:\/\/www.eaeve.org\/\" target=\"_blank\">\n                            <div class=\"mn-image-container\">\n                                <img src=\"https:\/\/up.lublin.pl\/wp-content\/uploads\/2026\/04\/03-eaeve.png\" alt=\"\" \/>\n                            <\/div>\n                            <div class=\"mn-content\">\n                                <h3>EAEVE<\/h3>\n                            <\/div>\n                        <\/a>\n                    <\/div>\n                                        <div class=\"mn-event\" style=\"\">\n                        <a href=\"https:\/\/www.krasp.org.pl\/en\" target=\"_blank\">\n                            <div class=\"mn-image-container\">\n                                <img src=\"https:\/\/up.lublin.pl\/wp-content\/uploads\/2026\/04\/02-krasp.png\" alt=\"\" \/>\n                            <\/div>\n                            <div class=\"mn-content\">\n                                <h3>KRASP<\/h3>\n                            <\/div>\n                        <\/a>\n                    <\/div>\n                                <\/div>\n        <\/div>\n    <\/section>\n\n    <script type=\"text\/javascript\" src=\"\/wp-includes\/js\/jquery\/jquery.min.js?ver=3.5.1\"><\/script>\n    <script type=\"text\/javascript\" src=\"https:\/\/cdn.jsdelivr.net\/npm\/slick-carousel@1.8.1\/slick\/slick.min.js\"><\/script>\n    <script>\n        (function ($) {\n            $(document).ready(function () {\n                $('.logoslider.slick-initialized').slick('unslick');\n                $('.logoslider:not(.slick-initialized)').slick({\n                    autoplay: true,\n                    autoplaySpeed:1500,\n                    dots: false,\n                    infinite: true,\n                    centerMode: false,\n                    arrows: true,\n                    nextPrev: '<button class=\"slide-arrow next-arrow\">Poprzednia<\/button>',\n                    nextArrow: '<button class=\"slide-arrow next-arrow\">Nast\u0119pna<\/button>',\n                    speed: 300,\n                    slidesToShow: 3,\n                    slidesToScroll: 1,\n                });\n\n            });\n        })(jQuery);\n    <\/script>\n    \t\t<\/div>\n\t\t\t\t<\/div>\n\t\t\t\t<div class=\"elementor-element elementor-element-4712c6b elementor-widget elementor-widget-m4a\" data-id=\"4712c6b\" data-element_type=\"widget\" data-widget_type=\"m4a.default\">\n\t\t\t\t<div class=\"elementor-widget-container\">\n\t\t\t\t<section class=\"mn-m4_b mn-bg-green\">\n\t\t\t\t<div class=\"mn-grid\">\n\t\t\t\t\t\t\t<div class=\"mn-grid-6 mn-kat-m4-container\">\n\t\t\t\t\t\t\t\t\t\t\t\t\t\t\t\t<h3>About Us<\/h3>\n\t\t\t\t\t\t\t\t\t\t\t\t\t\t\t\t\t\t\t\t\t\t<a href=\"https:\/\/up.lublin.pl\/en\/university\/about-us\/\" class=\"mn-more\">Read more<\/a>\n\t\t\t\t\t\t\t\t\t\t<\/div>\n\t\t\t\t\t\t\t\t<div class=\"mn-grid-6 mn-kat-m4-container\">\n\t\t\t\t\t\t\t\t\t\t\t\t\t\t\t\t<h3>Governance<\/h3>\n\t\t\t\t\t\t\t\t\t\t\t\t\t\t\t\t\t\t\t\t\t\t<a href=\"https:\/\/up.lublin.pl\/uniwersytet\/wladze\/\" class=\"mn-more\">Read more<\/a>\n\t\t\t\t\t\t\t\t\t\t<\/div>\n\t\t\t\t\t\t\t\t<div class=\"mn-grid-4 mn-kat-m4-container\">\n\t\t\t\t\t\t\t\t\t\t\t\t\t\t\t\t<h3>History<\/h3>\n\t\t\t\t\t\t\t\t\t\t\t\t\t\t\t\t\t\t\t\t\t\t<a href=\"https:\/\/up.lublin.pl\/uniwersytet\/historia\/\" class=\"mn-more\">Read more<\/a>\n\t\t\t\t\t\t\t\t\t\t<\/div>\n\t\t\t\t\t\t\t\t<div class=\"mn-grid-4 mn-kat-m4-container\">\n\t\t\t\t\t\t\t\t\t\t\t\t\t\t\t\t<h3>Equal treatement at ULSL<\/h3>\n\t\t\t\t\t\t\t\t\t\t\t\t\t\t\t\t\t\t\t\t\t\t<a href=\"https:\/\/up.lublin.pl\/en\/university\/equal-treatment\/\" class=\"mn-more\">Read more<\/a>\n\t\t\t\t\t\t\t\t\t\t<\/div>\n\t\t\t\t\t\t\t\t<div class=\"mn-grid-4 mn-kat-m4-container\">\n\t\t\t\t\t\t\t\t\t\t\t\t\t\t\t\t<h3>Gallery<\/h3>\n\t\t\t\t\t\t\t\t\t\t\t\t\t\t\t\t\t\t\t\t\t\t<a href=\"https:\/\/up.lublin.pl\/uniwersytet\/galeria\/\" class=\"mn-more\">Read more<\/a>\n\t\t\t\t\t\t\t\t\t\t<\/div>\n\t\t\t\t\t\t<\/div>\n\t<\/section>\n\t\t\t<\/div>\n\t\t\t\t<\/div>\n\t\t\t\t\t\t<\/div>\n\t\t\t\t\t<\/div>\n\t\t<\/div>\n\t\t\t\t\t\t\t\t<\/div>\n\t\t\t\t\t<\/div>\n\t\t<\/section>\n\t\t\t\t\t\t<\/div>\n\t\t\t\t\t\t<\/div>\n\t\t\t\t\t<\/div>\n\t\t","protected":false},"excerpt":{"rendered":"<p>University We are proud to be members of: EUA EAEVE KRASP About Us Zobacz wi\u0119cej Governance Zobacz wi\u0119cej History Zobacz wi\u0119cej Equal treatement at ULSL Zobacz wi\u0119cej Gallery Zobacz wi\u0119cej<\/p>\n","protected":false},"author":2,"featured_media":0,"parent":0,"menu_order":0,"comment_status":"closed","ping_status":"closed","template":"elementor_header_footer","meta":{"_monsterinsights_skip_tracking":false,"_monsterinsights_sitenote_active":false,"_monsterinsights_sitenote_note":"","_monsterinsights_sitenote_category":0},"_links":{"self":[{"href":"https:\/\/up.lublin.pl\/en\/wp-json\/wp\/v2\/pages\/114611"}],"collection":[{"href":"https:\/\/up.lublin.pl\/en\/wp-json\/wp\/v2\/pages"}],"about":[{"href":"https:\/\/up.lublin.pl\/en\/wp-json\/wp\/v2\/types\/page"}],"author":[{"embeddable":true,"href":"https:\/\/up.lublin.pl\/en\/wp-json\/wp\/v2\/users\/2"}],"replies":[{"embeddable":true,"href":"https:\/\/up.lublin.pl\/en\/wp-json\/wp\/v2\/comments?post=114611"}],"version-history":[{"count":34,"href":"https:\/\/up.lublin.pl\/en\/wp-json\/wp\/v2\/pages\/114611\/revisions"}],"predecessor-version":[{"id":541003,"href":"https:\/\/up.lublin.pl\/en\/wp-json\/wp\/v2\/pages\/114611\/revisions\/541003"}],"wp:attachment":[{"href":"https:\/\/up.lublin.pl\/en\/wp-json\/wp\/v2\/media?parent=114611"}],"curies":[{"name":"wp","href":"https:\/\/api.w.org\/{rel}","templated":true}]}}