{"id":108129,"date":"2021-01-29T14:13:22","date_gmt":"2021-01-29T13:13:22","guid":{"rendered":"https:\/\/up.lublin.pl\/?page_id=108129"},"modified":"2024-05-27T11:17:57","modified_gmt":"2024-05-27T09:17:57","slug":"doctoral-school","status":"publish","type":"page","link":"https:\/\/up.lublin.pl\/en\/doctoral-school\/","title":{"rendered":"Doctoral School"},"content":{"rendered":"\t\t<div data-elementor-type=\"wp-page\" data-elementor-id=\"108129\" class=\"elementor elementor-108129 elementor-86206\" data-elementor-settings=\"[]\">\n\t\t\t\t\t\t<div class=\"elementor-inner\">\n\t\t\t\t\t\t\t<div class=\"elementor-section-wrap\">\n\t\t\t\t\t\t\t<section class=\"elementor-section elementor-top-section elementor-element elementor-element-001a521 elementor-section-boxed elementor-section-height-default elementor-section-height-default\" data-id=\"001a521\" data-element_type=\"section\">\n\t\t\t\t\t\t<div class=\"elementor-container elementor-column-gap-default\">\n\t\t\t\t\t\t\t<div class=\"elementor-row\">\n\t\t\t\t\t<div class=\"elementor-column elementor-col-100 elementor-top-column elementor-element elementor-element-1bc6227\" data-id=\"1bc6227\" data-element_type=\"column\">\n\t\t\t<div class=\"elementor-column-wrap elementor-element-populated\">\n\t\t\t\t\t\t\t<div class=\"elementor-widget-wrap\">\n\t\t\t\t\t\t<div class=\"elementor-element elementor-element-4dede22 elementor-widget elementor-widget-m2c\" data-id=\"4dede22\" data-element_type=\"widget\" data-widget_type=\"m2c.default\">\n\t\t\t\t<div class=\"elementor-widget-container\">\n\t\t\t\t<section class=\"mn-m2-a mn-m2-c mn-bg-green\">\n\t\t<div class=\"mn-grid\">\n\t\t\t<div class=\"mn-grid-3 mn-introtext\">\n\t\t\t\t\t\t\t\t\t\t\t\t\t<h3>Doctoral School<\/h3>\n\t\t\t\t\t                \t\t\t<\/div>\n\t\t\t<div class=\"slider slider-for-m2c mn-grid-9\">\n\t\t\t\t\t\t\t\t\t<div class=\"element\">\n\t\t\t\t\t\t\t\t\t\t\t\t\t<img src=\"https:\/\/up.lublin.pl\/wp-content\/uploads\/2021\/04\/szkola_doktorska_banner.jpg\" alt=\"\">\n\t\t\t\t\t\t\t\t\t\t\t\t<\/div>\n\t\t\t\t\t\t\t\t\t\t<div class=\"element\">\n\t\t\t\t\t\t\t\t\t\t\t\t\t<img src=\"https:\/\/up.lublin.pl\/wp-content\/uploads\/2021\/05\/sd2_banner.jpg\" alt=\"\">\n\t\t\t\t\t\t\t\t\t\t\t\t<\/div>\n\t\t\t\t\t\t\t\t\t\t<div class=\"element\">\n\t\t\t\t\t\t\t\t\t\t\t\t\t<img src=\"https:\/\/up.lublin.pl\/wp-content\/uploads\/2021\/05\/sd1_banner.jpg\" alt=\"\">\n\t\t\t\t\t\t\t\t\t\t\t\t<\/div>\n\t\t\t\t\t\t\t\t\t\t<div class=\"element\">\n\t\t\t\t\t\t\t\t\t\t\t\t\t<img src=\"https:\/\/up.lublin.pl\/wp-content\/uploads\/2021\/06\/sd_banner_4.png\" alt=\"\">\n\t\t\t\t\t\t\t\t\t\t\t\t<\/div>\n\t\t\t\t\t\t\t\t<\/div>\n\t\t<\/div>\n\t\t\t\t<div class=\"mn-grid\">\n\t\t\t<div class=\"mn-content mn-grid-12\">\n\t\t\t\t<div class=\"slider slider-nav-m2c\">\n\t\t\t\t\t\t\t\t\t\t\t<div class=\"element\">\n\t\t\t\t\t\t\t<p class=\"mn-slide-nmb\">01<\/p>\n\t\t\t\t\t\t\t<div class=\"mn-slide-progress\"><\/div>\n\t\t\t\t\t\t\t\t\t\t\t\t\t<\/div>\n\t\t\t\t\t\t\t\t\t\t\t\t<div class=\"element\">\n\t\t\t\t\t\t\t<p class=\"mn-slide-nmb\">02<\/p>\n\t\t\t\t\t\t\t<div class=\"mn-slide-progress\"><\/div>\n\t\t\t\t\t\t\t\t\t\t\t\t\t<\/div>\n\t\t\t\t\t\t\t\t\t\t\t\t<div class=\"element\">\n\t\t\t\t\t\t\t<p class=\"mn-slide-nmb\">03<\/p>\n\t\t\t\t\t\t\t<div class=\"mn-slide-progress\"><\/div>\n\t\t\t\t\t\t\t\t\t\t\t\t\t<\/div>\n\t\t\t\t\t\t\t\t\t\t\t\t<div class=\"element\">\n\t\t\t\t\t\t\t<p class=\"mn-slide-nmb\">04<\/p>\n\t\t\t\t\t\t\t<div class=\"mn-slide-progress\"><\/div>\n\t\t\t\t\t\t\t\t\t\t\t\t\t<\/div>\n\t\t\t\t\t\t\t\t\t\t<\/div>\n\t\t\t<\/div>\n\t\t<\/div>\n\t<\/section>\n\t\t\t\t<\/div>\n\t\t\t\t<\/div>\n\t\t\t\t<div class=\"elementor-element elementor-element-59c3995 elementor-widget elementor-widget-m4a\" data-id=\"59c3995\" data-element_type=\"widget\" data-widget_type=\"m4a.default\">\n\t\t\t\t<div class=\"elementor-widget-container\">\n\t\t\t\t<section class=\"mn-m4_b mn-bg-green\">\n\t\t\t\t<div class=\"mn-grid\">\n\t\t\t\t\t\t\t<div class=\"mn-grid-4 mn-kat-m4-container\">\n\t\t\t\t\t\t\t\t\t\t\t<div class=\"mn-kat-m4-img\">\n\t\t\t\t\t\t\t\t\t\t\t\t\t\t\t<img src=\"https:\/\/up.lublin.pl\/wp-content\/uploads\/2021\/08\/sd_ikona.png\" alt=\"Doctoral School of the University of Life Sciences in Lublin - a chance to pursue scientific passions. Find out why!\" \/>\n\t\t\t\t\t\t\t\t\t\t\t\t\t\t<\/div>\n\t\t\t\t\t\t\t\t\t\t\t\t\t\t\t\t\t<h3>Doctoral School of the University of Life Sciences in Lublin - a&nbsp;chance to pursue scientific passions. Find out why!<\/h3>\n\t\t\t\t\t\t\t\t\t\t\t\t\t\t\t\t\t\t\t\t\t\t<a href=\"https:\/\/up.lublin.pl\/szkola-doktorska\/o-szkole\/\" class=\"mn-more\">Read more<\/a>\n\t\t\t\t\t\t\t\t\t\t<\/div>\n\t\t\t\t\t\t\t\t<div class=\"mn-grid-4 mn-kat-m4-container\">\n\t\t\t\t\t\t\t\t\t\t\t<div class=\"mn-kat-m4-img\">\n\t\t\t\t\t\t\t\t\t\t\t\t\t\t\t<img src=\"https:\/\/up.lublin.pl\/wp-content\/uploads\/2021\/08\/irk-sd2.png\" alt=\"Internet Admission System\" \/>\n\t\t\t\t\t\t\t\t\t\t\t\t\t\t<\/div>\n\t\t\t\t\t\t\t\t\t\t\t\t\t\t\t\t\t<h3>Internet Admission System<\/h3>\n\t\t\t\t\t\t\t\t\t\t\t\t\t\t\t\t\t\t\t\t\t\t<a href=\"https:\/\/irk-sd.up.lublin.pl\" class=\"mn-more\">Read more<\/a>\n\t\t\t\t\t\t\t\t\t\t<\/div>\n\t\t\t\t\t\t\t\t<div class=\"mn-grid-4 mn-kat-m4-container\">\n\t\t\t\t\t\t\t\t\t\t\t<div class=\"mn-kat-m4-img\">\n\t\t\t\t\t\t\t\t\t\t\t\t\t\t\t<img src=\"https:\/\/up.lublin.pl\/wp-content\/uploads\/2023\/08\/apply-doctoral.png\" alt=\"How to apply to Doctoral School. Step by step guidance\" \/>\n\t\t\t\t\t\t\t\t\t\t\t\t\t\t<\/div>\n\t\t\t\t\t\t\t\t\t\t\t\t\t\t\t\t\t<h3>How to apply to Doctoral School. Step by step guidance<\/h3>\n\t\t\t\t\t\t\t\t\t\t\t\t\t\t\t\t\t\t\t\t\t\t<a href=\"https:\/\/up.lublin.pl\/en\/doctoral-school\/step-by-step-guidance\/\" class=\"mn-more\">Read more<\/a>\n\t\t\t\t\t\t\t\t\t\t<\/div>\n\t\t\t\t\t\t\t\t<div class=\"mn-grid-6 mn-kat-m4-container\">\n\t\t\t\t\t\t\t\t\t\t\t<div class=\"mn-kat-m4-img\">\n\t\t\t\t\t\t\t\t\t\t\t\t\t\t\t<img src=\"https:\/\/up.lublin.pl\/wp-content\/uploads\/2022\/01\/ikona_konferencje_sd.png\" alt=\"INTERNATIONAL PhD STUDENT\u2019S CONFERENCE AT THE UNIVERSITY OF LIFE SCIENCES IN LUBLIN: ENVIRONMENT-PLANT-ANIMAL-PRODUCT (ICDSUPL)\" \/>\n\t\t\t\t\t\t\t\t\t\t\t\t\t\t<\/div>\n\t\t\t\t\t\t\t\t\t\t\t\t\t\t\t\t\t<h3>INTERNATIONAL PhD STUDENT\u2019S CONFERENCE AT THE UNIVERSITY OF LIFE SCIENCES IN LUBLIN: ENVIRONMENT-PLANT-ANIMAL-PRODUCT (ICDSUPL)<\/h3>\n\t\t\t\t\t\t\t\t\t\t\t\t\t\t\t\t\t\t\t\t\t\t<a href=\"https:\/\/up.lublin.pl\/en\/doctoral-school\/international-conference-of-doctoral-students\/\" class=\"mn-more\">Read more<\/a>\n\t\t\t\t\t\t\t\t\t\t<\/div>\n\t\t\t\t\t\t\t\t<div class=\"mn-grid-6 mn-kat-m4-container\">\n\t\t\t\t\t\t\t\t\t\t\t<div class=\"mn-kat-m4-img\">\n\t\t\t\t\t\t\t\t\t\t\t\t\t\t\t<img src=\"https:\/\/up.lublin.pl\/wp-content\/uploads\/2024\/03\/nawa-ster-icon.png\" alt=\"NAWA STER - \u201cActions towards the internationalization of the Doctoral School of the University of Life Sciences in Lublin (I-SDUPL)\u201d\" \/>\n\t\t\t\t\t\t\t\t\t\t\t\t\t\t<\/div>\n\t\t\t\t\t\t\t\t\t\t\t\t\t\t\t\t\t<h3>NAWA STER - \u201cActions towards the internationalization of the Doctoral School of the University of Life Sciences in Lublin (I-SDUPL)\u201d<\/h3>\n\t\t\t\t\t\t\t\t\t\t\t\t\t\t\t\t\t\t\t\t\t\t<a href=\"https:\/\/up.lublin.pl\/en\/doctoral-school\/ster\/\" class=\"mn-more\">Read more<\/a>\n\t\t\t\t\t\t\t\t\t\t<\/div>\n\t\t\t\t\t\t<\/div>\n\t<\/section>\n\t\t\t<\/div>\n\t\t\t\t<\/div>\n\t\t\t\t<div class=\"elementor-element elementor-element-86ca711 elementor-widget elementor-widget-m3a\" data-id=\"86ca711\" data-element_type=\"widget\" data-widget_type=\"m3a.default\">\n\t\t\t\t<div class=\"elementor-widget-container\">\n\t\t\t\t<section class=\"mn-m3-a mn-bg-green mn-m3-g\">\n\t\t<div class=\"mn-grid\">\n\t\t\t<h2 class=\"custom-mn-grid-4\">News:<\/h2>\n\t\t\t                <div class=\"custom-mn-grid-8\">\n\t\t            \t<div class=\"mn-tabs\">\r\n                        <div class=\"mn-tabs\">\r\n                    <a href=\"https:\/\/up.lublin.pl\/en\/blog\/category\/dotoral-school\/\" class=\"mn-more\"  >Zobacz wszystkie<\/a>\r\n                <\/div>\r\n                    \t<\/div>\r\n\t                <\/div>\n\t            \t\t\t<div class=\"mn-grid-3 mn-introtext\">\n\t\t\t\t<p>Latest news, announcements about Doctoral School!<\/p>\t\t\t<\/div>\n\t\t\t                <div class=\"mn-grid-11 mn-slider-container\">\n\n                    <div class=\"mn-news-slider slider slider-69eaa8b0b77db\">\n\t\t\t\t\t\t                            <div class=\"slick-slide post-el  slick-current term-5564\">\n\t\t\t\t\t\t\t\t                                <div class=\"mn-grid-3 mn-kat-m4-container\">\n\t\t\t\t\t\t\t\t\t\t\t\t\t\t\t\t\t\t\t\t\t\t\t\t\t\t\t                                        <h5 class=\"mn-date\">17.04.2026<\/h5>\n\t\t\t\t\t\t\t\t\t\t\t\t\t\t\t\t\t\t\t                                        <div class=\"mn-lead\">\n\t\t\t\t\t\t\t\t\t\t\t                                                <p>Open popular science workshops: \"Laboratory diagnostics of livestock sperm quality\" and \"Role of miRNAs in regulation of chronic lymphocytic leukemia\u201d<\/p>\n\t\t\t\t\t\t\t\t\t\t\t\t                                        <\/div>\n\t\t\t\t\t\t\t\t\t\t                                    <a href=\"https:\/\/up.lublin.pl\/en\/blog\/open-popular-science-workshops-april-20-2026\/\" class=\"mn-more\">Read more<\/a>\n\n\t\t\t\t\t\t\t\t\t                                <\/div>\n\t\t\t\t\t\t\t                            <\/div>\n\t\t\t\t\t\t\t                            <div class=\"slick-slide post-el  term-5564\">\n\t\t\t\t\t\t\t\t                                <div class=\"mn-grid-3 mn-kat-m4-container\">\n\t\t\t\t\t\t\t\t\t\t\t\t\t\t\t\t\t\t\t\t\t\t\t\t\t\t\t                                        <h5 class=\"mn-date\">17.04.2026<\/h5>\n\t\t\t\t\t\t\t\t\t\t\t\t\t\t\t\t\t\t\t                                        <div class=\"mn-lead\">\n\t\t\t\t\t\t\t\t\t\t\t                                                <p>Open popular science workshops: \"How to write and publish a research paper?\" and \"Remote Sensing for Ecosystem Monitoring\"<\/p>\n\t\t\t\t\t\t\t\t\t\t\t\t                                        <\/div>\n\t\t\t\t\t\t\t\t\t\t                                    <a href=\"https:\/\/up.lublin.pl\/en\/blog\/open-popular-science-workshops-how-to-write-and-publish-a-research-paper-and-remote-sensing-for-ecosystem-monitoring\/\" class=\"mn-more\">Read more<\/a>\n\n\t\t\t\t\t\t\t\t\t                                <\/div>\n\t\t\t\t\t\t\t                            <\/div>\n\t\t\t\t\t\t\t                            <div class=\"slick-slide post-el  term-5564 term-5755\">\n\t\t\t\t\t\t\t\t                                <div class=\"mn-grid-3 mn-kat-m4-container\">\n\t\t\t\t\t\t\t\t\t\t\t\t\t\t\t\t\t\t\t\t\t\t\t\t\t\t\t                                        <h5 class=\"mn-date\">31.03.2026<\/h5>\n\t\t\t\t\t\t\t\t\t\t\t\t\t\t\t\t\t\t\t                                        <div class=\"mn-lead\">\n\t\t\t\t\t\t\t\t\t\t\t                                                <p>The 3rd Round of Supplementary Recruitment for PhD students under the project \u201ePROM \u2013 Short-term Academic Exchange\u201d<\/p>\n\t\t\t\t\t\t\t\t\t\t\t\t                                        <\/div>\n\t\t\t\t\t\t\t\t\t\t                                    <a href=\"https:\/\/up.lublin.pl\/en\/blog\/the-3rd-round-of-supplementary-recruitment-for-phd-students-under-the-project-prom-short-term-academic-exchange\/\" class=\"mn-more\">Read more<\/a>\n\n\t\t\t\t\t\t\t\t\t                                <\/div>\n\t\t\t\t\t\t\t                            <\/div>\n\t\t\t\t\t\t\t                            <div class=\"slick-slide post-el  term-5564 term-5755\">\n\t\t\t\t\t\t\t\t                                <div class=\"mn-grid-3 mn-kat-m4-container\">\n\t\t\t\t\t\t\t\t\t\t\t\t\t\t\t\t\t\t\t\t\t\t\t\t\t\t\t                                        <h5 class=\"mn-date\">25.02.2026<\/h5>\n\t\t\t\t\t\t\t\t\t\t\t\t\t\t\t\t\t\t\t                                        <div class=\"mn-lead\">\n\t\t\t\t\t\t\t\t\t\t\t                                                <p>The 2nd Round of Supplementary Recruitment for PhD students under the project \u201cPROM \u2013 Short-term Academic Exchange\u201d<\/p>\n\t\t\t\t\t\t\t\t\t\t\t\t                                        <\/div>\n\t\t\t\t\t\t\t\t\t\t                                    <a href=\"https:\/\/up.lublin.pl\/en\/blog\/the-2nd-round-of-supplementary-recruitment-for-phd-students-under-the-project-prom-short-term-academic-exchange\/\" class=\"mn-more\">Read more<\/a>\n\n\t\t\t\t\t\t\t\t\t                                <\/div>\n\t\t\t\t\t\t\t                            <\/div>\n\t\t\t\t\t\t\t                            <div class=\"slick-slide post-el  term-5564 term-5696 term-5622\">\n\t\t\t\t\t\t\t\t                                <div class=\"mn-grid-3 mn-kat-m4-container\">\n\t\t\t\t\t\t\t\t\t\t\t\t\t\t\t\t\t\t\t\t\t\t\t\t\t\t\t                                        <h5 class=\"mn-date\">09.02.2026<\/h5>\n\t\t\t\t\t\t\t\t\t\t\t\t\t\t\t\t\t\t\t                                        <div class=\"mn-lead\">\n\t\t\t\t\t\t\t\t\t\t\t                                                <p>Doctoral School Project of the University of Life Sciences in Lublin Funded under the \u201cAcademic Lublin\u201d Programme<\/p>\n\t\t\t\t\t\t\t\t\t\t\t\t                                        <\/div>\n\t\t\t\t\t\t\t\t\t\t                                    <a href=\"https:\/\/up.lublin.pl\/en\/blog\/doctoral-school-project-of-the-university-of-life-sciences-in-lublin-funded-under-the-academic-lublin-programme\/\" class=\"mn-more\">Read more<\/a>\n\n\t\t\t\t\t\t\t\t\t                                <\/div>\n\t\t\t\t\t\t\t                            <\/div>\n\t\t\t\t\t\t\t                            <div class=\"slick-slide post-el  term-5564 term-5696\">\n\t\t\t\t\t\t\t\t                                <div class=\"mn-grid-3 mn-kat-m4-container\">\n\t\t\t\t\t\t\t\t\t\t\t\t\t\t\t\t\t\t\t\t\t\t\t\t\t\t\t                                        <h5 class=\"mn-date\">09.02.2026<\/h5>\n\t\t\t\t\t\t\t\t\t\t\t\t\t\t\t\t\t\t\t                                        <div class=\"mn-lead\">\n\t\t\t\t\t\t\t\t\t\t\t                                                <p>Jordan Wilk, MSc, as a representative of the Student Council of Lublin at the event #WYBIERAMLUBELSKIE<\/p>\n\t\t\t\t\t\t\t\t\t\t\t\t                                        <\/div>\n\t\t\t\t\t\t\t\t\t\t                                    <a href=\"https:\/\/up.lublin.pl\/en\/blog\/jordan-wilk-msc-as-a-representative-of-the-student-council-of-lublin-at-the-event-wybieramlubelskie\/\" class=\"mn-more\">Read more<\/a>\n\n\t\t\t\t\t\t\t\t\t                                <\/div>\n\t\t\t\t\t\t\t                            <\/div>\n\t\t\t\t\t\t\t                            <div class=\"slick-slide post-el  term-5564 term-5755\">\n\t\t\t\t\t\t\t\t                                <div class=\"mn-grid-3 mn-kat-m4-container\">\n\t\t\t\t\t\t\t\t\t\t\t\t\t\t\t\t\t\t\t\t\t\t\t\t\t\t\t                                        <h5 class=\"mn-date\">06.02.2026<\/h5>\n\t\t\t\t\t\t\t\t\t\t\t\t\t\t\t\t\t\t\t                                        <div class=\"mn-lead\">\n\t\t\t\t\t\t\t\t\t\t\t                                                <p>Supplementary Recruitment for PhD students under the project \u201cPROM \u2013 Short-term Academic Exchange\u201d<\/p>\n\t\t\t\t\t\t\t\t\t\t\t\t                                        <\/div>\n\t\t\t\t\t\t\t\t\t\t                                    <a href=\"https:\/\/up.lublin.pl\/en\/blog\/supplementary-recruitment-for-phd-students-under-the-project-prom-short-term-academic-exchange\/\" class=\"mn-more\">Read more<\/a>\n\n\t\t\t\t\t\t\t\t\t                                <\/div>\n\t\t\t\t\t\t\t                            <\/div>\n\t\t\t\t\t\t\t                            <div class=\"slick-slide post-el  term-5564 term-5652 term-5755\">\n\t\t\t\t\t\t\t\t                                <div class=\"mn-grid-3 mn-kat-m4-container\">\n\t\t\t\t\t\t\t\t\t\t\t\t\t\t\t\t\t\t\t\t\t\t\t\t\t\t\t                                        <h5 class=\"mn-date\">12.01.2026<\/h5>\n\t\t\t\t\t\t\t\t\t\t\t\t\t\t\t\t\t\t\t                                        <div class=\"mn-lead\">\n\t\t\t\t\t\t\t\t\t\t\t                                                <p>Launch of the Call for Applications for the PROM Project \u2013 Short-term Academic Exchange<\/p>\n\t\t\t\t\t\t\t\t\t\t\t\t                                        <\/div>\n\t\t\t\t\t\t\t\t\t\t                                    <a href=\"https:\/\/up.lublin.pl\/en\/blog\/launch-of-the-call-for-applications-for-the-prom-project-short-term-academic-exchange\/\" class=\"mn-more\">Read more<\/a>\n\n\t\t\t\t\t\t\t\t\t                                <\/div>\n\t\t\t\t\t\t\t                            <\/div>\n\t\t\t\t\t\t\t                            <div class=\"slick-slide post-el  term-5564 term-5565\">\n\t\t\t\t\t\t\t\t                                <div class=\"mn-grid-3 mn-kat-m4-container\">\n\t\t\t\t\t\t\t\t\t\t\t\t\t\t\t\t\t\t\t\t\t\t\t\t\t\t\t                                        <h5 class=\"mn-date\">03.11.2025<\/h5>\n\t\t\t\t\t\t\t\t\t\t\t\t\t\t\t\t\t\t\t                                        <div class=\"mn-lead\">\n\t\t\t\t\t\t\t\t\t\t\t                                                <p>List of the candidates admitted to the Doctoral School of the ULSL for the 2025\/2026 academic year \u2014 appeal process<\/p>\n\t\t\t\t\t\t\t\t\t\t\t\t                                        <\/div>\n\t\t\t\t\t\t\t\t\t\t                                    <a href=\"https:\/\/up.lublin.pl\/en\/blog\/list-of-the-candidates-admitted-to-the-doctoral-school-of-the-ulsl-for-the-2025-2026-academic-year-appeal-proces\/\" class=\"mn-more\">Read more<\/a>\n\n\t\t\t\t\t\t\t\t\t                                <\/div>\n\t\t\t\t\t\t\t                            <\/div>\n\t\t\t\t\t\t\t                            <div class=\"slick-slide post-el  term-5565\">\n\t\t\t\t\t\t\t\t                                <div class=\"mn-grid-3 mn-kat-m4-container\">\n\t\t\t\t\t\t\t\t\t\t\t\t\t\t\t\t\t\t\t\t\t\t\t\t\t\t\t                                        <h5 class=\"mn-date\">18.09.2025<\/h5>\n\t\t\t\t\t\t\t\t\t\t\t\t\t\t\t\t\t\t\t                                        <div class=\"mn-lead\">\n\t\t\t\t\t\t\t\t\t\t\t                                                <p>List of Candidates Admitted for the Doctoral School  of the University of Life Sciences in Lublin for the Academic Year 2025\/2026 - Regular Recruitment<\/p>\n\t\t\t\t\t\t\t\t\t\t\t\t                                        <\/div>\n\t\t\t\t\t\t\t\t\t\t                                    <a href=\"https:\/\/up.lublin.pl\/en\/blog\/list-of-candidates-admitted-for-the-doctoral-school-of-the-university-of-life-sciences-in-lublin-for-the-academic-year-2025-2026-regular-recruitment\/\" class=\"mn-more\">Read more<\/a>\n\n\t\t\t\t\t\t\t\t\t                                <\/div>\n\t\t\t\t\t\t\t                            <\/div>\n\t\t\t\t\t\t\t                    <\/div>\n                <\/div>\n\t\t\t\t\t\t<\/div>\n\t<\/section>\n\t\t<\/div>\n\t\t\t\t<\/div>\n\t\t\t\t\t\t<\/div>\n\t\t\t\t\t<\/div>\n\t\t<\/div>\n\t\t\t\t\t\t\t\t<\/div>\n\t\t\t\t\t<\/div>\n\t\t<\/section>\n\t\t\t\t<section class=\"elementor-section elementor-top-section elementor-element elementor-element-1d69e0a elementor-section-boxed elementor-section-height-default elementor-section-height-default\" data-id=\"1d69e0a\" data-element_type=\"section\">\n\t\t\t\t\t\t<div class=\"elementor-container elementor-column-gap-default\">\n\t\t\t\t\t\t\t<div class=\"elementor-row\">\n\t\t\t\t\t<div class=\"elementor-column elementor-col-100 elementor-top-column elementor-element elementor-element-abbe9f1\" data-id=\"abbe9f1\" data-element_type=\"column\">\n\t\t\t<div class=\"elementor-column-wrap elementor-element-populated\">\n\t\t\t\t\t\t\t<div class=\"elementor-widget-wrap\">\n\t\t\t\t\t\t<div class=\"elementor-element elementor-element-a69c5de elementor-widget elementor-widget-m4g\" data-id=\"a69c5de\" data-element_type=\"widget\" data-widget_type=\"m4g.default\">\n\t\t\t\t<div class=\"elementor-widget-container\">\n\t\t\t\t<section class=\"mn-m4_g\">\r\n\t\t<div class=\"mn-grid\">\r\n\t\t\t\t\t\t\t<div class=\"mn-grid-4 mn-kat-m4-container\">\r\n\t\t\t\t\t<div class=\"mn-kat-m4-img\">\r\n\t\t\t\t\t\t\t\t\t\t\t\t\t                                <a href=\"https:\/\/up.lublin.pl\/en\/doctoral-school\/implementation-doctorate\/\">\r\n\t                            \t\t\t\t\t\t\t\t<img src=\"https:\/\/up.lublin.pl\/wp-content\/uploads\/2021\/05\/dokt_wdr.jpg\" alt=\"\">\r\n\t\t\t\t\t\t\t                                <\/a>\r\n\t                            \t\t\t\t\t<\/div>\r\n\t\t\t\t\t\t\t\t\t\t\t\t<a href=\"https:\/\/up.lublin.pl\/en\/doctoral-school\/implementation-doctorate\/\">\r\n\t\t\t\t\t\t\t\t\t\t\t\t\t<h3>Implementation Doctorate<\/h3>\r\n\t\t\t\t\t\t\t\t\t\t\t\t\t<\/a>\r\n\t\t\t\t\t\t\t\t\t\t\t\t\t\t\t\t\t                        <div class=\"mn-to-right\">\r\n                            <a href=\"https:\/\/up.lublin.pl\/en\/doctoral-school\/implementation-doctorate\/\" class=\"mn-btn-rounded\">Read more<\/a>\r\n                        <\/div>\r\n\t\t\t\t\t\t\r\n                <\/div>\r\n\t\t\t\t\t\t\t\t<div class=\"mn-grid-4 mn-kat-m4-container\">\r\n\t\t\t\t\t<div class=\"mn-kat-m4-img\">\r\n\t\t\t\t\t\t\t\t\t\t\t\t\t                                <a href=\"https:\/\/up.lublin.pl\/en\/doctoral-school\/doctoral-internships\/\">\r\n\t                            \t\t\t\t\t\t\t\t<img src=\"https:\/\/up.lublin.pl\/wp-content\/uploads\/2021\/05\/dokt_staze.jpg\" alt=\"\">\r\n\t\t\t\t\t\t\t                                <\/a>\r\n\t                            \t\t\t\t\t<\/div>\r\n\t\t\t\t\t\t\t\t\t\t\t\t<a href=\"https:\/\/up.lublin.pl\/en\/doctoral-school\/doctoral-internships\/\">\r\n\t\t\t\t\t\t\t\t\t\t\t\t\t<h3>Doctoral internships<\/h3>\r\n\t\t\t\t\t\t\t\t\t\t\t\t\t<\/a>\r\n\t\t\t\t\t\t\t\t\t\t\t\t\t\t\t\t\t                        <div class=\"mn-to-right\">\r\n                            <a href=\"https:\/\/up.lublin.pl\/en\/doctoral-school\/doctoral-internships\/\" class=\"mn-btn-rounded\">Read more<\/a>\r\n                        <\/div>\r\n\t\t\t\t\t\t\r\n                <\/div>\r\n\t\t\t\t\t\t\t\t<div class=\"mn-grid-4 mn-kat-m4-container\">\r\n\t\t\t\t\t<div class=\"mn-kat-m4-img\">\r\n\t\t\t\t\t\t\t\t\t\t\t\t\t                                <a href=\"https:\/\/up.lublin.pl\/en\/doctoral-school\/phd-projects\/\">\r\n\t                            \t\t\t\t\t\t\t\t<img src=\"https:\/\/up.lublin.pl\/wp-content\/uploads\/2023\/02\/doktorat-projektowy.jpg\" alt=\"\">\r\n\t\t\t\t\t\t\t                                <\/a>\r\n\t                            \t\t\t\t\t<\/div>\r\n\t\t\t\t\t\t\t\t\t\t\t\t<a href=\"https:\/\/up.lublin.pl\/en\/doctoral-school\/phd-projects\/\">\r\n\t\t\t\t\t\t\t\t\t\t\t\t\t<h3>PhD Students in projects<\/h3>\r\n\t\t\t\t\t\t\t\t\t\t\t\t\t<\/a>\r\n\t\t\t\t\t\t\t\t\t\t\t\t\t\t\t\t\t                        <div class=\"mn-to-right\">\r\n                            <a href=\"https:\/\/up.lublin.pl\/en\/doctoral-school\/phd-projects\/\" class=\"mn-btn-rounded\">Read more<\/a>\r\n                        <\/div>\r\n\t\t\t\t\t\t\r\n                <\/div>\r\n\t\t\t\t\t\t\t\t<div class=\"mn-grid-4 mn-kat-m4-container\">\r\n\t\t\t\t\t<div class=\"mn-kat-m4-img\">\r\n\t\t\t\t\t\t\t\t\t\t\t\t\t                                <a href=\"https:\/\/up.lublin.pl\/en\/doctoral-school\/visiting-professors\/\">\r\n\t                            \t\t\t\t\t\t\t\t<img src=\"https:\/\/up.lublin.pl\/wp-content\/uploads\/2021\/05\/prof_wiz.jpg\" alt=\"\">\r\n\t\t\t\t\t\t\t                                <\/a>\r\n\t                            \t\t\t\t\t<\/div>\r\n\t\t\t\t\t\t\t\t\t\t\t\t<a href=\"https:\/\/up.lublin.pl\/en\/doctoral-school\/visiting-professors\/\">\r\n\t\t\t\t\t\t\t\t\t\t\t\t\t<h3>Visiting professors<\/h3>\r\n\t\t\t\t\t\t\t\t\t\t\t\t\t<\/a>\r\n\t\t\t\t\t\t\t\t\t\t\t\t\t\t\t\t\t                        <div class=\"mn-to-right\">\r\n                            <a href=\"https:\/\/up.lublin.pl\/en\/doctoral-school\/visiting-professors\/\" class=\"mn-btn-rounded\">Read more<\/a>\r\n                        <\/div>\r\n\t\t\t\t\t\t\r\n                <\/div>\r\n\t\t\t\t\t\t\t\t<div class=\"mn-grid-4 mn-kat-m4-container\">\r\n\t\t\t\t\t<div class=\"mn-kat-m4-img\">\r\n\t\t\t\t\t\t\t\t\t\t\t\t\t                                <a href=\"https:\/\/up.lublin.pl\/en\/doctoral-school\/seminars\/\">\r\n\t                            \t\t\t\t\t\t\t\t<img src=\"https:\/\/up.lublin.pl\/wp-content\/uploads\/2023\/02\/seminaria_naukowe.jpg\" alt=\"\">\r\n\t\t\t\t\t\t\t                                <\/a>\r\n\t                            \t\t\t\t\t<\/div>\r\n\t\t\t\t\t\t\t\t\t\t\t\t<a href=\"https:\/\/up.lublin.pl\/en\/doctoral-school\/seminars\/\">\r\n\t\t\t\t\t\t\t\t\t\t\t\t\t<h3>Workshops, seminars<\/h3>\r\n\t\t\t\t\t\t\t\t\t\t\t\t\t<\/a>\r\n\t\t\t\t\t\t\t\t\t\t\t\t\t\t\t\t\t                        <div class=\"mn-to-right\">\r\n                            <a href=\"https:\/\/up.lublin.pl\/en\/doctoral-school\/seminars\/\" class=\"mn-btn-rounded\">Read more<\/a>\r\n                        <\/div>\r\n\t\t\t\t\t\t\r\n                <\/div>\r\n\t\t\t\t\t\t<\/div>\r\n\t<\/section>\r\n\t\t\t<\/div>\n\t\t\t\t<\/div>\n\t\t\t\t\t\t<\/div>\n\t\t\t\t\t<\/div>\n\t\t<\/div>\n\t\t\t\t\t\t\t\t<\/div>\n\t\t\t\t\t<\/div>\n\t\t<\/section>\n\t\t\t\t\t\t<\/div>\n\t\t\t\t\t\t<\/div>\n\t\t\t\t\t<\/div>\n\t\t","protected":false},"excerpt":{"rendered":"<p>Doctoral School UP 01 02 03 04 Doctoral School of the University of Life Sciences in Lublin &#8211; a&nbsp;chance to pursue scientific passions. Find out why! Zobacz wi\u0119cej Internet Admission System Zobacz wi\u0119cej How to apply to Doctoral School. Step by step guidance Zobacz wi\u0119cej INTERNATIONAL PhD STUDENT\u2019S CONFERENCE AT THE UNIVERSITY OF LIFE SCIENCES [&hellip;]<\/p>\n","protected":false},"author":2,"featured_media":0,"parent":0,"menu_order":0,"comment_status":"closed","ping_status":"closed","template":"elementor_header_footer","meta":{"_monsterinsights_skip_tracking":false,"_monsterinsights_sitenote_active":false,"_monsterinsights_sitenote_note":"","_monsterinsights_sitenote_category":0},"_links":{"self":[{"href":"https:\/\/up.lublin.pl\/en\/wp-json\/wp\/v2\/pages\/108129"}],"collection":[{"href":"https:\/\/up.lublin.pl\/en\/wp-json\/wp\/v2\/pages"}],"about":[{"href":"https:\/\/up.lublin.pl\/en\/wp-json\/wp\/v2\/types\/page"}],"author":[{"embeddable":true,"href":"https:\/\/up.lublin.pl\/en\/wp-json\/wp\/v2\/users\/2"}],"replies":[{"embeddable":true,"href":"https:\/\/up.lublin.pl\/en\/wp-json\/wp\/v2\/comments?post=108129"}],"version-history":[{"count":103,"href":"https:\/\/up.lublin.pl\/en\/wp-json\/wp\/v2\/pages\/108129\/revisions"}],"predecessor-version":[{"id":415330,"href":"https:\/\/up.lublin.pl\/en\/wp-json\/wp\/v2\/pages\/108129\/revisions\/415330"}],"wp:attachment":[{"href":"https:\/\/up.lublin.pl\/en\/wp-json\/wp\/v2\/media?parent=108129"}],"curies":[{"name":"wp","href":"https:\/\/api.w.org\/{rel}","templated":true}]}}