{"id":140132,"date":"2024-10-04T10:14:52","date_gmt":"2024-10-04T08:14:52","guid":{"rendered":"https:\/\/up.lublin.pl\/digital\/?page_id=140132"},"modified":"2024-10-08T13:41:47","modified_gmt":"2024-10-08T11:41:47","slug":"icsa-2024-pp-34","status":"publish","type":"page","link":"https:\/\/up.lublin.pl\/digital\/conferences\/icsa2024\/icsa-2024-pp-34\/","title":{"rendered":"ICSA 2024, PP.34"},"content":{"rendered":"\t\t<div data-elementor-type=\"wp-page\" data-elementor-id=\"140132\" class=\"elementor elementor-140132\" data-elementor-settings=\"[]\">\n\t\t\t\t\t\t\t<div class=\"elementor-section-wrap\">\n\t\t\t\t\t\t\t<section class=\"elementor-section elementor-top-section elementor-element elementor-element-b78ebad elementor-section-boxed elementor-section-height-default elementor-section-height-default\" data-id=\"b78ebad\" data-element_type=\"section\">\n\t\t\t\t\t\t<div class=\"elementor-container elementor-column-gap-default\">\n\t\t\t\t\t<div class=\"elementor-column elementor-col-100 elementor-top-column elementor-element elementor-element-7417f52b\" data-id=\"7417f52b\" data-element_type=\"column\">\n\t\t\t<div class=\"elementor-widget-wrap elementor-element-populated\">\n\t\t\t\t\t\t\t\t<div class=\"elementor-element elementor-element-7380887b elementor-widget elementor-widget-m2j\" data-id=\"7380887b\" data-element_type=\"widget\" data-widget_type=\"m2j.default\">\n\t\t\t\t<div class=\"elementor-widget-container\">\n\t\t\t<section class=\"mn-m2-h\">\n    <div class=\"mn-image-container mn-container\">\n                    <img src=\"https:\/\/up.lublin.pl\/digital\/wp-content\/uploads\/sites\/10\/2024\/09\/icsa-banner_web.jpg\" alt=\"\">\n                        <\/div>\n    <div class=\"mn-grid mn-content\">\n            <\/div>\n<\/section>\n\t\t<\/div>\n\t\t\t\t<\/div>\n\t\t\t\t\t<\/div>\n\t\t<\/div>\n\t\t\t\t\t\t\t<\/div>\n\t\t<\/section>\n\t\t\t\t<section class=\"elementor-section elementor-top-section elementor-element elementor-element-41ec22f7 elementor-section-boxed elementor-section-height-default elementor-section-height-default\" data-id=\"41ec22f7\" data-element_type=\"section\">\n\t\t\t\t\t\t<div class=\"elementor-container elementor-column-gap-default\">\n\t\t\t\t\t<div class=\"elementor-column elementor-col-100 elementor-top-column elementor-element elementor-element-5d481ff7\" data-id=\"5d481ff7\" data-element_type=\"column\">\n\t\t\t<div class=\"elementor-widget-wrap elementor-element-populated\">\n\t\t\t\t\t\t\t\t<div class=\"elementor-element elementor-element-15cbd0cb elementor-widget elementor-widget-m5c\" data-id=\"15cbd0cb\" data-element_type=\"widget\" data-widget_type=\"m5c.default\">\n\t\t\t\t<div class=\"elementor-widget-container\">\n\t\t\t<section class=\"mn-m5-c mn-m5-d2 mn-bg-white\">\n\t<div class=\"mn-grid\">\n\t\t\t\t<div class=\"mn-content mn-grid-9\">\n\t\t\t                <div class=\"mn-content-block active\">\n\t                                                        <div class=\"block-text\">\n\t                                        <h2><span style=\"color: #333333\"><strong><span style=\"font-size: 14pt\">1st International Conference of Soil and Agriculture:<\/span><br \/><\/strong><span style=\"font-size: 18pt\">TOWARDS SOIL SUSTAINABILITY<\/span><strong><br \/><span style=\"color: #333333;font-size: 10pt\">11\u201313 June 2024 \u2022 Lublin\u2013Na\u0142\u0119cz\u00f3w, Poland<\/span><\/strong><\/span><\/h2>\n<hr \/>\n<p><a href=\"https:\/\/doi.org\/10.24326\/ICSA1.PP.34\"><span style=\"font-size: 10pt\">https:\/\/doi.org\/10.24326\/ICSA1.PP.34<\/span><\/a><br \/><span style=\"font-size: 10pt\">Published online: 4 October 2024<\/span><\/p>\n<h2><span style=\"font-size: 18pt;color: #333333\"><strong>Estimation of carbon sequestration in reclaimed sulphur mine land<br \/><\/strong><span style=\"font-size: 12pt;color: #000000\">Gra\u017cyna \u017bukowska*, Magdalena Myszura-Dymek, Marta Bik-Ma\u0142odzi\u0144ska<\/span><\/span><\/h2>\n<p><span style=\"font-size: 10pt\">Institute of Soil Science, Environmental Engineering and Management, University of Life Sciences in Lublin, Leszczy\u0144skiego 7, 20-069 Lublin, Poland<br \/><\/span><span style=\"font-size: 8pt\">* Corresponding author: grazyna.zukowska@up.lublin.pl<\/span><\/p>\n<p><strong>Abstract<\/strong><br \/>Carbon (C) sequestration is the process of increasing the C&nbsp;content of a&nbsp;C pool other than the atmosphere. Terrestrial C&nbsp;sequestration is the process of converting or transferring atmospheric CO<sub>2<\/sub> through photosynthesis into biomass components and soil organic matter (SOM) and incorporating biomass into the soil in the form of humus. Soil contains about 75% of the Earth\u2019s C&nbsp;pool, which is three times the amount stored in living plants, so it plays a&nbsp;key role in the global C&nbsp;cycle. The mining industry and related disturbances disturb the SOC balance relationship, causing serious SOC losses due to unfavourable physicochemical properties, which leads to C&nbsp;deficiency and deterioration of conditions for the growth of plants and microorganisms. Reclamation and the introduction of plant cover help recover lost C&nbsp;resources and improve the quality of post-mining soil. The total C&nbsp;content (TOC) in reclaimed post-mining soils, apart from inorganic C, consists of biogenic C&nbsp;(of plant origin, newly formed humus compounds). The aim of the research was to assess the potential of C&nbsp;sequestration in devastated soil by the mining industry of sulphur reclaimed with waste and under grass cover. The research was carried out in 10-year field experiment. The research included variants: degraded soil \u2013 control, soil + NPK, soil + sewage sludge 100 Mg\/ha, soil + sewage sludge 100 Mg\/ha + mineral wool 400 m<sup>3<\/sup>\/ha, soil + wool 400 m<sup>3<\/sup>\/ha, soil + wool 400 m<sup>3<\/sup>\/ha + NPK. The carbon content in the reclaimed soil and in the aboveground and underground grass biomass was assessed The carbon content in the soil was determined and the results were converted into Mg\/ha. The total yield of aboveground biomass was determined, and the conversion factor proposed by ICCP was used to determine the C&nbsp;content in aboveground and underground biomass. The average amount of humus in the reclaimed soil was significantly dependent on the reclaimed variant and ranged from approximately 17 m<sup>3<\/sup>\/ha (soil + NPK) to 30 m<sup>3<\/sup>\/ha (soil + sewage sludge). The greatest amount of C&nbsp;was incorporated by grasses grown in soil with the addition of sewage sludge and mineral wool (21 m<sup>3<\/sup>\/ha). Balancing the supply of C&nbsp;in the soil and incorporated in the plants biomass, it was found that the highest sequestration was observed in the reclamation variant in which the soil was reclaimed with sewage sludge used together with mineral wool.<\/p>\n<p><strong>Keywords:<\/strong> sulphur mines, reclaimed mine soil, carbon sequestration\u00a0<\/p>\n<p><span style=\"font-size: 10pt\"><strong>How to cite<br \/><\/strong>\u017bukowska G., Myszura-Dymek M., Bik-Ma\u0142odzi\u0144ska M., 2024. Estimation of carbon sequestration in reclaimed sulphur mine land. 1st International Conference of Soil and Agriculture: Towards Soil Sustainability. https:\/\/doi.org\/10.24326\/ICSA1.PP.34<\/span><\/p>\n                                        <\/div>\n\t\t\t\t\t\t                                <\/div>\n\t\t\t\t                <div class=\"mn-content-block\">\n\t                                <\/div>\n\t\t\t\t                <div class=\"mn-content-block\">\n\t                                <\/div>\n\t\t\t\t                <div class=\"mn-content-block\">\n\t                                <\/div>\n\t\t\t\t                <div class=\"mn-content-block\">\n\t                                <\/div>\n\t\t\t\t                <div class=\"mn-content-block\">\n\t                                <\/div>\n\t\t\t\t                <div class=\"mn-content-block\">\n\t                                <\/div>\n\t\t\t\t                <div class=\"mn-content-block\">\n\t                                <\/div>\n\t\t\t\t                <div class=\"mn-content-block\">\n\t                                <\/div>\n\t\t\t\t                <div class=\"mn-content-block\">\n\t                                <\/div>\n\t\t\t\t                <div class=\"mn-content-block\">\n\t                                <\/div>\n\t\t\t\t                <div class=\"mn-content-block\">\n\t                                <\/div>\n\t\t\t\t                <div class=\"mn-content-block\">\n\t                                <\/div>\n\t\t\t\t                <div class=\"mn-content-block\">\n\t                                <\/div>\n\t\t\t\t                <div class=\"mn-content-block\">\n\t                                <\/div>\n\t\t\t\t                <div class=\"mn-content-block\">\n\t                                <\/div>\n\t\t\t\t                <div class=\"mn-content-block\">\n\t                                <\/div>\n\t\t\t\t                <div class=\"mn-content-block\">\n\t                                <\/div>\n\t\t\t\t                <div class=\"mn-content-block\">\n\t                                <\/div>\n\t\t\t\t                <div class=\"mn-content-block\">\n\t                                <\/div>\n\t\t\t\t\t\t<\/div>\n\t<\/div>\n<\/section>\n\t\t<\/div>\n\t\t\t\t<\/div>\n\t\t\t\t\t<\/div>\n\t\t<\/div>\n\t\t\t\t\t\t\t<\/div>\n\t\t<\/section>\n\t\t\t\t\t\t<\/div>\n\t\t\t\t\t<\/div>\n\t\t","protected":false},"excerpt":{"rendered":"<p>1st International Conference of Soil and Agriculture:TOWARDS SOIL SUSTAINABILITY11\u201313 June 2024 \u2022 Lublin\u2013Na\u0142\u0119cz\u00f3w, Poland https:\/\/doi.org\/10.24326\/ICSA1.PP.34Published online: 4 October 2024 Estimation of carbon sequestration in reclaimed sulphur mine landGra\u017cyna \u017bukowska*, Magdalena Myszura-Dymek, Marta Bik-Ma\u0142odzi\u0144ska Institute of Soil Science, Environmental Engineering and Management, University of Life Sciences in Lublin, Leszczy\u0144skiego 7, 20-069 Lublin, Poland* Corresponding author: grazyna.zukowska@up.lublin.pl [&hellip;]<\/p>\n","protected":false},"author":196,"featured_media":0,"parent":139572,"menu_order":0,"comment_status":"closed","ping_status":"closed","template":"elementor_header_footer","meta":{"_monsterinsights_skip_tracking":false,"_monsterinsights_sitenote_active":false,"_monsterinsights_sitenote_note":"","_monsterinsights_sitenote_category":0},"_links":{"self":[{"href":"https:\/\/up.lublin.pl\/digital\/wp-json\/wp\/v2\/pages\/140132"}],"collection":[{"href":"https:\/\/up.lublin.pl\/digital\/wp-json\/wp\/v2\/pages"}],"about":[{"href":"https:\/\/up.lublin.pl\/digital\/wp-json\/wp\/v2\/types\/page"}],"author":[{"embeddable":true,"href":"https:\/\/up.lublin.pl\/digital\/wp-json\/wp\/v2\/users\/196"}],"replies":[{"embeddable":true,"href":"https:\/\/up.lublin.pl\/digital\/wp-json\/wp\/v2\/comments?post=140132"}],"version-history":[{"count":13,"href":"https:\/\/up.lublin.pl\/digital\/wp-json\/wp\/v2\/pages\/140132\/revisions"}],"predecessor-version":[{"id":140710,"href":"https:\/\/up.lublin.pl\/digital\/wp-json\/wp\/v2\/pages\/140132\/revisions\/140710"}],"up":[{"embeddable":true,"href":"https:\/\/up.lublin.pl\/digital\/wp-json\/wp\/v2\/pages\/139572"}],"wp:attachment":[{"href":"https:\/\/up.lublin.pl\/digital\/wp-json\/wp\/v2\/media?parent=140132"}],"curies":[{"name":"wp","href":"https:\/\/api.w.org\/{rel}","templated":true}]}}