{"id":140110,"date":"2024-10-04T10:08:35","date_gmt":"2024-10-04T08:08:35","guid":{"rendered":"https:\/\/up.lublin.pl\/digital\/?page_id=140110"},"modified":"2024-10-08T13:39:04","modified_gmt":"2024-10-08T11:39:04","slug":"icsa-2024-pp-32","status":"publish","type":"page","link":"https:\/\/up.lublin.pl\/digital\/conferences\/icsa2024\/icsa-2024-pp-32\/","title":{"rendered":"ICSA 2024, PP.32"},"content":{"rendered":"\t\t<div data-elementor-type=\"wp-page\" data-elementor-id=\"140110\" class=\"elementor elementor-140110\" data-elementor-settings=\"[]\">\n\t\t\t\t\t\t\t<div class=\"elementor-section-wrap\">\n\t\t\t\t\t\t\t<section class=\"elementor-section elementor-top-section elementor-element elementor-element-b1c4baa elementor-section-boxed elementor-section-height-default elementor-section-height-default\" data-id=\"b1c4baa\" data-element_type=\"section\">\n\t\t\t\t\t\t<div class=\"elementor-container elementor-column-gap-default\">\n\t\t\t\t\t<div class=\"elementor-column elementor-col-100 elementor-top-column elementor-element elementor-element-47c3ff2a\" data-id=\"47c3ff2a\" data-element_type=\"column\">\n\t\t\t<div class=\"elementor-widget-wrap elementor-element-populated\">\n\t\t\t\t\t\t\t\t<div class=\"elementor-element elementor-element-4e74a650 elementor-widget elementor-widget-m2j\" data-id=\"4e74a650\" data-element_type=\"widget\" data-widget_type=\"m2j.default\">\n\t\t\t\t<div class=\"elementor-widget-container\">\n\t\t\t<section class=\"mn-m2-h\">\n    <div class=\"mn-image-container mn-container\">\n                    <img src=\"https:\/\/up.lublin.pl\/digital\/wp-content\/uploads\/sites\/10\/2024\/09\/icsa-banner_web.jpg\" alt=\"\">\n                        <\/div>\n    <div class=\"mn-grid mn-content\">\n            <\/div>\n<\/section>\n\t\t<\/div>\n\t\t\t\t<\/div>\n\t\t\t\t\t<\/div>\n\t\t<\/div>\n\t\t\t\t\t\t\t<\/div>\n\t\t<\/section>\n\t\t\t\t<section class=\"elementor-section elementor-top-section elementor-element elementor-element-47b8a6a1 elementor-section-boxed elementor-section-height-default elementor-section-height-default\" data-id=\"47b8a6a1\" data-element_type=\"section\">\n\t\t\t\t\t\t<div class=\"elementor-container elementor-column-gap-default\">\n\t\t\t\t\t<div class=\"elementor-column elementor-col-100 elementor-top-column elementor-element elementor-element-5d1bebcb\" data-id=\"5d1bebcb\" data-element_type=\"column\">\n\t\t\t<div class=\"elementor-widget-wrap elementor-element-populated\">\n\t\t\t\t\t\t\t\t<div class=\"elementor-element elementor-element-9ae02fe elementor-widget elementor-widget-m5c\" data-id=\"9ae02fe\" data-element_type=\"widget\" data-widget_type=\"m5c.default\">\n\t\t\t\t<div class=\"elementor-widget-container\">\n\t\t\t<section class=\"mn-m5-c mn-m5-d2 mn-bg-white\">\n\t<div class=\"mn-grid\">\n\t\t\t\t<div class=\"mn-content mn-grid-9\">\n\t\t\t                <div class=\"mn-content-block active\">\n\t                                                        <div class=\"block-text\">\n\t                                        <h2><span style=\"color: #333333\"><strong><span style=\"font-size: 14pt\">1st International Conference of Soil and Agriculture:<\/span><br \/><\/strong><span style=\"font-size: 18pt\">TOWARDS SOIL SUSTAINABILITY<\/span><strong><br \/><span style=\"font-size: 10pt\">11\u201313 June 2024 \u2022 Lublin\u2013Na\u0142\u0119cz\u00f3w, Poland<\/span><\/strong><\/span><\/h2>\n<hr \/>\n<p><a href=\"https:\/\/doi.org\/10.24326\/ICSA1.PP.32\"><span style=\"font-size: 10pt\">https:\/\/doi.org\/10.24326\/ICSA1.PP.32<\/span><\/a><br \/><span style=\"font-size: 10pt\">Published online: 4 October 2024<\/span><\/p>\n<h2><span style=\"font-size: 18pt;color: #333333\"><strong>Assessment of trace elements contamination in soils in the vicinity of a&nbsp;floatation tailings reservoir<br \/><\/strong><span style=\"font-size: 12pt;color: #000000\">Katarzyna Wiatrowska*<\/span><\/span><\/h2>\n<p><span style=\"font-size: 10pt\">Department of Soil Science, Land Reclamation and Geodesy, Pozna\u0144 University of Life Sciences, Pi\u0105tkowska 94, 60-649 Pozna\u0144, Poland<br \/><\/span><span style=\"font-size: 8pt\">* Corresponding author: kawiatr@up.poznan.pl<\/span><\/p>\n<p><strong>Abstract<br \/><\/strong>Technological progress is inevitably associated with a&nbsp;greater industrial demand for trace elements. The mining, extraction and processing of ores of these metals are considered to be one of the main anthropogenic activities that contribute to trace elements pollution, which may lead to serious consequences for human health and also long-term deterioration of environmental biodiversity. Usually, two main problems are associated with the extraction of elements for industry: the acidic mine drainage and mine waste tailings. The following research describes the influence of a&nbsp;floatation tailings deposition site on the soil environment. 23 soil samples from the surface mineral layer (0\u201320 cm) were collected around \u017belazny Most reservoir, the largest dumping site in Europe. The total content of Cu, Cd, Pb and Zn was determined by atomic absorption spectrometry after acid digestion (aqua regia followed by hydrofluoric and boric acid). Soil contamination was evaluated according to Polish Soil Quality Standards and via geochemical indices (Geo-accumulation index, I<sub>geo<\/sub>; improved Nemerow index, INI; and Potential Ecological Risk, RI). The mean values of the total contents of Cd, Cu and Pb were higher than their respective background values, whereas of Zn was lower, suggesting that Cd, Cu and Pb contents in soil increased over the period of \u017belazny Most reservoir operation. Although, according to the criteria of the Polish Soil Quality Standards only one sample was classified as contaminated, a&nbsp;slightly different evaluation of soil quality was obtained using geochemical indicators. The mean values of I<sub>geo<\/sub> varied between elements; for Cd, Cu, Pb and Zn were 1.0, \u22120.03, 2.78 and \u22121.28, respectively. The INI values in the area studied ranged from 0.21 to 2.39, indicating that the overall level of trace elements pollution falls within the range of uncontaminated to moderately contaminated classes. The potential ecological risk index (RI), which takes into account total metal contents and biochemical properties and potential toxicity of elements, showed that 52.2% of soil samples were classified as very high and extremely high risk classes. The assessment of soil contamination level depended on the subdivision criteria applied or the geochemical index used for the assessment. Significant differences in the assessment of the quality of the environment were found especially when the multi-element geochemical indices were applied.<\/p>\n<p><strong>Keywords:<\/strong> trace elements, geochemical indices, pollution assessment<\/p>\n<p><span style=\"font-size: 10pt\"><strong>How to cite<br \/><\/strong>Wiatrowska K., 2024. Assessment of trace elements contamination in soils in the vicinity of a&nbsp;floatation tailings reservoir. 1st International Conference of Soil and Agriculture: Towards Soil Sustainability. https:\/\/doi.org\/10.24326\/ICSA1.PP.32<\/span><\/p>\n                                        <\/div>\n\t\t\t\t\t\t                                <\/div>\n\t\t\t\t                <div class=\"mn-content-block\">\n\t                                <\/div>\n\t\t\t\t                <div class=\"mn-content-block\">\n\t                                <\/div>\n\t\t\t\t                <div class=\"mn-content-block\">\n\t                                <\/div>\n\t\t\t\t                <div class=\"mn-content-block\">\n\t                                <\/div>\n\t\t\t\t                <div class=\"mn-content-block\">\n\t                                <\/div>\n\t\t\t\t                <div class=\"mn-content-block\">\n\t                                <\/div>\n\t\t\t\t                <div class=\"mn-content-block\">\n\t                                <\/div>\n\t\t\t\t                <div class=\"mn-content-block\">\n\t                                <\/div>\n\t\t\t\t                <div class=\"mn-content-block\">\n\t                                <\/div>\n\t\t\t\t                <div class=\"mn-content-block\">\n\t                                <\/div>\n\t\t\t\t                <div class=\"mn-content-block\">\n\t                                <\/div>\n\t\t\t\t                <div class=\"mn-content-block\">\n\t                                <\/div>\n\t\t\t\t                <div class=\"mn-content-block\">\n\t                                <\/div>\n\t\t\t\t                <div class=\"mn-content-block\">\n\t                                <\/div>\n\t\t\t\t                <div class=\"mn-content-block\">\n\t                                <\/div>\n\t\t\t\t                <div class=\"mn-content-block\">\n\t                                <\/div>\n\t\t\t\t                <div class=\"mn-content-block\">\n\t                                <\/div>\n\t\t\t\t                <div class=\"mn-content-block\">\n\t                                <\/div>\n\t\t\t\t                <div class=\"mn-content-block\">\n\t                                <\/div>\n\t\t\t\t\t\t<\/div>\n\t<\/div>\n<\/section>\n\t\t<\/div>\n\t\t\t\t<\/div>\n\t\t\t\t\t<\/div>\n\t\t<\/div>\n\t\t\t\t\t\t\t<\/div>\n\t\t<\/section>\n\t\t\t\t\t\t<\/div>\n\t\t\t\t\t<\/div>\n\t\t","protected":false},"excerpt":{"rendered":"<p>1st International Conference of Soil and Agriculture:TOWARDS SOIL SUSTAINABILITY11\u201313 June 2024 \u2022 Lublin\u2013Na\u0142\u0119cz\u00f3w, Poland https:\/\/doi.org\/10.24326\/ICSA1.PP.32Published online: 4 October 2024 Assessment of trace elements contamination in soils in the vicinity of a&nbsp;floatation tailings reservoirKatarzyna Wiatrowska* Department of Soil Science, Land Reclamation and Geodesy, Pozna\u0144 University of Life Sciences, Pi\u0105tkowska 94, 60-649 Pozna\u0144, Poland* Corresponding author: kawiatr@up.poznan.pl [&hellip;]<\/p>\n","protected":false},"author":196,"featured_media":0,"parent":139572,"menu_order":0,"comment_status":"closed","ping_status":"closed","template":"elementor_header_footer","meta":{"_monsterinsights_skip_tracking":false,"_monsterinsights_sitenote_active":false,"_monsterinsights_sitenote_note":"","_monsterinsights_sitenote_category":0},"_links":{"self":[{"href":"https:\/\/up.lublin.pl\/digital\/wp-json\/wp\/v2\/pages\/140110"}],"collection":[{"href":"https:\/\/up.lublin.pl\/digital\/wp-json\/wp\/v2\/pages"}],"about":[{"href":"https:\/\/up.lublin.pl\/digital\/wp-json\/wp\/v2\/types\/page"}],"author":[{"embeddable":true,"href":"https:\/\/up.lublin.pl\/digital\/wp-json\/wp\/v2\/users\/196"}],"replies":[{"embeddable":true,"href":"https:\/\/up.lublin.pl\/digital\/wp-json\/wp\/v2\/comments?post=140110"}],"version-history":[{"count":13,"href":"https:\/\/up.lublin.pl\/digital\/wp-json\/wp\/v2\/pages\/140110\/revisions"}],"predecessor-version":[{"id":140704,"href":"https:\/\/up.lublin.pl\/digital\/wp-json\/wp\/v2\/pages\/140110\/revisions\/140704"}],"up":[{"embeddable":true,"href":"https:\/\/up.lublin.pl\/digital\/wp-json\/wp\/v2\/pages\/139572"}],"wp:attachment":[{"href":"https:\/\/up.lublin.pl\/digital\/wp-json\/wp\/v2\/media?parent=140110"}],"curies":[{"name":"wp","href":"https:\/\/api.w.org\/{rel}","templated":true}]}}