{"id":140097,"date":"2024-10-04T10:05:42","date_gmt":"2024-10-04T08:05:42","guid":{"rendered":"https:\/\/up.lublin.pl\/digital\/?page_id=140097"},"modified":"2024-10-08T13:37:43","modified_gmt":"2024-10-08T11:37:43","slug":"icsa-2024-pp-31","status":"publish","type":"page","link":"https:\/\/up.lublin.pl\/digital\/conferences\/icsa2024\/icsa-2024-pp-31\/","title":{"rendered":"ICSA 2024, PP.31"},"content":{"rendered":"\t\t<div data-elementor-type=\"wp-page\" data-elementor-id=\"140097\" class=\"elementor elementor-140097\" data-elementor-settings=\"[]\">\n\t\t\t\t\t\t\t<div class=\"elementor-section-wrap\">\n\t\t\t\t\t\t\t<section class=\"elementor-section elementor-top-section elementor-element elementor-element-694e00ca elementor-section-boxed elementor-section-height-default elementor-section-height-default\" data-id=\"694e00ca\" data-element_type=\"section\">\n\t\t\t\t\t\t<div class=\"elementor-container elementor-column-gap-default\">\n\t\t\t\t\t<div class=\"elementor-column elementor-col-100 elementor-top-column elementor-element elementor-element-cb19801\" data-id=\"cb19801\" data-element_type=\"column\">\n\t\t\t<div class=\"elementor-widget-wrap elementor-element-populated\">\n\t\t\t\t\t\t\t\t<div class=\"elementor-element elementor-element-1900e112 elementor-widget elementor-widget-m2j\" data-id=\"1900e112\" data-element_type=\"widget\" data-widget_type=\"m2j.default\">\n\t\t\t\t<div class=\"elementor-widget-container\">\n\t\t\t<section class=\"mn-m2-h\">\n    <div class=\"mn-image-container mn-container\">\n                    <img src=\"https:\/\/up.lublin.pl\/digital\/wp-content\/uploads\/sites\/10\/2024\/09\/icsa-banner_web.jpg\" alt=\"\">\n                        <\/div>\n    <div class=\"mn-grid mn-content\">\n            <\/div>\n<\/section>\n\t\t<\/div>\n\t\t\t\t<\/div>\n\t\t\t\t\t<\/div>\n\t\t<\/div>\n\t\t\t\t\t\t\t<\/div>\n\t\t<\/section>\n\t\t\t\t<section class=\"elementor-section elementor-top-section elementor-element elementor-element-6ca3ad30 elementor-section-boxed elementor-section-height-default elementor-section-height-default\" data-id=\"6ca3ad30\" data-element_type=\"section\">\n\t\t\t\t\t\t<div class=\"elementor-container elementor-column-gap-default\">\n\t\t\t\t\t<div class=\"elementor-column elementor-col-100 elementor-top-column elementor-element elementor-element-75444180\" data-id=\"75444180\" data-element_type=\"column\">\n\t\t\t<div class=\"elementor-widget-wrap elementor-element-populated\">\n\t\t\t\t\t\t\t\t<div class=\"elementor-element elementor-element-75a4b07e elementor-widget elementor-widget-m5c\" data-id=\"75a4b07e\" data-element_type=\"widget\" data-widget_type=\"m5c.default\">\n\t\t\t\t<div class=\"elementor-widget-container\">\n\t\t\t<section class=\"mn-m5-c mn-m5-d2 mn-bg-white\">\n\t<div class=\"mn-grid\">\n\t\t\t\t<div class=\"mn-content mn-grid-9\">\n\t\t\t                <div class=\"mn-content-block active\">\n\t                                                        <div class=\"block-text\">\n\t                                        <h2><span style=\"color: #333333\"><strong><span style=\"font-size: 14pt\">1st International Conference of Soil and Agriculture:<\/span><br \/><\/strong><span style=\"font-size: 18pt\">TOWARDS SOIL SUSTAINABILITY<\/span><strong><br \/><span style=\"font-size: 10pt\">11\u201313 June 2024 \u2022 Lublin\u2013Na\u0142\u0119cz\u00f3w, Poland<\/span><\/strong><\/span><\/h2>\n<hr \/>\n<p><a href=\"https:\/\/doi.org\/10.24326\/ICSA1.PP.31\"><span style=\"font-size: 10pt\">https:\/\/doi.org\/10.24326\/ICSA1.PP.31<\/span><\/a><br \/><span style=\"font-size: 10pt\">Published online: 4 October 2024<\/span><\/p>\n<h2><span style=\"color: #333333;font-size: 18pt\"><strong>Assessment of the state and directions of contemporary transformations of small mid-forest and mid-field peat bogs<br \/><\/strong><span style=\"color: #000000;font-size: 12pt\">Danuta Urban*, Anna Iwona Mikosz<\/span><\/span><\/h2>\n<p><span style=\"font-size: 10pt\">Institute of Soil Science, Environmental Engineering and Management, University of Life Sciences in Lublin, Leszczy\u0144skiego 7, 20-069 Lublin, Poland<br \/><\/span><span style=\"font-size: 8pt\">* Corresponding author: danuta.urban@up.lublin.pl<\/span><\/p>\n<p><strong>Abstract<br \/><\/strong>Marsh ecosystems, especially raised and transitional peat bogs, are among the most endangered landscape elements. Changes in the hydrological factor influence the direction of succession of plant communities and the type of processes occurring in soils (marsh, gley, muck processes). There are three phases in the development of wetland habitats: accumulation, compensation phase and decession phase. The first phase is characterized by a&nbsp;positive balance of organic matter. The compensation phase determines the balance between biomass production in the hydrogenic habitat and its decomposition. The decession phase involves the loss of soil mass as a&nbsp;result of mineralization in aerobic conditions. Interdisciplinary research was carried out on 12 small mid-field and mid-forest peat bogs (low, raised and transitional peat bogs) located in the \u0141\u0119czna-W\u0142odawa Plain (Western Polesie). In the past, all examined objects were drainless depressions with a&nbsp;maximum depth of approximately 6.0 m. The process of peat formation here began at various times during the Holocene. Initially, sedimentation of organic and mineral formations took place, and then (gyttja or various types of peat were deposited. The basic factors that determined the peat-forming process and the directions of vegetation succession in the studied peat bogs were geomorphological and hydrological conditions and climate changes. In the initial stages of their development, the influence of the original relief and hydrological conditions was visible. In later phases, the climate and water factor dominated, determining the direction of succession of plant communities. The formation of the roof layers was influenced by changes both within the peat bogs themselves and in their surroundings, caused by climatic and anthropogenic factors. The studied objects currently differ in water conditions, vegetation, soils, as well as the content of macro- and microelements in the soils. Based on research on the plant and soil cover as well as water conditions, it was determined what development stages the examined peat bog objects were in. The conducted research shows that there were 4 transitional peat bogs in the accumulation phase, as well as peat ponds in four other peat bogs. The decession phase prevailed in three low peat bogs. In the case of one very shallow peat bog, this was the compensation phase. In one peat bog, the presence of secondary marsh processes was found.<\/p>\n<p><strong>Keywords:\u00a0<\/strong>small peat bogs, development phase<\/p>\n<p><span style=\"font-size: 10pt\"><strong>How to cite<br \/><\/strong>Urban D., Mikosz A.I., 2024. Assessment of the state and directions of contemporary transformations of small mid-forest and mid-field peat bogs. 1st International Conference of Soil and Agriculture: Towards Soil Sustainability. https:\/\/doi.org\/10.24326\/ICSA1.PP.31<\/span><\/p>\n                                        <\/div>\n\t\t\t\t\t\t                                <\/div>\n\t\t\t\t                <div class=\"mn-content-block\">\n\t                                <\/div>\n\t\t\t\t                <div class=\"mn-content-block\">\n\t                                <\/div>\n\t\t\t\t                <div class=\"mn-content-block\">\n\t                                <\/div>\n\t\t\t\t                <div class=\"mn-content-block\">\n\t                                <\/div>\n\t\t\t\t                <div class=\"mn-content-block\">\n\t                                <\/div>\n\t\t\t\t                <div class=\"mn-content-block\">\n\t                                <\/div>\n\t\t\t\t                <div class=\"mn-content-block\">\n\t                                <\/div>\n\t\t\t\t                <div class=\"mn-content-block\">\n\t                                <\/div>\n\t\t\t\t                <div class=\"mn-content-block\">\n\t                                <\/div>\n\t\t\t\t                <div class=\"mn-content-block\">\n\t                                <\/div>\n\t\t\t\t                <div class=\"mn-content-block\">\n\t                                <\/div>\n\t\t\t\t                <div class=\"mn-content-block\">\n\t                                <\/div>\n\t\t\t\t                <div class=\"mn-content-block\">\n\t                                <\/div>\n\t\t\t\t                <div class=\"mn-content-block\">\n\t                                <\/div>\n\t\t\t\t                <div class=\"mn-content-block\">\n\t                                <\/div>\n\t\t\t\t                <div class=\"mn-content-block\">\n\t                                <\/div>\n\t\t\t\t                <div class=\"mn-content-block\">\n\t                                <\/div>\n\t\t\t\t                <div class=\"mn-content-block\">\n\t                                <\/div>\n\t\t\t\t                <div class=\"mn-content-block\">\n\t                                <\/div>\n\t\t\t\t\t\t<\/div>\n\t<\/div>\n<\/section>\n\t\t<\/div>\n\t\t\t\t<\/div>\n\t\t\t\t\t<\/div>\n\t\t<\/div>\n\t\t\t\t\t\t\t<\/div>\n\t\t<\/section>\n\t\t\t\t\t\t<\/div>\n\t\t\t\t\t<\/div>\n\t\t","protected":false},"excerpt":{"rendered":"<p>1st International Conference of Soil and Agriculture:TOWARDS SOIL SUSTAINABILITY11\u201313 June 2024 \u2022 Lublin\u2013Na\u0142\u0119cz\u00f3w, Poland https:\/\/doi.org\/10.24326\/ICSA1.PP.31Published online: 4 October 2024 Assessment of the state and directions of contemporary transformations of small mid-forest and mid-field peat bogsDanuta Urban*, Anna Iwona Mikosz Institute of Soil Science, Environmental Engineering and Management, University of Life Sciences in Lublin, Leszczy\u0144skiego 7, [&hellip;]<\/p>\n","protected":false},"author":196,"featured_media":0,"parent":139572,"menu_order":0,"comment_status":"closed","ping_status":"closed","template":"elementor_header_footer","meta":{"_monsterinsights_skip_tracking":false,"_monsterinsights_sitenote_active":false,"_monsterinsights_sitenote_note":"","_monsterinsights_sitenote_category":0},"_links":{"self":[{"href":"https:\/\/up.lublin.pl\/digital\/wp-json\/wp\/v2\/pages\/140097"}],"collection":[{"href":"https:\/\/up.lublin.pl\/digital\/wp-json\/wp\/v2\/pages"}],"about":[{"href":"https:\/\/up.lublin.pl\/digital\/wp-json\/wp\/v2\/types\/page"}],"author":[{"embeddable":true,"href":"https:\/\/up.lublin.pl\/digital\/wp-json\/wp\/v2\/users\/196"}],"replies":[{"embeddable":true,"href":"https:\/\/up.lublin.pl\/digital\/wp-json\/wp\/v2\/comments?post=140097"}],"version-history":[{"count":13,"href":"https:\/\/up.lublin.pl\/digital\/wp-json\/wp\/v2\/pages\/140097\/revisions"}],"predecessor-version":[{"id":140701,"href":"https:\/\/up.lublin.pl\/digital\/wp-json\/wp\/v2\/pages\/140097\/revisions\/140701"}],"up":[{"embeddable":true,"href":"https:\/\/up.lublin.pl\/digital\/wp-json\/wp\/v2\/pages\/139572"}],"wp:attachment":[{"href":"https:\/\/up.lublin.pl\/digital\/wp-json\/wp\/v2\/media?parent=140097"}],"curies":[{"name":"wp","href":"https:\/\/api.w.org\/{rel}","templated":true}]}}