{"id":140086,"date":"2024-10-04T10:01:37","date_gmt":"2024-10-04T08:01:37","guid":{"rendered":"https:\/\/up.lublin.pl\/digital\/?page_id=140086"},"modified":"2024-10-08T13:35:45","modified_gmt":"2024-10-08T11:35:45","slug":"icsa-2024-pp-30","status":"publish","type":"page","link":"https:\/\/up.lublin.pl\/digital\/conferences\/icsa2024\/icsa-2024-pp-30\/","title":{"rendered":"ICSA 2024, PP.30"},"content":{"rendered":"\t\t<div data-elementor-type=\"wp-page\" data-elementor-id=\"140086\" class=\"elementor elementor-140086\" data-elementor-settings=\"[]\">\n\t\t\t\t\t\t\t<div class=\"elementor-section-wrap\">\n\t\t\t\t\t\t\t<section class=\"elementor-section elementor-top-section elementor-element elementor-element-37a6d8aa elementor-section-boxed elementor-section-height-default elementor-section-height-default\" data-id=\"37a6d8aa\" data-element_type=\"section\">\n\t\t\t\t\t\t<div class=\"elementor-container elementor-column-gap-default\">\n\t\t\t\t\t<div class=\"elementor-column elementor-col-100 elementor-top-column elementor-element elementor-element-23207302\" data-id=\"23207302\" data-element_type=\"column\">\n\t\t\t<div class=\"elementor-widget-wrap elementor-element-populated\">\n\t\t\t\t\t\t\t\t<div class=\"elementor-element elementor-element-4b1d1c1a elementor-widget elementor-widget-m2j\" data-id=\"4b1d1c1a\" data-element_type=\"widget\" data-widget_type=\"m2j.default\">\n\t\t\t\t<div class=\"elementor-widget-container\">\n\t\t\t<section class=\"mn-m2-h\">\n    <div class=\"mn-image-container mn-container\">\n                    <img src=\"https:\/\/up.lublin.pl\/digital\/wp-content\/uploads\/sites\/10\/2024\/09\/icsa-banner_web.jpg\" alt=\"\">\n                        <\/div>\n    <div class=\"mn-grid mn-content\">\n            <\/div>\n<\/section>\n\t\t<\/div>\n\t\t\t\t<\/div>\n\t\t\t\t\t<\/div>\n\t\t<\/div>\n\t\t\t\t\t\t\t<\/div>\n\t\t<\/section>\n\t\t\t\t<section class=\"elementor-section elementor-top-section elementor-element elementor-element-71ad32cf elementor-section-boxed elementor-section-height-default elementor-section-height-default\" data-id=\"71ad32cf\" data-element_type=\"section\">\n\t\t\t\t\t\t<div class=\"elementor-container elementor-column-gap-default\">\n\t\t\t\t\t<div class=\"elementor-column elementor-col-100 elementor-top-column elementor-element elementor-element-21d79c4\" data-id=\"21d79c4\" data-element_type=\"column\">\n\t\t\t<div class=\"elementor-widget-wrap elementor-element-populated\">\n\t\t\t\t\t\t\t\t<div class=\"elementor-element elementor-element-6af4d9af elementor-widget elementor-widget-m5c\" data-id=\"6af4d9af\" data-element_type=\"widget\" data-widget_type=\"m5c.default\">\n\t\t\t\t<div class=\"elementor-widget-container\">\n\t\t\t<section class=\"mn-m5-c mn-m5-d2 mn-bg-white\">\n\t<div class=\"mn-grid\">\n\t\t\t\t<div class=\"mn-content mn-grid-9\">\n\t\t\t                <div class=\"mn-content-block active\">\n\t                                                        <div class=\"block-text\">\n\t                                        <h2><span style=\"color: #333333\"><strong><span style=\"font-size: 14pt\">1st International Conference of Soil and Agriculture:<\/span><br \/><\/strong><span style=\"font-size: 18pt\">TOWARDS SOIL SUSTAINABILITY<\/span><strong><br \/><span style=\"font-size: 10pt\">11\u201313 June 2024 \u2022 Lublin\u2013Na\u0142\u0119cz\u00f3w, Poland<\/span><\/strong><\/span><\/h2>\n<hr \/>\n<p><a href=\"https:\/\/doi.org\/10.24326\/ICSA1.PP.30\"><span style=\"font-size: 10pt\">https:\/\/doi.org\/10.24326\/ICSA1.PP.30<\/span><\/a><br \/><span style=\"font-size: 10pt\">Published online: 4 October 2024<\/span><\/p>\n<h2><span style=\"color: #333333;font-size: 18pt\"><strong>Microbiological properties of Technosols developing <br \/>under alfalfa cultivation with different fertilization rates<br \/><\/strong><span style=\"font-size: 12pt;color: #000000\">Natalia Tatu\u015bko-Krygier<sup>1<\/sup>*, Krzysztof Otremba<sup>1<\/sup>, Micha\u0142 Koz\u0142owski<sup>1<\/sup>, Katarzyna G\u0142uchowska<sup>2<\/sup>, Agnieszka Wolna-Maruwka<sup>2<\/sup>, Alicja Niewiadomska<sup>2<\/sup><\/span><\/span><\/h2>\n<p><span style=\"font-size: 10pt\"><sup>1<\/sup> Department of Soil Science, Land Reclamation and Geodesy, Poznan University of Life Sciences, Wojska Polskiego 28, 60-637, Poznan, Poland<br \/><\/span><span style=\"font-size: 10pt\"><sup>2<\/sup> Department of Soil Science and Microbiology, Poznan University of Life Sciences, Wojska Polskiego 28, 60-637 Poznan, Poland<br \/><\/span><span style=\"font-size: 8pt\">* Corresponding author: natalia.tatusko@up.poznan.pl<\/span><\/p>\n<p><strong>Abstract<br \/><\/strong>Open-cast lignite mining significantly degrades the environment, especially the soil. After mining, these areas have to be reclaimed. This process has the effect of developing \u201cnew soil\u201d, which properties, could be significantly different from that naturally developed. Until now, in research on the effectiveness of reclamation treatments, much attention has been concentrated on physical and chemical properties while less on biological properties. Biological properties of soils, especially Technosols, can be one of the indicators of soil fertility and reclamation effectiveness. The aim of this study was to determine bacterial metapopulation and enzymatic activity in Technosols under alfalfa-grass cultivation in plots with varying mineral fertilization levels after 40 years of agricultural reclamation. The experiment included 3 variants of mineral fertilization: 0NPK (no fertilization), 1NPK and 2NPK. In 2019, at the beginning of June, soil samples were taken from the topsoil layer (0\u201320 cm) of each plot for microbiological analysis. 16S Metagenomics, as well as the enzymes catalase, dehydrogenase, acid and alkaline phosphatase and nitrogenase were determined in the samples taken. The results indicated that for each of the analysed soil samples, more than 99% were bacteria and only 0.01% were <em>Archaea<\/em>. The analysed soil were different in terms of bacterial biodiversity. The most abundant bacterial types, regardless of the fertilization used, were <em>Actinobacteria<\/em> (34.45\u201340.01%), <em>Proteobacteria<\/em> (34.21\u201337.69%) and <em>Fi<\/em>rmicutes (7.61\u20139.51%). Nitrogen fertilization contributed to decrease bacterial replication belongs to the <em>Actinobacteria<\/em> type, and an increase content of sequences belonging to <em>Proteobacteria<\/em> and <em>Firmicutes<\/em>, which indicates early colonization of disturbed ecosystems. In the case of dehydrogenase and alkaline phosphatase activities, there were no significant differences depending on the variant of mineral fertilization. The variants with fertilization (1NPK and 2NPK) were characterized by lower acid phosphatase activity than the variant without fertility used. In fertilized Technosols, especially for the 1NPK variant, compared to the soils of the 0NPK plot, the highest activity of catalase, considered as an indicator of aerobic microbial activity, nitrogenase and the value of the biological fertility index BIF were determined.<\/p>\n<p><strong>Keywords:\u00a0<\/strong>agriculture reclamation, microbiological properties, Technosols\u00a0<\/p>\n<p><span style=\"font-size: 10pt\"><strong>How to cite<br \/><\/strong>Tatu\u015bko-Krygier N., Otremba K., Koz\u0142owski M., G\u0142uchowska K., Wolna-Maruwka A., Niewiadomska A., 2024. Microbiological properties of Technosols developing under alfalfa cultivation with different fertilization rates. <br \/>1st International Conference of Soil and Agriculture: Towards Soil Sustainability. https:\/\/doi.org\/10.24326\/ICSA1.PP.30<\/span><\/p>\n                                        <\/div>\n\t\t\t\t\t\t                                <\/div>\n\t\t\t\t                <div class=\"mn-content-block\">\n\t                                <\/div>\n\t\t\t\t                <div class=\"mn-content-block\">\n\t                                <\/div>\n\t\t\t\t                <div class=\"mn-content-block\">\n\t                                <\/div>\n\t\t\t\t                <div class=\"mn-content-block\">\n\t                                <\/div>\n\t\t\t\t                <div class=\"mn-content-block\">\n\t                                <\/div>\n\t\t\t\t                <div class=\"mn-content-block\">\n\t                                <\/div>\n\t\t\t\t                <div class=\"mn-content-block\">\n\t                                <\/div>\n\t\t\t\t                <div class=\"mn-content-block\">\n\t                                <\/div>\n\t\t\t\t                <div class=\"mn-content-block\">\n\t                                <\/div>\n\t\t\t\t                <div class=\"mn-content-block\">\n\t                                <\/div>\n\t\t\t\t                <div class=\"mn-content-block\">\n\t                                <\/div>\n\t\t\t\t                <div class=\"mn-content-block\">\n\t                                <\/div>\n\t\t\t\t                <div class=\"mn-content-block\">\n\t                                <\/div>\n\t\t\t\t                <div class=\"mn-content-block\">\n\t                                <\/div>\n\t\t\t\t                <div class=\"mn-content-block\">\n\t                                <\/div>\n\t\t\t\t                <div class=\"mn-content-block\">\n\t                                <\/div>\n\t\t\t\t                <div class=\"mn-content-block\">\n\t                                <\/div>\n\t\t\t\t                <div class=\"mn-content-block\">\n\t                                <\/div>\n\t\t\t\t                <div class=\"mn-content-block\">\n\t                                <\/div>\n\t\t\t\t\t\t<\/div>\n\t<\/div>\n<\/section>\n\t\t<\/div>\n\t\t\t\t<\/div>\n\t\t\t\t\t<\/div>\n\t\t<\/div>\n\t\t\t\t\t\t\t<\/div>\n\t\t<\/section>\n\t\t\t\t\t\t<\/div>\n\t\t\t\t\t<\/div>\n\t\t","protected":false},"excerpt":{"rendered":"<p>1st International Conference of Soil and Agriculture:TOWARDS SOIL SUSTAINABILITY11\u201313 June 2024 \u2022 Lublin\u2013Na\u0142\u0119cz\u00f3w, Poland https:\/\/doi.org\/10.24326\/ICSA1.PP.30Published online: 4 October 2024 Microbiological properties of Technosols developing under alfalfa cultivation with different fertilization ratesNatalia Tatu\u015bko-Krygier1*, Krzysztof Otremba1, Micha\u0142 Koz\u0142owski1, Katarzyna G\u0142uchowska2, Agnieszka Wolna-Maruwka2, Alicja Niewiadomska2 1 Department of Soil Science, Land Reclamation and Geodesy, Poznan University of Life [&hellip;]<\/p>\n","protected":false},"author":196,"featured_media":0,"parent":139572,"menu_order":0,"comment_status":"closed","ping_status":"closed","template":"elementor_header_footer","meta":{"_monsterinsights_skip_tracking":false,"_monsterinsights_sitenote_active":false,"_monsterinsights_sitenote_note":"","_monsterinsights_sitenote_category":0},"_links":{"self":[{"href":"https:\/\/up.lublin.pl\/digital\/wp-json\/wp\/v2\/pages\/140086"}],"collection":[{"href":"https:\/\/up.lublin.pl\/digital\/wp-json\/wp\/v2\/pages"}],"about":[{"href":"https:\/\/up.lublin.pl\/digital\/wp-json\/wp\/v2\/types\/page"}],"author":[{"embeddable":true,"href":"https:\/\/up.lublin.pl\/digital\/wp-json\/wp\/v2\/users\/196"}],"replies":[{"embeddable":true,"href":"https:\/\/up.lublin.pl\/digital\/wp-json\/wp\/v2\/comments?post=140086"}],"version-history":[{"count":19,"href":"https:\/\/up.lublin.pl\/digital\/wp-json\/wp\/v2\/pages\/140086\/revisions"}],"predecessor-version":[{"id":140698,"href":"https:\/\/up.lublin.pl\/digital\/wp-json\/wp\/v2\/pages\/140086\/revisions\/140698"}],"up":[{"embeddable":true,"href":"https:\/\/up.lublin.pl\/digital\/wp-json\/wp\/v2\/pages\/139572"}],"wp:attachment":[{"href":"https:\/\/up.lublin.pl\/digital\/wp-json\/wp\/v2\/media?parent=140086"}],"curies":[{"name":"wp","href":"https:\/\/api.w.org\/{rel}","templated":true}]}}