{"id":140075,"date":"2024-10-04T09:58:05","date_gmt":"2024-10-04T07:58:05","guid":{"rendered":"https:\/\/up.lublin.pl\/digital\/?page_id=140075"},"modified":"2024-10-08T13:33:35","modified_gmt":"2024-10-08T11:33:35","slug":"icsa-2024-pp-29","status":"publish","type":"page","link":"https:\/\/up.lublin.pl\/digital\/conferences\/icsa2024\/icsa-2024-pp-29\/","title":{"rendered":"ICSA 2024, PP.29"},"content":{"rendered":"\t\t<div data-elementor-type=\"wp-page\" data-elementor-id=\"140075\" class=\"elementor elementor-140075\" data-elementor-settings=\"[]\">\n\t\t\t\t\t\t\t<div class=\"elementor-section-wrap\">\n\t\t\t\t\t\t\t<section class=\"elementor-section elementor-top-section elementor-element elementor-element-62b13c0c elementor-section-boxed elementor-section-height-default elementor-section-height-default\" data-id=\"62b13c0c\" data-element_type=\"section\">\n\t\t\t\t\t\t<div class=\"elementor-container elementor-column-gap-default\">\n\t\t\t\t\t<div class=\"elementor-column elementor-col-100 elementor-top-column elementor-element elementor-element-574b4d2e\" data-id=\"574b4d2e\" data-element_type=\"column\">\n\t\t\t<div class=\"elementor-widget-wrap elementor-element-populated\">\n\t\t\t\t\t\t\t\t<div class=\"elementor-element elementor-element-15df510 elementor-widget elementor-widget-m2j\" data-id=\"15df510\" data-element_type=\"widget\" data-widget_type=\"m2j.default\">\n\t\t\t\t<div class=\"elementor-widget-container\">\n\t\t\t<section class=\"mn-m2-h\">\n    <div class=\"mn-image-container mn-container\">\n                    <img src=\"https:\/\/up.lublin.pl\/digital\/wp-content\/uploads\/sites\/10\/2024\/09\/icsa-banner_web.jpg\" alt=\"\">\n                        <\/div>\n    <div class=\"mn-grid mn-content\">\n            <\/div>\n<\/section>\n\t\t<\/div>\n\t\t\t\t<\/div>\n\t\t\t\t\t<\/div>\n\t\t<\/div>\n\t\t\t\t\t\t\t<\/div>\n\t\t<\/section>\n\t\t\t\t<section class=\"elementor-section elementor-top-section elementor-element elementor-element-5798d8f8 elementor-section-boxed elementor-section-height-default elementor-section-height-default\" data-id=\"5798d8f8\" data-element_type=\"section\">\n\t\t\t\t\t\t<div class=\"elementor-container elementor-column-gap-default\">\n\t\t\t\t\t<div class=\"elementor-column elementor-col-100 elementor-top-column elementor-element elementor-element-6ecd20fd\" data-id=\"6ecd20fd\" data-element_type=\"column\">\n\t\t\t<div class=\"elementor-widget-wrap elementor-element-populated\">\n\t\t\t\t\t\t\t\t<div class=\"elementor-element elementor-element-3ddbd3ef elementor-widget elementor-widget-m5c\" data-id=\"3ddbd3ef\" data-element_type=\"widget\" data-widget_type=\"m5c.default\">\n\t\t\t\t<div class=\"elementor-widget-container\">\n\t\t\t<section class=\"mn-m5-c mn-m5-d2 mn-bg-white\">\n\t<div class=\"mn-grid\">\n\t\t\t\t<div class=\"mn-content mn-grid-9\">\n\t\t\t                <div class=\"mn-content-block active\">\n\t                                                        <div class=\"block-text\">\n\t                                        <h2><span style=\"color: #333333\"><strong><span style=\"font-size: 14pt\">1st International Conference of Soil and Agriculture:<\/span><br \/><\/strong><span style=\"font-size: 18pt\">TOWARDS SOIL SUSTAINABILITY<\/span><strong><br \/><span style=\"font-size: 10pt\">11\u201313 June 2024 \u2022 Lublin\u2013Na\u0142\u0119cz\u00f3w, Poland<\/span><\/strong><\/span><\/h2>\n<hr \/>\n<p><a href=\"https:\/\/doi.org\/10.24326\/ICSA1.PP.29\"><span style=\"font-size: 10pt\">https:\/\/doi.org\/10.24326\/ICSA1.PP.29<\/span><\/a><br \/><span style=\"font-size: 10pt\">Published online: 4 October 2024<\/span><\/p>\n<h2><span style=\"font-size: 18pt;color: #333333\"><strong>Selected indicators of soil health in variously contaminated urban garden soils<br \/><\/strong><span style=\"font-size: 12pt;color: #000000\">Katarzyna Szopka<sup>1<\/sup>*, Dariusz Gruszka<sup>1<\/sup>, Iwona Gruss<sup>2<\/sup>, Anna Karczewska<sup>1<\/sup>, Dorota Kawa\u0142ko<sup>1<\/sup><\/span><\/span><\/h2>\n<p><span style=\"font-size: 10pt\"><sup>1<\/sup> Institute of Soil Science, Plant Nutrition and Environmental Protection, Wroc\u0142aw University of Environmental and Life Sciences, Grunwaldzka 53, 50\u2011357 Wroc\u0142aw, Poland<br \/><\/span><span style=\"font-size: 10pt\"><sup>2<\/sup> Department of Plant Protection, Wroc\u0142aw University of Environmental and Life Sciences, Plac Grunwaldzki 24a, 50\u2011363 Wroc\u0142aw, Poland<br \/><\/span>*<span style=\"font-size: 8pt\"> Corresponding author: katarzyna.szopka@upwr.edu.pl<\/span><\/p>\n<p><strong>Abstract<br \/><\/strong>Studies carried out in urban areas indicate a&nbsp;large local variation in the contamination of these soils. In cities, there is a&nbsp;problem of uptake of potentially toxic elements from garden soils by vegetables grown for consumption, which poses a&nbsp;health risk to consumers. Contamination of garden soils is also dangerous to soil organisms, reducing their abundance and biodiversity. To measure and asses changes in soil properties and functioning to understand soil health as a&nbsp;tool a&nbsp;range of soil health indicators have been developed. Thus, systemic approaches based on different kinds of indicators (physical, chemical, and biological) in assessing urban soil health should be discussed. This study focusses on the urban gardens soils in Wroc\u0142aw (Poland), where elevated levels of trace elements were identified. The aim of this study was to evaluate the possibility of using standard chemical tests and ecotoxicological tests to assess the contamination of urban garden soils. Soils were collected from three urban gardens located in Wroc\u0142aw (Poland), which were selected based on the high risk of local heavy metal contamination related to historical or current industry, high road traffic, and the flood that occurred in 1997. Total forms of selected trace elements (Pb, Zn, Cd, Cu) were determined by soil mineralization with \u201caqua regia\u201d, which corresponds to the content of trace elements close to total. Potentially soluble forms were extracted in dilute nitric acid according to the ISO standard (17586: 2016) and in 1M ammonium nitrate according to the ISO standard (ISO 19730: 2008). The standardized Ostracode test kit was used for ecotoxicological test. The test involved incubating organisms for 6 days to assess the impact of contaminants on their growth. All of the examined soils had exceeded permissible levels of trace elements, especially Zn, Pb and in some soil samples also Cd. Despite the high total Zn concentrations in soils, the amounts of easily soluble Zn forms (released from soils in the extractions with 1 M&nbsp;NH<sub>4<\/sub>NO<sub>3<\/sub>) remained low. A&nbsp;similar relationship was found for lead. The highest inhibition of the growth rate of <em>Heterocypris incongruens<\/em> was observed for the sampling point in which the highest contamination with trace elements, in particular lead, were found. This biotest could be an alternative screening tool in the assessment of toxicity caused by soil contamination with heavy metals and metalloids.<\/p>\n<p><strong>Keywords: <\/strong>urban contamination of soils, ecotoxicological tests<\/p>\n<p><span style=\"font-size: 10pt\"><strong>How to cite<br \/><\/strong>Szopka K., Gruszka D., Gruss I., Karczewska A., Kawa\u0142ko D., 2024. Selected indicators of soil health in variously contaminated urban garden soils. 1st International Conference of Soil and Agriculture: Towards Soil Sustainability. https:\/\/doi.org\/10.24326\/ICSA1.PP.29<\/span><\/p>\n                                        <\/div>\n\t\t\t\t\t\t                                <\/div>\n\t\t\t\t                <div class=\"mn-content-block\">\n\t                                <\/div>\n\t\t\t\t                <div class=\"mn-content-block\">\n\t                                <\/div>\n\t\t\t\t                <div class=\"mn-content-block\">\n\t                                <\/div>\n\t\t\t\t                <div class=\"mn-content-block\">\n\t                                <\/div>\n\t\t\t\t                <div class=\"mn-content-block\">\n\t                                <\/div>\n\t\t\t\t                <div class=\"mn-content-block\">\n\t                                <\/div>\n\t\t\t\t                <div class=\"mn-content-block\">\n\t                                <\/div>\n\t\t\t\t                <div class=\"mn-content-block\">\n\t                                <\/div>\n\t\t\t\t                <div class=\"mn-content-block\">\n\t                                <\/div>\n\t\t\t\t                <div class=\"mn-content-block\">\n\t                                <\/div>\n\t\t\t\t                <div class=\"mn-content-block\">\n\t                                <\/div>\n\t\t\t\t                <div class=\"mn-content-block\">\n\t                                <\/div>\n\t\t\t\t                <div class=\"mn-content-block\">\n\t                                <\/div>\n\t\t\t\t                <div class=\"mn-content-block\">\n\t                                <\/div>\n\t\t\t\t                <div class=\"mn-content-block\">\n\t                                <\/div>\n\t\t\t\t                <div class=\"mn-content-block\">\n\t                                <\/div>\n\t\t\t\t                <div class=\"mn-content-block\">\n\t                                <\/div>\n\t\t\t\t                <div class=\"mn-content-block\">\n\t                                <\/div>\n\t\t\t\t                <div class=\"mn-content-block\">\n\t                                <\/div>\n\t\t\t\t\t\t<\/div>\n\t<\/div>\n<\/section>\n\t\t<\/div>\n\t\t\t\t<\/div>\n\t\t\t\t\t<\/div>\n\t\t<\/div>\n\t\t\t\t\t\t\t<\/div>\n\t\t<\/section>\n\t\t\t\t\t\t<\/div>\n\t\t\t\t\t<\/div>\n\t\t","protected":false},"excerpt":{"rendered":"<p>1st International Conference of Soil and Agriculture:TOWARDS SOIL SUSTAINABILITY11\u201313 June 2024 \u2022 Lublin\u2013Na\u0142\u0119cz\u00f3w, Poland https:\/\/doi.org\/10.24326\/ICSA1.PP.29Published online: 4 October 2024 Selected indicators of soil health in variously contaminated urban garden soilsKatarzyna Szopka1*, Dariusz Gruszka1, Iwona Gruss2, Anna Karczewska1, Dorota Kawa\u0142ko1 1 Institute of Soil Science, Plant Nutrition and Environmental Protection, Wroc\u0142aw University of Environmental and Life [&hellip;]<\/p>\n","protected":false},"author":196,"featured_media":0,"parent":139572,"menu_order":0,"comment_status":"closed","ping_status":"closed","template":"elementor_header_footer","meta":{"_monsterinsights_skip_tracking":false,"_monsterinsights_sitenote_active":false,"_monsterinsights_sitenote_note":"","_monsterinsights_sitenote_category":0},"_links":{"self":[{"href":"https:\/\/up.lublin.pl\/digital\/wp-json\/wp\/v2\/pages\/140075"}],"collection":[{"href":"https:\/\/up.lublin.pl\/digital\/wp-json\/wp\/v2\/pages"}],"about":[{"href":"https:\/\/up.lublin.pl\/digital\/wp-json\/wp\/v2\/types\/page"}],"author":[{"embeddable":true,"href":"https:\/\/up.lublin.pl\/digital\/wp-json\/wp\/v2\/users\/196"}],"replies":[{"embeddable":true,"href":"https:\/\/up.lublin.pl\/digital\/wp-json\/wp\/v2\/comments?post=140075"}],"version-history":[{"count":13,"href":"https:\/\/up.lublin.pl\/digital\/wp-json\/wp\/v2\/pages\/140075\/revisions"}],"predecessor-version":[{"id":140695,"href":"https:\/\/up.lublin.pl\/digital\/wp-json\/wp\/v2\/pages\/140075\/revisions\/140695"}],"up":[{"embeddable":true,"href":"https:\/\/up.lublin.pl\/digital\/wp-json\/wp\/v2\/pages\/139572"}],"wp:attachment":[{"href":"https:\/\/up.lublin.pl\/digital\/wp-json\/wp\/v2\/media?parent=140075"}],"curies":[{"name":"wp","href":"https:\/\/api.w.org\/{rel}","templated":true}]}}