{"id":140056,"date":"2024-10-04T09:52:59","date_gmt":"2024-10-04T07:52:59","guid":{"rendered":"https:\/\/up.lublin.pl\/digital\/?page_id=140056"},"modified":"2024-10-08T13:30:25","modified_gmt":"2024-10-08T11:30:25","slug":"icsa-2024-pp-27","status":"publish","type":"page","link":"https:\/\/up.lublin.pl\/digital\/conferences\/icsa2024\/icsa-2024-pp-27\/","title":{"rendered":"ICSA 2024, PP.27"},"content":{"rendered":"\t\t<div data-elementor-type=\"wp-page\" data-elementor-id=\"140056\" class=\"elementor elementor-140056\" data-elementor-settings=\"[]\">\n\t\t\t\t\t\t\t<div class=\"elementor-section-wrap\">\n\t\t\t\t\t\t\t<section class=\"elementor-section elementor-top-section elementor-element elementor-element-24ad283f elementor-section-boxed elementor-section-height-default elementor-section-height-default\" data-id=\"24ad283f\" data-element_type=\"section\">\n\t\t\t\t\t\t<div class=\"elementor-container elementor-column-gap-default\">\n\t\t\t\t\t<div class=\"elementor-column elementor-col-100 elementor-top-column elementor-element elementor-element-6bbf7899\" data-id=\"6bbf7899\" data-element_type=\"column\">\n\t\t\t<div class=\"elementor-widget-wrap elementor-element-populated\">\n\t\t\t\t\t\t\t\t<div class=\"elementor-element elementor-element-2410d8d1 elementor-widget elementor-widget-m2j\" data-id=\"2410d8d1\" data-element_type=\"widget\" data-widget_type=\"m2j.default\">\n\t\t\t\t<div class=\"elementor-widget-container\">\n\t\t\t<section class=\"mn-m2-h\">\n    <div class=\"mn-image-container mn-container\">\n                    <img src=\"https:\/\/up.lublin.pl\/digital\/wp-content\/uploads\/sites\/10\/2024\/09\/icsa-banner_web.jpg\" alt=\"\">\n                        <\/div>\n    <div class=\"mn-grid mn-content\">\n            <\/div>\n<\/section>\n\t\t<\/div>\n\t\t\t\t<\/div>\n\t\t\t\t\t<\/div>\n\t\t<\/div>\n\t\t\t\t\t\t\t<\/div>\n\t\t<\/section>\n\t\t\t\t<section class=\"elementor-section elementor-top-section elementor-element elementor-element-44a738d elementor-section-boxed elementor-section-height-default elementor-section-height-default\" data-id=\"44a738d\" data-element_type=\"section\">\n\t\t\t\t\t\t<div class=\"elementor-container elementor-column-gap-default\">\n\t\t\t\t\t<div class=\"elementor-column elementor-col-100 elementor-top-column elementor-element elementor-element-3a64b7f8\" data-id=\"3a64b7f8\" data-element_type=\"column\">\n\t\t\t<div class=\"elementor-widget-wrap elementor-element-populated\">\n\t\t\t\t\t\t\t\t<div class=\"elementor-element elementor-element-1c0bf832 elementor-widget elementor-widget-m5c\" data-id=\"1c0bf832\" data-element_type=\"widget\" data-widget_type=\"m5c.default\">\n\t\t\t\t<div class=\"elementor-widget-container\">\n\t\t\t<section class=\"mn-m5-c mn-m5-d2 mn-bg-white\">\n\t<div class=\"mn-grid\">\n\t\t\t\t<div class=\"mn-content mn-grid-9\">\n\t\t\t                <div class=\"mn-content-block active\">\n\t                                                        <div class=\"block-text\">\n\t                                        <h2><span style=\"color: #333333\"><strong><span style=\"font-size: 14pt\">1st International Conference of Soil and Agriculture:<\/span><br \/><\/strong><span style=\"font-size: 18pt\">TOWARDS SOIL SUSTAINABILITY<\/span><strong><br \/><span style=\"font-size: 10pt\">11\u201313 June 2024 \u2022 Lublin\u2013Na\u0142\u0119cz\u00f3w, Poland<\/span><\/strong><\/span><\/h2>\n<hr \/>\n<p><a href=\"https:\/\/doi.org\/10.24326\/ICSA1.PP.27\"><span style=\"font-size: 10pt\">https:\/\/doi.org\/10.24326\/ICSA1.PP.27<\/span><\/a><br \/><span style=\"font-size: 10pt\">Published online: 4 October 2024<\/span><\/p>\n<h2><span style=\"color: #333333;font-size: 18pt\"><strong>The influence of rainfall and thermal conditions <br \/>on the yield of aboveground matter of Polish varieties <br \/>of <em>Helianthus tuberosus<\/em> L.<br \/><\/strong><span style=\"color: #000000;font-size: 12pt\">Dominika Skiba*, Ewelina Flis-Olszewska<\/span><\/span><\/h2>\n<p><span style=\"font-size: 10pt\">Department of Plant Production Technology and Commodity Science, Agrometeorology Laboratory, <br \/>University of Life Sciences in Lublin, Akademicka 15, 20-950 Lublin, Poland<br \/><\/span><span style=\"font-size: 8pt\">* Corresponding author: dominika.skiba@up.lublin.pl<\/span><\/p>\n<p><strong>Abstract<\/strong><br \/>Poland\u2019s climatic conditions are favourable for cultivation of many species of energy plants. One of them is the tuberous sunflower belonging to the C3 type plants. This short-day plant reacts to the long days in our latitude by inhibiting its generative development. The development cycle of early varieties lasts 18\u201320 weeks (between mid-April and mid-October), while the development cycle of late varieties lasts 26\u201328 weeks (from mid-April to mid-November). In the literature little information is available regarding the impact of temperature and precipitation on the yield of Jerusalem artichoke, hence the aim of the study was to assess the impact of hydrothermal conditions on the yield of above-ground parts. The field experiment was conducted in 2020\u20132022 at the Experimental Station of the University of Life Sciences in Lublin. The experiment was set up using the double-split experimental unit method (split-split-plot) in three repetitions. The research involved two Polish varieties of Jerusalem artichoke: Albik and Rubik, both registered on the list of cultivated varieties in 1997. The tubers were planted every 40 cm in the row and the distance between the rows was 62.5 cm. Albik is characterized by a&nbsp;medium spreading shape, a&nbsp;stem up to 3 m&nbsp;high, medium thickness, oval-heart-shaped leaves, very pointed, green in colour and medium-long leaf petioles, the edges of the leaf blade are serrated; yellowish flowers. Rubik has a&nbsp;medium spreading shape and stems about 3 m&nbsp;high; oval-heart-shaped leaves with pointed tips, green leaf colour; leaf petiole \u2013 long, leaf edges \u2013 serrated; inflorescence mounted on the tips of branching stems; yellow flowers. The average yield values of the above-ground part of the Albik variety was 25.11 t\/ha and of the Rubik variety 15.81 t\/ha. The Albik variety produced the highest yield (27.15 t\/ha) in 2021 when, compared to the other two analysed years, the lowest average air temperature (lower then multi-annual average) and the lowest precipitation were observed (significantly lower than in 2020 and 2022). On the other hand, Rubik had the highest yield (19.29 t\/ha) in 2022, when hydrothermal conditions were intermediate: air temperature were at the same level as multi-annual average and precipitation was nearly 100 mm below the 10-year average.<\/p>\n<p><strong>Keywords: <\/strong>air temperature, precipitation, yield, aboveground mass, Jerusalem artichoke<\/p>\n<p><span style=\"font-size: 10pt\"><strong>How to cite<br \/><\/strong>Skiba D., Flis-Olszewska E., 2024. The influence of rainfall and thermal conditions on the yield of aboveground matter of Polish varieties of <em>Helianthus tuberosus<\/em> L. 1st International Conference of Soil and Agriculture: Towards Soil Sustainability. https:\/\/doi.org\/10.24326\/ICSA1.PP.27<\/span><\/p>\n                                        <\/div>\n\t\t\t\t\t\t                                <\/div>\n\t\t\t\t                <div class=\"mn-content-block\">\n\t                                <\/div>\n\t\t\t\t                <div class=\"mn-content-block\">\n\t                                <\/div>\n\t\t\t\t                <div class=\"mn-content-block\">\n\t                                <\/div>\n\t\t\t\t                <div class=\"mn-content-block\">\n\t                                <\/div>\n\t\t\t\t                <div class=\"mn-content-block\">\n\t                                <\/div>\n\t\t\t\t                <div class=\"mn-content-block\">\n\t                                <\/div>\n\t\t\t\t                <div class=\"mn-content-block\">\n\t                                <\/div>\n\t\t\t\t                <div class=\"mn-content-block\">\n\t                                <\/div>\n\t\t\t\t                <div class=\"mn-content-block\">\n\t                                <\/div>\n\t\t\t\t                <div class=\"mn-content-block\">\n\t                                <\/div>\n\t\t\t\t                <div class=\"mn-content-block\">\n\t                                <\/div>\n\t\t\t\t                <div class=\"mn-content-block\">\n\t                                <\/div>\n\t\t\t\t                <div class=\"mn-content-block\">\n\t                                <\/div>\n\t\t\t\t                <div class=\"mn-content-block\">\n\t                                <\/div>\n\t\t\t\t                <div class=\"mn-content-block\">\n\t                                <\/div>\n\t\t\t\t                <div class=\"mn-content-block\">\n\t                                <\/div>\n\t\t\t\t                <div class=\"mn-content-block\">\n\t                                <\/div>\n\t\t\t\t                <div class=\"mn-content-block\">\n\t                                <\/div>\n\t\t\t\t                <div class=\"mn-content-block\">\n\t                                <\/div>\n\t\t\t\t\t\t<\/div>\n\t<\/div>\n<\/section>\n\t\t<\/div>\n\t\t\t\t<\/div>\n\t\t\t\t\t<\/div>\n\t\t<\/div>\n\t\t\t\t\t\t\t<\/div>\n\t\t<\/section>\n\t\t\t\t\t\t<\/div>\n\t\t\t\t\t<\/div>\n\t\t","protected":false},"excerpt":{"rendered":"<p>1st International Conference of Soil and Agriculture:TOWARDS SOIL SUSTAINABILITY11\u201313 June 2024 \u2022 Lublin\u2013Na\u0142\u0119cz\u00f3w, Poland https:\/\/doi.org\/10.24326\/ICSA1.PP.27Published online: 4 October 2024 The influence of rainfall and thermal conditions on the yield of aboveground matter of Polish varieties of Helianthus tuberosus L.Dominika Skiba*, Ewelina Flis-Olszewska Department of Plant Production Technology and Commodity Science, Agrometeorology Laboratory, University of Life [&hellip;]<\/p>\n","protected":false},"author":196,"featured_media":0,"parent":139572,"menu_order":0,"comment_status":"closed","ping_status":"closed","template":"elementor_header_footer","meta":{"_monsterinsights_skip_tracking":false,"_monsterinsights_sitenote_active":false,"_monsterinsights_sitenote_note":"","_monsterinsights_sitenote_category":0},"_links":{"self":[{"href":"https:\/\/up.lublin.pl\/digital\/wp-json\/wp\/v2\/pages\/140056"}],"collection":[{"href":"https:\/\/up.lublin.pl\/digital\/wp-json\/wp\/v2\/pages"}],"about":[{"href":"https:\/\/up.lublin.pl\/digital\/wp-json\/wp\/v2\/types\/page"}],"author":[{"embeddable":true,"href":"https:\/\/up.lublin.pl\/digital\/wp-json\/wp\/v2\/users\/196"}],"replies":[{"embeddable":true,"href":"https:\/\/up.lublin.pl\/digital\/wp-json\/wp\/v2\/comments?post=140056"}],"version-history":[{"count":10,"href":"https:\/\/up.lublin.pl\/digital\/wp-json\/wp\/v2\/pages\/140056\/revisions"}],"predecessor-version":[{"id":140686,"href":"https:\/\/up.lublin.pl\/digital\/wp-json\/wp\/v2\/pages\/140056\/revisions\/140686"}],"up":[{"embeddable":true,"href":"https:\/\/up.lublin.pl\/digital\/wp-json\/wp\/v2\/pages\/139572"}],"wp:attachment":[{"href":"https:\/\/up.lublin.pl\/digital\/wp-json\/wp\/v2\/media?parent=140056"}],"curies":[{"name":"wp","href":"https:\/\/api.w.org\/{rel}","templated":true}]}}