{"id":140045,"date":"2024-10-04T09:49:40","date_gmt":"2024-10-04T07:49:40","guid":{"rendered":"https:\/\/up.lublin.pl\/digital\/?page_id=140045"},"modified":"2024-10-08T13:53:26","modified_gmt":"2024-10-08T11:53:26","slug":"icsa-2024-pp-26","status":"publish","type":"page","link":"https:\/\/up.lublin.pl\/digital\/conferences\/icsa2024\/icsa-2024-pp-26\/","title":{"rendered":"ICSA 2024, PP.26"},"content":{"rendered":"\t\t<div data-elementor-type=\"wp-page\" data-elementor-id=\"140045\" class=\"elementor elementor-140045\" data-elementor-settings=\"[]\">\n\t\t\t\t\t\t\t<div class=\"elementor-section-wrap\">\n\t\t\t\t\t\t\t<section class=\"elementor-section elementor-top-section elementor-element elementor-element-1a89914b elementor-section-boxed elementor-section-height-default elementor-section-height-default\" data-id=\"1a89914b\" data-element_type=\"section\">\n\t\t\t\t\t\t<div class=\"elementor-container elementor-column-gap-default\">\n\t\t\t\t\t<div class=\"elementor-column elementor-col-100 elementor-top-column elementor-element elementor-element-4939685f\" data-id=\"4939685f\" data-element_type=\"column\">\n\t\t\t<div class=\"elementor-widget-wrap elementor-element-populated\">\n\t\t\t\t\t\t\t\t<div class=\"elementor-element elementor-element-3dbff07d elementor-widget elementor-widget-m2j\" data-id=\"3dbff07d\" data-element_type=\"widget\" data-widget_type=\"m2j.default\">\n\t\t\t\t<div class=\"elementor-widget-container\">\n\t\t\t<section class=\"mn-m2-h\">\n    <div class=\"mn-image-container mn-container\">\n                    <img src=\"https:\/\/up.lublin.pl\/digital\/wp-content\/uploads\/sites\/10\/2024\/09\/icsa-banner_web.jpg\" alt=\"\">\n                        <\/div>\n    <div class=\"mn-grid mn-content\">\n            <\/div>\n<\/section>\n\t\t<\/div>\n\t\t\t\t<\/div>\n\t\t\t\t\t<\/div>\n\t\t<\/div>\n\t\t\t\t\t\t\t<\/div>\n\t\t<\/section>\n\t\t\t\t<section class=\"elementor-section elementor-top-section elementor-element elementor-element-228946c0 elementor-section-boxed elementor-section-height-default elementor-section-height-default\" data-id=\"228946c0\" data-element_type=\"section\">\n\t\t\t\t\t\t<div class=\"elementor-container elementor-column-gap-default\">\n\t\t\t\t\t<div class=\"elementor-column elementor-col-100 elementor-top-column elementor-element elementor-element-190331bf\" data-id=\"190331bf\" data-element_type=\"column\">\n\t\t\t<div class=\"elementor-widget-wrap elementor-element-populated\">\n\t\t\t\t\t\t\t\t<div class=\"elementor-element elementor-element-6afe5e0b elementor-widget elementor-widget-m5c\" data-id=\"6afe5e0b\" data-element_type=\"widget\" data-widget_type=\"m5c.default\">\n\t\t\t\t<div class=\"elementor-widget-container\">\n\t\t\t<section class=\"mn-m5-c mn-m5-d2 mn-bg-white\">\n\t<div class=\"mn-grid\">\n\t\t\t\t<div class=\"mn-content mn-grid-9\">\n\t\t\t                <div class=\"mn-content-block active\">\n\t                                                        <div class=\"block-text\">\n\t                                        <h2><span style=\"color: #333333\"><strong><span style=\"font-size: 14pt\">1st International Conference of Soil and Agriculture:<\/span><br \/><\/strong><span style=\"font-size: 18pt\">TOWARDS SOIL SUSTAINABILITY<\/span><strong><br \/><span style=\"font-size: 10pt\">11\u201313 June 2024 \u2022 Lublin\u2013Na\u0142\u0119cz\u00f3w, Poland<\/span><\/strong><\/span><\/h2>\n<hr \/>\n<p><a href=\"https:\/\/doi.org\/10.24326\/ICSA1.PP.26\"><span style=\"font-size: 10pt\">https:\/\/doi.org\/10.24326\/ICSA1.PP.26<\/span><\/a><br \/><span style=\"font-size: 10pt\">Published online: 4 October 2024<\/span><\/p>\n<h2><strong><span style=\"font-size: 12pt\"><span style=\"color: #333333;font-size: 18pt\">Critical soil moisture content of the shrinking process <br \/>for selected fen peat types<\/span><br \/><\/span><\/strong><span style=\"color: #000000;font-size: 12pt\">Ryszard Oleszczuk<sup>1<\/sup>*, Ewelina Zaj\u0105c<sup>2<\/sup><\/span><\/h2>\n<p><span style=\"font-size: 10pt\"><sup>1<\/sup> Institute of Environmental Engineering, Warsaw University of Life Sciences \u2013 SGGW, Nowoursynowska 159, <br \/>02-766 Warszawa, Poland<br \/><\/span><span style=\"font-size: 10pt\"><sup>2<\/sup> Department of Land Reclamation and Environmental Development, University of Agriculture in Krakow, <br \/>Mickiewicza 24-28, 30-059 Krak\u00f3w, Poland<br \/><\/span><span style=\"font-size: 8pt\">* Corresponding author: ryszard_oleszczuk@sggw.edu.pl<\/span><\/p>\n<p><strong>Abstract<br \/><\/strong>Peat soils decrease in volume through shrinkage as a&nbsp;result of water loss. This results in the formation of fissures and cracks, which accelerate the processes of mucking and mineralisation of organic matter. The characteristics of this process in drained peat soils differ from its course in heavy mineral soils (clays, loams) and it is relatively well recognised. There is relatively little data in the literature on the critical moisture content of the shrinkage process, i.e. the moisture content beyond which peat does not return to its original volume after re-wetting, and on the value of reversible shrinkage, which is a&nbsp;measure of the ability of peat to swell again due to re-wetting. The aim of this study was to determine critical moisture values during shrinkage-swollenness processes for selected low peat species from the largest peatland complex in Poland, i.e. the Biebrza Marshes. The study presents results of critical moisture of shrinkage and reversible shrinkage for four low peat species, i.e. oleic, reed, sedge and moss peat. The study was carried out using the saran resin method with the measurement technique of soil geometry changes. On the basis of the research carried out, it was found that in the case of alder peats the critical moisture content values of the shrinkage process are in the range of approx. 65\u201380% vol. and for rush peats the critical moisture content range is 70\u201390% vol. For sedge peats, the range is very narrow at around 80\u201386% vol. and for moss peats, the range is the largest at around 55\u201390% vol. In all the peats studied, the value of reversible shrinkage varied between 30\u201340%. The above results are important indications for proper water management in peat soils in terms of not allowing them to dry out too intensively.<\/p>\n<p><strong>Keywords:\u00a0<\/strong>drainage of peatlands, shrinkage, rewetting, swelling<\/p>\n<p><span style=\"font-size: 10pt\"><strong>How to cite<br \/><\/strong>Oleszczuk R., Zaj\u0105c E., 2024. Critical soil moisture content of the shrinking process for selected fen peat types. 1st International Conference of Soil and Agriculture: Towards Soil Sustainability. https:\/\/doi.org\/10.24326\/ICSA1.PP.26<\/span><\/p>\n                                        <\/div>\n\t\t\t\t\t\t                                <\/div>\n\t\t\t\t                <div class=\"mn-content-block\">\n\t                                <\/div>\n\t\t\t\t                <div class=\"mn-content-block\">\n\t                                <\/div>\n\t\t\t\t                <div class=\"mn-content-block\">\n\t                                <\/div>\n\t\t\t\t                <div class=\"mn-content-block\">\n\t                                <\/div>\n\t\t\t\t                <div class=\"mn-content-block\">\n\t                                <\/div>\n\t\t\t\t                <div class=\"mn-content-block\">\n\t                                <\/div>\n\t\t\t\t                <div class=\"mn-content-block\">\n\t                                <\/div>\n\t\t\t\t                <div class=\"mn-content-block\">\n\t                                <\/div>\n\t\t\t\t                <div class=\"mn-content-block\">\n\t                                <\/div>\n\t\t\t\t                <div class=\"mn-content-block\">\n\t                                <\/div>\n\t\t\t\t                <div class=\"mn-content-block\">\n\t                                <\/div>\n\t\t\t\t                <div class=\"mn-content-block\">\n\t                                <\/div>\n\t\t\t\t                <div class=\"mn-content-block\">\n\t                                <\/div>\n\t\t\t\t                <div class=\"mn-content-block\">\n\t                                <\/div>\n\t\t\t\t                <div class=\"mn-content-block\">\n\t                                <\/div>\n\t\t\t\t                <div class=\"mn-content-block\">\n\t                                <\/div>\n\t\t\t\t                <div class=\"mn-content-block\">\n\t                                <\/div>\n\t\t\t\t                <div class=\"mn-content-block\">\n\t                                <\/div>\n\t\t\t\t                <div class=\"mn-content-block\">\n\t                                <\/div>\n\t\t\t\t\t\t<\/div>\n\t<\/div>\n<\/section>\n\t\t<\/div>\n\t\t\t\t<\/div>\n\t\t\t\t\t<\/div>\n\t\t<\/div>\n\t\t\t\t\t\t\t<\/div>\n\t\t<\/section>\n\t\t\t\t\t\t<\/div>\n\t\t\t\t\t<\/div>\n\t\t","protected":false},"excerpt":{"rendered":"<p>1st International Conference of Soil and Agriculture:TOWARDS SOIL SUSTAINABILITY11\u201313 June 2024 \u2022 Lublin\u2013Na\u0142\u0119cz\u00f3w, Poland https:\/\/doi.org\/10.24326\/ICSA1.PP.26Published online: 4 October 2024 Critical soil moisture content of the shrinking process for selected fen peat typesRyszard Oleszczuk1*, Ewelina Zaj\u0105c2 1 Institute of Environmental Engineering, Warsaw University of Life Sciences \u2013 SGGW, Nowoursynowska 159, 02-766 Warszawa, Poland2 Department of Land [&hellip;]<\/p>\n","protected":false},"author":196,"featured_media":0,"parent":139572,"menu_order":0,"comment_status":"closed","ping_status":"closed","template":"elementor_header_footer","meta":{"_monsterinsights_skip_tracking":false,"_monsterinsights_sitenote_active":false,"_monsterinsights_sitenote_note":"","_monsterinsights_sitenote_category":0},"_links":{"self":[{"href":"https:\/\/up.lublin.pl\/digital\/wp-json\/wp\/v2\/pages\/140045"}],"collection":[{"href":"https:\/\/up.lublin.pl\/digital\/wp-json\/wp\/v2\/pages"}],"about":[{"href":"https:\/\/up.lublin.pl\/digital\/wp-json\/wp\/v2\/types\/page"}],"author":[{"embeddable":true,"href":"https:\/\/up.lublin.pl\/digital\/wp-json\/wp\/v2\/users\/196"}],"replies":[{"embeddable":true,"href":"https:\/\/up.lublin.pl\/digital\/wp-json\/wp\/v2\/comments?post=140045"}],"version-history":[{"count":19,"href":"https:\/\/up.lublin.pl\/digital\/wp-json\/wp\/v2\/pages\/140045\/revisions"}],"predecessor-version":[{"id":140740,"href":"https:\/\/up.lublin.pl\/digital\/wp-json\/wp\/v2\/pages\/140045\/revisions\/140740"}],"up":[{"embeddable":true,"href":"https:\/\/up.lublin.pl\/digital\/wp-json\/wp\/v2\/pages\/139572"}],"wp:attachment":[{"href":"https:\/\/up.lublin.pl\/digital\/wp-json\/wp\/v2\/media?parent=140045"}],"curies":[{"name":"wp","href":"https:\/\/api.w.org\/{rel}","templated":true}]}}