{"id":140034,"date":"2024-10-04T09:46:33","date_gmt":"2024-10-04T07:46:33","guid":{"rendered":"https:\/\/up.lublin.pl\/digital\/?page_id=140034"},"modified":"2024-10-08T13:26:36","modified_gmt":"2024-10-08T11:26:36","slug":"icsa-2024-pp-25","status":"publish","type":"page","link":"https:\/\/up.lublin.pl\/digital\/conferences\/icsa2024\/icsa-2024-pp-25\/","title":{"rendered":"ICSA 2024, PP.25"},"content":{"rendered":"\t\t<div data-elementor-type=\"wp-page\" data-elementor-id=\"140034\" class=\"elementor elementor-140034\" data-elementor-settings=\"[]\">\n\t\t\t\t\t\t\t<div class=\"elementor-section-wrap\">\n\t\t\t\t\t\t\t<section class=\"elementor-section elementor-top-section elementor-element elementor-element-2a408daf elementor-section-boxed elementor-section-height-default elementor-section-height-default\" data-id=\"2a408daf\" data-element_type=\"section\">\n\t\t\t\t\t\t<div class=\"elementor-container elementor-column-gap-default\">\n\t\t\t\t\t<div class=\"elementor-column elementor-col-100 elementor-top-column elementor-element elementor-element-4a854521\" data-id=\"4a854521\" data-element_type=\"column\">\n\t\t\t<div class=\"elementor-widget-wrap elementor-element-populated\">\n\t\t\t\t\t\t\t\t<div class=\"elementor-element elementor-element-488027f7 elementor-widget elementor-widget-m2j\" data-id=\"488027f7\" data-element_type=\"widget\" data-widget_type=\"m2j.default\">\n\t\t\t\t<div class=\"elementor-widget-container\">\n\t\t\t<section class=\"mn-m2-h\">\n    <div class=\"mn-image-container mn-container\">\n                    <img src=\"https:\/\/up.lublin.pl\/digital\/wp-content\/uploads\/sites\/10\/2024\/09\/icsa-banner_web.jpg\" alt=\"\">\n                        <\/div>\n    <div class=\"mn-grid mn-content\">\n            <\/div>\n<\/section>\n\t\t<\/div>\n\t\t\t\t<\/div>\n\t\t\t\t\t<\/div>\n\t\t<\/div>\n\t\t\t\t\t\t\t<\/div>\n\t\t<\/section>\n\t\t\t\t<section class=\"elementor-section elementor-top-section elementor-element elementor-element-2dbbc14c elementor-section-boxed elementor-section-height-default elementor-section-height-default\" data-id=\"2dbbc14c\" data-element_type=\"section\">\n\t\t\t\t\t\t<div class=\"elementor-container elementor-column-gap-default\">\n\t\t\t\t\t<div class=\"elementor-column elementor-col-100 elementor-top-column elementor-element elementor-element-601d99d7\" data-id=\"601d99d7\" data-element_type=\"column\">\n\t\t\t<div class=\"elementor-widget-wrap elementor-element-populated\">\n\t\t\t\t\t\t\t\t<div class=\"elementor-element elementor-element-19cae5b3 elementor-widget elementor-widget-m5c\" data-id=\"19cae5b3\" data-element_type=\"widget\" data-widget_type=\"m5c.default\">\n\t\t\t\t<div class=\"elementor-widget-container\">\n\t\t\t<section class=\"mn-m5-c mn-m5-d2 mn-bg-white\">\n\t<div class=\"mn-grid\">\n\t\t\t\t<div class=\"mn-content mn-grid-9\">\n\t\t\t                <div class=\"mn-content-block active\">\n\t                                                        <div class=\"block-text\">\n\t                                        <h2><span style=\"color: #333333\"><strong><span style=\"font-size: 14pt\">1st International Conference of Soil and Agriculture:<\/span><br \/><\/strong><span style=\"font-size: 18pt\">TOWARDS SOIL SUSTAINABILITY<\/span><strong><br \/><span style=\"font-size: 10pt\">11\u201313 June 2024 \u2022 Lublin\u2013Na\u0142\u0119cz\u00f3w, Poland<\/span><\/strong><\/span><\/h2>\n<hr \/>\n<p><a href=\"https:\/\/doi.org\/10.24326\/ICSA1.PP.25\"><span style=\"font-size: 10pt\">https:\/\/doi.org\/10.24326\/ICSA1.PP.25<\/span><\/a><br \/><span style=\"font-size: 10pt\">Published online: 4 October 2024<\/span><\/p>\n<h2><span style=\"color: #333333\"><strong><span style=\"font-size: 12pt\"><span style=\"font-size: 18pt\">Reducing nutrient losses and soil contamination through rational fertilization of ornamental plants<\/span><br \/><\/span><\/strong><span style=\"font-size: 12pt\">Jacek S. Nowak*, Jadwiga Treder, Ma\u0142gorzata Kunka, Waldemar Kowalczyk<\/span><\/span><\/h2>\n<p><span style=\"font-size: 10pt\">The National Institute of Horticultural Research, Konstytucji 3 Maja 1\/3, 96-100 Skierniewice, Poland<br \/><\/span><span style=\"font-size: 8pt\">* Corresponding author: jacek.nowak@inhort.pl<\/span><\/p>\n<p><strong>Abstract<br \/><\/strong>In horticulture, especially in soilless cultivation and intensively fertigated field crops, excessive amounts of fertilizer ingredients are often used to obtain high and good quality crop yields and to provide them with appropriate growth conditions. Such action may lead to soil salinization and contamination of groundwater with some components. In the cultivation of ornamental plants under cover, soilless substrates are most often used using open-circuit fertigation, in which excess nutrient leaking from the root zone is discharged directly to the ground in the greenhouse\/tunnel or outdoors. The results of research conducted at the National Institute of Horticultural Research in Skierniewice have shown that in tomato cultivation, while maintaining 20% overflow, approximately 5 tons of nutrients from fertilizers are introduced into the ground with drainage water. These components move through the soil profile to groundwater and then to other water intakes\/sources, i.e. wells, lakes or rivers. This may lead to excessive pollution of surface waters with, among others, nitrogen and phosphorus. An effective method of reducing nutrient losses is balanced fertilization of plants, which allows managing nutrients in a&nbsp;way that reduces soil and water contamination with nutrients from fertilization and increases the efficiency of their use. Such rational fertilization should be based on knowledge of the nutritional needs of plants, soil fertility (including the abundance of essential nutrients), weather conditions during the growing season, and plant cultivation technology. For this purpose, regular chemical analyses of the soil\/substrate and plant material, nutrient and drainage water analyses are necessary. The National Institute of Horticultural Research in Skierniewice, as part of the optimization of fertilization, implements target task 4.1 \u201cRational fertilization\u201d, financed by the Ministry of Agriculture and Rural Development, in which the research conducted allows for correcting the fertilization strategy of selected species in order to adjust doses to the needs of plants while implementing strategies to reduce consumption. This action, apart from verifying the available limit numbers, also aims to reduce water pollution with nitrates and phosphorus from horticultural crops.<\/p>\n<p><strong>Keywords: <\/strong>rational fertilization, fertigation, ornamental plants, soil health<\/p>\n<p><span style=\"font-size: 10pt\"><strong>How to cite<br \/><\/strong>Nowak J.S., Treder J., Kunka M., Kowalczyk W., 2024. Reducing nutrient losses and soil contamination through rational fertilization of ornamental plants. 1st International Conference of Soil and Agriculture: Towards Soil Sustainability. https:\/\/doi.org\/10.24326\/ICSA1.PP.25<\/span><\/p>\n                                        <\/div>\n\t\t\t\t\t\t                                <\/div>\n\t\t\t\t                <div class=\"mn-content-block\">\n\t                                <\/div>\n\t\t\t\t                <div class=\"mn-content-block\">\n\t                                <\/div>\n\t\t\t\t                <div class=\"mn-content-block\">\n\t                                <\/div>\n\t\t\t\t                <div class=\"mn-content-block\">\n\t                                <\/div>\n\t\t\t\t                <div class=\"mn-content-block\">\n\t                                <\/div>\n\t\t\t\t                <div class=\"mn-content-block\">\n\t                                <\/div>\n\t\t\t\t                <div class=\"mn-content-block\">\n\t                                <\/div>\n\t\t\t\t                <div class=\"mn-content-block\">\n\t                                <\/div>\n\t\t\t\t                <div class=\"mn-content-block\">\n\t                                <\/div>\n\t\t\t\t                <div class=\"mn-content-block\">\n\t                                <\/div>\n\t\t\t\t                <div class=\"mn-content-block\">\n\t                                <\/div>\n\t\t\t\t                <div class=\"mn-content-block\">\n\t                                <\/div>\n\t\t\t\t                <div class=\"mn-content-block\">\n\t                                <\/div>\n\t\t\t\t                <div class=\"mn-content-block\">\n\t                                <\/div>\n\t\t\t\t                <div class=\"mn-content-block\">\n\t                                <\/div>\n\t\t\t\t                <div class=\"mn-content-block\">\n\t                                <\/div>\n\t\t\t\t                <div class=\"mn-content-block\">\n\t                                <\/div>\n\t\t\t\t                <div class=\"mn-content-block\">\n\t                                <\/div>\n\t\t\t\t                <div class=\"mn-content-block\">\n\t                                <\/div>\n\t\t\t\t\t\t<\/div>\n\t<\/div>\n<\/section>\n\t\t<\/div>\n\t\t\t\t<\/div>\n\t\t\t\t\t<\/div>\n\t\t<\/div>\n\t\t\t\t\t\t\t<\/div>\n\t\t<\/section>\n\t\t\t\t\t\t<\/div>\n\t\t\t\t\t<\/div>\n\t\t","protected":false},"excerpt":{"rendered":"<p>1st International Conference of Soil and Agriculture:TOWARDS SOIL SUSTAINABILITY11\u201313 June 2024 \u2022 Lublin\u2013Na\u0142\u0119cz\u00f3w, Poland https:\/\/doi.org\/10.24326\/ICSA1.PP.25Published online: 4 October 2024 Reducing nutrient losses and soil contamination through rational fertilization of ornamental plantsJacek S. Nowak*, Jadwiga Treder, Ma\u0142gorzata Kunka, Waldemar Kowalczyk The National Institute of Horticultural Research, Konstytucji 3 Maja 1\/3, 96-100 Skierniewice, Poland* Corresponding author: jacek.nowak@inhort.pl [&hellip;]<\/p>\n","protected":false},"author":196,"featured_media":0,"parent":139572,"menu_order":0,"comment_status":"closed","ping_status":"closed","template":"elementor_header_footer","meta":{"_monsterinsights_skip_tracking":false,"_monsterinsights_sitenote_active":false,"_monsterinsights_sitenote_note":"","_monsterinsights_sitenote_category":0},"_links":{"self":[{"href":"https:\/\/up.lublin.pl\/digital\/wp-json\/wp\/v2\/pages\/140034"}],"collection":[{"href":"https:\/\/up.lublin.pl\/digital\/wp-json\/wp\/v2\/pages"}],"about":[{"href":"https:\/\/up.lublin.pl\/digital\/wp-json\/wp\/v2\/types\/page"}],"author":[{"embeddable":true,"href":"https:\/\/up.lublin.pl\/digital\/wp-json\/wp\/v2\/users\/196"}],"replies":[{"embeddable":true,"href":"https:\/\/up.lublin.pl\/digital\/wp-json\/wp\/v2\/comments?post=140034"}],"version-history":[{"count":13,"href":"https:\/\/up.lublin.pl\/digital\/wp-json\/wp\/v2\/pages\/140034\/revisions"}],"predecessor-version":[{"id":140680,"href":"https:\/\/up.lublin.pl\/digital\/wp-json\/wp\/v2\/pages\/140034\/revisions\/140680"}],"up":[{"embeddable":true,"href":"https:\/\/up.lublin.pl\/digital\/wp-json\/wp\/v2\/pages\/139572"}],"wp:attachment":[{"href":"https:\/\/up.lublin.pl\/digital\/wp-json\/wp\/v2\/media?parent=140034"}],"curies":[{"name":"wp","href":"https:\/\/api.w.org\/{rel}","templated":true}]}}