{"id":140004,"date":"2024-10-04T09:35:07","date_gmt":"2024-10-04T07:35:07","guid":{"rendered":"https:\/\/up.lublin.pl\/digital\/?page_id=140004"},"modified":"2024-10-08T13:23:17","modified_gmt":"2024-10-08T11:23:17","slug":"icsa-2024-pp-22","status":"publish","type":"page","link":"https:\/\/up.lublin.pl\/digital\/conferences\/icsa2024\/icsa-2024-pp-22\/","title":{"rendered":"ICSA 2024, PP.22"},"content":{"rendered":"\t\t<div data-elementor-type=\"wp-page\" data-elementor-id=\"140004\" class=\"elementor elementor-140004\" data-elementor-settings=\"[]\">\n\t\t\t\t\t\t\t<div class=\"elementor-section-wrap\">\n\t\t\t\t\t\t\t<section class=\"elementor-section elementor-top-section elementor-element elementor-element-6b30ea8 elementor-section-boxed elementor-section-height-default elementor-section-height-default\" data-id=\"6b30ea8\" data-element_type=\"section\">\n\t\t\t\t\t\t<div class=\"elementor-container elementor-column-gap-default\">\n\t\t\t\t\t<div class=\"elementor-column elementor-col-100 elementor-top-column elementor-element elementor-element-66e72c81\" data-id=\"66e72c81\" data-element_type=\"column\">\n\t\t\t<div class=\"elementor-widget-wrap elementor-element-populated\">\n\t\t\t\t\t\t\t\t<div class=\"elementor-element elementor-element-3c7f0454 elementor-widget elementor-widget-m2j\" data-id=\"3c7f0454\" data-element_type=\"widget\" data-widget_type=\"m2j.default\">\n\t\t\t\t<div class=\"elementor-widget-container\">\n\t\t\t<section class=\"mn-m2-h\">\n    <div class=\"mn-image-container mn-container\">\n                    <img src=\"https:\/\/up.lublin.pl\/digital\/wp-content\/uploads\/sites\/10\/2024\/09\/icsa-banner_web.jpg\" alt=\"\">\n                        <\/div>\n    <div class=\"mn-grid mn-content\">\n            <\/div>\n<\/section>\n\t\t<\/div>\n\t\t\t\t<\/div>\n\t\t\t\t\t<\/div>\n\t\t<\/div>\n\t\t\t\t\t\t\t<\/div>\n\t\t<\/section>\n\t\t\t\t<section class=\"elementor-section elementor-top-section elementor-element elementor-element-36784556 elementor-section-boxed elementor-section-height-default elementor-section-height-default\" data-id=\"36784556\" data-element_type=\"section\">\n\t\t\t\t\t\t<div class=\"elementor-container elementor-column-gap-default\">\n\t\t\t\t\t<div class=\"elementor-column elementor-col-100 elementor-top-column elementor-element elementor-element-119d7b4\" data-id=\"119d7b4\" data-element_type=\"column\">\n\t\t\t<div class=\"elementor-widget-wrap elementor-element-populated\">\n\t\t\t\t\t\t\t\t<div class=\"elementor-element elementor-element-3d484e75 elementor-widget elementor-widget-m5c\" data-id=\"3d484e75\" data-element_type=\"widget\" data-widget_type=\"m5c.default\">\n\t\t\t\t<div class=\"elementor-widget-container\">\n\t\t\t<section class=\"mn-m5-c mn-m5-d2 mn-bg-white\">\n\t<div class=\"mn-grid\">\n\t\t\t\t<div class=\"mn-content mn-grid-9\">\n\t\t\t                <div class=\"mn-content-block active\">\n\t                                                        <div class=\"block-text\">\n\t                                        <h2><span style=\"color: #333333\"><strong><span style=\"font-size: 14pt\">1st International Conference of Soil and Agriculture:<\/span><br \/><\/strong><span style=\"font-size: 18pt\">TOWARDS SOIL SUSTAINABILITY<\/span><strong><br \/><span style=\"font-size: 10pt\">11\u201313 June 2024 \u2022 Lublin\u2013Na\u0142\u0119cz\u00f3w, Poland<\/span><\/strong><\/span><\/h2>\n<hr \/>\n<p><a href=\"https:\/\/doi.org\/10.24326\/ICSA1.PP.22\"><span style=\"font-size: 10pt\">https:\/\/doi.org\/10.24326\/ICSA1.PP.22<\/span><\/a><br \/><span style=\"font-size: 10pt\">Published online: 4 October 2024<\/span><\/p>\n<h2><span style=\"color: #333333\"><strong><span style=\"font-size: 12pt\"><span style=\"font-size: 18pt\">Assessment of the natural radioactivity of waste fertilizers from municipal water and sewage companies in Poland<\/span><br \/><\/span><\/strong><span style=\"font-size: 12pt;color: #000000\">Aneta \u0141ukaszek-Chmielewska<sup>1<\/sup>*, Marzena Rachwa\u0142<sup>1<\/sup>, Anna Podle\u015bna<sup>2<\/sup>, Barbara Piotrowska<sup>3<\/sup><\/span><\/span><\/h2>\n<p><span style=\"font-size: 10pt\"><sup>1<\/sup> Fire University, S\u0142owackiego 52\/54, 01-629 Warsaw, Poland<br \/><\/span><span style=\"font-size: 10pt\"><sup>2<\/sup> Institute of Soil Science and Plant Cultivation State Research Institute, Czartoryskich\u00a0 8, 24-100 Pu\u0142awy, Poland<br \/><\/span><span style=\"font-size: 10pt\"><sup>3<\/sup> Central Laboratory for Radiological Protection, Konwaliowa 7, 03-194 Warsaw, Poland<br \/><\/span><span style=\"font-size: 8pt\">* Corresponding author: alukaszek@apoz.edu.pl<\/span><\/p>\n<p><strong>Abstract<\/strong><br \/>Currently, mineral fertilization is the basis for sustainable food production on an industrial scale. The use of mineral fertilizers is intended to improve soil fertility by supplementing the deficiency of nutrients. The fertilizer industry of the European Union (EU) is dependent on external sources of supplies of raw materials necessary for the production of mineral fertilizers (phosphates) and energy carriers. The depletion of non-renewable resources of natural raw materials (phosphates) and the increasing global demand for nutrients may, in the long run, lead to an increase in the prices of mineral fertilizers. The production of mineral fertilizers is highly energy-intensive. Due to this fact, cheap and environmentally safe sources of organic matter and nutrients for soils and plants are being sought. Such properties are exhibited by sewage sludge from the sewage treatment process. Depending on their composition, they may constitute waste for storage or a&nbsp;product for natural use. Sewage sludge can be a&nbsp;valuable source of nutrients and organic matter in the soil, which justifies its use in agriculture. However, sewage sludge may contain organic pollutants, pathogenic microorganisms and heavy metals, which may exclude or limit their natural use. The literature on the subject contains many scientific papers on the positive aspects of using sewage sludge by increasing plant yields or increasing soil fertility. However, there is a&nbsp;lack of information on the impact of the use of waste fertilizers on natural radioactivity in the environment. Therefore, the authors of the study determined the concentrations of natural radioactive isotopes of radium (<sup>226<\/sup>Ra), thorium (<sup>232<\/sup>Th) and potassium (<sup>40<\/sup>K) in waste fertilizers obtained from Municipal Water and Sewerage Companies (MPWiK) using gamma spectrometry. The averages concentrations of isotopes of radium (<sup>226<\/sup>Ra), thorium (<sup>232<\/sup>Th) and potassium (<sup>40<\/sup>K) in waste fertilizers were in the ranges of 18.5\u201325.3 Bq\/kg, 12.0\u201318.4 Bq\/kg and 100\u2013348 Bq\/kg, respectively. The authors compared the obtained concentrations of natural radioactive isotopes of radium, thorium and potassium with the results of tests on organic fertilizers and with the average content of natural isotopes present in Polish soil and in the earth\u2019s crust.<\/p>\n<p><strong>Keywords: <\/strong>ionizing radiation, waste fertilizers, MAZAR, radium, thorium, potassium<\/p>\n<p><span style=\"font-size: 10pt\"><strong>How to cite<br \/><\/strong><\/span><span style=\"font-size: 10pt\">\u0141ukaszek-Chmielewska A., Rachwa\u0142 M., Podle\u015bna A., Piotrowska B., 2024. Assessment of the natural radioactivity of waste fertilizers from municipal water and sewage companies in Poland.\u00a0<\/span><span style=\"font-size: 10pt\"> 1st International Conference of Soil and Agriculture: Towards Soil Sustainability. https:\/\/doi.org\/10.24326\/ICSA1.PP.22<\/span><\/p>\n                                        <\/div>\n\t\t\t\t\t\t                                <\/div>\n\t\t\t\t                <div class=\"mn-content-block\">\n\t                                <\/div>\n\t\t\t\t                <div class=\"mn-content-block\">\n\t                                <\/div>\n\t\t\t\t                <div class=\"mn-content-block\">\n\t                                <\/div>\n\t\t\t\t                <div class=\"mn-content-block\">\n\t                                <\/div>\n\t\t\t\t                <div class=\"mn-content-block\">\n\t                                <\/div>\n\t\t\t\t                <div class=\"mn-content-block\">\n\t                                <\/div>\n\t\t\t\t                <div class=\"mn-content-block\">\n\t                                <\/div>\n\t\t\t\t                <div class=\"mn-content-block\">\n\t                                <\/div>\n\t\t\t\t                <div class=\"mn-content-block\">\n\t                                <\/div>\n\t\t\t\t                <div class=\"mn-content-block\">\n\t                                <\/div>\n\t\t\t\t                <div class=\"mn-content-block\">\n\t                                <\/div>\n\t\t\t\t                <div class=\"mn-content-block\">\n\t                                <\/div>\n\t\t\t\t                <div class=\"mn-content-block\">\n\t                                <\/div>\n\t\t\t\t                <div class=\"mn-content-block\">\n\t                                <\/div>\n\t\t\t\t                <div class=\"mn-content-block\">\n\t                                <\/div>\n\t\t\t\t                <div class=\"mn-content-block\">\n\t                                <\/div>\n\t\t\t\t                <div class=\"mn-content-block\">\n\t                                <\/div>\n\t\t\t\t                <div class=\"mn-content-block\">\n\t                                <\/div>\n\t\t\t\t                <div class=\"mn-content-block\">\n\t                                <\/div>\n\t\t\t\t\t\t<\/div>\n\t<\/div>\n<\/section>\n\t\t<\/div>\n\t\t\t\t<\/div>\n\t\t\t\t\t<\/div>\n\t\t<\/div>\n\t\t\t\t\t\t\t<\/div>\n\t\t<\/section>\n\t\t\t\t\t\t<\/div>\n\t\t\t\t\t<\/div>\n\t\t","protected":false},"excerpt":{"rendered":"<p>1st International Conference of Soil and Agriculture:TOWARDS SOIL SUSTAINABILITY11\u201313 June 2024 \u2022 Lublin\u2013Na\u0142\u0119cz\u00f3w, Poland https:\/\/doi.org\/10.24326\/ICSA1.PP.22Published online: 4 October 2024 Assessment of the natural radioactivity of waste fertilizers from municipal water and sewage companies in PolandAneta \u0141ukaszek-Chmielewska1*, Marzena Rachwa\u01421, Anna Podle\u015bna2, Barbara Piotrowska3 1 Fire University, S\u0142owackiego 52\/54, 01-629 Warsaw, Poland2 Institute of Soil Science and [&hellip;]<\/p>\n","protected":false},"author":196,"featured_media":0,"parent":139572,"menu_order":0,"comment_status":"closed","ping_status":"closed","template":"elementor_header_footer","meta":{"_monsterinsights_skip_tracking":false,"_monsterinsights_sitenote_active":false,"_monsterinsights_sitenote_note":"","_monsterinsights_sitenote_category":0},"_links":{"self":[{"href":"https:\/\/up.lublin.pl\/digital\/wp-json\/wp\/v2\/pages\/140004"}],"collection":[{"href":"https:\/\/up.lublin.pl\/digital\/wp-json\/wp\/v2\/pages"}],"about":[{"href":"https:\/\/up.lublin.pl\/digital\/wp-json\/wp\/v2\/types\/page"}],"author":[{"embeddable":true,"href":"https:\/\/up.lublin.pl\/digital\/wp-json\/wp\/v2\/users\/196"}],"replies":[{"embeddable":true,"href":"https:\/\/up.lublin.pl\/digital\/wp-json\/wp\/v2\/comments?post=140004"}],"version-history":[{"count":13,"href":"https:\/\/up.lublin.pl\/digital\/wp-json\/wp\/v2\/pages\/140004\/revisions"}],"predecessor-version":[{"id":140674,"href":"https:\/\/up.lublin.pl\/digital\/wp-json\/wp\/v2\/pages\/140004\/revisions\/140674"}],"up":[{"embeddable":true,"href":"https:\/\/up.lublin.pl\/digital\/wp-json\/wp\/v2\/pages\/139572"}],"wp:attachment":[{"href":"https:\/\/up.lublin.pl\/digital\/wp-json\/wp\/v2\/media?parent=140004"}],"curies":[{"name":"wp","href":"https:\/\/api.w.org\/{rel}","templated":true}]}}